{"id":381745,"date":"2022-10-06T15:05:01","date_gmt":"2022-10-06T14:05:01","guid":{"rendered":"https:\/\/positiveprints.com\/?post_type=product&#038;p=381745"},"modified":"2026-04-12T22:56:10","modified_gmt":"2026-04-12T21:56:10","slug":"familienkarte-fuer-lange-distanzen","status":"publish","type":"product","link":"https:\/\/positiveprints.com\/de\/produkt\/familienkarte-fuer-lange-distanzen\/","title":{"rendered":"Familienkarte f\u00fcr lange Distanzen"},"content":{"rendered":"","protected":false},"excerpt":{"rendered":"<ul class=\"check-list\">\n<li>Entwerfe eine Karte mit den Orten, an denen du und deine Liebsten lebt\n<\/li>\n<li>Markiere genaue Adressen mit einem ausgew\u00e4hlten Symbol<\/li>\n<li>Passe dein Kunstwerk in 3 einfachen Schritten an<\/li>\n<li>F\u00fcge einen aussagekr\u00e4ftigen personalisierten Text hinzu<\/li>\n<li>Sieh das Ergebnis sofort \u2013 die interaktive Vorschau erm\u00f6glicht dir, jedes Detail direkt anzupassen<\/li>\n<\/ul>\n","protected":false},"featured_media":1697994,"template":"","meta":[],"product_brand":[],"product_cat":[9761,8994,5266,11343,11340,15056,11367,11331,11364,11358,8005,7622,7606,7654,7686,7766,7719,7735,7846,7222],"product_tag":[12526,8534,17184,17274,12576,12527,15102,13320,13422,13451,11717],"class_list":{"0":"post-381745","1":"product","2":"type-product","3":"status-publish","4":"has-post-thumbnail","6":"product_cat-trending-label-de","7":"product_cat-grosselterntag","8":"product_cat-weihnachtsgeschenke","9":"product_cat-weihnachtsgeschenke-fur-die-oma","10":"product_cat-weihnachtsgeschenke-fur-den-opa","11":"product_cat-weihnachtsgeschenke-fuer-familie","12":"product_cat-weihnachtsgeschenke-fur-die-schwester","13":"product_cat-weihnachtsgeschenke-fur-den-bruder","14":"product_cat-weihnachtsgeschenke-fur-die-eltern","15":"product_cat-weihnachtsgeschenke-fur-die-kinder","16":"product_cat-geschenke-fur-manner","17":"product_cat-geschenke-fur-bruder","18":"product_cat-geschenke-fur-opa","19":"product_cat-geschenke-fur-deinen-sohn","20":"product_cat-geschenke-fur-wichtige-frauen-in-deinem-leben","21":"product_cat-geschenke-fur-deine-tochter","22":"product_cat-geschenke-fur-deine-oma","23":"product_cat-geschenke-fur-schwester","24":"product_cat-geschenke-fur-deine-familie","25":"product_cat-triple-maps-de","26":"product_tag-bruder","27":"product_tag-family-de","28":"product_tag-geschenk-fur-bruder","29":"product_tag-geschenk-fur-schwester-de","30":"product_tag-geschenk-fur-schwester","31":"product_tag-geschenke-fur-den-bruder","32":"product_tag-sorella-de","33":"product_tag-weihnachtsgeschenk-fuer-den-opa","34":"product_tag-weihnachtsgeschenk-fur-die-schwester","35":"product_tag-weihnachtsgeschenke-fur-den-bruder","36":"product_tag-weihnachtsgeschenke-fuer-die-oma","38":"first","39":"instock","40":"sale","41":"taxable","42":"shipping-taxable","43":"purchasable","44":"product-type-variable"},"yoast_head":"<!-- This site is optimized with the Yoast SEO Premium plugin v27.2 (Yoast SEO v27.2) - https:\/\/yoast.com\/product\/yoast-seo-premium-wordpress\/ -->\n<title>Familienkarte f\u00fcr lange Distanzen - Positive Prints<\/title>\n<meta name=\"description\" content=\"Es kann schwierig sein, den \u00dcberblick \u00fcber alle zu behalten, aber mit unserer gedruckten Familienkarte f\u00fcr lange Distanzen kann es viel einfacher sein \u2013 und viel mehr Spa\u00df machen!\" \/>\n<meta name=\"robots\" content=\"index, follow, max-snippet:-1, max-image-preview:large, max-video-preview:-1\" \/>\n<link rel=\"canonical\" href=\"https:\/\/positiveprints.com\/de\/produkt\/familienkarte-fuer-lange-distanzen\/\" \/>\n<meta property=\"og:locale\" content=\"de_DE\" \/>\n<meta property=\"og:type\" content=\"article\" \/>\n<meta property=\"og:title\" content=\"Familienkarte f\u00fcr lange Distanzen\" \/>\n<meta property=\"og:description\" content=\"Entwerfe eine Karte mit den Orten, an denen du und deine Liebsten lebt Markiere genaue Adressen mit einem ausgew\u00e4hlten Symbol Passe dein Kunstwerk in 3 einfachen Schritten an F\u00fcge einen aussagekr\u00e4ftigen personalisierten Text hinzu Sieh das Ergebnis sofort \u2013 die interaktive Vorschau erm\u00f6glicht dir, jedes Detail direkt anzupassen\" \/>\n<meta property=\"og:url\" content=\"https:\/\/positiveprints.com\/de\/produkt\/familienkarte-fuer-lange-distanzen\/\" \/>\n<meta property=\"og:site_name\" content=\"Positive Prints\" \/>\n<meta property=\"article:publisher\" content=\"https:\/\/www.facebook.com\/positiveprintscom\" \/>\n<meta property=\"article:modified_time\" content=\"2026-04-12T21:56:10+00:00\" \/>\n<meta property=\"og:image\" content=\"https:\/\/positiveprints.com\/wp-content\/uploads\/2025\/03\/Familienkarte-fu\u0308r-lange-Distanzen-1.webp\" \/>\n\t<meta property=\"og:image:width\" content=\"1450\" \/>\n\t<meta property=\"og:image:height\" content=\"1450\" \/>\n\t<meta property=\"og:image:type\" content=\"image\/webp\" \/>\n<meta name=\"twitter:card\" content=\"summary_large_image\" \/>\n<!-- \/ Yoast SEO Premium plugin. -->","yoast_head_json":{"title":"Familienkarte f\u00fcr lange Distanzen - Positive Prints","description":"Es kann schwierig sein, den \u00dcberblick \u00fcber alle zu behalten, aber mit unserer gedruckten Familienkarte f\u00fcr lange Distanzen kann es viel einfacher sein \u2013 und viel mehr Spa\u00df machen!","robots":{"index":"index","follow":"follow","max-snippet":"max-snippet:-1","max-image-preview":"max-image-preview:large","max-video-preview":"max-video-preview:-1"},"canonical":"https:\/\/positiveprints.com\/de\/produkt\/familienkarte-fuer-lange-distanzen\/","og_locale":"de_DE","og_type":"article","og_title":"Familienkarte f\u00fcr lange Distanzen","og_description":"Entwerfe eine Karte mit den Orten, an denen du und deine Liebsten lebt Markiere genaue Adressen mit einem ausgew\u00e4hlten Symbol Passe dein Kunstwerk in 3 einfachen Schritten an F\u00fcge einen aussagekr\u00e4ftigen personalisierten Text hinzu Sieh das Ergebnis sofort \u2013 die interaktive Vorschau erm\u00f6glicht dir, jedes Detail direkt anzupassen","og_url":"https:\/\/positiveprints.com\/de\/produkt\/familienkarte-fuer-lange-distanzen\/","og_site_name":"Positive Prints","article_publisher":"https:\/\/www.facebook.com\/positiveprintscom","article_modified_time":"2026-04-12T21:56:10+00:00","og_image":[{"width":1450,"height":1450,"url":"https:\/\/positiveprints.com\/wp-content\/uploads\/2025\/03\/Familienkarte-fu\u0308r-lange-Distanzen-1.webp","type":"image\/webp"}],"twitter_card":"summary_large_image","schema":{"@context":"https:\/\/schema.org","@graph":[{"@type":["WebPage","ItemPage"],"@id":"https:\/\/positiveprints.com\/de\/produkt\/familienkarte-fuer-lange-distanzen\/","url":"https:\/\/positiveprints.com\/de\/produkt\/familienkarte-fuer-lange-distanzen\/","name":"Familienkarte f\u00fcr lange Distanzen - Positive Prints","isPartOf":{"@id":"https:\/\/positiveprints.com\/de\/#website"},"primaryImageOfPage":{"@id":"https:\/\/positiveprints.com\/de\/produkt\/familienkarte-fuer-lange-distanzen\/#primaryimage"},"image":{"@id":"https:\/\/positiveprints.com\/de\/produkt\/familienkarte-fuer-lange-distanzen\/#primaryimage"},"thumbnailUrl":"https:\/\/positiveprints.com\/wp-content\/uploads\/2026\/04\/Packshot_DE_XX-Fernfamilienkarte.webp","datePublished":"2022-10-06T14:05:01+00:00","dateModified":"2026-04-12T21:56:10+00:00","description":"Es kann schwierig sein, den \u00dcberblick \u00fcber alle zu behalten, aber mit unserer gedruckten Familienkarte f\u00fcr lange Distanzen kann es viel einfacher sein \u2013 und viel mehr Spa\u00df machen!","breadcrumb":{"@id":"https:\/\/positiveprints.com\/de\/produkt\/familienkarte-fuer-lange-distanzen\/#breadcrumb"},"inLanguage":"de","potentialAction":[{"@type":"ReadAction","target":["https:\/\/positiveprints.com\/de\/produkt\/familienkarte-fuer-lange-distanzen\/"]}]},{"@type":"ImageObject","inLanguage":"de","@id":"https:\/\/positiveprints.com\/de\/produkt\/familienkarte-fuer-lange-distanzen\/#primaryimage","url":"https:\/\/positiveprints.com\/wp-content\/uploads\/2026\/04\/Packshot_DE_XX-Fernfamilienkarte.webp","contentUrl":"https:\/\/positiveprints.com\/wp-content\/uploads\/2026\/04\/Packshot_DE_XX-Fernfamilienkarte.webp","width":1450,"height":1450},{"@type":"BreadcrumbList","@id":"https:\/\/positiveprints.com\/de\/produkt\/familienkarte-fuer-lange-distanzen\/#breadcrumb","itemListElement":[{"@type":"ListItem","position":1,"name":"Startseite","item":"https:\/\/positiveprints.com\/de\/"},{"@type":"ListItem","position":2,"name":"Produkte","item":"https:\/\/positiveprints.com\/de\/shop\/"},{"@type":"ListItem","position":3,"name":"Familienkarte f\u00fcr lange Distanzen"}]},{"@type":"WebSite","@id":"https:\/\/positiveprints.com\/de\/#website","url":"https:\/\/positiveprints.com\/de\/","name":"Positive Prints","description":"Amazing Custom Personalized Gifts","publisher":{"@id":"https:\/\/positiveprints.com\/de\/#organization"},"potentialAction":[{"@type":"SearchAction","target":{"@type":"EntryPoint","urlTemplate":"https:\/\/positiveprints.com\/de\/?s={search_term_string}"},"query-input":{"@type":"PropertyValueSpecification","valueRequired":true,"valueName":"search_term_string"}}],"inLanguage":"de"},{"@type":"Organization","@id":"https:\/\/positiveprints.com\/de\/#organization","name":"Positive Prints","alternateName":"Positive Prints","url":"https:\/\/positiveprints.com\/de\/","logo":{"@type":"ImageObject","inLanguage":"de","@id":"https:\/\/positiveprints.com\/de\/#\/schema\/logo\/image\/","url":"https:\/\/positiveprints.com\/wp-content\/uploads\/2026\/03\/245815646_1337939713319158_5671353136411139666_n.png","contentUrl":"https:\/\/positiveprints.com\/wp-content\/uploads\/2026\/03\/245815646_1337939713319158_5671353136411139666_n.png","width":800,"height":800,"caption":"Positive Prints"},"image":{"@id":"https:\/\/positiveprints.com\/de\/#\/schema\/logo\/image\/"},"sameAs":["https:\/\/www.facebook.com\/positiveprintscom","https:\/\/www.instagram.com\/positiveprintscom\/","https:\/\/www.tiktok.com\/@positiveprintscom","https:\/\/www.pinterest.com\/positiveprintscom\/"]}]}},"jetpack_sharing_enabled":true,"_links":{"self":[{"href":"https:\/\/positiveprints.com\/de\/wp-json\/wp\/v2\/product\/381745","targetHints":{"allow":["GET"]}}],"collection":[{"href":"https:\/\/positiveprints.com\/de\/wp-json\/wp\/v2\/product"}],"about":[{"href":"https:\/\/positiveprints.com\/de\/wp-json\/wp\/v2\/types\/product"}],"wp:featuredmedia":[{"embeddable":true,"href":"https:\/\/positiveprints.com\/de\/wp-json\/wp\/v2\/media\/1697994"}],"wp:attachment":[{"href":"https:\/\/positiveprints.com\/de\/wp-json\/wp\/v2\/media?parent=381745"}],"wp:term":[{"taxonomy":"product_brand","embeddable":true,"href":"https:\/\/positiveprints.com\/de\/wp-json\/wp\/v2\/product_brand?post=381745"},{"taxonomy":"product_cat","embeddable":true,"href":"https:\/\/positiveprints.com\/de\/wp-json\/wp\/v2\/product_cat?post=381745"},{"taxonomy":"product_tag","embeddable":true,"href":"https:\/\/positiveprints.com\/de\/wp-json\/wp\/v2\/product_tag?post=381745"}],"curies":[{"name":"wp","href":"https:\/\/api.w.org\/{rel}","templated":true}]}}