{"id":376779,"date":"2022-10-10T09:25:21","date_gmt":"2022-10-10T08:25:21","guid":{"rendered":"https:\/\/positiveprints.com\/product\/omi-ich-liebe-dich-bis-zum-mond-und-zuruck\/"},"modified":"2026-05-03T20:56:46","modified_gmt":"2026-05-03T19:56:46","slug":"omi-ich-liebe-dich-bis-zum-mond-und-zuruck","status":"publish","type":"product","link":"https:\/\/positiveprints.com\/de\/produkt\/omi-ich-liebe-dich-bis-zum-mond-und-zuruck\/","title":{"rendered":"Omi, ich liebe dich bis zum Mond und zur\u00fcck"},"content":{"rendered":"<p>\r\n&#8220;Omi, ich liebe dich bis zum Mond und zur\u00fcck&#8221; ist ein personalisierter Monddruck mit dem Datum und der Uhrzeit deiner Wahl. Bestes Geschenk f\u00fcr jede Oma\r\n<\/p>","protected":false},"excerpt":{"rendered":"<ul class=\"check-list\">\n<li>Gebe deiner Oma das Gef\u00fchl, etwas ganz Besonderes zu sein, und ehre den Tag, an dem sie deine Oma wurde, auf eine wirklich unvergessliche Weise<\/li>\n<li>F\u00fcge den einzigartigen Schatten des Mondes hinzu<\/li>\n<li>Passe dein Kunstwerk in 3 einfachen Schritten an<\/li>\n<li>W\u00e4hle aus einer Vielzahl atemberaubender Designs<\/li>\n<li>Sieh das Ergebnis sofort \u2013 die interaktive Vorschau erm\u00f6glicht dir, jedes Detail direkt anzupassen<\/li>\n<\/ul>\n","protected":false},"featured_media":354484,"template":"","meta":[],"product_brand":[],"product_cat":[11343,7719,7200,5266],"product_tag":[9455,8582,13317],"class_list":{"0":"post-376779","1":"product","2":"type-product","3":"status-publish","4":"has-post-thumbnail","6":"product_cat-weihnachtsgeschenke-fur-die-oma","7":"product_cat-geschenke-fur-deine-oma","8":"product_cat-moon-de","9":"product_cat-weihnachtsgeschenke","10":"product_tag-grosmutter","11":"product_tag-oma","12":"product_tag-weihnachtsgeschenk-fur-die-oma","14":"first","15":"instock","16":"sale","17":"taxable","18":"shipping-taxable","19":"purchasable","20":"product-type-variable"},"yoast_head":"<!-- This site is optimized with the Yoast SEO Premium plugin v27.2 (Yoast SEO v27.2) - https:\/\/yoast.com\/product\/yoast-seo-premium-wordpress\/ -->\n<title>Omi, ich liebe dich bis zum Mond und zur\u00fcck - Positive Prints<\/title>\n<meta name=\"description\" content=\"Omi, ich liebe dich bis zum Mond und zur\u00fcck ist ein personalisierter Monddruck mit dem Datum und der Uhrzeit deiner Wahl. Bestes Geschenk f\u00fcr jede Oma\" \/>\n<meta name=\"robots\" content=\"index, follow, max-snippet:-1, max-image-preview:large, max-video-preview:-1\" \/>\n<link rel=\"canonical\" href=\"https:\/\/positiveprints.com\/de\/produkt\/omi-ich-liebe-dich-bis-zum-mond-und-zuruck\/\" \/>\n<meta property=\"og:locale\" content=\"de_DE\" \/>\n<meta property=\"og:type\" content=\"article\" \/>\n<meta property=\"og:title\" content=\"Omi, ich liebe dich bis zum Mond und zur\u00fcck\" \/>\n<meta property=\"og:description\" content=\"Gebe deiner Oma das Gef\u00fchl, etwas ganz Besonderes zu sein, und ehre den Tag, an dem sie deine Oma wurde, auf eine wirklich unvergessliche Weise F\u00fcge den einzigartigen Schatten des Mondes hinzu Passe dein Kunstwerk in 3 einfachen Schritten an W\u00e4hle aus einer Vielzahl atemberaubender Designs Sieh das Ergebnis sofort \u2013 die interaktive Vorschau erm\u00f6glicht dir, jedes Detail direkt anzupassen\" \/>\n<meta property=\"og:url\" content=\"https:\/\/positiveprints.com\/de\/produkt\/omi-ich-liebe-dich-bis-zum-mond-und-zuruck\/\" \/>\n<meta property=\"og:site_name\" content=\"Positive Prints\" \/>\n<meta property=\"article:publisher\" content=\"https:\/\/www.facebook.com\/positiveprintscom\" \/>\n<meta property=\"article:modified_time\" content=\"2026-05-03T19:56:46+00:00\" \/>\n<meta property=\"og:image\" content=\"https:\/\/positiveprints.com\/wp-content\/uploads\/2022\/10\/grandma-i-love-you-to-the-moon-and-back.jpg\" \/>\n\t<meta property=\"og:image:width\" content=\"1080\" \/>\n\t<meta property=\"og:image:height\" content=\"1080\" \/>\n\t<meta property=\"og:image:type\" content=\"image\/jpeg\" \/>\n<meta name=\"twitter:card\" content=\"summary_large_image\" \/>\n<!-- \/ Yoast SEO Premium plugin. -->","yoast_head_json":{"title":"Omi, ich liebe dich bis zum Mond und zur\u00fcck - Positive Prints","description":"Omi, ich liebe dich bis zum Mond und zur\u00fcck ist ein personalisierter Monddruck mit dem Datum und der Uhrzeit deiner Wahl. Bestes Geschenk f\u00fcr jede Oma","robots":{"index":"index","follow":"follow","max-snippet":"max-snippet:-1","max-image-preview":"max-image-preview:large","max-video-preview":"max-video-preview:-1"},"canonical":"https:\/\/positiveprints.com\/de\/produkt\/omi-ich-liebe-dich-bis-zum-mond-und-zuruck\/","og_locale":"de_DE","og_type":"article","og_title":"Omi, ich liebe dich bis zum Mond und zur\u00fcck","og_description":"Gebe deiner Oma das Gef\u00fchl, etwas ganz Besonderes zu sein, und ehre den Tag, an dem sie deine Oma wurde, auf eine wirklich unvergessliche Weise F\u00fcge den einzigartigen Schatten des Mondes hinzu Passe dein Kunstwerk in 3 einfachen Schritten an W\u00e4hle aus einer Vielzahl atemberaubender Designs Sieh das Ergebnis sofort \u2013 die interaktive Vorschau erm\u00f6glicht dir, jedes Detail direkt anzupassen","og_url":"https:\/\/positiveprints.com\/de\/produkt\/omi-ich-liebe-dich-bis-zum-mond-und-zuruck\/","og_site_name":"Positive Prints","article_publisher":"https:\/\/www.facebook.com\/positiveprintscom","article_modified_time":"2026-05-03T19:56:46+00:00","og_image":[{"width":1080,"height":1080,"url":"https:\/\/positiveprints.com\/wp-content\/uploads\/2022\/10\/grandma-i-love-you-to-the-moon-and-back.jpg","type":"image\/jpeg"}],"twitter_card":"summary_large_image","schema":{"@context":"https:\/\/schema.org","@graph":[{"@type":["WebPage","ItemPage"],"@id":"https:\/\/positiveprints.com\/de\/produkt\/omi-ich-liebe-dich-bis-zum-mond-und-zuruck\/","url":"https:\/\/positiveprints.com\/de\/produkt\/omi-ich-liebe-dich-bis-zum-mond-und-zuruck\/","name":"Omi, ich liebe dich bis zum Mond und zur\u00fcck - Positive Prints","isPartOf":{"@id":"https:\/\/positiveprints.com\/de\/#website"},"primaryImageOfPage":{"@id":"https:\/\/positiveprints.com\/de\/produkt\/omi-ich-liebe-dich-bis-zum-mond-und-zuruck\/#primaryimage"},"image":{"@id":"https:\/\/positiveprints.com\/de\/produkt\/omi-ich-liebe-dich-bis-zum-mond-und-zuruck\/#primaryimage"},"thumbnailUrl":"https:\/\/positiveprints.com\/wp-content\/uploads\/2022\/10\/grandma-i-love-you-to-the-moon-and-back.jpg","datePublished":"2022-10-10T08:25:21+00:00","dateModified":"2026-05-03T19:56:46+00:00","description":"Omi, ich liebe dich bis zum Mond und zur\u00fcck ist ein personalisierter Monddruck mit dem Datum und der Uhrzeit deiner Wahl. Bestes Geschenk f\u00fcr jede Oma","breadcrumb":{"@id":"https:\/\/positiveprints.com\/de\/produkt\/omi-ich-liebe-dich-bis-zum-mond-und-zuruck\/#breadcrumb"},"inLanguage":"de","potentialAction":[{"@type":"ReadAction","target":["https:\/\/positiveprints.com\/de\/produkt\/omi-ich-liebe-dich-bis-zum-mond-und-zuruck\/"]}]},{"@type":"ImageObject","inLanguage":"de","@id":"https:\/\/positiveprints.com\/de\/produkt\/omi-ich-liebe-dich-bis-zum-mond-und-zuruck\/#primaryimage","url":"https:\/\/positiveprints.com\/wp-content\/uploads\/2022\/10\/grandma-i-love-you-to-the-moon-and-back.jpg","contentUrl":"https:\/\/positiveprints.com\/wp-content\/uploads\/2022\/10\/grandma-i-love-you-to-the-moon-and-back.jpg","width":1080,"height":1080,"caption":"Grandma, I love you to the moon and back is a popular quote that expresses the deep love that we have for our grandmothers."},{"@type":"BreadcrumbList","@id":"https:\/\/positiveprints.com\/de\/produkt\/omi-ich-liebe-dich-bis-zum-mond-und-zuruck\/#breadcrumb","itemListElement":[{"@type":"ListItem","position":1,"name":"Startseite","item":"https:\/\/positiveprints.com\/de\/"},{"@type":"ListItem","position":2,"name":"Produkte","item":"https:\/\/positiveprints.com\/de\/shop\/"},{"@type":"ListItem","position":3,"name":"Omi, ich liebe dich bis zum Mond und zur\u00fcck"}]},{"@type":"WebSite","@id":"https:\/\/positiveprints.com\/de\/#website","url":"https:\/\/positiveprints.com\/de\/","name":"Positive Prints","description":"Amazing Custom Personalized Gifts","publisher":{"@id":"https:\/\/positiveprints.com\/de\/#organization"},"potentialAction":[{"@type":"SearchAction","target":{"@type":"EntryPoint","urlTemplate":"https:\/\/positiveprints.com\/de\/?s={search_term_string}"},"query-input":{"@type":"PropertyValueSpecification","valueRequired":true,"valueName":"search_term_string"}}],"inLanguage":"de"},{"@type":"Organization","@id":"https:\/\/positiveprints.com\/de\/#organization","name":"Positive Prints","alternateName":"Positive Prints","url":"https:\/\/positiveprints.com\/de\/","logo":{"@type":"ImageObject","inLanguage":"de","@id":"https:\/\/positiveprints.com\/de\/#\/schema\/logo\/image\/","url":"https:\/\/positiveprints.com\/wp-content\/uploads\/2026\/03\/245815646_1337939713319158_5671353136411139666_n.png","contentUrl":"https:\/\/positiveprints.com\/wp-content\/uploads\/2026\/03\/245815646_1337939713319158_5671353136411139666_n.png","width":800,"height":800,"caption":"Positive Prints"},"image":{"@id":"https:\/\/positiveprints.com\/de\/#\/schema\/logo\/image\/"},"sameAs":["https:\/\/www.facebook.com\/positiveprintscom","https:\/\/www.instagram.com\/positiveprintscom\/","https:\/\/www.tiktok.com\/@positiveprintscom","https:\/\/www.pinterest.com\/positiveprintscom\/"]}]}},"jetpack_sharing_enabled":true,"_links":{"self":[{"href":"https:\/\/positiveprints.com\/de\/wp-json\/wp\/v2\/product\/376779","targetHints":{"allow":["GET"]}}],"collection":[{"href":"https:\/\/positiveprints.com\/de\/wp-json\/wp\/v2\/product"}],"about":[{"href":"https:\/\/positiveprints.com\/de\/wp-json\/wp\/v2\/types\/product"}],"wp:featuredmedia":[{"embeddable":true,"href":"https:\/\/positiveprints.com\/de\/wp-json\/wp\/v2\/media\/354484"}],"wp:attachment":[{"href":"https:\/\/positiveprints.com\/de\/wp-json\/wp\/v2\/media?parent=376779"}],"wp:term":[{"taxonomy":"product_brand","embeddable":true,"href":"https:\/\/positiveprints.com\/de\/wp-json\/wp\/v2\/product_brand?post=376779"},{"taxonomy":"product_cat","embeddable":true,"href":"https:\/\/positiveprints.com\/de\/wp-json\/wp\/v2\/product_cat?post=376779"},{"taxonomy":"product_tag","embeddable":true,"href":"https:\/\/positiveprints.com\/de\/wp-json\/wp\/v2\/product_tag?post=376779"}],"curies":[{"name":"wp","href":"https:\/\/api.w.org\/{rel}","templated":true}]}}