{"id":376440,"date":"2022-10-06T21:17:27","date_gmt":"2022-10-06T20:17:27","guid":{"rendered":"https:\/\/positiveprints.com\/product\/verliebt-verheiratet-eingezogen\/"},"modified":"2026-04-18T06:31:17","modified_gmt":"2026-04-18T05:31:17","slug":"verliebt-verheiratet-eingezogen","status":"publish","type":"product","link":"https:\/\/positiveprints.com\/de\/produkt\/verliebt-verheiratet-eingezogen\/","title":{"rendered":"Verliebt Verheiratet Zuhause"},"content":{"rendered":"<p>Drei wichtige Orte auf der Welt? Der Ort, an dem ihr euch kennengelernt habt, wo ihr geheiratet habt und wo ihr lebt. Jeder dieser Orte h\u00e4lt viele wundervolle Erinnerungen f\u00fcr dich bereit. Ihr seid gl\u00fccklich, einander gefunden zu haben und euer gemeinsames Leben teilen zu k\u00f6nnen. Werfe einen Blick auf jeden dieser besonderen Orte.<\/p>\r\n\r\n\r\n\r\n<h2 class=\"grenB f24 cblue\" style=\"margin-top: 3rem\">Drei wichtige Orte auf der Welt: Wo wir uns kennengelernt haben, wo wir geheiratet haben und wo wir leben<\/h2>\r\n\r\n\r\n\r\n\r\n\r\n<p style=\"margin-top: 1rem\">Der erste Ort ist der Ort, an dem ihr euch kennengelernt habt. Es k\u00f6nnte ein Ort sein, den du schon immer geliebt hast oder ein Ort, der f\u00fcr euch beide eine pers\u00f6nliche Bedeutung hat. Wie habt ihr euch getroffen? War es Liebe auf den ersten Blick?<\/p>\r\n\r\n\r\n\r\n\r\n\r\n\r\n\r\n<p style=\"margin-top: 1rem\">Der zweite Ort ist der Ort, an dem ihr geheiratet habt. Dies ist ein Tag, der euch beiden f\u00fcr immer in Erinnerung bleiben wird. Es ist der Tag, an dem ihr euch vor all euren Freunden und Familie einander verpflichtet habt. Was hat diesen Tag so besonders gemacht? War es das perfekte Wetter, der sch\u00f6ne Veranstaltungsort oder die Tatsache, dass alles nach Plan lief?<\/p>\r\n\r\n\r\n\r\n\r\n\r\n\r\n\r\n<p style=\"margin-top: 1rem\">Der dritte und letzte Ort ist euer Wohnort. Dies ist der Ort, den ihr Zuhause nennt. Es ist der Ort, an dem ihr euch nach einem langen Tag entspannt und Zeit mit den Menschen verbringt, die ihr liebt. Oder seid ihr vielleicht k\u00fcrzlich zusammengezogen? Die Karte \u201everliebt, verheiratet, zusammengezogen\u201c ist ein einzigartiges Einweihungsgeschenk.<\/p>\r\n\r\n\r\n\r\n\r\n\r\n\r\n\r\n<h2 class=\"grenB f24 cblue\" style=\"margin-top: 3rem\">Erinnert euch an eure besondere Liebesgeschichte<\/h2>\r\n\r\n\r\n\r\n<p style=\"margin-top: 1rem\">Der \u201everliebt, verheiratet, zusammengezogen\u201c-Kunstdruck ist die perfekte M\u00f6glichkeit, an eure besondere Liebesgeschichte zu erinnern. Dieser einzigartige und personalisierte Kartendruck ist ein wunderbares Einweihungsgeschenk f\u00fcr Paare oder einfach eine sch\u00f6ne Erg\u00e4nzung eurer Inneneinrichtung.<\/p>\r\n\r\n\r\n\r\n\r\n\r\n\r\n\r\n<p style=\"margin-top: 1rem\">Mit dem Kartendruck \u201everliebt, verheiratet, zusammengezogen\u201c kannst du drei Orte hinzuf\u00fcgen \u2013 wo ihr euch kennengelernt, geheiratet und zusammengezogen seid \u2013 und diese mit gew\u00fcnschten Farben und einer Botschaft personalisieren. Du kannst dein Kunstwerk es als gedrucktes oder gerahmtes Poster, als Leinwand oder als sofort digital herunterladbare Datei bestellen. Der Versand macht dieses Geschenk zu einem noch besonderen Erlebnis.<\/p>\r\n\r\n\r\n\r\n\r\n\r\n\r\n\r\n<p style=\"margin-top: 1rem\">Es wird eine sch\u00f6ne und einzigartige M\u00f6glichkeit sein, sich f\u00fcr immer an diese besonderen Momente im Leben zu erinnern. Warte nicht \u2013 hole dir noch heute deinen \u201everliebt, verheiratet, zusammengezogen\u201c-Kartendruck!<\/p>","protected":false},"excerpt":{"rendered":"<ul class=\"check-list\">\n<li>Markiere genaue Adressen mit einem ausgew\u00e4hlten Symbol<\/li>\n<li>Passe dein Kunstwerk in 3 einfachen Schritten an<\/li>\n<li>F\u00fcge einen aussagekr\u00e4ftigen personalisierten Text hinzu<\/li>\n<li>Sieh das Ergebnis sofort \u2013 die interaktive Vorschau erm\u00f6glicht dir, jedes Detail direkt anzupassen<\/li>\n<\/ul>\n","protected":false},"featured_media":1320989,"template":"","meta":[],"product_brand":[],"product_cat":[5300,7686,8005,7222],"product_tag":[14749,9069],"class_list":{"0":"post-376440","1":"product","2":"type-product","3":"status-publish","4":"has-post-thumbnail","6":"product_cat-einzugsgeschenke","7":"product_cat-geschenke-fur-wichtige-frauen-in-deinem-leben","8":"product_cat-geschenke-fur-manner","9":"product_cat-triple-maps-de","10":"product_tag-anniversary-de","11":"product_tag-jubilaum","13":"first","14":"instock","15":"sale","16":"taxable","17":"shipping-taxable","18":"purchasable","19":"product-type-variable"},"yoast_head":"<!-- This site is optimized with the Yoast SEO Premium plugin v27.2 (Yoast SEO v27.2) - https:\/\/yoast.com\/product\/yoast-seo-premium-wordpress\/ -->\n<title>Verliebt Verheiratet Zuhause - Positive Prints<\/title>\n<meta name=\"description\" content=\"Verliebt Verheiratet Zuhause Karte ist der perfekte Weg, um an eure besondere Liebesgeschichte zu erinnern. Bestelle noch heute!\" \/>\n<meta name=\"robots\" content=\"index, follow, max-snippet:-1, max-image-preview:large, max-video-preview:-1\" \/>\n<link rel=\"canonical\" href=\"https:\/\/positiveprints.com\/de\/produkt\/verliebt-verheiratet-eingezogen\/\" \/>\n<meta property=\"og:locale\" content=\"de_DE\" \/>\n<meta property=\"og:type\" content=\"article\" \/>\n<meta property=\"og:title\" content=\"Verliebt Verheiratet Zuhause\" \/>\n<meta property=\"og:description\" content=\"Markiere genaue Adressen mit einem ausgew\u00e4hlten Symbol  Passe dein Kunstwerk in 3 einfachen Schritten an  F\u00fcge einen aussagekr\u00e4ftigen personalisierten Text hinzu  Sieh das Ergebnis sofort \u2013 die interaktive Vorschau erm\u00f6glicht dir, jedes Detail direkt anzupassen\" \/>\n<meta property=\"og:url\" content=\"https:\/\/positiveprints.com\/de\/produkt\/verliebt-verheiratet-eingezogen\/\" \/>\n<meta property=\"og:site_name\" content=\"Positive Prints\" \/>\n<meta property=\"article:publisher\" content=\"https:\/\/www.facebook.com\/positiveprintscom\" \/>\n<meta property=\"article:modified_time\" content=\"2026-04-18T05:31:17+00:00\" \/>\n<meta property=\"og:image\" content=\"https:\/\/positiveprints.com\/wp-content\/uploads\/2022\/10\/Verliebt-Verheiratet-Zusammengezogen.webp\" \/>\n\t<meta property=\"og:image:width\" content=\"1450\" \/>\n\t<meta property=\"og:image:height\" content=\"1450\" \/>\n\t<meta property=\"og:image:type\" content=\"image\/webp\" \/>\n<meta name=\"twitter:card\" content=\"summary_large_image\" \/>\n<meta name=\"twitter:label1\" content=\"Gesch\u00e4tzte Lesezeit\" \/>\n\t<meta name=\"twitter:data1\" content=\"2\u00a0Minuten\" \/>\n<!-- \/ Yoast SEO Premium plugin. -->","yoast_head_json":{"title":"Verliebt Verheiratet Zuhause - Positive Prints","description":"Verliebt Verheiratet Zuhause Karte ist der perfekte Weg, um an eure besondere Liebesgeschichte zu erinnern. Bestelle noch heute!","robots":{"index":"index","follow":"follow","max-snippet":"max-snippet:-1","max-image-preview":"max-image-preview:large","max-video-preview":"max-video-preview:-1"},"canonical":"https:\/\/positiveprints.com\/de\/produkt\/verliebt-verheiratet-eingezogen\/","og_locale":"de_DE","og_type":"article","og_title":"Verliebt Verheiratet Zuhause","og_description":"Markiere genaue Adressen mit einem ausgew\u00e4hlten Symbol  Passe dein Kunstwerk in 3 einfachen Schritten an  F\u00fcge einen aussagekr\u00e4ftigen personalisierten Text hinzu  Sieh das Ergebnis sofort \u2013 die interaktive Vorschau erm\u00f6glicht dir, jedes Detail direkt anzupassen","og_url":"https:\/\/positiveprints.com\/de\/produkt\/verliebt-verheiratet-eingezogen\/","og_site_name":"Positive Prints","article_publisher":"https:\/\/www.facebook.com\/positiveprintscom","article_modified_time":"2026-04-18T05:31:17+00:00","og_image":[{"width":1450,"height":1450,"url":"https:\/\/positiveprints.com\/wp-content\/uploads\/2022\/10\/Verliebt-Verheiratet-Zusammengezogen.webp","type":"image\/webp"}],"twitter_card":"summary_large_image","twitter_misc":{"Gesch\u00e4tzte Lesezeit":"2\u00a0Minuten"},"schema":{"@context":"https:\/\/schema.org","@graph":[{"@type":["WebPage","ItemPage"],"@id":"https:\/\/positiveprints.com\/de\/produkt\/verliebt-verheiratet-eingezogen\/","url":"https:\/\/positiveprints.com\/de\/produkt\/verliebt-verheiratet-eingezogen\/","name":"Verliebt Verheiratet Zuhause - Positive Prints","isPartOf":{"@id":"https:\/\/positiveprints.com\/de\/#website"},"primaryImageOfPage":{"@id":"https:\/\/positiveprints.com\/de\/produkt\/verliebt-verheiratet-eingezogen\/#primaryimage"},"image":{"@id":"https:\/\/positiveprints.com\/de\/produkt\/verliebt-verheiratet-eingezogen\/#primaryimage"},"thumbnailUrl":"https:\/\/positiveprints.com\/wp-content\/uploads\/2022\/10\/Verliebt-Verheiratet-Zusammengezogen.webp","datePublished":"2022-10-06T20:17:27+00:00","dateModified":"2026-04-18T05:31:17+00:00","description":"Verliebt Verheiratet Zuhause Karte ist der perfekte Weg, um an eure besondere Liebesgeschichte zu erinnern. Bestelle noch heute!","breadcrumb":{"@id":"https:\/\/positiveprints.com\/de\/produkt\/verliebt-verheiratet-eingezogen\/#breadcrumb"},"inLanguage":"de","potentialAction":[{"@type":"ReadAction","target":["https:\/\/positiveprints.com\/de\/produkt\/verliebt-verheiratet-eingezogen\/"]}]},{"@type":"ImageObject","inLanguage":"de","@id":"https:\/\/positiveprints.com\/de\/produkt\/verliebt-verheiratet-eingezogen\/#primaryimage","url":"https:\/\/positiveprints.com\/wp-content\/uploads\/2022\/10\/Verliebt-Verheiratet-Zusammengezogen.webp","contentUrl":"https:\/\/positiveprints.com\/wp-content\/uploads\/2022\/10\/Verliebt-Verheiratet-Zusammengezogen.webp","width":1450,"height":1450,"caption":"Verliebt Verheiratet Zusammengezogen"},{"@type":"BreadcrumbList","@id":"https:\/\/positiveprints.com\/de\/produkt\/verliebt-verheiratet-eingezogen\/#breadcrumb","itemListElement":[{"@type":"ListItem","position":1,"name":"Startseite","item":"https:\/\/positiveprints.com\/de\/"},{"@type":"ListItem","position":2,"name":"Produkte","item":"https:\/\/positiveprints.com\/de\/shop\/"},{"@type":"ListItem","position":3,"name":"Verliebt Verheiratet Zuhause"}]},{"@type":"WebSite","@id":"https:\/\/positiveprints.com\/de\/#website","url":"https:\/\/positiveprints.com\/de\/","name":"Positive Prints","description":"Amazing Custom Personalized Gifts","publisher":{"@id":"https:\/\/positiveprints.com\/de\/#organization"},"potentialAction":[{"@type":"SearchAction","target":{"@type":"EntryPoint","urlTemplate":"https:\/\/positiveprints.com\/de\/?s={search_term_string}"},"query-input":{"@type":"PropertyValueSpecification","valueRequired":true,"valueName":"search_term_string"}}],"inLanguage":"de"},{"@type":"Organization","@id":"https:\/\/positiveprints.com\/de\/#organization","name":"Positive Prints","alternateName":"Positive Prints","url":"https:\/\/positiveprints.com\/de\/","logo":{"@type":"ImageObject","inLanguage":"de","@id":"https:\/\/positiveprints.com\/de\/#\/schema\/logo\/image\/","url":"https:\/\/positiveprints.com\/wp-content\/uploads\/2026\/03\/245815646_1337939713319158_5671353136411139666_n.png","contentUrl":"https:\/\/positiveprints.com\/wp-content\/uploads\/2026\/03\/245815646_1337939713319158_5671353136411139666_n.png","width":800,"height":800,"caption":"Positive Prints"},"image":{"@id":"https:\/\/positiveprints.com\/de\/#\/schema\/logo\/image\/"},"sameAs":["https:\/\/www.facebook.com\/positiveprintscom","https:\/\/www.instagram.com\/positiveprintscom\/","https:\/\/www.tiktok.com\/@positiveprintscom","https:\/\/www.pinterest.com\/positiveprintscom\/"]}]}},"jetpack_sharing_enabled":true,"_links":{"self":[{"href":"https:\/\/positiveprints.com\/de\/wp-json\/wp\/v2\/product\/376440","targetHints":{"allow":["GET"]}}],"collection":[{"href":"https:\/\/positiveprints.com\/de\/wp-json\/wp\/v2\/product"}],"about":[{"href":"https:\/\/positiveprints.com\/de\/wp-json\/wp\/v2\/types\/product"}],"wp:featuredmedia":[{"embeddable":true,"href":"https:\/\/positiveprints.com\/de\/wp-json\/wp\/v2\/media\/1320989"}],"wp:attachment":[{"href":"https:\/\/positiveprints.com\/de\/wp-json\/wp\/v2\/media?parent=376440"}],"wp:term":[{"taxonomy":"product_brand","embeddable":true,"href":"https:\/\/positiveprints.com\/de\/wp-json\/wp\/v2\/product_brand?post=376440"},{"taxonomy":"product_cat","embeddable":true,"href":"https:\/\/positiveprints.com\/de\/wp-json\/wp\/v2\/product_cat?post=376440"},{"taxonomy":"product_tag","embeddable":true,"href":"https:\/\/positiveprints.com\/de\/wp-json\/wp\/v2\/product_tag?post=376440"}],"curies":[{"name":"wp","href":"https:\/\/api.w.org\/{rel}","templated":true}]}}