{"id":375790,"date":"2022-10-11T14:55:34","date_gmt":"2022-10-11T13:55:34","guid":{"rendered":"https:\/\/positiveprints.com\/product\/liebes-fotogeschenk\/"},"modified":"2026-04-18T06:26:43","modified_gmt":"2026-04-18T05:26:43","slug":"liebes-fotogeschenk","status":"publish","type":"product","link":"https:\/\/positiveprints.com\/de\/produkt\/liebes-fotogeschenk\/","title":{"rendered":"Liebes-Fotogeschenk"},"content":{"rendered":"<p>Liebe ist ein Gef\u00fchl starker Bindung oder Bewunderung und F\u00fcrsorge f\u00fcr jemanden oder etwas. Wenn wir jemanden lieben, haben wir dieser Person gegen\u00fcber positive Gef\u00fchle. Wir k\u00fcmmern uns auch um ihr Wohlergehen und stellen oft unsere Bed\u00fcrfnisse \u00fcber unsere eigenen. Liebe wird oft als Substantiv beschrieben, kann aber auch als Verb gesehen werden \u2013 eine Handlung, die M\u00fche und Zeit erfordert.<\/p>\r\n\r\n<h2 class=\"grenB f24 cblue\" style=\"margin-top: 3rem\">Wie kann ich meine Liebe zeigen?<\/h2>\r\n\r\n<p style=\"margin-top: 1rem\">Es gibt viele M\u00f6glichkeiten, jemandem seine Liebe zu zeigen. Wir k\u00f6nnen diese verbal ausdr\u00fccken, indem wir sagen, was wir f\u00fchlen oder durch unsere Handlungen, indem wir etwas Besonderes f\u00fcr diese Person tun. Manchmal k\u00f6nnen die einfachsten Gesten die gr\u00f6\u00dfte Bedeutung haben, wie zum Beispiel das Kochen seines Lieblingsessens oder eine Umarmung, wenn diese Person eine braucht. Ganz gleich, wie wir unsere Liebe zeigen, wichtig ist, dass sie von Herzen kommt.<\/p>\r\n\r\n<h2 class=\"grenB f24 cblue\" style=\"margin-top: 3rem\">Warum ist ein personalisiertes Geschenk der perfekte Weg, deine Liebe zu zeigen?<\/h2>\r\n\r\n<p style=\"margin-top: 1rem\">Ein personalisiertes Fotogeschenk ist eine gro\u00dfartige M\u00f6glichkeit, deinen Liebsten zu zeigen, wie sehr sie dir am Herzen liegen. Es zeigt, dass du dir die Zeit genommen hast, \u00fcber sie nachzudenken und ein einzigartiges Geschenk f\u00fcr sie zu finden. Es ist eine aufmerksame Geste, die sicherlich gesch\u00e4tzt wird. Ein personalisiertes Liebesfotogeschenk ist auch eine gro\u00dfartige M\u00f6glichkeit, besondere Anl\u00e4sse wie Jubil\u00e4en, Geburtstage oder den Valentinstag zu feiern.<\/p>\r\n\r\n<h2 class=\"grenB f24 cblue\" style=\"margin-top: 3rem\">Das beste Liebesfotogeschenk<\/h2>\r\n\r\n<p style=\"margin-top: 1rem\">Suchst du ein einzigartiges, personalisiertes Geschenk? Dann ist das Liebesfoto-Geschenk von Positve Prints genau das Richtige f\u00fcr dich! Bei diesem einzigartigen Geschenk kannst du dein eigenes Foto hochladen und einen Text hinzuf\u00fcgen, um ein wirklich individuelles Geschenk zu erschaffen. Das Liebesfoto-Geschenk eignet sich perfekt f\u00fcr den Valentinstag, Jubil\u00e4en oder andere besondere Anl\u00e4sse und ist als gedrucktes Poster, gerahmt oder auf Leinwand erh\u00e4ltlich. Bei der gro\u00dfen Auswahl findest du mit Sicherheit die perfekte M\u00f6glichkeit, mit diesem einzigartigen und aufmerksamen Geschenk \u201eIch liebe dich\u201c zu sagen!<\/p>","protected":false},"excerpt":{"rendered":"<ul class=\"check-list\">\n<li>Verleihe deinem Zuhause einen Hauch von Liebe: Zeige deine sch\u00f6nsten Erinnerungen mit deinen Liebsten und mache jeden Tag zu etwas Besonderem<\/li>\n<li>F\u00fcge Text\u00fcberlagerungen hinzu, um jedes Geschenk besonders und bedeutungsvoll zu machen<\/li>\n<li>Passe es in 3 einfachen Schritten<\/li>\n<li>Sieh das Ergebnis sofort \u2013 die interaktive Vorschau erm\u00f6glicht dir, jedes Detail direkt anzupassen<\/li>\n<\/ul>\n","protected":false},"featured_media":355671,"template":"","meta":[],"product_brand":[],"product_cat":[7926,7498,7750,7782,7639,7671,11355,11328,11370,11346,7686,11349,8209,11352,8005,7798,8200,5266],"product_tag":[9072,11737,11708,11733,11714,11749,11743],"class_list":{"0":"post-375790","1":"product","2":"type-product","3":"status-publish","4":"has-post-thumbnail","6":"product_cat-brautduschen-geschenke","7":"product_cat-foto-de","8":"product_cat-geschenke-fur-deine-ehefrau","9":"product_cat-geschenke-fur-deine-freundin","10":"product_cat-geschenke-fur-deinen-ehemann","11":"product_cat-geschenke-fur-deinen-freund","12":"product_cat-weihnachtsgeschenke-fur-den-ehemann","13":"product_cat-weihnachtsgeschenke-fur-den-freund","14":"product_cat-weihnachtsgeschenke-fur-die-frau","15":"product_cat-weihnachtsgeschenke-fur-die-freundin","16":"product_cat-geschenke-fur-wichtige-frauen-in-deinem-leben","17":"product_cat-weihnachtsgeschenke-fur-frauen","18":"product_cat-fur-ihn-de","19":"product_cat-weihnachtsgeschenke-fur-manner","20":"product_cat-geschenke-fur-manner","21":"product_cat-geschenke-fur-paare","22":"product_cat-fur-sie-de","23":"product_cat-weihnachtsgeschenke","24":"product_tag-couples-de-2","25":"product_tag-weihnachtsgeschenke-fuer-den-ehemann","26":"product_tag-weihnachtsgeschenke-fuer-den-freund","27":"product_tag-weihnachtsgeschenke-fur-die-frau","28":"product_tag-weihnachtsgeschenke-fur-die-freundin","29":"product_tag-weihnachtsgeschenke-fuer-ihn","30":"product_tag-weihnachtsgeschenke-fuer-sie","32":"first","33":"instock","34":"sale","35":"taxable","36":"shipping-taxable","37":"purchasable","38":"product-type-variable"},"yoast_head":"<!-- This site is optimized with the Yoast SEO Premium plugin v27.2 (Yoast SEO v27.2) - https:\/\/yoast.com\/product\/yoast-seo-premium-wordpress\/ -->\n<title>Liebes-Fotogeschenk - Positive Prints<\/title>\n<meta name=\"description\" content=\"Ein personalisiertes Liebes-Fotogeschenk ist eine gro\u00dfartige M\u00f6glichkeit, besondere Anl\u00e4sse wie Jubil\u00e4en, Geburtstage oder den Valentinstag zu feiern\" \/>\n<meta name=\"robots\" content=\"index, follow, max-snippet:-1, max-image-preview:large, max-video-preview:-1\" \/>\n<link rel=\"canonical\" href=\"https:\/\/positiveprints.com\/de\/produkt\/liebes-fotogeschenk\/\" \/>\n<meta property=\"og:locale\" content=\"de_DE\" \/>\n<meta property=\"og:type\" content=\"article\" \/>\n<meta property=\"og:title\" content=\"Liebes-Fotogeschenk\" \/>\n<meta property=\"og:description\" content=\"Verleihe deinem Zuhause einen Hauch von Liebe: Zeige deine sch\u00f6nsten Erinnerungen mit deinen Liebsten und mache jeden Tag zu etwas Besonderem F\u00fcge Text\u00fcberlagerungen hinzu, um jedes Geschenk besonders und bedeutungsvoll zu machen Passe es in 3 einfachen Schritten Sieh das Ergebnis sofort \u2013 die interaktive Vorschau erm\u00f6glicht dir, jedes Detail direkt anzupassen\" \/>\n<meta property=\"og:url\" content=\"https:\/\/positiveprints.com\/de\/produkt\/liebes-fotogeschenk\/\" \/>\n<meta property=\"og:site_name\" content=\"Positive Prints\" \/>\n<meta property=\"article:publisher\" content=\"https:\/\/www.facebook.com\/positiveprintscom\" \/>\n<meta property=\"article:modified_time\" content=\"2026-04-18T05:26:43+00:00\" \/>\n<meta property=\"og:image\" content=\"https:\/\/positiveprints.com\/wp-content\/uploads\/2022\/10\/love-photo-art.jpg\" \/>\n\t<meta property=\"og:image:width\" content=\"1080\" \/>\n\t<meta property=\"og:image:height\" content=\"1080\" \/>\n\t<meta property=\"og:image:type\" content=\"image\/jpeg\" \/>\n<meta name=\"twitter:card\" content=\"summary_large_image\" \/>\n<meta name=\"twitter:label1\" content=\"Gesch\u00e4tzte Lesezeit\" \/>\n\t<meta name=\"twitter:data1\" content=\"1\u00a0Minute\" \/>\n<!-- \/ Yoast SEO Premium plugin. -->","yoast_head_json":{"title":"Liebes-Fotogeschenk - Positive Prints","description":"Ein personalisiertes Liebes-Fotogeschenk ist eine gro\u00dfartige M\u00f6glichkeit, besondere Anl\u00e4sse wie Jubil\u00e4en, Geburtstage oder den Valentinstag zu feiern","robots":{"index":"index","follow":"follow","max-snippet":"max-snippet:-1","max-image-preview":"max-image-preview:large","max-video-preview":"max-video-preview:-1"},"canonical":"https:\/\/positiveprints.com\/de\/produkt\/liebes-fotogeschenk\/","og_locale":"de_DE","og_type":"article","og_title":"Liebes-Fotogeschenk","og_description":"Verleihe deinem Zuhause einen Hauch von Liebe: Zeige deine sch\u00f6nsten Erinnerungen mit deinen Liebsten und mache jeden Tag zu etwas Besonderem F\u00fcge Text\u00fcberlagerungen hinzu, um jedes Geschenk besonders und bedeutungsvoll zu machen Passe es in 3 einfachen Schritten Sieh das Ergebnis sofort \u2013 die interaktive Vorschau erm\u00f6glicht dir, jedes Detail direkt anzupassen","og_url":"https:\/\/positiveprints.com\/de\/produkt\/liebes-fotogeschenk\/","og_site_name":"Positive Prints","article_publisher":"https:\/\/www.facebook.com\/positiveprintscom","article_modified_time":"2026-04-18T05:26:43+00:00","og_image":[{"width":1080,"height":1080,"url":"https:\/\/positiveprints.com\/wp-content\/uploads\/2022\/10\/love-photo-art.jpg","type":"image\/jpeg"}],"twitter_card":"summary_large_image","twitter_misc":{"Gesch\u00e4tzte Lesezeit":"1\u00a0Minute"},"schema":{"@context":"https:\/\/schema.org","@graph":[{"@type":["WebPage","ItemPage"],"@id":"https:\/\/positiveprints.com\/de\/produkt\/liebes-fotogeschenk\/","url":"https:\/\/positiveprints.com\/de\/produkt\/liebes-fotogeschenk\/","name":"Liebes-Fotogeschenk - Positive Prints","isPartOf":{"@id":"https:\/\/positiveprints.com\/de\/#website"},"primaryImageOfPage":{"@id":"https:\/\/positiveprints.com\/de\/produkt\/liebes-fotogeschenk\/#primaryimage"},"image":{"@id":"https:\/\/positiveprints.com\/de\/produkt\/liebes-fotogeschenk\/#primaryimage"},"thumbnailUrl":"https:\/\/positiveprints.com\/wp-content\/uploads\/2022\/10\/love-photo-art.jpg","datePublished":"2022-10-11T13:55:34+00:00","dateModified":"2026-04-18T05:26:43+00:00","description":"Ein personalisiertes Liebes-Fotogeschenk ist eine gro\u00dfartige M\u00f6glichkeit, besondere Anl\u00e4sse wie Jubil\u00e4en, Geburtstage oder den Valentinstag zu feiern","breadcrumb":{"@id":"https:\/\/positiveprints.com\/de\/produkt\/liebes-fotogeschenk\/#breadcrumb"},"inLanguage":"de","potentialAction":[{"@type":"ReadAction","target":["https:\/\/positiveprints.com\/de\/produkt\/liebes-fotogeschenk\/"]}]},{"@type":"ImageObject","inLanguage":"de","@id":"https:\/\/positiveprints.com\/de\/produkt\/liebes-fotogeschenk\/#primaryimage","url":"https:\/\/positiveprints.com\/wp-content\/uploads\/2022\/10\/love-photo-art.jpg","contentUrl":"https:\/\/positiveprints.com\/wp-content\/uploads\/2022\/10\/love-photo-art.jpg","width":1080,"height":1080,"caption":"This unique gift allows you to upload your own photo and add text for a truly custom gift."},{"@type":"BreadcrumbList","@id":"https:\/\/positiveprints.com\/de\/produkt\/liebes-fotogeschenk\/#breadcrumb","itemListElement":[{"@type":"ListItem","position":1,"name":"Startseite","item":"https:\/\/positiveprints.com\/de\/"},{"@type":"ListItem","position":2,"name":"Produkte","item":"https:\/\/positiveprints.com\/de\/shop\/"},{"@type":"ListItem","position":3,"name":"Liebes-Fotogeschenk"}]},{"@type":"WebSite","@id":"https:\/\/positiveprints.com\/de\/#website","url":"https:\/\/positiveprints.com\/de\/","name":"Positive Prints","description":"Amazing Custom Personalized Gifts","publisher":{"@id":"https:\/\/positiveprints.com\/de\/#organization"},"potentialAction":[{"@type":"SearchAction","target":{"@type":"EntryPoint","urlTemplate":"https:\/\/positiveprints.com\/de\/?s={search_term_string}"},"query-input":{"@type":"PropertyValueSpecification","valueRequired":true,"valueName":"search_term_string"}}],"inLanguage":"de"},{"@type":"Organization","@id":"https:\/\/positiveprints.com\/de\/#organization","name":"Positive Prints","alternateName":"Positive Prints","url":"https:\/\/positiveprints.com\/de\/","logo":{"@type":"ImageObject","inLanguage":"de","@id":"https:\/\/positiveprints.com\/de\/#\/schema\/logo\/image\/","url":"https:\/\/positiveprints.com\/wp-content\/uploads\/2026\/03\/245815646_1337939713319158_5671353136411139666_n.png","contentUrl":"https:\/\/positiveprints.com\/wp-content\/uploads\/2026\/03\/245815646_1337939713319158_5671353136411139666_n.png","width":800,"height":800,"caption":"Positive Prints"},"image":{"@id":"https:\/\/positiveprints.com\/de\/#\/schema\/logo\/image\/"},"sameAs":["https:\/\/www.facebook.com\/positiveprintscom","https:\/\/www.instagram.com\/positiveprintscom\/","https:\/\/www.tiktok.com\/@positiveprintscom","https:\/\/www.pinterest.com\/positiveprintscom\/"]}]}},"jetpack_sharing_enabled":true,"_links":{"self":[{"href":"https:\/\/positiveprints.com\/de\/wp-json\/wp\/v2\/product\/375790","targetHints":{"allow":["GET"]}}],"collection":[{"href":"https:\/\/positiveprints.com\/de\/wp-json\/wp\/v2\/product"}],"about":[{"href":"https:\/\/positiveprints.com\/de\/wp-json\/wp\/v2\/types\/product"}],"wp:featuredmedia":[{"embeddable":true,"href":"https:\/\/positiveprints.com\/de\/wp-json\/wp\/v2\/media\/355671"}],"wp:attachment":[{"href":"https:\/\/positiveprints.com\/de\/wp-json\/wp\/v2\/media?parent=375790"}],"wp:term":[{"taxonomy":"product_brand","embeddable":true,"href":"https:\/\/positiveprints.com\/de\/wp-json\/wp\/v2\/product_brand?post=375790"},{"taxonomy":"product_cat","embeddable":true,"href":"https:\/\/positiveprints.com\/de\/wp-json\/wp\/v2\/product_cat?post=375790"},{"taxonomy":"product_tag","embeddable":true,"href":"https:\/\/positiveprints.com\/de\/wp-json\/wp\/v2\/product_tag?post=375790"}],"curies":[{"name":"wp","href":"https:\/\/api.w.org\/{rel}","templated":true}]}}