{"id":368121,"date":"2022-11-07T15:10:47","date_gmt":"2022-11-07T14:10:47","guid":{"rendered":"https:\/\/positiveprints.com\/?post_type=product&#038;p=368121"},"modified":"2026-04-12T22:48:09","modified_gmt":"2026-04-12T21:48:09","slug":"doppelkarte","status":"publish","type":"product","link":"https:\/\/positiveprints.com\/de\/produkt\/doppelkarte\/","title":{"rendered":"Doppelkarte"},"content":{"rendered":"<p style=\"margin-top: 1rem\">Der Blick auf eine Karte ist wie eine Zeitreise. Und eine individuelle Karte mit Orten, die f\u00fcr dich und deine Liebsten von Bedeutung sind, ist wie ein Kunstwerk, das deine pers\u00f6nliche Geschichte erz\u00e4hlt. Stelle dir vor, wie begeistert dein Ehepartner oder Verwandter w\u00e4re, ein so durchdachtes und personalisiertes Geschenk zu erhalten. Mach also eine Reise mit unserer Doppelkarte und lass uns dir dabei helfen, deine Geschichte zu erz\u00e4hlen.<\/p>\r\n\r\n<h2 class=\"grenB f24 cblue\" style=\"margin-top: 3rem\">Was ist eine Doppelkarte?<\/h2>\r\n<p style=\"margin-top: 1rem\">Es ist etwas Besonderes, die f\u00fcr dich wichtigen Orte auf einer Karte dargestellt zu sehen. Unsere Doppelkarte bietet eine einzigartige M\u00f6glichkeit, genau das zu tun &#8211; indem du eine zweiteilige Karte erstellst, die zwei Orte zeigt, die f\u00fcr euch beide eine Welt bedeuten. Egal, ob es euer erstes und zweites Date ist, Orte, an die ihr gereist seid oder andere Orte, die eure Geschichte erz\u00e4hlen, mit der Doppelkarte kannst du diese Erinnerungen auf sch\u00f6ne und personalisierte Weise festhalten.<\/p>\r\n\r\n<h2 class=\"grenB f24 cblue\" style=\"margin-top: 3rem\">Was macht eine Doppelkarte zu einer perfekten Geschenkidee f\u00fcr ein romantisches Paar?<\/h2>\r\n<p style=\"margin-top: 1rem\">Was k\u00f6nnte romantischer sein als eine personalisierte Karte, die die Geschichte einer Beziehung zeigt? Die Doppelkarte ist das perfekte Geschenk f\u00fcr jedes Paar, egal ob sie ihre Hochzeit, ihren Jahrestag oder ihre Verlobung feiern. Diese einzigartige Karte besteht aus zwei Teilen, die wie ein Puzzle zusammenpassen und die Reise darstellen, die die Partner gemeinsam unternommen haben. Die Karte kann mit Orten und speziellen Beschreibungen personalisiert werden, was sie zu einem wirklich einzigartigen Geschenk macht. Egal, ob du nach einer M\u00f6glichkeit suchst, dich an deine eigene Beziehung zu erinnern oder ob du ein besonderes Paar kennst, das dieses sentimentale Geschenk zu sch\u00e4tzen wissen w\u00fcrde.<\/p>\r\n\r\n<h2 class=\"grenB f24 cblue\" style=\"margin-top: 3rem\">Warum ist eine Doppelkarte so einzigartig f\u00fcr Familienmitglieder?<\/h2>\r\n<p style=\"margin-top: 1rem\">Wenn du Familienmitglieder hast, die verteilt im ganzen Land leben, kann es manchmal schwierig sein, zu zeigen, wie viel sie dir bedeuten. Aber mit dieser personalisierten zweiteiligen Karte kannst du ihnen ein Zeichen deiner F\u00fcrsorge, Liebe und Hingabe geben. Die Karte besteht aus zwei Teilen. Jedes St\u00fcck ist mit der Beschreibung und dem Aufenthaltsort deiner Liebsten personalisiert, damit sie immer wissen, wie nah du ihnen im Geiste bist. Und jedes Mal, wenn sie auf die Karte schauen werden, werden sie an deine Liebe erinnert. Wenn du also nach einer M\u00f6glichkeit suchst, deiner Familie zu zeigen, wie viel sie dir bedeutet, ist dies das perfekte Geschenk.<\/p>\r\n\r\n<h2 class=\"grenB f24 cblue\" style=\"margin-top: 3rem\">Was macht personalisierte Geschenke so besonders?<\/h2>\r\n<p style=\"margin-top: 1rem\">Seien wir ehrlich, ein Geschenk zu kaufen, es zu verpacken und es einem geliebten Menschen zu geben, erfordert nicht viel Einfallsreichtum. Wenn der Empf\u00e4nger das Geschenk nutzen m\u00f6chte oder wird, spricht nichts dagegen, es ihm zu geben. Aber die Geschenke, die in ihrer Erinnerung hervorstechen, sind diejenigen, die einzigartig und individuell sind und wohl\u00fcberlegtes Denken und M\u00fche erfordern. Die symbolische Bedeutung des Geschenks ist ebenso wichtig wie das eigentliche Geschenk. Und wenn es sich bei diesem Gegenstand um eine Doppelkarte handelt, wirst du deinen Schatz auf mehr als eine Weise f\u00fcr sich gewinnen.<p\/>\r\n\r\n<h2 class=\"grenB f24 cblue\" style=\"margin-top: 3rem\">So erstellst du eine Doppelkarte<\/h2>\r\n<p style=\"margin-top: 1rem\">Die personalisierten Karten von Positive Prints werden als einzelnes Bild erstellt, aber sie zeigen zwei wichtige Perioden in deiner Geschichte. Wir lokalisieren jeden Ort mit modernster GPS-Technologie genau, um die genaueste Darstellung dieser Orte wiederzugeben.<\/p>\r\n\r\n<p style=\"margin-top: 1rem\">Um in die Rolle des K\u00fcnstlers zu schl\u00fcpfen und deine eigene Doppelkarte zu erstellen, befolge diese Schritte:<\/p>\r\n\r\n<h3 class=\"grenB f18 cblue\" style=\"margin-top: 3rem\">Schritt 1: W\u00e4hle dein Design aus<\/h3>\r\n<p style=\"margin-top: 1rem\">Es gibt keinen einheitlichen Ansatz f\u00fcr die Pr\u00e4sentation einzigartiger Geschenke. Aus diesem Grund bieten wir dir eine Vielzahl an Gestaltungsm\u00f6glichkeiten f\u00fcr deineDoppelkarte. Du kannst aus einer Vielzahl von professionell erstellten Vorlagen ausw\u00e4hlen. Oder, wenn du sehr erfinderisch bist, klicke auf die Option >> Benutzerdefiniert<<, um dein eigenes Farbschema auszuw\u00e4hlen. Du kannst auch Formen f\u00fcr beide Teile deiner Karte ausw\u00e4hlen - mache sie kreisf\u00f6rmig, quadratisch oder ... herzf\u00f6rmig!<\/p>\r\n<p style=\"margin-top: 1rem\">Alle Informationen werden in Echtzeit aktualisiert, w\u00e4hrend du deine Auswahl triffst, sodass du sehen kannst, wie deine Karte zum Leben erwacht.<\/p>\r\n\r\n<h3 class=\"grenB f18 cblue\" style=\"margin-top: 3rem\">Schritt 2: Gebe deine Informationen ein<\/h3>\r\n<p style=\"margin-top: 1rem\">Deine Doppelkarte enth\u00e4lt mehr als nur Bilder. Sie beinhaltet ebenfalls Textzeilen, sodass du jede Stelle mit Anmerkungen versehen kannst. F\u00fcge die Daten oder Namen ausgew\u00e4hlter Orte hinzu oder gebe Zitate ein, die jeden Zeitraum am besten zusammenfassen. Oder werde noch kreativer. Es gibt unz\u00e4hlige M\u00f6glichkeiten!<\/p>\r\n\r\n<h3 class=\"grenB f18 cblue\" style=\"margin-top: 3rem\">Schritt 3: W\u00e4hle ein Format aus<\/h3>\r\n<p style=\"margin-top: 1rem\">\u00c4hnlich wie bei vielen Kunstwerken von Positive Prints hast du eine Vielzahl von Format- und Lieferoptionen zur Auswahl. Jede Karte wird auf hochwertigem Posterpapier produziert. Es beh\u00e4lt ihre Farben jahrelang und sieht an der Wand fantastisch aus. Wenn du m\u00f6chtest, drucken wir dein Foto auf Leinwand oder f\u00fcgen einen Rahmen hinzu, damit du es sofort an deine Liebsten verschenken kannst.<\/p>\r\n<p style=\"margin-top: 1rem\">Wir empfehlen dir, unsere digitale Download-Option zu nutzen, wenn du nach einem Last-Minute-Geschenkvorschlag suchst. Deine Doppelkarte wird dir als digitale Datei per E-Mail zugesandt. Danach kannst du es f\u00fcr eine schnellere Abwicklung vor Ort drucken lassen.<\/p>\r\n\r\n<h2 class=\"grenB f24 cblue\" style=\"margin-top: 3rem\">\u00dcberrasche deinen Schatz mit einer Doppelkarte<\/h2>\r\n<p style=\"margin-top: 1rem\">Schenk das Geschenk, das f\u00fcr immer leben wird. Unsere Doppelkarten sind ein perfektes Geschenk f\u00fcr jeden Anlass \u2013 von Geburtstagen \u00fcber Hochzeiten oder Jubil\u00e4en \u2013 und k\u00f6nnen auch mit deiner eigenen besonderen Botschaft personalisiert werden!<\/p>","protected":false},"excerpt":{"rendered":"<ul class=\"check-list\">\n<li>Halte mit unserem personalisierten Kartenposter die Essenz von zwei besonderen Orten fest<\/li>\n<li>Markiere zwei besondere Orte mit ausgew\u00e4hlten Symbolen<\/li>\n<li>Passe dein Kunstwerk in 3 einfachen Schritten an<\/li>\n<li>F\u00fcge einen aussagekr\u00e4ftigen personalisierten Text hinzu<\/li>\n<li>Sieh das Ergebnis sofort \u2013 die interaktive Vorschau erm\u00f6glicht dir, jedes Detail direkt anzupassen<\/li>\n<\/ul>\n","protected":false},"featured_media":1362786,"template":"","meta":[],"product_brand":[],"product_cat":[105,263,8244,9113,7686,8005],"product_tag":[14752,13666],"class_list":{"0":"post-368121","1":"product","2":"type-product","3":"status-publish","4":"has-post-thumbnail","6":"product_cat-alle-produkte","7":"product_cat-creators-de-2","8":"product_cat-digital-products-de","9":"product_cat-double-maps-de","10":"product_cat-geschenke-fur-wichtige-frauen-in-deinem-leben","11":"product_cat-geschenke-fur-manner","12":"product_tag-creators-de-2","13":"product_tag-karte-mit-2-standorten","15":"first","16":"instock","17":"sale","18":"taxable","19":"shipping-taxable","20":"purchasable","21":"product-type-variable"},"yoast_head":"<!-- This site is optimized with the Yoast SEO Premium plugin v27.2 (Yoast SEO v27.2) - https:\/\/yoast.com\/product\/yoast-seo-premium-wordpress\/ -->\n<title>Doppelkarte - Positive Prints<\/title>\n<meta name=\"description\" content=\"Die personalisierten Karten werden als einzelnes Bild erstellt, aber sie zeigen zwei wichtige Perioden in deiner Geschichte\" \/>\n<meta name=\"robots\" content=\"index, follow, max-snippet:-1, max-image-preview:large, max-video-preview:-1\" \/>\n<link rel=\"canonical\" href=\"https:\/\/positiveprints.com\/de\/produkt\/doppelkarte\/\" \/>\n<meta property=\"og:locale\" content=\"de_DE\" \/>\n<meta property=\"og:type\" content=\"article\" \/>\n<meta property=\"og:title\" content=\"Doppelkarte\" \/>\n<meta property=\"og:description\" content=\"Halte mit unserem personalisierten Kartenposter die Essenz von zwei besonderen Orten fest  Markiere zwei besondere Orte mit ausgew\u00e4hlten Symbolen  Passe dein Kunstwerk in 3 einfachen Schritten an  F\u00fcge einen aussagekr\u00e4ftigen personalisierten Text hinzu  Sieh das Ergebnis sofort \u2013 die interaktive Vorschau erm\u00f6glicht dir, jedes Detail direkt anzupassen\" \/>\n<meta property=\"og:url\" content=\"https:\/\/positiveprints.com\/de\/produkt\/doppelkarte\/\" \/>\n<meta property=\"og:site_name\" content=\"Positive Prints\" \/>\n<meta property=\"article:publisher\" content=\"https:\/\/www.facebook.com\/positiveprintscom\" \/>\n<meta property=\"article:modified_time\" content=\"2026-04-12T21:48:09+00:00\" \/>\n<meta property=\"og:image\" content=\"https:\/\/positiveprints.com\/wp-content\/uploads\/2025\/02\/Doppelkarte-1.webp\" \/>\n\t<meta property=\"og:image:width\" content=\"1450\" \/>\n\t<meta property=\"og:image:height\" content=\"1450\" \/>\n\t<meta property=\"og:image:type\" content=\"image\/webp\" \/>\n<meta name=\"twitter:card\" content=\"summary_large_image\" \/>\n<meta name=\"twitter:label1\" content=\"Gesch\u00e4tzte Lesezeit\" \/>\n\t<meta name=\"twitter:data1\" content=\"4\u00a0Minuten\" \/>\n<!-- \/ Yoast SEO Premium plugin. -->","yoast_head_json":{"title":"Doppelkarte - Positive Prints","description":"Die personalisierten Karten werden als einzelnes Bild erstellt, aber sie zeigen zwei wichtige Perioden in deiner Geschichte","robots":{"index":"index","follow":"follow","max-snippet":"max-snippet:-1","max-image-preview":"max-image-preview:large","max-video-preview":"max-video-preview:-1"},"canonical":"https:\/\/positiveprints.com\/de\/produkt\/doppelkarte\/","og_locale":"de_DE","og_type":"article","og_title":"Doppelkarte","og_description":"Halte mit unserem personalisierten Kartenposter die Essenz von zwei besonderen Orten fest  Markiere zwei besondere Orte mit ausgew\u00e4hlten Symbolen  Passe dein Kunstwerk in 3 einfachen Schritten an  F\u00fcge einen aussagekr\u00e4ftigen personalisierten Text hinzu  Sieh das Ergebnis sofort \u2013 die interaktive Vorschau erm\u00f6glicht dir, jedes Detail direkt anzupassen","og_url":"https:\/\/positiveprints.com\/de\/produkt\/doppelkarte\/","og_site_name":"Positive Prints","article_publisher":"https:\/\/www.facebook.com\/positiveprintscom","article_modified_time":"2026-04-12T21:48:09+00:00","og_image":[{"width":1450,"height":1450,"url":"https:\/\/positiveprints.com\/wp-content\/uploads\/2025\/02\/Doppelkarte-1.webp","type":"image\/webp"}],"twitter_card":"summary_large_image","twitter_misc":{"Gesch\u00e4tzte Lesezeit":"4\u00a0Minuten"},"schema":{"@context":"https:\/\/schema.org","@graph":[{"@type":["WebPage","ItemPage"],"@id":"https:\/\/positiveprints.com\/de\/produkt\/doppelkarte\/","url":"https:\/\/positiveprints.com\/de\/produkt\/doppelkarte\/","name":"Doppelkarte - Positive Prints","isPartOf":{"@id":"https:\/\/positiveprints.com\/de\/#website"},"primaryImageOfPage":{"@id":"https:\/\/positiveprints.com\/de\/produkt\/doppelkarte\/#primaryimage"},"image":{"@id":"https:\/\/positiveprints.com\/de\/produkt\/doppelkarte\/#primaryimage"},"thumbnailUrl":"https:\/\/positiveprints.com\/wp-content\/uploads\/2025\/02\/Doppelkarte-1.webp","datePublished":"2022-11-07T14:10:47+00:00","dateModified":"2026-04-12T21:48:09+00:00","description":"Die personalisierten Karten werden als einzelnes Bild erstellt, aber sie zeigen zwei wichtige Perioden in deiner Geschichte","breadcrumb":{"@id":"https:\/\/positiveprints.com\/de\/produkt\/doppelkarte\/#breadcrumb"},"inLanguage":"de","potentialAction":[{"@type":"ReadAction","target":["https:\/\/positiveprints.com\/de\/produkt\/doppelkarte\/"]}]},{"@type":"ImageObject","inLanguage":"de","@id":"https:\/\/positiveprints.com\/de\/produkt\/doppelkarte\/#primaryimage","url":"https:\/\/positiveprints.com\/wp-content\/uploads\/2025\/02\/Doppelkarte-1.webp","contentUrl":"https:\/\/positiveprints.com\/wp-content\/uploads\/2025\/02\/Doppelkarte-1.webp","width":1450,"height":1450},{"@type":"BreadcrumbList","@id":"https:\/\/positiveprints.com\/de\/produkt\/doppelkarte\/#breadcrumb","itemListElement":[{"@type":"ListItem","position":1,"name":"Startseite","item":"https:\/\/positiveprints.com\/de\/"},{"@type":"ListItem","position":2,"name":"Produkte","item":"https:\/\/positiveprints.com\/de\/shop\/"},{"@type":"ListItem","position":3,"name":"Doppelkarte"}]},{"@type":"WebSite","@id":"https:\/\/positiveprints.com\/de\/#website","url":"https:\/\/positiveprints.com\/de\/","name":"Positive Prints","description":"Amazing Custom Personalized Gifts","publisher":{"@id":"https:\/\/positiveprints.com\/de\/#organization"},"potentialAction":[{"@type":"SearchAction","target":{"@type":"EntryPoint","urlTemplate":"https:\/\/positiveprints.com\/de\/?s={search_term_string}"},"query-input":{"@type":"PropertyValueSpecification","valueRequired":true,"valueName":"search_term_string"}}],"inLanguage":"de"},{"@type":"Organization","@id":"https:\/\/positiveprints.com\/de\/#organization","name":"Positive Prints","alternateName":"Positive Prints","url":"https:\/\/positiveprints.com\/de\/","logo":{"@type":"ImageObject","inLanguage":"de","@id":"https:\/\/positiveprints.com\/de\/#\/schema\/logo\/image\/","url":"https:\/\/positiveprints.com\/wp-content\/uploads\/2026\/03\/245815646_1337939713319158_5671353136411139666_n.png","contentUrl":"https:\/\/positiveprints.com\/wp-content\/uploads\/2026\/03\/245815646_1337939713319158_5671353136411139666_n.png","width":800,"height":800,"caption":"Positive Prints"},"image":{"@id":"https:\/\/positiveprints.com\/de\/#\/schema\/logo\/image\/"},"sameAs":["https:\/\/www.facebook.com\/positiveprintscom","https:\/\/www.instagram.com\/positiveprintscom\/","https:\/\/www.tiktok.com\/@positiveprintscom","https:\/\/www.pinterest.com\/positiveprintscom\/"]}]}},"jetpack_sharing_enabled":true,"_links":{"self":[{"href":"https:\/\/positiveprints.com\/de\/wp-json\/wp\/v2\/product\/368121","targetHints":{"allow":["GET"]}}],"collection":[{"href":"https:\/\/positiveprints.com\/de\/wp-json\/wp\/v2\/product"}],"about":[{"href":"https:\/\/positiveprints.com\/de\/wp-json\/wp\/v2\/types\/product"}],"wp:featuredmedia":[{"embeddable":true,"href":"https:\/\/positiveprints.com\/de\/wp-json\/wp\/v2\/media\/1362786"}],"wp:attachment":[{"href":"https:\/\/positiveprints.com\/de\/wp-json\/wp\/v2\/media?parent=368121"}],"wp:term":[{"taxonomy":"product_brand","embeddable":true,"href":"https:\/\/positiveprints.com\/de\/wp-json\/wp\/v2\/product_brand?post=368121"},{"taxonomy":"product_cat","embeddable":true,"href":"https:\/\/positiveprints.com\/de\/wp-json\/wp\/v2\/product_cat?post=368121"},{"taxonomy":"product_tag","embeddable":true,"href":"https:\/\/positiveprints.com\/de\/wp-json\/wp\/v2\/product_tag?post=368121"}],"curies":[{"name":"wp","href":"https:\/\/api.w.org\/{rel}","templated":true}]}}