{"id":363314,"date":"2022-07-20T10:55:52","date_gmt":"2022-07-20T09:55:52","guid":{"rendered":"https:\/\/positiveprints.com\/?post_type=product&#038;p=363314"},"modified":"2026-04-23T11:49:15","modified_gmt":"2026-04-23T10:49:15","slug":"erstes-tanzlied-als-schallwellen-kunst","status":"publish","type":"product","link":"https:\/\/positiveprints.com\/de\/produkt\/erstes-tanzlied-als-schallwellen-kunst\/","title":{"rendered":"Erstes Tanzlied als Schallwellen-Kunst"},"content":{"rendered":"<p>Das erste Tanzlied eurer Hochzeit ist keine leichte Entscheidung. Auch wenn die Musik die ganze Nacht l\u00e4uft, wird dir dieses Lied f\u00fcr immer in Erinnerung bleiben. Halte diesen Moment f\u00fcr immer fest mit unserer ersten Tanzlied-Schallwellen-Kunst von Positive Prints.<\/p>\n\n\n\n\n\n<h2 class=\"grenB f24 cblue\" style=\"margin-top: 3rem\">Erlebe den ersten Tanz noch einmal<\/h2>\n\n\n\n<p style=\"margin-top: 1rem\">M\u00f6glicherweise hast du Monate oder sogar Jahre damit verbracht, deine Hochzeit zu planen. Doch dieser besondere Tag ist wie im Flug vorbeigegangen. Es ist einfacher, jeden Moment zu genie\u00dfen, wenn man Sch\u00e4tze hat, auf die man zur\u00fcckblicken kann, wie zum Beispiel unser individuelles Hochzeitslied-Geschenk.<\/p>\n\n\n\n<p style=\"margin-top: 1rem\">Diese wundersch\u00f6nen Schallwellen-Kunstdrucke verwandeln euer erstes Tanzlied in spielbare Kunst. Erlebe, wie euer Song zum Leben erwacht, scanne dann den QR-Code, um den Song abzuspielen und diesen magischen Moment noch einmal zu erleben. F\u00fcge deiner Schallwellen-Wandkunst individuelle Details hinzu, um sie einzigartig zu machen.<\/p>\n\n\n\n<h2 class=\"grenB f24 cblue\" style=\"margin-top: 3rem\">Verwandele euer erstes Tanzlied in Kunst<\/h2>\n\n\n\n<p style=\"margin-top: 1rem\">Ganz gleich, ob der Tag eurer Hochzeit schon Jahre her ist oder ihr eure gemeinsame Reise gerade erst beginnt: Wir k\u00f6nnen euer erstes Tanzlied in ein Kunstwerk verwandeln, das du stolz in deinem Zuhause ausstellen kannst. Lade die Audiodatei deines Songs hoch und w\u00e4hle dann eine unserer fachm\u00e4nnisch gestalteten Vorlagen aus, um mit der Erstellung deines perfekten Drucks zu beginnen. Entdecke unsere Auswahl an Farbschemata und Layouts und erlebe, wie dein Design in Echtzeit zum Leben erwacht. F\u00fcgen feine Details hinzu, wie den Namen des Liedes, einen besonderen Text, das Datum eurer Hochzeit oder alles andere, was dir beim Erz\u00e4hlen eurer Geschichte hilft.<\/p>\n\n\n\n<p style=\"margin-top: 1rem\">Wir k\u00f6nnen dein erstes Tanzlied-Schallwellen-Kunstwerk als Premium-Poster, Druck auf Leinwand oder digitale Datei liefern. Alle unsere gedruckten Ausdrucke werden in die ganze Welt versendet. Halte diesen symboltr\u00e4chtigsten Moment eines der gl\u00fccklichsten Tage eures gemeinsamen Lebens fest.<\/p>\n\n\n\n<h2 class=\"grenB f24 cblue\" style=\"margin-top: 3rem\">Ein wundersch\u00f6nes Hochzeits- oder Jubil\u00e4umsgeschenk!<\/h2>\n\n\n\n<p style=\"margin-top: 1rem\">\u201cUnser erster Tanz\u201d ist perfekt f\u00fcr Hochzeiten, Jubil\u00e4en oder jederzeit, wenn du ein pers\u00f6nliches Geschenk mit gro\u00dfer Wirkung machen m\u00f6chtest. Es ist eine schnelle und einfache M\u00f6glichkeit, ein Geschenk zu machen, das von Herzen kommt.<\/p>","protected":false},"excerpt":{"rendered":"<ul class=\"check-list\">\n<li>Halte den Moment fest, als ihr zum ersten Mal als Ehepaar getanzt habt und zeige das atemberaubende Kunstwerk in eurem Zuhause<\/li>\n<li>Lade einfach eine Audiodatei hoch<\/li>\n<li>F\u00fcge einen QR-Code hinzu und scannen ihn, um dein Lieblingssong abzuspielen<\/li>\n<li>Passe dein Kunstwerk in 3 einfachen Schritten an<\/li>\n<li>W\u00e4hle eine Vorlage oder werde kreativ<\/li>\n<\/ul>\n","protected":false},"featured_media":1700745,"template":"","meta":[],"product_brand":[],"product_cat":[391,7479],"product_tag":[14749],"class_list":{"0":"post-363314","1":"product","2":"type-product","3":"status-publish","4":"has-post-thumbnail","6":"product_cat-hochzeitsgeschenke","7":"product_cat-soundwave-de","8":"product_tag-anniversary-de","10":"first","11":"instock","12":"sale","13":"taxable","14":"shipping-taxable","15":"purchasable","16":"product-type-variable"},"yoast_head":"<!-- This site is optimized with the Yoast SEO Premium plugin v27.2 (Yoast SEO v27.2) - https:\/\/yoast.com\/product\/yoast-seo-premium-wordpress\/ -->\n<title>Erstes Tanzlied als Schallwellen-Kunst - Positive Prints<\/title>\n<meta name=\"description\" content=\"Di wirst dich immer an euren ersten Tanz als Ehemann und Ehefrau erinnern. Genie\u00dfe die Erinnerung f\u00fcr immer mit der ersten Tanzlied-Schallwellen-Kunst\" \/>\n<meta name=\"robots\" content=\"index, follow, max-snippet:-1, max-image-preview:large, max-video-preview:-1\" \/>\n<link rel=\"canonical\" href=\"https:\/\/positiveprints.com\/de\/produkt\/erstes-tanzlied-als-schallwellen-kunst\/\" \/>\n<meta property=\"og:locale\" content=\"de_DE\" \/>\n<meta property=\"og:type\" content=\"article\" \/>\n<meta property=\"og:title\" content=\"Erstes Tanzlied als Schallwellen-Kunst\" \/>\n<meta property=\"og:description\" content=\"Halte den Moment fest, als ihr zum ersten Mal als Ehepaar getanzt habt und zeige das atemberaubende Kunstwerk in eurem Zuhause Lade einfach eine Audiodatei hoch F\u00fcge einen QR-Code hinzu und scannen ihn, um dein Lieblingssong abzuspielen Passe dein Kunstwerk in 3 einfachen Schritten an W\u00e4hle eine Vorlage oder werde kreativ\" \/>\n<meta property=\"og:url\" content=\"https:\/\/positiveprints.com\/de\/produkt\/erstes-tanzlied-als-schallwellen-kunst\/\" \/>\n<meta property=\"og:site_name\" content=\"Positive Prints\" \/>\n<meta property=\"article:publisher\" content=\"https:\/\/www.facebook.com\/positiveprintscom\" \/>\n<meta property=\"article:modified_time\" content=\"2026-04-23T10:49:15+00:00\" \/>\n<meta property=\"og:image\" content=\"https:\/\/positiveprints.com\/wp-content\/uploads\/2023\/07\/Erstes-Tanzlied-als-Schallwellen-Kunst.jpg\" \/>\n\t<meta property=\"og:image:width\" content=\"1080\" \/>\n\t<meta property=\"og:image:height\" content=\"1080\" \/>\n\t<meta property=\"og:image:type\" content=\"image\/jpeg\" \/>\n<meta name=\"twitter:card\" content=\"summary_large_image\" \/>\n<!-- \/ Yoast SEO Premium plugin. -->","yoast_head_json":{"title":"Erstes Tanzlied als Schallwellen-Kunst - Positive Prints","description":"Di wirst dich immer an euren ersten Tanz als Ehemann und Ehefrau erinnern. Genie\u00dfe die Erinnerung f\u00fcr immer mit der ersten Tanzlied-Schallwellen-Kunst","robots":{"index":"index","follow":"follow","max-snippet":"max-snippet:-1","max-image-preview":"max-image-preview:large","max-video-preview":"max-video-preview:-1"},"canonical":"https:\/\/positiveprints.com\/de\/produkt\/erstes-tanzlied-als-schallwellen-kunst\/","og_locale":"de_DE","og_type":"article","og_title":"Erstes Tanzlied als Schallwellen-Kunst","og_description":"Halte den Moment fest, als ihr zum ersten Mal als Ehepaar getanzt habt und zeige das atemberaubende Kunstwerk in eurem Zuhause Lade einfach eine Audiodatei hoch F\u00fcge einen QR-Code hinzu und scannen ihn, um dein Lieblingssong abzuspielen Passe dein Kunstwerk in 3 einfachen Schritten an W\u00e4hle eine Vorlage oder werde kreativ","og_url":"https:\/\/positiveprints.com\/de\/produkt\/erstes-tanzlied-als-schallwellen-kunst\/","og_site_name":"Positive Prints","article_publisher":"https:\/\/www.facebook.com\/positiveprintscom","article_modified_time":"2026-04-23T10:49:15+00:00","og_image":[{"width":1080,"height":1080,"url":"https:\/\/positiveprints.com\/wp-content\/uploads\/2023\/07\/Erstes-Tanzlied-als-Schallwellen-Kunst.jpg","type":"image\/jpeg"}],"twitter_card":"summary_large_image","schema":{"@context":"https:\/\/schema.org","@graph":[{"@type":["WebPage","ItemPage"],"@id":"https:\/\/positiveprints.com\/de\/produkt\/erstes-tanzlied-als-schallwellen-kunst\/","url":"https:\/\/positiveprints.com\/de\/produkt\/erstes-tanzlied-als-schallwellen-kunst\/","name":"Erstes Tanzlied als Schallwellen-Kunst - Positive Prints","isPartOf":{"@id":"https:\/\/positiveprints.com\/de\/#website"},"primaryImageOfPage":{"@id":"https:\/\/positiveprints.com\/de\/produkt\/erstes-tanzlied-als-schallwellen-kunst\/#primaryimage"},"image":{"@id":"https:\/\/positiveprints.com\/de\/produkt\/erstes-tanzlied-als-schallwellen-kunst\/#primaryimage"},"thumbnailUrl":"https:\/\/positiveprints.com\/wp-content\/uploads\/2026\/04\/Packshot_DE_XX-Soundwave-Kunst-aus-eurem-ersten-Tanzlied.webp","datePublished":"2022-07-20T09:55:52+00:00","dateModified":"2026-04-23T10:49:15+00:00","description":"Di wirst dich immer an euren ersten Tanz als Ehemann und Ehefrau erinnern. Genie\u00dfe die Erinnerung f\u00fcr immer mit der ersten Tanzlied-Schallwellen-Kunst","breadcrumb":{"@id":"https:\/\/positiveprints.com\/de\/produkt\/erstes-tanzlied-als-schallwellen-kunst\/#breadcrumb"},"inLanguage":"de","potentialAction":[{"@type":"ReadAction","target":["https:\/\/positiveprints.com\/de\/produkt\/erstes-tanzlied-als-schallwellen-kunst\/"]}]},{"@type":"ImageObject","inLanguage":"de","@id":"https:\/\/positiveprints.com\/de\/produkt\/erstes-tanzlied-als-schallwellen-kunst\/#primaryimage","url":"https:\/\/positiveprints.com\/wp-content\/uploads\/2026\/04\/Packshot_DE_XX-Soundwave-Kunst-aus-eurem-ersten-Tanzlied.webp","contentUrl":"https:\/\/positiveprints.com\/wp-content\/uploads\/2026\/04\/Packshot_DE_XX-Soundwave-Kunst-aus-eurem-ersten-Tanzlied.webp","width":1450,"height":1450},{"@type":"BreadcrumbList","@id":"https:\/\/positiveprints.com\/de\/produkt\/erstes-tanzlied-als-schallwellen-kunst\/#breadcrumb","itemListElement":[{"@type":"ListItem","position":1,"name":"Startseite","item":"https:\/\/positiveprints.com\/de\/"},{"@type":"ListItem","position":2,"name":"Produkte","item":"https:\/\/positiveprints.com\/de\/shop\/"},{"@type":"ListItem","position":3,"name":"Erstes Tanzlied als Schallwellen-Kunst"}]},{"@type":"WebSite","@id":"https:\/\/positiveprints.com\/de\/#website","url":"https:\/\/positiveprints.com\/de\/","name":"Positive Prints","description":"Amazing Custom Personalized Gifts","publisher":{"@id":"https:\/\/positiveprints.com\/de\/#organization"},"potentialAction":[{"@type":"SearchAction","target":{"@type":"EntryPoint","urlTemplate":"https:\/\/positiveprints.com\/de\/?s={search_term_string}"},"query-input":{"@type":"PropertyValueSpecification","valueRequired":true,"valueName":"search_term_string"}}],"inLanguage":"de"},{"@type":"Organization","@id":"https:\/\/positiveprints.com\/de\/#organization","name":"Positive Prints","alternateName":"Positive Prints","url":"https:\/\/positiveprints.com\/de\/","logo":{"@type":"ImageObject","inLanguage":"de","@id":"https:\/\/positiveprints.com\/de\/#\/schema\/logo\/image\/","url":"https:\/\/positiveprints.com\/wp-content\/uploads\/2026\/03\/245815646_1337939713319158_5671353136411139666_n.png","contentUrl":"https:\/\/positiveprints.com\/wp-content\/uploads\/2026\/03\/245815646_1337939713319158_5671353136411139666_n.png","width":800,"height":800,"caption":"Positive Prints"},"image":{"@id":"https:\/\/positiveprints.com\/de\/#\/schema\/logo\/image\/"},"sameAs":["https:\/\/www.facebook.com\/positiveprintscom","https:\/\/www.instagram.com\/positiveprintscom\/","https:\/\/www.tiktok.com\/@positiveprintscom","https:\/\/www.pinterest.com\/positiveprintscom\/"]}]}},"jetpack_sharing_enabled":true,"_links":{"self":[{"href":"https:\/\/positiveprints.com\/de\/wp-json\/wp\/v2\/product\/363314","targetHints":{"allow":["GET"]}}],"collection":[{"href":"https:\/\/positiveprints.com\/de\/wp-json\/wp\/v2\/product"}],"about":[{"href":"https:\/\/positiveprints.com\/de\/wp-json\/wp\/v2\/types\/product"}],"wp:featuredmedia":[{"embeddable":true,"href":"https:\/\/positiveprints.com\/de\/wp-json\/wp\/v2\/media\/1700745"}],"wp:attachment":[{"href":"https:\/\/positiveprints.com\/de\/wp-json\/wp\/v2\/media?parent=363314"}],"wp:term":[{"taxonomy":"product_brand","embeddable":true,"href":"https:\/\/positiveprints.com\/de\/wp-json\/wp\/v2\/product_brand?post=363314"},{"taxonomy":"product_cat","embeddable":true,"href":"https:\/\/positiveprints.com\/de\/wp-json\/wp\/v2\/product_cat?post=363314"},{"taxonomy":"product_tag","embeddable":true,"href":"https:\/\/positiveprints.com\/de\/wp-json\/wp\/v2\/product_tag?post=363314"}],"curies":[{"name":"wp","href":"https:\/\/api.w.org\/{rel}","templated":true}]}}