{"id":362802,"date":"2022-07-25T10:37:13","date_gmt":"2022-07-25T09:37:13","guid":{"rendered":"https:\/\/positiveprints.com\/?post_type=product&#038;p=362802"},"modified":"2026-04-18T06:49:12","modified_gmt":"2026-04-18T05:49:12","slug":"hundebellen-schallwellen-kunst","status":"publish","type":"product","link":"https:\/\/positiveprints.com\/de\/produkt\/hundebellen-schallwellen-kunst\/","title":{"rendered":"Hundebellen Schallwellen-Kunst"},"content":{"rendered":"","protected":false},"excerpt":{"rendered":"<ul class=\"check-list\">\n<li>Verwandel das Bellen deines Hundes in ein wundersch\u00f6nes Kunstwerk und bewahre die Erinnerung an deinen pelzigen Freund f\u00fcr immer<\/li>\n<li>Lade einfach eine Audiodatei hoch<\/li>\n<li>F\u00fcge einen QR-Code hinzu und scannen ihn, um dein Lieblingssong abzuspielen<\/li>\n<li>Passe dein Kunstwerk in 3 einfachen Schritten an<\/li>\n<li>W\u00e4hle eine Vorlage oder werde kreativ<\/li>\n<\/ul>\n","protected":false},"featured_media":322837,"template":"","meta":[],"product_brand":[],"product_cat":[7894,7479],"product_tag":[15626,8690,15395],"class_list":{"0":"post-362802","1":"product","2":"type-product","3":"status-publish","4":"has-post-thumbnail","6":"product_cat-geschenke-fur-hundeliebhaber","7":"product_cat-soundwave-de","8":"product_tag-animals-de","9":"product_tag-dog-lovers-de","10":"product_tag-tiere-de","12":"first","13":"instock","14":"sale","15":"taxable","16":"shipping-taxable","17":"purchasable","18":"product-type-variable"},"yoast_head":"<!-- This site is optimized with the Yoast SEO Premium plugin v27.2 (Yoast SEO v27.2) - https:\/\/yoast.com\/product\/yoast-seo-premium-wordpress\/ -->\n<title>Hundebellen Schallwellen-Kunst - Positive Prints<\/title>\n<meta name=\"description\" content=\"Ist das Bellen deines Hundes die s\u00fc\u00dfeste Musik in deinen Ohren? Sch\u00e4tze diesen Klang f\u00fcr immer mit unserer wundersch\u00f6nen Hundebellen als Schallwellen-Kunst\" \/>\n<meta name=\"robots\" content=\"index, follow, max-snippet:-1, max-image-preview:large, max-video-preview:-1\" \/>\n<link rel=\"canonical\" href=\"https:\/\/positiveprints.com\/de\/produkt\/hundebellen-schallwellen-kunst\/\" \/>\n<meta property=\"og:locale\" content=\"de_DE\" \/>\n<meta property=\"og:type\" content=\"article\" \/>\n<meta property=\"og:title\" content=\"Hundebellen Schallwellen-Kunst\" \/>\n<meta property=\"og:description\" content=\"Verwandel das Bellen deines Hundes in ein wundersch\u00f6nes Kunstwerk und bewahre die Erinnerung an deinen pelzigen Freund f\u00fcr immer Lade einfach eine Audiodatei hoch F\u00fcge einen QR-Code hinzu und scannen ihn, um dein Lieblingssong abzuspielen Passe dein Kunstwerk in 3 einfachen Schritten an W\u00e4hle eine Vorlage oder werde kreativ\" \/>\n<meta property=\"og:url\" content=\"https:\/\/positiveprints.com\/de\/produkt\/hundebellen-schallwellen-kunst\/\" \/>\n<meta property=\"og:site_name\" content=\"Positive Prints\" \/>\n<meta property=\"article:publisher\" content=\"https:\/\/www.facebook.com\/positiveprintscom\" \/>\n<meta property=\"article:modified_time\" content=\"2026-04-18T05:49:12+00:00\" \/>\n<meta property=\"og:image\" content=\"https:\/\/positiveprints.com\/wp-content\/uploads\/2022\/07\/dog-bark-soundwave-art.jpg\" \/>\n\t<meta property=\"og:image:width\" content=\"1080\" \/>\n\t<meta property=\"og:image:height\" content=\"1080\" \/>\n\t<meta property=\"og:image:type\" content=\"image\/jpeg\" \/>\n<meta name=\"twitter:card\" content=\"summary_large_image\" \/>\n<!-- \/ Yoast SEO Premium plugin. -->","yoast_head_json":{"title":"Hundebellen Schallwellen-Kunst - Positive Prints","description":"Ist das Bellen deines Hundes die s\u00fc\u00dfeste Musik in deinen Ohren? Sch\u00e4tze diesen Klang f\u00fcr immer mit unserer wundersch\u00f6nen Hundebellen als Schallwellen-Kunst","robots":{"index":"index","follow":"follow","max-snippet":"max-snippet:-1","max-image-preview":"max-image-preview:large","max-video-preview":"max-video-preview:-1"},"canonical":"https:\/\/positiveprints.com\/de\/produkt\/hundebellen-schallwellen-kunst\/","og_locale":"de_DE","og_type":"article","og_title":"Hundebellen Schallwellen-Kunst","og_description":"Verwandel das Bellen deines Hundes in ein wundersch\u00f6nes Kunstwerk und bewahre die Erinnerung an deinen pelzigen Freund f\u00fcr immer Lade einfach eine Audiodatei hoch F\u00fcge einen QR-Code hinzu und scannen ihn, um dein Lieblingssong abzuspielen Passe dein Kunstwerk in 3 einfachen Schritten an W\u00e4hle eine Vorlage oder werde kreativ","og_url":"https:\/\/positiveprints.com\/de\/produkt\/hundebellen-schallwellen-kunst\/","og_site_name":"Positive Prints","article_publisher":"https:\/\/www.facebook.com\/positiveprintscom","article_modified_time":"2026-04-18T05:49:12+00:00","og_image":[{"width":1080,"height":1080,"url":"https:\/\/positiveprints.com\/wp-content\/uploads\/2022\/07\/dog-bark-soundwave-art.jpg","type":"image\/jpeg"}],"twitter_card":"summary_large_image","schema":{"@context":"https:\/\/schema.org","@graph":[{"@type":["WebPage","ItemPage"],"@id":"https:\/\/positiveprints.com\/de\/produkt\/hundebellen-schallwellen-kunst\/","url":"https:\/\/positiveprints.com\/de\/produkt\/hundebellen-schallwellen-kunst\/","name":"Hundebellen Schallwellen-Kunst - Positive Prints","isPartOf":{"@id":"https:\/\/positiveprints.com\/de\/#website"},"primaryImageOfPage":{"@id":"https:\/\/positiveprints.com\/de\/produkt\/hundebellen-schallwellen-kunst\/#primaryimage"},"image":{"@id":"https:\/\/positiveprints.com\/de\/produkt\/hundebellen-schallwellen-kunst\/#primaryimage"},"thumbnailUrl":"https:\/\/positiveprints.com\/wp-content\/uploads\/2022\/07\/dog-bark-soundwave-art.jpg","datePublished":"2022-07-25T09:37:13+00:00","dateModified":"2026-04-18T05:49:12+00:00","description":"Ist das Bellen deines Hundes die s\u00fc\u00dfeste Musik in deinen Ohren? Sch\u00e4tze diesen Klang f\u00fcr immer mit unserer wundersch\u00f6nen Hundebellen als Schallwellen-Kunst","breadcrumb":{"@id":"https:\/\/positiveprints.com\/de\/produkt\/hundebellen-schallwellen-kunst\/#breadcrumb"},"inLanguage":"de","potentialAction":[{"@type":"ReadAction","target":["https:\/\/positiveprints.com\/de\/produkt\/hundebellen-schallwellen-kunst\/"]}]},{"@type":"ImageObject","inLanguage":"de","@id":"https:\/\/positiveprints.com\/de\/produkt\/hundebellen-schallwellen-kunst\/#primaryimage","url":"https:\/\/positiveprints.com\/wp-content\/uploads\/2022\/07\/dog-bark-soundwave-art.jpg","contentUrl":"https:\/\/positiveprints.com\/wp-content\/uploads\/2022\/07\/dog-bark-soundwave-art.jpg","width":1080,"height":1080,"caption":"dog bark soundwave art"},{"@type":"BreadcrumbList","@id":"https:\/\/positiveprints.com\/de\/produkt\/hundebellen-schallwellen-kunst\/#breadcrumb","itemListElement":[{"@type":"ListItem","position":1,"name":"Startseite","item":"https:\/\/positiveprints.com\/de\/"},{"@type":"ListItem","position":2,"name":"Produkte","item":"https:\/\/positiveprints.com\/de\/shop\/"},{"@type":"ListItem","position":3,"name":"Hundebellen Schallwellen-Kunst"}]},{"@type":"WebSite","@id":"https:\/\/positiveprints.com\/de\/#website","url":"https:\/\/positiveprints.com\/de\/","name":"Positive Prints","description":"Amazing Custom Personalized Gifts","publisher":{"@id":"https:\/\/positiveprints.com\/de\/#organization"},"potentialAction":[{"@type":"SearchAction","target":{"@type":"EntryPoint","urlTemplate":"https:\/\/positiveprints.com\/de\/?s={search_term_string}"},"query-input":{"@type":"PropertyValueSpecification","valueRequired":true,"valueName":"search_term_string"}}],"inLanguage":"de"},{"@type":"Organization","@id":"https:\/\/positiveprints.com\/de\/#organization","name":"Positive Prints","alternateName":"Positive Prints","url":"https:\/\/positiveprints.com\/de\/","logo":{"@type":"ImageObject","inLanguage":"de","@id":"https:\/\/positiveprints.com\/de\/#\/schema\/logo\/image\/","url":"https:\/\/positiveprints.com\/wp-content\/uploads\/2026\/03\/245815646_1337939713319158_5671353136411139666_n.png","contentUrl":"https:\/\/positiveprints.com\/wp-content\/uploads\/2026\/03\/245815646_1337939713319158_5671353136411139666_n.png","width":800,"height":800,"caption":"Positive Prints"},"image":{"@id":"https:\/\/positiveprints.com\/de\/#\/schema\/logo\/image\/"},"sameAs":["https:\/\/www.facebook.com\/positiveprintscom","https:\/\/www.instagram.com\/positiveprintscom\/","https:\/\/www.tiktok.com\/@positiveprintscom","https:\/\/www.pinterest.com\/positiveprintscom\/"]}]}},"jetpack_sharing_enabled":true,"_links":{"self":[{"href":"https:\/\/positiveprints.com\/de\/wp-json\/wp\/v2\/product\/362802","targetHints":{"allow":["GET"]}}],"collection":[{"href":"https:\/\/positiveprints.com\/de\/wp-json\/wp\/v2\/product"}],"about":[{"href":"https:\/\/positiveprints.com\/de\/wp-json\/wp\/v2\/types\/product"}],"wp:featuredmedia":[{"embeddable":true,"href":"https:\/\/positiveprints.com\/de\/wp-json\/wp\/v2\/media\/322837"}],"wp:attachment":[{"href":"https:\/\/positiveprints.com\/de\/wp-json\/wp\/v2\/media?parent=362802"}],"wp:term":[{"taxonomy":"product_brand","embeddable":true,"href":"https:\/\/positiveprints.com\/de\/wp-json\/wp\/v2\/product_brand?post=362802"},{"taxonomy":"product_cat","embeddable":true,"href":"https:\/\/positiveprints.com\/de\/wp-json\/wp\/v2\/product_cat?post=362802"},{"taxonomy":"product_tag","embeddable":true,"href":"https:\/\/positiveprints.com\/de\/wp-json\/wp\/v2\/product_tag?post=362802"}],"curies":[{"name":"wp","href":"https:\/\/api.w.org\/{rel}","templated":true}]}}