{"id":362751,"date":"2022-10-31T15:19:40","date_gmt":"2022-10-31T14:19:40","guid":{"rendered":"https:\/\/positiveprints.com\/?post_type=product&#038;p=362751"},"modified":"2026-04-12T22:49:24","modified_gmt":"2026-04-12T21:49:24","slug":"ja-schallwellen-kunst","status":"publish","type":"product","link":"https:\/\/positiveprints.com\/de\/produkt\/ja-schallwellen-kunst\/","title":{"rendered":"\u201eJa, ich will!\u201c Schallwellen-Kunst"},"content":{"rendered":"<p>Als du Ja gesagt hast, war das bestimmt wie Musik in deinen Ohren. Bewahre diesen Moment f\u00fcr immer mit unserem geliebten Erinnerungsst\u00fcck \u201eJa, ich will\u201c- Schallwellen-Kunst auf.<\/p>\n\n\n\n\n\n<h2 class=\"grenB f24 cblue\" style=\"margin-top: 3rem\">Momente, die du zur Schallwellen-Kunst machst<\/h2>\n\n\n\n<p style=\"margin-top: 1rem\">Deine Hochzeit ist vermutlich eine deiner sch\u00f6nsten Erinnerungen, ein Tag, an den ihr euch vermutlich immer wieder erinnern werdet. Eine M\u00f6glichkeit, diese magischsten Momente noch einmal zu erleben, besteht darin, euer Eheversprechen in ein Kunstwerk f\u00fcr euer Zuhause zu verwandeln. Unsere ma\u00dfgeschneiderten \u201eJa, ich will!\u201c Schallwellen-Kunstdrucke nehmen eine Aufnahme eurer Gel\u00fcbde auf und setzen sie in visuelle Kunst um. Schau es dir an, wie eure Gel\u00fcbde zum ersten Mal aussehen und spiele diese dann immer wieder ab, indem ihr den eingebetteten Code scannt!<\/p>\n\n\n\n<p style=\"margin-top: 1rem\">Jedes Kunstwerk ist wirklich einzigartig, weil es aus deiner Stimme entsteht \u2013 einer Stimme wie keine andere ist. Dies ist die beste M\u00f6glichkeit, deinen Liebsten personalisierte Jubil\u00e4umsgeschenke zu machen, an denen sie noch viele Jahre lang Freude haben werden.<\/p>\n\n\n\n\n\n<h2 class=\"grenB f24 cblue\" style=\"margin-top: 3rem\">Wie es funktioniert? Ganz einfach!<\/h2>\n\n\n\n<p style=\"margin-top: 1rem\">Wir haben unsere Tools zur Fotoerstellung so konzipiert, dass sie kinderleicht sind! Lade zun\u00e4chst deine Audiodatei in unserem online Kreator hoch und suche dir anschlie\u00dfend dann eine unserer professionell gestalteten Vorlage aus. Beobachte, wie deine Klangwellenkunst mit jeder \u00c4nderung, die du vornimmst, zum Leben erwacht. F\u00fcge einen benutzerdefinierten Text hinzu, um die besonderen Details deines Hochzeitstages hervorzuheben, einschlie\u00dflich Datum, Ort und mehr.<\/p>\n\n\n\n<p style=\"margin-top: 1rem\">Alle unsere Schallwellen-Kunstwerke werden innerhalb weniger Tage nach der Bestellung gedruckt und an jeden Ort der Welt versendet. Oder w\u00e4hle einfach einen digitalen Download f\u00fcr sofortige Lieferung und lokale Druckoptionen.<\/p>\n\n\n\n<h2 class=\"grenB f24 cblue\" style=\"margin-top: 3rem\">\u00dcberrasche und erfreue mit personalisierten Jubil\u00e4umsgeschenken<\/h2>\n\n\n\n<p style=\"margin-top: 1rem\">Ein personalisiertes Geschenk kommt von Herzen. Es zeigt, dass du zus\u00e4tzliche Zeit und M\u00fche investiert hast, um dem Beschenkten etwas Besonderes zu bieten. Begeistere mit der Schallwellen-Kunst von Positive Prints!<\/p>","protected":false},"excerpt":{"rendered":"<ul class=\"check-list\">\n<li>Fange das einzigartige Wellenmuster des Sounds ein, als ihr \u201eJa\u201c gesagt habt und bewahre euer Eheversprechen ein Leben lang<\/li>\n<li>Lade einfach eine Audiodatei hoch<\/li>\n<li>F\u00fcge einen QR-Code hinzu und scannen ihn, um dein Lieblingssong abzuspielen<\/li>\n<li>Passe dein Kunstwerk in 3 einfachen Schritten an<\/li>\n<li>W\u00e4hle eine Vorlage oder werde kreativ<\/li>\n<\/ul>\n","protected":false},"featured_media":631204,"template":"","meta":[],"product_brand":[],"product_cat":[7479],"product_tag":[14749,9069],"class_list":{"0":"post-362751","1":"product","2":"type-product","3":"status-publish","4":"has-post-thumbnail","6":"product_cat-soundwave-de","7":"product_tag-anniversary-de","8":"product_tag-jubilaum","10":"first","11":"instock","12":"sale","13":"taxable","14":"shipping-taxable","15":"purchasable","16":"product-type-variable"},"yoast_head":"<!-- This site is optimized with the Yoast SEO Premium plugin v27.2 (Yoast SEO v27.2) - https:\/\/yoast.com\/product\/yoast-seo-premium-wordpress\/ -->\n<title>&quot;Ja!&quot; Schallwellen-Kunst | Positive Prints<\/title>\n<meta name=\"description\" content=\"Kein Tag sticht in deinen Erinnerungen so hervor wie der Tag, an dem du Ja gesagt hast. Verwandele diese wertvollen Worte in ein Andenken mit der Ja! Schallwellen-Kunst\" \/>\n<meta name=\"robots\" content=\"index, follow, max-snippet:-1, max-image-preview:large, max-video-preview:-1\" \/>\n<link rel=\"canonical\" href=\"https:\/\/positiveprints.com\/de\/produkt\/ja-schallwellen-kunst\/\" \/>\n<meta property=\"og:locale\" content=\"de_DE\" \/>\n<meta property=\"og:type\" content=\"article\" \/>\n<meta property=\"og:title\" content=\"\u201eJa, ich will!\u201c Schallwellen-Kunst\" \/>\n<meta property=\"og:description\" content=\"Fange das einzigartige Wellenmuster des Sounds ein, als ihr \u201eJa\u201c gesagt habt und bewahre euer Eheversprechen ein Leben lang Lade einfach eine Audiodatei hoch F\u00fcge einen QR-Code hinzu und scannen ihn, um dein Lieblingssong abzuspielen Passe dein Kunstwerk in 3 einfachen Schritten an W\u00e4hle eine Vorlage oder werde kreativ\" \/>\n<meta property=\"og:url\" content=\"https:\/\/positiveprints.com\/de\/produkt\/ja-schallwellen-kunst\/\" \/>\n<meta property=\"og:site_name\" content=\"Positive Prints\" \/>\n<meta property=\"article:publisher\" content=\"https:\/\/www.facebook.com\/positiveprintscom\" \/>\n<meta property=\"article:modified_time\" content=\"2026-04-12T21:49:24+00:00\" \/>\n<meta property=\"og:image\" content=\"https:\/\/positiveprints.com\/wp-content\/uploads\/2023\/07\/Ja-Schallwellen-Kunst.jpg\" \/>\n\t<meta property=\"og:image:width\" content=\"1080\" \/>\n\t<meta property=\"og:image:height\" content=\"1080\" \/>\n\t<meta property=\"og:image:type\" content=\"image\/jpeg\" \/>\n<meta name=\"twitter:card\" content=\"summary_large_image\" \/>\n<meta name=\"twitter:label1\" content=\"Gesch\u00e4tzte Lesezeit\" \/>\n\t<meta name=\"twitter:data1\" content=\"2\u00a0Minuten\" \/>\n<!-- \/ Yoast SEO Premium plugin. -->","yoast_head_json":{"title":"\"Ja!\" Schallwellen-Kunst | Positive Prints","description":"Kein Tag sticht in deinen Erinnerungen so hervor wie der Tag, an dem du Ja gesagt hast. Verwandele diese wertvollen Worte in ein Andenken mit der Ja! Schallwellen-Kunst","robots":{"index":"index","follow":"follow","max-snippet":"max-snippet:-1","max-image-preview":"max-image-preview:large","max-video-preview":"max-video-preview:-1"},"canonical":"https:\/\/positiveprints.com\/de\/produkt\/ja-schallwellen-kunst\/","og_locale":"de_DE","og_type":"article","og_title":"\u201eJa, ich will!\u201c Schallwellen-Kunst","og_description":"Fange das einzigartige Wellenmuster des Sounds ein, als ihr \u201eJa\u201c gesagt habt und bewahre euer Eheversprechen ein Leben lang Lade einfach eine Audiodatei hoch F\u00fcge einen QR-Code hinzu und scannen ihn, um dein Lieblingssong abzuspielen Passe dein Kunstwerk in 3 einfachen Schritten an W\u00e4hle eine Vorlage oder werde kreativ","og_url":"https:\/\/positiveprints.com\/de\/produkt\/ja-schallwellen-kunst\/","og_site_name":"Positive Prints","article_publisher":"https:\/\/www.facebook.com\/positiveprintscom","article_modified_time":"2026-04-12T21:49:24+00:00","og_image":[{"width":1080,"height":1080,"url":"https:\/\/positiveprints.com\/wp-content\/uploads\/2023\/07\/Ja-Schallwellen-Kunst.jpg","type":"image\/jpeg"}],"twitter_card":"summary_large_image","twitter_misc":{"Gesch\u00e4tzte Lesezeit":"2\u00a0Minuten"},"schema":{"@context":"https:\/\/schema.org","@graph":[{"@type":["WebPage","ItemPage"],"@id":"https:\/\/positiveprints.com\/de\/produkt\/ja-schallwellen-kunst\/","url":"https:\/\/positiveprints.com\/de\/produkt\/ja-schallwellen-kunst\/","name":"\"Ja!\" Schallwellen-Kunst | Positive Prints","isPartOf":{"@id":"https:\/\/positiveprints.com\/de\/#website"},"primaryImageOfPage":{"@id":"https:\/\/positiveprints.com\/de\/produkt\/ja-schallwellen-kunst\/#primaryimage"},"image":{"@id":"https:\/\/positiveprints.com\/de\/produkt\/ja-schallwellen-kunst\/#primaryimage"},"thumbnailUrl":"https:\/\/positiveprints.com\/wp-content\/uploads\/2023\/07\/Ja-Schallwellen-Kunst.jpg","datePublished":"2022-10-31T14:19:40+00:00","dateModified":"2026-04-12T21:49:24+00:00","description":"Kein Tag sticht in deinen Erinnerungen so hervor wie der Tag, an dem du Ja gesagt hast. Verwandele diese wertvollen Worte in ein Andenken mit der Ja! Schallwellen-Kunst","breadcrumb":{"@id":"https:\/\/positiveprints.com\/de\/produkt\/ja-schallwellen-kunst\/#breadcrumb"},"inLanguage":"de","potentialAction":[{"@type":"ReadAction","target":["https:\/\/positiveprints.com\/de\/produkt\/ja-schallwellen-kunst\/"]}]},{"@type":"ImageObject","inLanguage":"de","@id":"https:\/\/positiveprints.com\/de\/produkt\/ja-schallwellen-kunst\/#primaryimage","url":"https:\/\/positiveprints.com\/wp-content\/uploads\/2023\/07\/Ja-Schallwellen-Kunst.jpg","contentUrl":"https:\/\/positiveprints.com\/wp-content\/uploads\/2023\/07\/Ja-Schallwellen-Kunst.jpg","width":1080,"height":1080,"caption":"Ja! Schallwellen-Kunst"},{"@type":"BreadcrumbList","@id":"https:\/\/positiveprints.com\/de\/produkt\/ja-schallwellen-kunst\/#breadcrumb","itemListElement":[{"@type":"ListItem","position":1,"name":"Startseite","item":"https:\/\/positiveprints.com\/de\/"},{"@type":"ListItem","position":2,"name":"Produkte","item":"https:\/\/positiveprints.com\/de\/shop\/"},{"@type":"ListItem","position":3,"name":"\u201eJa, ich will!\u201c Schallwellen-Kunst"}]},{"@type":"WebSite","@id":"https:\/\/positiveprints.com\/de\/#website","url":"https:\/\/positiveprints.com\/de\/","name":"Positive Prints","description":"Amazing Custom Personalized Gifts","publisher":{"@id":"https:\/\/positiveprints.com\/de\/#organization"},"potentialAction":[{"@type":"SearchAction","target":{"@type":"EntryPoint","urlTemplate":"https:\/\/positiveprints.com\/de\/?s={search_term_string}"},"query-input":{"@type":"PropertyValueSpecification","valueRequired":true,"valueName":"search_term_string"}}],"inLanguage":"de"},{"@type":"Organization","@id":"https:\/\/positiveprints.com\/de\/#organization","name":"Positive Prints","alternateName":"Positive Prints","url":"https:\/\/positiveprints.com\/de\/","logo":{"@type":"ImageObject","inLanguage":"de","@id":"https:\/\/positiveprints.com\/de\/#\/schema\/logo\/image\/","url":"https:\/\/positiveprints.com\/wp-content\/uploads\/2026\/03\/245815646_1337939713319158_5671353136411139666_n.png","contentUrl":"https:\/\/positiveprints.com\/wp-content\/uploads\/2026\/03\/245815646_1337939713319158_5671353136411139666_n.png","width":800,"height":800,"caption":"Positive Prints"},"image":{"@id":"https:\/\/positiveprints.com\/de\/#\/schema\/logo\/image\/"},"sameAs":["https:\/\/www.facebook.com\/positiveprintscom","https:\/\/www.instagram.com\/positiveprintscom\/","https:\/\/www.tiktok.com\/@positiveprintscom","https:\/\/www.pinterest.com\/positiveprintscom\/"]}]}},"jetpack_sharing_enabled":true,"_links":{"self":[{"href":"https:\/\/positiveprints.com\/de\/wp-json\/wp\/v2\/product\/362751","targetHints":{"allow":["GET"]}}],"collection":[{"href":"https:\/\/positiveprints.com\/de\/wp-json\/wp\/v2\/product"}],"about":[{"href":"https:\/\/positiveprints.com\/de\/wp-json\/wp\/v2\/types\/product"}],"wp:featuredmedia":[{"embeddable":true,"href":"https:\/\/positiveprints.com\/de\/wp-json\/wp\/v2\/media\/631204"}],"wp:attachment":[{"href":"https:\/\/positiveprints.com\/de\/wp-json\/wp\/v2\/media?parent=362751"}],"wp:term":[{"taxonomy":"product_brand","embeddable":true,"href":"https:\/\/positiveprints.com\/de\/wp-json\/wp\/v2\/product_brand?post=362751"},{"taxonomy":"product_cat","embeddable":true,"href":"https:\/\/positiveprints.com\/de\/wp-json\/wp\/v2\/product_cat?post=362751"},{"taxonomy":"product_tag","embeddable":true,"href":"https:\/\/positiveprints.com\/de\/wp-json\/wp\/v2\/product_tag?post=362751"}],"curies":[{"name":"wp","href":"https:\/\/api.w.org\/{rel}","templated":true}]}}