{"id":362218,"date":"2022-08-23T10:05:36","date_gmt":"2022-08-23T09:05:36","guid":{"rendered":"https:\/\/positiveprints.com\/?post_type=product&#038;p=362218"},"modified":"2026-04-23T11:46:37","modified_gmt":"2026-04-23T10:46:37","slug":"willkommensschilder-verlobungsfeier","status":"publish","type":"product","link":"https:\/\/positiveprints.com\/de\/produkt\/willkommensschilder-verlobungsfeier\/","title":{"rendered":"Willkommensschilder: Verlobungsfeier"},"content":{"rendered":"Beginne die Party mit einem Willkommensschild f\u00fcr die Verlobungsfeier! Diese wundersch\u00f6nen Erinnerungsfotos k\u00f6nnen am Eingang eurer Verlobungsfeier ausgestellt werden und geben den Grundstein f\u00fcr ein garantiert unterhaltsames, festliches Ereignis im Vorfeld eures Hochzeitstages.\r\n\r\n<h2 class=\"grenB f24 cblue\" style=\"margin-top: 3rem;\">Was ist ein Willkommensschild f\u00fcr eine Verlobungsfeier?<\/h2>\r\n\r\n<p style=\"margin-top: 1rem;\">Partyplaner verwenden Schilder, um den G\u00e4sten die Orientierung zu erleichtern, f\u00fcr Stimmung zu sorgen und eine lustige Atmosph\u00e4re zu schaffen. Bei Verlobungsfeiern geht es vor allem darum, das Brautpaar zu feiern.<\/p>\r\n\r\n<p style=\"margin-top: 1rem;\">Auf unseren Willkommensschildern f\u00fcr Verlobungsfeiern ist ein Foto des Paares abgebildet, zusammen mit anpassbarem Text, der die Details der Veranstaltung hervorhebt. Diese Schilder k\u00f6nnen am Eingang der Party oder an den Geschenk- und Erfrischungstischen angebracht werden. Sie eignen sich hervorragend f\u00fcr Fototermine und Paare lieben es, die Abz\u00fcge nach der Hochzeit in ihrem neuen Zuhause aufzuh\u00e4ngen!<\/p>\r\n\r\n<h2 class=\"grenB f24 cblue\" style=\"margin-top: 3rem;\">Wie es funktioniert? Sehr einfach!<\/h2>\r\n\r\n<p style=\"margin-top: 1rem;\">Positive Prints macht dich mit unserem intuitiven, benutzerfreundlichen Online-Kreator zum Fotok\u00fcnstler. Lade einfach dein Foto hoch, f\u00fcge Details hinzu und w\u00e4hle deine Gr\u00f6\u00dfe und Lieferung aus. In wenigen Minuten hast du ein wundersch\u00f6nes Willkommensschild f\u00fcr die Verlobungsfeier oder ein individuelles Verlobungsgeschenk, das das zuk\u00fcnftige Paar begeistern und das sofort zu einem Schatz in seinem neuen Zuhause wird.<\/p>\r\n\r\n<p style=\"margin-top: 1rem;\">Beginne mit einem Foto. Dabei kann es sich um ein professionelles Verlobungsportr\u00e4t oder einfach nur um eine lustige Aufnahme des Paares handeln, das das gemeinsame Leben liebt. F\u00fcge dann den Text hinzu, um an den besonderen Anlass zu erinnern. Gebe das Datum der Feier, das voraussichtliche Datum der Hochzeit, die Namen der Paare oder alles andere an, was das Kunstwerk zu etwas Besonderem macht. Entscheide dann, wie du es erhalten m\u00f6chtest \u2013 als einen hochwertigen Posterdruck, einen Druck auf Leinwand oder einen digitalen Dateidownload. Wir haben das R\u00e4tselraten \u00fcberfl\u00fcssig gemacht, damit du dein Fotogeschenk voller Zuversicht verschenken kannst!<\/p>\r\n\r\n<h2 class=\"grenB f24 cblue\" style=\"margin-top: 3rem;\">Feiere die Verlobung f\u00fcr die kommenden Jahre!<\/h2>\r\n\r\n<p style=\"margin-top: 1rem;\">Eine Verlobung ist nur ein weiteres Kapitel in einer nie endenden Liebesgeschichte, auf das Paar noch viele Jahre zur\u00fcckblicken wird. Feiere stilvoll mit einem individuellen Willkommensschild die Verlobungsfeier der Gl\u00fccklichen \u2013 lege noch heute mit der Erstellung los!<\/p>","protected":false},"excerpt":{"rendered":"<ul class=\"check-list\">\n<li>Mache eure Verlobungsfeier unvergesslich: Beeindrucke deine G\u00e4ste und schaffe eine bleibende Erinnerung mit einem personalisierten Willkommensschild<\/li>\n<li>F\u00fcge Text\u00fcberlagerungen hinzu, um jedes Geschenk besonders und bedeutungsvoll zu machen<\/li>\n<li>Passe es in 3 einfachen Schritten<\/li>\n<li>Sieh das Ergebnis sofort \u2013 die interaktive Vorschau erm\u00f6glicht dir, jedes Detail direkt anzupassen<\/li>\n<\/ul>\n","protected":false},"featured_media":620566,"template":"","meta":[],"product_brand":[],"product_cat":[7498],"product_tag":[8433],"class_list":{"0":"post-362218","1":"product","2":"type-product","3":"status-publish","4":"has-post-thumbnail","6":"product_cat-foto-de","7":"product_tag-verlobung","9":"first","10":"instock","11":"sale","12":"taxable","13":"shipping-taxable","14":"purchasable","15":"product-type-variable"},"yoast_head":"<!-- This site is optimized with the Yoast SEO Premium plugin v27.2 (Yoast SEO v27.2) - https:\/\/yoast.com\/product\/yoast-seo-premium-wordpress\/ -->\n<title>Willkommensschilder: Verlobungsfeier - Positive Prints<\/title>\n<meta name=\"description\" content=\"Ein Willkommensschild f\u00fcr die Verlobungsfeier ist eine gro\u00dfartige Einf\u00fchrung in einen der gl\u00fccklichsten Anl\u00e4sse deines Lebens.\" \/>\n<meta name=\"robots\" content=\"index, follow, max-snippet:-1, max-image-preview:large, max-video-preview:-1\" \/>\n<link rel=\"canonical\" href=\"https:\/\/positiveprints.com\/de\/produkt\/willkommensschilder-verlobungsfeier\/\" \/>\n<meta property=\"og:locale\" content=\"de_DE\" \/>\n<meta property=\"og:type\" content=\"article\" \/>\n<meta property=\"og:title\" content=\"Willkommensschilder: Verlobungsfeier\" \/>\n<meta property=\"og:description\" content=\"Mache eure Verlobungsfeier unvergesslich: Beeindrucke deine G\u00e4ste und schaffe eine bleibende Erinnerung mit einem personalisierten Willkommensschild F\u00fcge Text\u00fcberlagerungen hinzu, um jedes Geschenk besonders und bedeutungsvoll zu machen Passe es in 3 einfachen Schritten Sieh das Ergebnis sofort \u2013 die interaktive Vorschau erm\u00f6glicht dir, jedes Detail direkt anzupassen\" \/>\n<meta property=\"og:url\" content=\"https:\/\/positiveprints.com\/de\/produkt\/willkommensschilder-verlobungsfeier\/\" \/>\n<meta property=\"og:site_name\" content=\"Positive Prints\" \/>\n<meta property=\"article:publisher\" content=\"https:\/\/www.facebook.com\/positiveprintscom\" \/>\n<meta property=\"article:modified_time\" content=\"2026-04-23T10:46:37+00:00\" \/>\n<meta property=\"og:image\" content=\"https:\/\/positiveprints.com\/wp-content\/uploads\/2022\/08\/engagement-party-welcome-sign-1.jpg\" \/>\n\t<meta property=\"og:image:width\" content=\"1080\" \/>\n\t<meta property=\"og:image:height\" content=\"1080\" \/>\n\t<meta property=\"og:image:type\" content=\"image\/jpeg\" \/>\n<meta name=\"twitter:card\" content=\"summary_large_image\" \/>\n<!-- \/ Yoast SEO Premium plugin. -->","yoast_head_json":{"title":"Willkommensschilder: Verlobungsfeier - Positive Prints","description":"Ein Willkommensschild f\u00fcr die Verlobungsfeier ist eine gro\u00dfartige Einf\u00fchrung in einen der gl\u00fccklichsten Anl\u00e4sse deines Lebens.","robots":{"index":"index","follow":"follow","max-snippet":"max-snippet:-1","max-image-preview":"max-image-preview:large","max-video-preview":"max-video-preview:-1"},"canonical":"https:\/\/positiveprints.com\/de\/produkt\/willkommensschilder-verlobungsfeier\/","og_locale":"de_DE","og_type":"article","og_title":"Willkommensschilder: Verlobungsfeier","og_description":"Mache eure Verlobungsfeier unvergesslich: Beeindrucke deine G\u00e4ste und schaffe eine bleibende Erinnerung mit einem personalisierten Willkommensschild F\u00fcge Text\u00fcberlagerungen hinzu, um jedes Geschenk besonders und bedeutungsvoll zu machen Passe es in 3 einfachen Schritten Sieh das Ergebnis sofort \u2013 die interaktive Vorschau erm\u00f6glicht dir, jedes Detail direkt anzupassen","og_url":"https:\/\/positiveprints.com\/de\/produkt\/willkommensschilder-verlobungsfeier\/","og_site_name":"Positive Prints","article_publisher":"https:\/\/www.facebook.com\/positiveprintscom","article_modified_time":"2026-04-23T10:46:37+00:00","og_image":[{"width":1080,"height":1080,"url":"https:\/\/positiveprints.com\/wp-content\/uploads\/2022\/08\/engagement-party-welcome-sign-1.jpg","type":"image\/jpeg"}],"twitter_card":"summary_large_image","schema":{"@context":"https:\/\/schema.org","@graph":[{"@type":["WebPage","ItemPage"],"@id":"https:\/\/positiveprints.com\/de\/produkt\/willkommensschilder-verlobungsfeier\/","url":"https:\/\/positiveprints.com\/de\/produkt\/willkommensschilder-verlobungsfeier\/","name":"Willkommensschilder: Verlobungsfeier - Positive Prints","isPartOf":{"@id":"https:\/\/positiveprints.com\/de\/#website"},"primaryImageOfPage":{"@id":"https:\/\/positiveprints.com\/de\/produkt\/willkommensschilder-verlobungsfeier\/#primaryimage"},"image":{"@id":"https:\/\/positiveprints.com\/de\/produkt\/willkommensschilder-verlobungsfeier\/#primaryimage"},"thumbnailUrl":"https:\/\/positiveprints.com\/wp-content\/uploads\/2022\/08\/engagement-party-welcome-sign-1.jpg","datePublished":"2022-08-23T09:05:36+00:00","dateModified":"2026-04-23T10:46:37+00:00","description":"Ein Willkommensschild f\u00fcr die Verlobungsfeier ist eine gro\u00dfartige Einf\u00fchrung in einen der gl\u00fccklichsten Anl\u00e4sse deines Lebens.","breadcrumb":{"@id":"https:\/\/positiveprints.com\/de\/produkt\/willkommensschilder-verlobungsfeier\/#breadcrumb"},"inLanguage":"de","potentialAction":[{"@type":"ReadAction","target":["https:\/\/positiveprints.com\/de\/produkt\/willkommensschilder-verlobungsfeier\/"]}]},{"@type":"ImageObject","inLanguage":"de","@id":"https:\/\/positiveprints.com\/de\/produkt\/willkommensschilder-verlobungsfeier\/#primaryimage","url":"https:\/\/positiveprints.com\/wp-content\/uploads\/2022\/08\/engagement-party-welcome-sign-1.jpg","contentUrl":"https:\/\/positiveprints.com\/wp-content\/uploads\/2022\/08\/engagement-party-welcome-sign-1.jpg","width":1080,"height":1080,"caption":"engagement party welcome sign"},{"@type":"BreadcrumbList","@id":"https:\/\/positiveprints.com\/de\/produkt\/willkommensschilder-verlobungsfeier\/#breadcrumb","itemListElement":[{"@type":"ListItem","position":1,"name":"Startseite","item":"https:\/\/positiveprints.com\/de\/"},{"@type":"ListItem","position":2,"name":"Produkte","item":"https:\/\/positiveprints.com\/de\/shop\/"},{"@type":"ListItem","position":3,"name":"Willkommensschilder: Verlobungsfeier"}]},{"@type":"WebSite","@id":"https:\/\/positiveprints.com\/de\/#website","url":"https:\/\/positiveprints.com\/de\/","name":"Positive Prints","description":"Amazing Custom Personalized Gifts","publisher":{"@id":"https:\/\/positiveprints.com\/de\/#organization"},"potentialAction":[{"@type":"SearchAction","target":{"@type":"EntryPoint","urlTemplate":"https:\/\/positiveprints.com\/de\/?s={search_term_string}"},"query-input":{"@type":"PropertyValueSpecification","valueRequired":true,"valueName":"search_term_string"}}],"inLanguage":"de"},{"@type":"Organization","@id":"https:\/\/positiveprints.com\/de\/#organization","name":"Positive Prints","alternateName":"Positive Prints","url":"https:\/\/positiveprints.com\/de\/","logo":{"@type":"ImageObject","inLanguage":"de","@id":"https:\/\/positiveprints.com\/de\/#\/schema\/logo\/image\/","url":"https:\/\/positiveprints.com\/wp-content\/uploads\/2026\/03\/245815646_1337939713319158_5671353136411139666_n.png","contentUrl":"https:\/\/positiveprints.com\/wp-content\/uploads\/2026\/03\/245815646_1337939713319158_5671353136411139666_n.png","width":800,"height":800,"caption":"Positive Prints"},"image":{"@id":"https:\/\/positiveprints.com\/de\/#\/schema\/logo\/image\/"},"sameAs":["https:\/\/www.facebook.com\/positiveprintscom","https:\/\/www.instagram.com\/positiveprintscom\/","https:\/\/www.tiktok.com\/@positiveprintscom","https:\/\/www.pinterest.com\/positiveprintscom\/"]}]}},"jetpack_sharing_enabled":true,"_links":{"self":[{"href":"https:\/\/positiveprints.com\/de\/wp-json\/wp\/v2\/product\/362218","targetHints":{"allow":["GET"]}}],"collection":[{"href":"https:\/\/positiveprints.com\/de\/wp-json\/wp\/v2\/product"}],"about":[{"href":"https:\/\/positiveprints.com\/de\/wp-json\/wp\/v2\/types\/product"}],"wp:featuredmedia":[{"embeddable":true,"href":"https:\/\/positiveprints.com\/de\/wp-json\/wp\/v2\/media\/620566"}],"wp:attachment":[{"href":"https:\/\/positiveprints.com\/de\/wp-json\/wp\/v2\/media?parent=362218"}],"wp:term":[{"taxonomy":"product_brand","embeddable":true,"href":"https:\/\/positiveprints.com\/de\/wp-json\/wp\/v2\/product_brand?post=362218"},{"taxonomy":"product_cat","embeddable":true,"href":"https:\/\/positiveprints.com\/de\/wp-json\/wp\/v2\/product_cat?post=362218"},{"taxonomy":"product_tag","embeddable":true,"href":"https:\/\/positiveprints.com\/de\/wp-json\/wp\/v2\/product_tag?post=362218"}],"curies":[{"name":"wp","href":"https:\/\/api.w.org\/{rel}","templated":true}]}}