{"id":362079,"date":"2022-08-24T11:03:10","date_gmt":"2022-08-24T10:03:10","guid":{"rendered":"https:\/\/positiveprints.com\/?post_type=product&#038;p=362079"},"modified":"2026-04-18T06:46:04","modified_gmt":"2026-04-18T05:46:04","slug":"gedenk-fotogeschenk","status":"publish","type":"product","link":"https:\/\/positiveprints.com\/de\/produkt\/gedenk-fotogeschenk\/","title":{"rendered":"Gedenk-Fotogeschenk"},"content":{"rendered":"","protected":false},"excerpt":{"rendered":"<ul class=\"check-list\">\n<li>Verewige deine verlorenen Lieben mit einem Erinnerungsgeschenk, das die sch\u00f6nsten Erinnerungen weckt<\/li>\n<li>F\u00fcge Text\u00fcberlagerungen hinzu, um jedes Geschenk besonders und bedeutungsvoll zu machen<\/li>\n<li>Passe es in 3 einfachen Schritten<\/li>\n<li>Sieh das Ergebnis sofort \u2013 die interaktive Vorschau erm\u00f6glicht dir, jedes Detail direkt anzupassen<\/li>\n<\/ul>\n","protected":false},"featured_media":334012,"template":"","meta":[],"product_brand":[],"product_cat":[7498,7990],"product_tag":[15329,15330,15331,15332,15333,15334,15337,15335,15336,8613],"class_list":{"0":"post-362079","1":"product","2":"type-product","3":"status-publish","4":"has-post-thumbnail","6":"product_cat-foto-de","7":"product_cat-sympathie-geschenke","8":"product_tag-condolence-gift-de","9":"product_tag-condolence-gifts-de","10":"product_tag-grief-support-gift-de","11":"product_tag-memorial-de","12":"product_tag-memorial-gift-de","13":"product_tag-remembrance-gift-de","14":"product_tag-sympathy-de-2","15":"product_tag-sympathy-gift-de","16":"product_tag-sympathy-gifts-de","17":"product_tag-sympathy-de","19":"first","20":"instock","21":"sale","22":"taxable","23":"shipping-taxable","24":"purchasable","25":"product-type-variable"},"yoast_head":"<!-- This site is optimized with the Yoast SEO Premium plugin v27.2 (Yoast SEO v27.2) - https:\/\/yoast.com\/product\/yoast-seo-premium-wordpress\/ -->\n<title>Gedenk-Fotogeschenk - Positive Prints<\/title>\n<meta name=\"description\" content=\"F\u00fcr ein gut gelebtes Leben verdient es, daran erinnert zu werden. Unser Gedenk-Fotogeschenk kann dir helfen, deine Erinnerung am Leben zu erhalten, bei der Beerdigung und dar\u00fcber hinaus.\" \/>\n<meta name=\"robots\" content=\"index, follow, max-snippet:-1, max-image-preview:large, max-video-preview:-1\" \/>\n<link rel=\"canonical\" href=\"https:\/\/positiveprints.com\/de\/produkt\/gedenk-fotogeschenk\/\" \/>\n<meta property=\"og:locale\" content=\"de_DE\" \/>\n<meta property=\"og:type\" content=\"article\" \/>\n<meta property=\"og:title\" content=\"Gedenk-Fotogeschenk\" \/>\n<meta property=\"og:description\" content=\"Verewige deine verlorenen Lieben mit einem Erinnerungsgeschenk, das die sch\u00f6nsten Erinnerungen weckt F\u00fcge Text\u00fcberlagerungen hinzu, um jedes Geschenk besonders und bedeutungsvoll zu machen Passe es in 3 einfachen Schritten Sieh das Ergebnis sofort \u2013 die interaktive Vorschau erm\u00f6glicht dir, jedes Detail direkt anzupassen\" \/>\n<meta property=\"og:url\" content=\"https:\/\/positiveprints.com\/de\/produkt\/gedenk-fotogeschenk\/\" \/>\n<meta property=\"og:site_name\" content=\"Positive Prints\" \/>\n<meta property=\"article:publisher\" content=\"https:\/\/www.facebook.com\/positiveprintscom\" \/>\n<meta property=\"article:modified_time\" content=\"2026-04-18T05:46:04+00:00\" \/>\n<meta property=\"og:image\" content=\"https:\/\/positiveprints.com\/wp-content\/uploads\/2022\/08\/memorial-photo-gifts.jpg\" \/>\n\t<meta property=\"og:image:width\" content=\"1080\" \/>\n\t<meta property=\"og:image:height\" content=\"1080\" \/>\n\t<meta property=\"og:image:type\" content=\"image\/jpeg\" \/>\n<meta name=\"twitter:card\" content=\"summary_large_image\" \/>\n<!-- \/ Yoast SEO Premium plugin. -->","yoast_head_json":{"title":"Gedenk-Fotogeschenk - Positive Prints","description":"F\u00fcr ein gut gelebtes Leben verdient es, daran erinnert zu werden. Unser Gedenk-Fotogeschenk kann dir helfen, deine Erinnerung am Leben zu erhalten, bei der Beerdigung und dar\u00fcber hinaus.","robots":{"index":"index","follow":"follow","max-snippet":"max-snippet:-1","max-image-preview":"max-image-preview:large","max-video-preview":"max-video-preview:-1"},"canonical":"https:\/\/positiveprints.com\/de\/produkt\/gedenk-fotogeschenk\/","og_locale":"de_DE","og_type":"article","og_title":"Gedenk-Fotogeschenk","og_description":"Verewige deine verlorenen Lieben mit einem Erinnerungsgeschenk, das die sch\u00f6nsten Erinnerungen weckt F\u00fcge Text\u00fcberlagerungen hinzu, um jedes Geschenk besonders und bedeutungsvoll zu machen Passe es in 3 einfachen Schritten Sieh das Ergebnis sofort \u2013 die interaktive Vorschau erm\u00f6glicht dir, jedes Detail direkt anzupassen","og_url":"https:\/\/positiveprints.com\/de\/produkt\/gedenk-fotogeschenk\/","og_site_name":"Positive Prints","article_publisher":"https:\/\/www.facebook.com\/positiveprintscom","article_modified_time":"2026-04-18T05:46:04+00:00","og_image":[{"width":1080,"height":1080,"url":"https:\/\/positiveprints.com\/wp-content\/uploads\/2022\/08\/memorial-photo-gifts.jpg","type":"image\/jpeg"}],"twitter_card":"summary_large_image","schema":{"@context":"https:\/\/schema.org","@graph":[{"@type":["WebPage","ItemPage"],"@id":"https:\/\/positiveprints.com\/de\/produkt\/gedenk-fotogeschenk\/","url":"https:\/\/positiveprints.com\/de\/produkt\/gedenk-fotogeschenk\/","name":"Gedenk-Fotogeschenk - Positive Prints","isPartOf":{"@id":"https:\/\/positiveprints.com\/de\/#website"},"primaryImageOfPage":{"@id":"https:\/\/positiveprints.com\/de\/produkt\/gedenk-fotogeschenk\/#primaryimage"},"image":{"@id":"https:\/\/positiveprints.com\/de\/produkt\/gedenk-fotogeschenk\/#primaryimage"},"thumbnailUrl":"https:\/\/positiveprints.com\/wp-content\/uploads\/2022\/08\/memorial-photo-gifts.jpg","datePublished":"2022-08-24T10:03:10+00:00","dateModified":"2026-04-18T05:46:04+00:00","description":"F\u00fcr ein gut gelebtes Leben verdient es, daran erinnert zu werden. Unser Gedenk-Fotogeschenk kann dir helfen, deine Erinnerung am Leben zu erhalten, bei der Beerdigung und dar\u00fcber hinaus.","breadcrumb":{"@id":"https:\/\/positiveprints.com\/de\/produkt\/gedenk-fotogeschenk\/#breadcrumb"},"inLanguage":"de","potentialAction":[{"@type":"ReadAction","target":["https:\/\/positiveprints.com\/de\/produkt\/gedenk-fotogeschenk\/"]}]},{"@type":"ImageObject","inLanguage":"de","@id":"https:\/\/positiveprints.com\/de\/produkt\/gedenk-fotogeschenk\/#primaryimage","url":"https:\/\/positiveprints.com\/wp-content\/uploads\/2022\/08\/memorial-photo-gifts.jpg","contentUrl":"https:\/\/positiveprints.com\/wp-content\/uploads\/2022\/08\/memorial-photo-gifts.jpg","width":1080,"height":1080,"caption":"Do something special to remember a life well lived, like creating in loving memory photo gifts that keep them close to your heart."},{"@type":"BreadcrumbList","@id":"https:\/\/positiveprints.com\/de\/produkt\/gedenk-fotogeschenk\/#breadcrumb","itemListElement":[{"@type":"ListItem","position":1,"name":"Startseite","item":"https:\/\/positiveprints.com\/de\/"},{"@type":"ListItem","position":2,"name":"Produkte","item":"https:\/\/positiveprints.com\/de\/shop\/"},{"@type":"ListItem","position":3,"name":"Gedenk-Fotogeschenk"}]},{"@type":"WebSite","@id":"https:\/\/positiveprints.com\/de\/#website","url":"https:\/\/positiveprints.com\/de\/","name":"Positive Prints","description":"Amazing Custom Personalized Gifts","publisher":{"@id":"https:\/\/positiveprints.com\/de\/#organization"},"potentialAction":[{"@type":"SearchAction","target":{"@type":"EntryPoint","urlTemplate":"https:\/\/positiveprints.com\/de\/?s={search_term_string}"},"query-input":{"@type":"PropertyValueSpecification","valueRequired":true,"valueName":"search_term_string"}}],"inLanguage":"de"},{"@type":"Organization","@id":"https:\/\/positiveprints.com\/de\/#organization","name":"Positive Prints","alternateName":"Positive Prints","url":"https:\/\/positiveprints.com\/de\/","logo":{"@type":"ImageObject","inLanguage":"de","@id":"https:\/\/positiveprints.com\/de\/#\/schema\/logo\/image\/","url":"https:\/\/positiveprints.com\/wp-content\/uploads\/2026\/03\/245815646_1337939713319158_5671353136411139666_n.png","contentUrl":"https:\/\/positiveprints.com\/wp-content\/uploads\/2026\/03\/245815646_1337939713319158_5671353136411139666_n.png","width":800,"height":800,"caption":"Positive Prints"},"image":{"@id":"https:\/\/positiveprints.com\/de\/#\/schema\/logo\/image\/"},"sameAs":["https:\/\/www.facebook.com\/positiveprintscom","https:\/\/www.instagram.com\/positiveprintscom\/","https:\/\/www.tiktok.com\/@positiveprintscom","https:\/\/www.pinterest.com\/positiveprintscom\/"]}]}},"jetpack_sharing_enabled":true,"_links":{"self":[{"href":"https:\/\/positiveprints.com\/de\/wp-json\/wp\/v2\/product\/362079","targetHints":{"allow":["GET"]}}],"collection":[{"href":"https:\/\/positiveprints.com\/de\/wp-json\/wp\/v2\/product"}],"about":[{"href":"https:\/\/positiveprints.com\/de\/wp-json\/wp\/v2\/types\/product"}],"wp:featuredmedia":[{"embeddable":true,"href":"https:\/\/positiveprints.com\/de\/wp-json\/wp\/v2\/media\/334012"}],"wp:attachment":[{"href":"https:\/\/positiveprints.com\/de\/wp-json\/wp\/v2\/media?parent=362079"}],"wp:term":[{"taxonomy":"product_brand","embeddable":true,"href":"https:\/\/positiveprints.com\/de\/wp-json\/wp\/v2\/product_brand?post=362079"},{"taxonomy":"product_cat","embeddable":true,"href":"https:\/\/positiveprints.com\/de\/wp-json\/wp\/v2\/product_cat?post=362079"},{"taxonomy":"product_tag","embeddable":true,"href":"https:\/\/positiveprints.com\/de\/wp-json\/wp\/v2\/product_tag?post=362079"}],"curies":[{"name":"wp","href":"https:\/\/api.w.org\/{rel}","templated":true}]}}