{"id":361832,"date":"2022-08-24T16:09:00","date_gmt":"2022-08-24T15:09:00","guid":{"rendered":"https:\/\/positiveprints.com\/?post_type=product&#038;p=361832"},"modified":"2026-04-28T14:37:02","modified_gmt":"2026-04-28T13:37:02","slug":"fotogeschenk-fuer-papa","status":"publish","type":"product","link":"https:\/\/positiveprints.com\/de\/produkt\/fotogeschenk-fuer-papa\/","title":{"rendered":"Fotogeschenk f\u00fcr Papa"},"content":{"rendered":"","protected":false},"excerpt":{"rendered":"<ul class=\"check-list\">\n<li>\u00dcberrasche deinen Vater mit einem personalisierten Fotogeschenk, das ihn jeden Tag daran erinnert, wie sehr du ihn liebst und sch\u00e4tzt<\/li>\n<li>F\u00fcge Text\u00fcberlagerungen hinzu, um jedes Geschenk besonders und bedeutungsvoll zu machen<\/li>\n<li>Passe es in 3 einfachen Schritten<\/li>\n<li>Sieh das Ergebnis sofort \u2013 die interaktive Vorschau erm\u00f6glicht dir, jedes Detail direkt anzupassen<\/li>\n<\/ul>\n","protected":false},"featured_media":465640,"template":"","meta":[],"product_brand":[],"product_cat":[7340,7498,5266,11337,7974],"product_tag":[8552,11711],"class_list":{"0":"post-361832","1":"product","2":"type-product","3":"status-publish","4":"has-post-thumbnail","6":"product_cat-vatertagsgeschenke","7":"product_cat-foto-de","8":"product_cat-weihnachtsgeschenke","9":"product_cat-weihnachtsgeschenke-fur-den-papa","10":"product_cat-geschenke-fur-papa","11":"product_tag-father-de","12":"product_tag-weihnachtsgeschenke-fur-den-papa","14":"first","15":"instock","16":"sale","17":"taxable","18":"shipping-taxable","19":"purchasable","20":"product-type-variable"},"yoast_head":"<!-- This site is optimized with the Yoast SEO Premium plugin v27.2 (Yoast SEO v27.2) - https:\/\/yoast.com\/product\/yoast-seo-premium-wordpress\/ -->\n<title>Fotogeschenk f\u00fcr Papa - Positive Prints<\/title>\n<meta name=\"description\" content=\"F\u00fcr Geburtstage, Vatertag, Weihnachten und dar\u00fcber hinaus gibt es nichts Besseres als ein individuelles Fotogeschenk f\u00fcr Papa.\" \/>\n<meta name=\"robots\" content=\"index, follow, max-snippet:-1, max-image-preview:large, max-video-preview:-1\" \/>\n<link rel=\"canonical\" href=\"https:\/\/positiveprints.com\/de\/produkt\/fotogeschenk-fuer-papa\/\" \/>\n<meta property=\"og:locale\" content=\"de_DE\" \/>\n<meta property=\"og:type\" content=\"article\" \/>\n<meta property=\"og:title\" content=\"Fotogeschenk f\u00fcr Papa\" \/>\n<meta property=\"og:description\" content=\"\u00dcberrasche deinen Vater mit einem personalisierten Fotogeschenk, das ihn jeden Tag daran erinnert, wie sehr du ihn liebst und sch\u00e4tzt F\u00fcge Text\u00fcberlagerungen hinzu, um jedes Geschenk besonders und bedeutungsvoll zu machen Passe es in 3 einfachen Schritten Sieh das Ergebnis sofort \u2013 die interaktive Vorschau erm\u00f6glicht dir, jedes Detail direkt anzupassen\" \/>\n<meta property=\"og:url\" content=\"https:\/\/positiveprints.com\/de\/produkt\/fotogeschenk-fuer-papa\/\" \/>\n<meta property=\"og:site_name\" content=\"Positive Prints\" \/>\n<meta property=\"article:publisher\" content=\"https:\/\/www.facebook.com\/positiveprintscom\" \/>\n<meta property=\"article:modified_time\" content=\"2026-04-28T13:37:02+00:00\" \/>\n<meta property=\"og:image\" content=\"https:\/\/positiveprints.com\/wp-content\/uploads\/2023\/04\/Fotogeschenk-fur-Papa.jpg\" \/>\n\t<meta property=\"og:image:width\" content=\"1080\" \/>\n\t<meta property=\"og:image:height\" content=\"1080\" \/>\n\t<meta property=\"og:image:type\" content=\"image\/jpeg\" \/>\n<meta name=\"twitter:card\" content=\"summary_large_image\" \/>\n<!-- \/ Yoast SEO Premium plugin. -->","yoast_head_json":{"title":"Fotogeschenk f\u00fcr Papa - Positive Prints","description":"F\u00fcr Geburtstage, Vatertag, Weihnachten und dar\u00fcber hinaus gibt es nichts Besseres als ein individuelles Fotogeschenk f\u00fcr Papa.","robots":{"index":"index","follow":"follow","max-snippet":"max-snippet:-1","max-image-preview":"max-image-preview:large","max-video-preview":"max-video-preview:-1"},"canonical":"https:\/\/positiveprints.com\/de\/produkt\/fotogeschenk-fuer-papa\/","og_locale":"de_DE","og_type":"article","og_title":"Fotogeschenk f\u00fcr Papa","og_description":"\u00dcberrasche deinen Vater mit einem personalisierten Fotogeschenk, das ihn jeden Tag daran erinnert, wie sehr du ihn liebst und sch\u00e4tzt F\u00fcge Text\u00fcberlagerungen hinzu, um jedes Geschenk besonders und bedeutungsvoll zu machen Passe es in 3 einfachen Schritten Sieh das Ergebnis sofort \u2013 die interaktive Vorschau erm\u00f6glicht dir, jedes Detail direkt anzupassen","og_url":"https:\/\/positiveprints.com\/de\/produkt\/fotogeschenk-fuer-papa\/","og_site_name":"Positive Prints","article_publisher":"https:\/\/www.facebook.com\/positiveprintscom","article_modified_time":"2026-04-28T13:37:02+00:00","og_image":[{"width":1080,"height":1080,"url":"https:\/\/positiveprints.com\/wp-content\/uploads\/2023\/04\/Fotogeschenk-fur-Papa.jpg","type":"image\/jpeg"}],"twitter_card":"summary_large_image","schema":{"@context":"https:\/\/schema.org","@graph":[{"@type":["WebPage","ItemPage"],"@id":"https:\/\/positiveprints.com\/de\/produkt\/fotogeschenk-fuer-papa\/","url":"https:\/\/positiveprints.com\/de\/produkt\/fotogeschenk-fuer-papa\/","name":"Fotogeschenk f\u00fcr Papa - Positive Prints","isPartOf":{"@id":"https:\/\/positiveprints.com\/de\/#website"},"primaryImageOfPage":{"@id":"https:\/\/positiveprints.com\/de\/produkt\/fotogeschenk-fuer-papa\/#primaryimage"},"image":{"@id":"https:\/\/positiveprints.com\/de\/produkt\/fotogeschenk-fuer-papa\/#primaryimage"},"thumbnailUrl":"https:\/\/positiveprints.com\/wp-content\/uploads\/2023\/04\/Fotogeschenk-fur-Papa.jpg","datePublished":"2022-08-24T15:09:00+00:00","dateModified":"2026-04-28T13:37:02+00:00","description":"F\u00fcr Geburtstage, Vatertag, Weihnachten und dar\u00fcber hinaus gibt es nichts Besseres als ein individuelles Fotogeschenk f\u00fcr Papa.","breadcrumb":{"@id":"https:\/\/positiveprints.com\/de\/produkt\/fotogeschenk-fuer-papa\/#breadcrumb"},"inLanguage":"de","potentialAction":[{"@type":"ReadAction","target":["https:\/\/positiveprints.com\/de\/produkt\/fotogeschenk-fuer-papa\/"]}]},{"@type":"ImageObject","inLanguage":"de","@id":"https:\/\/positiveprints.com\/de\/produkt\/fotogeschenk-fuer-papa\/#primaryimage","url":"https:\/\/positiveprints.com\/wp-content\/uploads\/2023\/04\/Fotogeschenk-fur-Papa.jpg","contentUrl":"https:\/\/positiveprints.com\/wp-content\/uploads\/2023\/04\/Fotogeschenk-fur-Papa.jpg","width":1080,"height":1080,"caption":"Fotogeschenk f\u00fcr Papa"},{"@type":"BreadcrumbList","@id":"https:\/\/positiveprints.com\/de\/produkt\/fotogeschenk-fuer-papa\/#breadcrumb","itemListElement":[{"@type":"ListItem","position":1,"name":"Startseite","item":"https:\/\/positiveprints.com\/de\/"},{"@type":"ListItem","position":2,"name":"Produkte","item":"https:\/\/positiveprints.com\/de\/shop\/"},{"@type":"ListItem","position":3,"name":"Fotogeschenk f\u00fcr Papa"}]},{"@type":"WebSite","@id":"https:\/\/positiveprints.com\/de\/#website","url":"https:\/\/positiveprints.com\/de\/","name":"Positive Prints","description":"Amazing Custom Personalized Gifts","publisher":{"@id":"https:\/\/positiveprints.com\/de\/#organization"},"potentialAction":[{"@type":"SearchAction","target":{"@type":"EntryPoint","urlTemplate":"https:\/\/positiveprints.com\/de\/?s={search_term_string}"},"query-input":{"@type":"PropertyValueSpecification","valueRequired":true,"valueName":"search_term_string"}}],"inLanguage":"de"},{"@type":"Organization","@id":"https:\/\/positiveprints.com\/de\/#organization","name":"Positive Prints","alternateName":"Positive Prints","url":"https:\/\/positiveprints.com\/de\/","logo":{"@type":"ImageObject","inLanguage":"de","@id":"https:\/\/positiveprints.com\/de\/#\/schema\/logo\/image\/","url":"https:\/\/positiveprints.com\/wp-content\/uploads\/2026\/03\/245815646_1337939713319158_5671353136411139666_n.png","contentUrl":"https:\/\/positiveprints.com\/wp-content\/uploads\/2026\/03\/245815646_1337939713319158_5671353136411139666_n.png","width":800,"height":800,"caption":"Positive Prints"},"image":{"@id":"https:\/\/positiveprints.com\/de\/#\/schema\/logo\/image\/"},"sameAs":["https:\/\/www.facebook.com\/positiveprintscom","https:\/\/www.instagram.com\/positiveprintscom\/","https:\/\/www.tiktok.com\/@positiveprintscom","https:\/\/www.pinterest.com\/positiveprintscom\/"]}]}},"jetpack_sharing_enabled":true,"_links":{"self":[{"href":"https:\/\/positiveprints.com\/de\/wp-json\/wp\/v2\/product\/361832","targetHints":{"allow":["GET"]}}],"collection":[{"href":"https:\/\/positiveprints.com\/de\/wp-json\/wp\/v2\/product"}],"about":[{"href":"https:\/\/positiveprints.com\/de\/wp-json\/wp\/v2\/types\/product"}],"wp:featuredmedia":[{"embeddable":true,"href":"https:\/\/positiveprints.com\/de\/wp-json\/wp\/v2\/media\/465640"}],"wp:attachment":[{"href":"https:\/\/positiveprints.com\/de\/wp-json\/wp\/v2\/media?parent=361832"}],"wp:term":[{"taxonomy":"product_brand","embeddable":true,"href":"https:\/\/positiveprints.com\/de\/wp-json\/wp\/v2\/product_brand?post=361832"},{"taxonomy":"product_cat","embeddable":true,"href":"https:\/\/positiveprints.com\/de\/wp-json\/wp\/v2\/product_cat?post=361832"},{"taxonomy":"product_tag","embeddable":true,"href":"https:\/\/positiveprints.com\/de\/wp-json\/wp\/v2\/product_tag?post=361832"}],"curies":[{"name":"wp","href":"https:\/\/api.w.org\/{rel}","templated":true}]}}