{"id":361738,"date":"2022-08-25T11:14:15","date_gmt":"2022-08-25T10:14:15","guid":{"rendered":"https:\/\/positiveprints.com\/?post_type=product&#038;p=361738"},"modified":"2026-04-12T23:04:09","modified_gmt":"2026-04-12T22:04:09","slug":"fotogeschenk-fuer-opa","status":"publish","type":"product","link":"https:\/\/positiveprints.com\/de\/produkt\/fotogeschenk-fuer-opa\/","title":{"rendered":"Fotogeschenk f\u00fcr Opa"},"content":{"rendered":"","protected":false},"excerpt":{"rendered":"<ul class=\"check-list\">\n<li>Ehre die Liebe und das Verm\u00e4chtnis deines Opas mit einem einzigartigen Geschenk, mit dem er sich besonders und gesch\u00e4tzt f\u00fchlt<\/li>\n<li>F\u00fcge Text\u00fcberlagerungen hinzu, um jedes Geschenk besonders und bedeutungsvoll zu machen<\/li>\n<li>Passe es in 3 einfachen Schritten<\/li>\n<li>Sieh das Ergebnis sofort \u2013 die interaktive Vorschau erm\u00f6glicht dir, jedes Detail direkt anzupassen<\/li>\n<\/ul>\n","protected":false},"featured_media":334901,"template":"","meta":[],"product_brand":[],"product_cat":[7498,11340,7606,5266],"product_tag":[8660,13320],"class_list":{"0":"post-361738","1":"product","2":"type-product","3":"status-publish","4":"has-post-thumbnail","6":"product_cat-foto-de","7":"product_cat-weihnachtsgeschenke-fur-den-opa","8":"product_cat-geschenke-fur-opa","9":"product_cat-weihnachtsgeschenke","10":"product_tag-grandpa-de","11":"product_tag-weihnachtsgeschenk-fuer-den-opa","13":"first","14":"instock","15":"sale","16":"taxable","17":"shipping-taxable","18":"purchasable","19":"product-type-variable"},"yoast_head":"<!-- This site is optimized with the Yoast SEO Premium plugin v27.2 (Yoast SEO v27.2) - https:\/\/yoast.com\/product\/yoast-seo-premium-wordpress\/ -->\n<title>Fotogeschenk f\u00fcr Opa - Positive Prints<\/title>\n<meta name=\"description\" content=\"Ein Fotogeschenk f\u00fcr Opa ist das perfekte \u00dcberraschungsgeschenk, das er f\u00fcr immer sch\u00e4tzen wird. Personalisiere dein Fotogeschenk mit Positive Prints.\" \/>\n<meta name=\"robots\" content=\"index, follow, max-snippet:-1, max-image-preview:large, max-video-preview:-1\" \/>\n<link rel=\"canonical\" href=\"https:\/\/positiveprints.com\/de\/produkt\/fotogeschenk-fuer-opa\/\" \/>\n<meta property=\"og:locale\" content=\"de_DE\" \/>\n<meta property=\"og:type\" content=\"article\" \/>\n<meta property=\"og:title\" content=\"Fotogeschenk f\u00fcr Opa\" \/>\n<meta property=\"og:description\" content=\"Ehre die Liebe und das Verm\u00e4chtnis deines Opas mit einem einzigartigen Geschenk, mit dem er sich besonders und gesch\u00e4tzt f\u00fchlt F\u00fcge Text\u00fcberlagerungen hinzu, um jedes Geschenk besonders und bedeutungsvoll zu machen Passe es in 3 einfachen Schritten Sieh das Ergebnis sofort \u2013 die interaktive Vorschau erm\u00f6glicht dir, jedes Detail direkt anzupassen\" \/>\n<meta property=\"og:url\" content=\"https:\/\/positiveprints.com\/de\/produkt\/fotogeschenk-fuer-opa\/\" \/>\n<meta property=\"og:site_name\" content=\"Positive Prints\" \/>\n<meta property=\"article:publisher\" content=\"https:\/\/www.facebook.com\/positiveprintscom\" \/>\n<meta property=\"article:modified_time\" content=\"2026-04-12T22:04:09+00:00\" \/>\n<meta property=\"og:image\" content=\"https:\/\/positiveprints.com\/wp-content\/uploads\/2022\/08\/grandpa-photo-gift.jpg\" \/>\n\t<meta property=\"og:image:width\" content=\"1080\" \/>\n\t<meta property=\"og:image:height\" content=\"1080\" \/>\n\t<meta property=\"og:image:type\" content=\"image\/jpeg\" \/>\n<meta name=\"twitter:card\" content=\"summary_large_image\" \/>\n<!-- \/ Yoast SEO Premium plugin. -->","yoast_head_json":{"title":"Fotogeschenk f\u00fcr Opa - Positive Prints","description":"Ein Fotogeschenk f\u00fcr Opa ist das perfekte \u00dcberraschungsgeschenk, das er f\u00fcr immer sch\u00e4tzen wird. Personalisiere dein Fotogeschenk mit Positive Prints.","robots":{"index":"index","follow":"follow","max-snippet":"max-snippet:-1","max-image-preview":"max-image-preview:large","max-video-preview":"max-video-preview:-1"},"canonical":"https:\/\/positiveprints.com\/de\/produkt\/fotogeschenk-fuer-opa\/","og_locale":"de_DE","og_type":"article","og_title":"Fotogeschenk f\u00fcr Opa","og_description":"Ehre die Liebe und das Verm\u00e4chtnis deines Opas mit einem einzigartigen Geschenk, mit dem er sich besonders und gesch\u00e4tzt f\u00fchlt F\u00fcge Text\u00fcberlagerungen hinzu, um jedes Geschenk besonders und bedeutungsvoll zu machen Passe es in 3 einfachen Schritten Sieh das Ergebnis sofort \u2013 die interaktive Vorschau erm\u00f6glicht dir, jedes Detail direkt anzupassen","og_url":"https:\/\/positiveprints.com\/de\/produkt\/fotogeschenk-fuer-opa\/","og_site_name":"Positive Prints","article_publisher":"https:\/\/www.facebook.com\/positiveprintscom","article_modified_time":"2026-04-12T22:04:09+00:00","og_image":[{"width":1080,"height":1080,"url":"https:\/\/positiveprints.com\/wp-content\/uploads\/2022\/08\/grandpa-photo-gift.jpg","type":"image\/jpeg"}],"twitter_card":"summary_large_image","schema":{"@context":"https:\/\/schema.org","@graph":[{"@type":["WebPage","ItemPage"],"@id":"https:\/\/positiveprints.com\/de\/produkt\/fotogeschenk-fuer-opa\/","url":"https:\/\/positiveprints.com\/de\/produkt\/fotogeschenk-fuer-opa\/","name":"Fotogeschenk f\u00fcr Opa - Positive Prints","isPartOf":{"@id":"https:\/\/positiveprints.com\/de\/#website"},"primaryImageOfPage":{"@id":"https:\/\/positiveprints.com\/de\/produkt\/fotogeschenk-fuer-opa\/#primaryimage"},"image":{"@id":"https:\/\/positiveprints.com\/de\/produkt\/fotogeschenk-fuer-opa\/#primaryimage"},"thumbnailUrl":"https:\/\/positiveprints.com\/wp-content\/uploads\/2022\/08\/grandpa-photo-gift.jpg","datePublished":"2022-08-25T10:14:15+00:00","dateModified":"2026-04-12T22:04:09+00:00","description":"Ein Fotogeschenk f\u00fcr Opa ist das perfekte \u00dcberraschungsgeschenk, das er f\u00fcr immer sch\u00e4tzen wird. Personalisiere dein Fotogeschenk mit Positive Prints.","breadcrumb":{"@id":"https:\/\/positiveprints.com\/de\/produkt\/fotogeschenk-fuer-opa\/#breadcrumb"},"inLanguage":"de","potentialAction":[{"@type":"ReadAction","target":["https:\/\/positiveprints.com\/de\/produkt\/fotogeschenk-fuer-opa\/"]}]},{"@type":"ImageObject","inLanguage":"de","@id":"https:\/\/positiveprints.com\/de\/produkt\/fotogeschenk-fuer-opa\/#primaryimage","url":"https:\/\/positiveprints.com\/wp-content\/uploads\/2022\/08\/grandpa-photo-gift.jpg","contentUrl":"https:\/\/positiveprints.com\/wp-content\/uploads\/2022\/08\/grandpa-photo-gift.jpg","width":1080,"height":1080,"caption":"A photo gift for Grandpa makes the perfect surprise gift he will cherish forever."},{"@type":"BreadcrumbList","@id":"https:\/\/positiveprints.com\/de\/produkt\/fotogeschenk-fuer-opa\/#breadcrumb","itemListElement":[{"@type":"ListItem","position":1,"name":"Startseite","item":"https:\/\/positiveprints.com\/de\/"},{"@type":"ListItem","position":2,"name":"Produkte","item":"https:\/\/positiveprints.com\/de\/shop\/"},{"@type":"ListItem","position":3,"name":"Fotogeschenk f\u00fcr Opa"}]},{"@type":"WebSite","@id":"https:\/\/positiveprints.com\/de\/#website","url":"https:\/\/positiveprints.com\/de\/","name":"Positive Prints","description":"Amazing Custom Personalized Gifts","publisher":{"@id":"https:\/\/positiveprints.com\/de\/#organization"},"potentialAction":[{"@type":"SearchAction","target":{"@type":"EntryPoint","urlTemplate":"https:\/\/positiveprints.com\/de\/?s={search_term_string}"},"query-input":{"@type":"PropertyValueSpecification","valueRequired":true,"valueName":"search_term_string"}}],"inLanguage":"de"},{"@type":"Organization","@id":"https:\/\/positiveprints.com\/de\/#organization","name":"Positive Prints","alternateName":"Positive Prints","url":"https:\/\/positiveprints.com\/de\/","logo":{"@type":"ImageObject","inLanguage":"de","@id":"https:\/\/positiveprints.com\/de\/#\/schema\/logo\/image\/","url":"https:\/\/positiveprints.com\/wp-content\/uploads\/2026\/03\/245815646_1337939713319158_5671353136411139666_n.png","contentUrl":"https:\/\/positiveprints.com\/wp-content\/uploads\/2026\/03\/245815646_1337939713319158_5671353136411139666_n.png","width":800,"height":800,"caption":"Positive Prints"},"image":{"@id":"https:\/\/positiveprints.com\/de\/#\/schema\/logo\/image\/"},"sameAs":["https:\/\/www.facebook.com\/positiveprintscom","https:\/\/www.instagram.com\/positiveprintscom\/","https:\/\/www.tiktok.com\/@positiveprintscom","https:\/\/www.pinterest.com\/positiveprintscom\/"]}]}},"jetpack_sharing_enabled":true,"_links":{"self":[{"href":"https:\/\/positiveprints.com\/de\/wp-json\/wp\/v2\/product\/361738","targetHints":{"allow":["GET"]}}],"collection":[{"href":"https:\/\/positiveprints.com\/de\/wp-json\/wp\/v2\/product"}],"about":[{"href":"https:\/\/positiveprints.com\/de\/wp-json\/wp\/v2\/types\/product"}],"wp:featuredmedia":[{"embeddable":true,"href":"https:\/\/positiveprints.com\/de\/wp-json\/wp\/v2\/media\/334901"}],"wp:attachment":[{"href":"https:\/\/positiveprints.com\/de\/wp-json\/wp\/v2\/media?parent=361738"}],"wp:term":[{"taxonomy":"product_brand","embeddable":true,"href":"https:\/\/positiveprints.com\/de\/wp-json\/wp\/v2\/product_brand?post=361738"},{"taxonomy":"product_cat","embeddable":true,"href":"https:\/\/positiveprints.com\/de\/wp-json\/wp\/v2\/product_cat?post=361738"},{"taxonomy":"product_tag","embeddable":true,"href":"https:\/\/positiveprints.com\/de\/wp-json\/wp\/v2\/product_tag?post=361738"}],"curies":[{"name":"wp","href":"https:\/\/api.w.org\/{rel}","templated":true}]}}