{"id":361280,"date":"2022-04-30T19:24:18","date_gmt":"2022-10-26T15:17:26","guid":{"rendered":"https:\/\/positiveprints.com\/?post_type=product&#038;p=361280"},"modified":"2026-04-03T03:33:37","modified_gmt":"2026-04-03T02:33:37","slug":"graduierungskarte","status":"publish","type":"product","link":"https:\/\/positiveprints.com\/de\/produkt\/graduierungskarte\/","title":{"rendered":"Graduierungskarte"},"content":{"rendered":"","protected":false},"excerpt":{"rendered":"<ul class=\"check-list\">\n<li>Ehre einen Absolventen mit einer personalisierten Universit\u00e4tskarte<\/li>\n<li>Markiere eine besondere Stelle mit einem ausgew\u00e4hlten Symbol<\/li>\n<li>Passe dein Kunstwerk in 3 einfachen Schritten an<\/li>\n<li>F\u00fcge einen aussagekr\u00e4ftigen personalisierten Text hinzu<\/li>\n<li>Sieh das Ergebnis sofort \u2013 die interaktive Vorschau erm\u00f6glicht dir, jedes Detail direkt anzupassen<\/li>\n<\/ul>\n","protected":false},"featured_media":1293618,"template":"","meta":[],"product_brand":[],"product_cat":[7910,9275,7189],"product_tag":[16688,16689,8492],"class_list":{"0":"post-361280","1":"product","2":"type-product","3":"status-publish","4":"has-post-thumbnail","6":"product_cat-geschenk-zum-abschluss","7":"product_cat-bestsellers-label-de","8":"product_cat-map-de","9":"product_tag-abschlussgeschenk","10":"product_tag-abschlussgeschenke","11":"product_tag-graduation-de","13":"first","14":"instock","15":"sale","16":"taxable","17":"shipping-taxable","18":"purchasable","19":"product-type-variable"},"yoast_head":"<!-- This site is optimized with the Yoast SEO Premium plugin v27.2 (Yoast SEO v27.2) - https:\/\/yoast.com\/product\/yoast-seo-premium-wordpress\/ -->\n<title>Graduierungskarte - Positive Prints<\/title>\n<meta name=\"description\" content=\"Ein Hochschul- oder Universit\u00e4tsabschluss ist eine gro\u00dfe Sache, und viele Angeh\u00f6rige beschlie\u00dfen, diesen mit einem Geschenk f\u00fcr den neuen Absolventen zu feiern.\" \/>\n<meta name=\"robots\" content=\"index, follow, max-snippet:-1, max-image-preview:large, max-video-preview:-1\" \/>\n<link rel=\"canonical\" href=\"https:\/\/positiveprints.com\/de\/produkt\/graduierungskarte\/\" \/>\n<meta property=\"og:locale\" content=\"de_DE\" \/>\n<meta property=\"og:type\" content=\"article\" \/>\n<meta property=\"og:title\" content=\"Graduierungskarte\" \/>\n<meta property=\"og:description\" content=\"Ehre einen Absolventen mit einer personalisierten Universit\u00e4tskarte Markiere eine besondere Stelle mit einem ausgew\u00e4hlten Symbol Passe dein Kunstwerk in 3 einfachen Schritten an F\u00fcge einen aussagekr\u00e4ftigen personalisierten Text hinzu Sieh das Ergebnis sofort \u2013 die interaktive Vorschau erm\u00f6glicht dir, jedes Detail direkt anzupassen\" \/>\n<meta property=\"og:url\" content=\"https:\/\/positiveprints.com\/de\/produkt\/graduierungskarte\/\" \/>\n<meta property=\"og:site_name\" content=\"Positive Prints\" \/>\n<meta property=\"article:publisher\" content=\"https:\/\/www.facebook.com\/positiveprintscom\" \/>\n<meta property=\"article:modified_time\" content=\"2026-04-03T02:33:37+00:00\" \/>\n<meta property=\"og:image\" content=\"https:\/\/positiveprints.com\/wp-content\/uploads\/2024\/12\/Packshot_DE_Graduation-Map-product-image.webp\" \/>\n\t<meta property=\"og:image:width\" content=\"1450\" \/>\n\t<meta property=\"og:image:height\" content=\"1450\" \/>\n\t<meta property=\"og:image:type\" content=\"image\/webp\" \/>\n<meta name=\"twitter:card\" content=\"summary_large_image\" \/>\n<!-- \/ Yoast SEO Premium plugin. -->","yoast_head_json":{"title":"Graduierungskarte - Positive Prints","description":"Ein Hochschul- oder Universit\u00e4tsabschluss ist eine gro\u00dfe Sache, und viele Angeh\u00f6rige beschlie\u00dfen, diesen mit einem Geschenk f\u00fcr den neuen Absolventen zu feiern.","robots":{"index":"index","follow":"follow","max-snippet":"max-snippet:-1","max-image-preview":"max-image-preview:large","max-video-preview":"max-video-preview:-1"},"canonical":"https:\/\/positiveprints.com\/de\/produkt\/graduierungskarte\/","og_locale":"de_DE","og_type":"article","og_title":"Graduierungskarte","og_description":"Ehre einen Absolventen mit einer personalisierten Universit\u00e4tskarte Markiere eine besondere Stelle mit einem ausgew\u00e4hlten Symbol Passe dein Kunstwerk in 3 einfachen Schritten an F\u00fcge einen aussagekr\u00e4ftigen personalisierten Text hinzu Sieh das Ergebnis sofort \u2013 die interaktive Vorschau erm\u00f6glicht dir, jedes Detail direkt anzupassen","og_url":"https:\/\/positiveprints.com\/de\/produkt\/graduierungskarte\/","og_site_name":"Positive Prints","article_publisher":"https:\/\/www.facebook.com\/positiveprintscom","article_modified_time":"2026-04-03T02:33:37+00:00","og_image":[{"width":1450,"height":1450,"url":"https:\/\/positiveprints.com\/wp-content\/uploads\/2024\/12\/Packshot_DE_Graduation-Map-product-image.webp","type":"image\/webp"}],"twitter_card":"summary_large_image","schema":{"@context":"https:\/\/schema.org","@graph":[{"@type":["WebPage","ItemPage"],"@id":"https:\/\/positiveprints.com\/de\/produkt\/graduierungskarte\/","url":"https:\/\/positiveprints.com\/de\/produkt\/graduierungskarte\/","name":"Graduierungskarte - Positive Prints","isPartOf":{"@id":"https:\/\/positiveprints.com\/de\/#website"},"primaryImageOfPage":{"@id":"https:\/\/positiveprints.com\/de\/produkt\/graduierungskarte\/#primaryimage"},"image":{"@id":"https:\/\/positiveprints.com\/de\/produkt\/graduierungskarte\/#primaryimage"},"thumbnailUrl":"https:\/\/positiveprints.com\/wp-content\/uploads\/2024\/12\/Packshot_DE_Graduation-Map-product-image.webp","datePublished":"2022-10-26T15:17:26+00:00","dateModified":"2026-04-03T02:33:37+00:00","description":"Ein Hochschul- oder Universit\u00e4tsabschluss ist eine gro\u00dfe Sache, und viele Angeh\u00f6rige beschlie\u00dfen, diesen mit einem Geschenk f\u00fcr den neuen Absolventen zu feiern.","breadcrumb":{"@id":"https:\/\/positiveprints.com\/de\/produkt\/graduierungskarte\/#breadcrumb"},"inLanguage":"de","potentialAction":[{"@type":"ReadAction","target":["https:\/\/positiveprints.com\/de\/produkt\/graduierungskarte\/"]}]},{"@type":"ImageObject","inLanguage":"de","@id":"https:\/\/positiveprints.com\/de\/produkt\/graduierungskarte\/#primaryimage","url":"https:\/\/positiveprints.com\/wp-content\/uploads\/2024\/12\/Packshot_DE_Graduation-Map-product-image.webp","contentUrl":"https:\/\/positiveprints.com\/wp-content\/uploads\/2024\/12\/Packshot_DE_Graduation-Map-product-image.webp","width":1450,"height":1450},{"@type":"BreadcrumbList","@id":"https:\/\/positiveprints.com\/de\/produkt\/graduierungskarte\/#breadcrumb","itemListElement":[{"@type":"ListItem","position":1,"name":"Startseite","item":"https:\/\/positiveprints.com\/de\/"},{"@type":"ListItem","position":2,"name":"Produkte","item":"https:\/\/positiveprints.com\/de\/shop\/"},{"@type":"ListItem","position":3,"name":"Graduierungskarte"}]},{"@type":"WebSite","@id":"https:\/\/positiveprints.com\/de\/#website","url":"https:\/\/positiveprints.com\/de\/","name":"Positive Prints","description":"Amazing Custom Personalized Gifts","publisher":{"@id":"https:\/\/positiveprints.com\/de\/#organization"},"potentialAction":[{"@type":"SearchAction","target":{"@type":"EntryPoint","urlTemplate":"https:\/\/positiveprints.com\/de\/?s={search_term_string}"},"query-input":{"@type":"PropertyValueSpecification","valueRequired":true,"valueName":"search_term_string"}}],"inLanguage":"de"},{"@type":"Organization","@id":"https:\/\/positiveprints.com\/de\/#organization","name":"Positive Prints","alternateName":"Positive Prints","url":"https:\/\/positiveprints.com\/de\/","logo":{"@type":"ImageObject","inLanguage":"de","@id":"https:\/\/positiveprints.com\/de\/#\/schema\/logo\/image\/","url":"https:\/\/positiveprints.com\/wp-content\/uploads\/2026\/03\/245815646_1337939713319158_5671353136411139666_n.png","contentUrl":"https:\/\/positiveprints.com\/wp-content\/uploads\/2026\/03\/245815646_1337939713319158_5671353136411139666_n.png","width":800,"height":800,"caption":"Positive Prints"},"image":{"@id":"https:\/\/positiveprints.com\/de\/#\/schema\/logo\/image\/"},"sameAs":["https:\/\/www.facebook.com\/positiveprintscom","https:\/\/www.instagram.com\/positiveprintscom\/","https:\/\/www.tiktok.com\/@positiveprintscom","https:\/\/www.pinterest.com\/positiveprintscom\/"]}]}},"jetpack_sharing_enabled":true,"_links":{"self":[{"href":"https:\/\/positiveprints.com\/de\/wp-json\/wp\/v2\/product\/361280","targetHints":{"allow":["GET"]}}],"collection":[{"href":"https:\/\/positiveprints.com\/de\/wp-json\/wp\/v2\/product"}],"about":[{"href":"https:\/\/positiveprints.com\/de\/wp-json\/wp\/v2\/types\/product"}],"wp:featuredmedia":[{"embeddable":true,"href":"https:\/\/positiveprints.com\/de\/wp-json\/wp\/v2\/media\/1293618"}],"wp:attachment":[{"href":"https:\/\/positiveprints.com\/de\/wp-json\/wp\/v2\/media?parent=361280"}],"wp:term":[{"taxonomy":"product_brand","embeddable":true,"href":"https:\/\/positiveprints.com\/de\/wp-json\/wp\/v2\/product_brand?post=361280"},{"taxonomy":"product_cat","embeddable":true,"href":"https:\/\/positiveprints.com\/de\/wp-json\/wp\/v2\/product_cat?post=361280"},{"taxonomy":"product_tag","embeddable":true,"href":"https:\/\/positiveprints.com\/de\/wp-json\/wp\/v2\/product_tag?post=361280"}],"curies":[{"name":"wp","href":"https:\/\/api.w.org\/{rel}","templated":true}]}}