{"id":361164,"date":"2021-09-23T09:26:31","date_gmt":"2021-09-23T08:26:31","guid":{"rendered":"https:\/\/positiveprints.com\/?post_type=product&#038;p=361164"},"modified":"2026-04-18T07:46:32","modified_gmt":"2026-04-18T06:46:32","slug":"koordinaten-wo-wir-uns-trafen","status":"publish","type":"product","link":"https:\/\/positiveprints.com\/de\/produkt\/koordinaten-wo-wir-uns-trafen\/","title":{"rendered":"Koordinaten Wo Alles Begann"},"content":{"rendered":"<p>Der Ort, an dem du deine ewige Liebe kennengelernt hast, wird immer einen besonderen Platz in deinem Herzen einnehmen. Teile es mit der Welt \u2013 oder einfach nur untereinander \u2013 mit einem \u201eWo wir uns trafen\u201c-Koordinaten-Geschenk. Erstelle noch heute euer eigenes!<\/p>\r\n\r\n<h2 class=\"grenB f24 cblue\" style=\"margin-top: 3rem\">Was sind \u201eWo wir uns trafen\u201c-Koordinaten?<\/h2>\r\n\r\n<p style=\"margin-top: 1rem\">Mithilfe von GPS-Koordinaten l\u00e4sst sich jeder Ort auf der Welt finden, darunter auch der ganz besondere Ort, an dem du die Liebe deines Lebens kennengelernt hast. Die Koordinaten-Poster von \u201eWo wir uns trafen\u201c erfassen den genauen Ort, an dem die Magie begann, und verwandeln ihn in einen individuellen Wandbehang, den ihr beide ein Leben lang sch\u00e4tzen werdet.<\/p>\r\n\r\n<p style=\"margin-top: 1rem\">Positive Prints verwendet \u00e4u\u00dferst zuverl\u00e4ssige GPS-Koordinaten, um deinen besonderen Ort zu lokalisieren und ihn in ein Kunstwerk zu verwandeln. Wenn du dieselben Koordinaten in Google Maps oder einem anderen GPS-Ger\u00e4t eingibst, wird der genaue Ort ermittelt, an dem deine Erinnerungen entstanden sind. Betrachte es als einen Geheimcode, der sich vor aller Augen verbirgt!<\/p>\r\n\r\n<h2 class=\"grenB f24 cblue\" style=\"margin-top: 3rem\">Die Koordinaten von \u201eWo wir uns trafen\u201c sind das perfekte Geschenk<\/h2>\r\n\r\n<p style=\"margin-top: 1rem\">Unser Koordinatendruck \u201eWo wir uns trafen\u201c ist ein ideales Geschenk f\u00fcr Jubil\u00e4en, Hochzeiten, Verlobungen und andere besondere Anl\u00e4sse. Es ist ein ideales Geschenk f\u00fcr alle, die ihre Liebsten beeindrucken und sie mit etwas \u00fcberraschen m\u00f6chten, das sie sicher noch nicht haben. Und da jeder Druck komplett individuell ist, ist er f\u00fcr jede Person etwas Besonderes. Es ist ein Geschenk, das wirklich ein Leben lang h\u00e4lt!<br><br>Jedes Koordinatengeschenk ist:<\/p>\r\n\r\n<ul>\r\n<li>einzigartig und einzigartig<\/li>\r\n<li>personalisiert f\u00fcr jede Person und jeden Anlass<\/li>\r\n<li>ein sofortiger Favorit, den man f\u00fcr immer lieben wird<\/li>\r\n<li>eine totale \u00dcberraschung!<\/li>\r\n<\/ul>\r\n\r\n\r\n<h2 class=\"grenB f24 cblue\" style=\"margin-top: 3rem\">So erstellst du ein \u201eWo wir uns trafen\u201c-Koordinatengeschenk<\/h2>\r\n\r\n<p style=\"margin-top: 1rem\">Bei Positive Prints machen wir es einfach, eine gesch\u00e4tzte Erinnerung in ein Kunstwerk zu verwandeln. Unser benutzerfreundlicher \u201eWo wir uns trafen\u201c-Koordinaten-Kunstersteller erledigt den Gro\u00dfteil der Arbeit f\u00fcr dich. Bei jeder von dir vorgenommenen \u00c4nderung kannst du deine Druckaktualisierung in Echtzeit verfolgen und genau wissen, wie dein Kunstwerk nach dem Drucken aussehen wird. So f\u00e4ngst du an:<\/p>\r\n\r\n<h3 class=\"grenB f18 cblue\" style=\"margin-top: 3rem\">Schritt 1: W\u00e4hle dein Design<\/h3>\r\n\r\n<p style=\"margin-top: 1rem\">Unsere K\u00fcnstler haben mehrere Farbschemata vorgefertigt, die du frei verwenden kannst. Du kannst auch dein eigenes Farbschema anpassen, um es an deine Inneneinrichtung oder deine pers\u00f6nlichen Vorlieben anzupassen.<\/p>\r\n\r\n<h3 class=\"grenB f18 cblue\" style=\"margin-top: 3rem\">Schritt 2: Gebe deine Daten ein<\/h3>\r\n\r\n<p style=\"margin-top: 1rem\">Was wird auf deinem \u201eWo wir uns trafen\u201c-Koordinatenposter stehen? Du hast die totale Kontrolle dr\u00fcber \u2013 w\u00e4hle einen Standort aus und f\u00fcge bis zu zwei Zeilen benutzerdefinierten Texts hinzu, um deinen Druck zu etwas ganz Besonderem zu machen. Wir erledigen den schwierigen Teil, indem wir den Text f\u00fcr dich ausrichten und skalieren. Du erh\u00e4ltst den Pers\u00f6nlichkeits- und Sentimentpreis, indem du dein Posterdruck so anpasst, dass er deinen Liebsten etwas bedeuten wird!<\/p>\r\n\r\n<h3 class=\"grenB f18 cblue\" style=\"margin-top: 3rem\">Schritt 3: W\u00e4hle dein Format aus<\/h3>\r\n\r\n<p style=\"margin-top: 1rem\">Positive Prints bietet derzeit die Koordinaten unseres Treffens als gedrucktes oder gerahmtes Poster sowie als sofortigen digitalen Download an. Du kannst deine Koordinaten auch auf Leinwand erhalten. W\u00e4hle eine von mehreren g\u00e4ngigen Gr\u00f6\u00dfen zum einfachen Einrahmen und Pr\u00e4sentieren in deinem Zuhause!<\/p>\r\n\r\n<h2 class=\"grenB f24 cblue\" style=\"margin-top: 3rem\">Verwandele deine Lieblingserinnerung in Koordinaten des Ortes, an dem ihr euch kennengelernt habt und drucke dein Kunstwerk aus!<\/h2>\r\n\r\n<p style=\"margin-top: 1rem\">Der Ort, an dem du die Liebe deines Lebens kennengelernt hast, ist einer deiner wertvollsten Orte auf der Welt. Feiere diesen magischen Ort f\u00fcr immer mit einem \u201eWo wir uns trafen\u201c-Koordinatenposter.<\/p>","protected":false},"excerpt":{"rendered":"<ul class=\"check-list\">\n<li>Gebe die Koordinaten ein und verewige den Ort, an dem ihr euch das erste Mal getroffen habt \u2013 mit einem einzigartigen personalisierten Druck<\/li>\n<li>F\u00fcge einen aussagekr\u00e4ftigen personalisierten Text hinzu<\/li>\n<li>Passe dein Kunstwerk in 3 einfachen Schritten an<\/li>\n<li>W\u00e4hle eine Vorlage oder werde kreativ<\/li>\n<li>Sieh das Ergebnis sofort \u2013 die interaktive Vorschau erm\u00f6glicht dir, jedes Detail direkt anzupassen<\/li>\n<\/ul>\n","protected":false},"featured_media":634014,"template":"","meta":[],"product_brand":[],"product_cat":[8200,8209,7169,5327,11169,11163,11166,7926,5266,11349,11352,11346,11328,11370,11355,8005,7671,7639,7686,7782,7750,7798,390,11233,11236],"product_tag":[14749,11737,11708,11733,11714,11749,11743],"class_list":{"0":"post-361164","1":"product","2":"type-product","3":"status-publish","4":"has-post-thumbnail","6":"product_cat-fur-sie-de","7":"product_cat-fur-ihn-de","8":"product_cat-coordinates-de","9":"product_cat-jubilaumsgeschenke","10":"product_cat-jahrestag-geschenk-fur-paare","11":"product_cat-jahrestag-geschenke-fur-sie","12":"product_cat-jahrestag-geschenk-fur-ihn","13":"product_cat-brautduschen-geschenke","14":"product_cat-weihnachtsgeschenke","15":"product_cat-weihnachtsgeschenke-fur-frauen","16":"product_cat-weihnachtsgeschenke-fur-manner","17":"product_cat-weihnachtsgeschenke-fur-die-freundin","18":"product_cat-weihnachtsgeschenke-fur-den-freund","19":"product_cat-weihnachtsgeschenke-fur-die-frau","20":"product_cat-weihnachtsgeschenke-fur-den-ehemann","21":"product_cat-geschenke-fur-manner","22":"product_cat-geschenke-fur-deinen-freund","23":"product_cat-geschenke-fur-deinen-ehemann","24":"product_cat-geschenke-fur-wichtige-frauen-in-deinem-leben","25":"product_cat-geschenke-fur-deine-freundin","26":"product_cat-geschenke-fur-deine-ehefrau","27":"product_cat-geschenke-fur-paare","28":"product_cat-geschenke-zum-valentinstag-geschenkideen-de","29":"product_cat-valentinstagsgeschenke-fur-frauen","30":"product_cat-valentinstagsgeschenke-fur-manner","31":"product_tag-anniversary-de","32":"product_tag-weihnachtsgeschenke-fuer-den-ehemann","33":"product_tag-weihnachtsgeschenke-fuer-den-freund","34":"product_tag-weihnachtsgeschenke-fur-die-frau","35":"product_tag-weihnachtsgeschenke-fur-die-freundin","36":"product_tag-weihnachtsgeschenke-fuer-ihn","37":"product_tag-weihnachtsgeschenke-fuer-sie","39":"first","40":"instock","41":"sale","42":"taxable","43":"shipping-taxable","44":"purchasable","45":"product-type-variable"},"yoast_head":"<!-- This site is optimized with the Yoast SEO Premium plugin v27.2 (Yoast SEO v27.2) - https:\/\/yoast.com\/product\/yoast-seo-premium-wordpress\/ -->\n<title>Koordinaten Wo Alles Begann - Positive Prints<\/title>\n<meta name=\"description\" content=\"Erstelle ein Wo wir uns trafen-Geschenk mit den GPS-Koordinaten des besonderen Ortes. Feiere diesen magischen Ort f\u00fcr immer!\" \/>\n<meta name=\"robots\" content=\"index, follow, max-snippet:-1, max-image-preview:large, max-video-preview:-1\" \/>\n<link rel=\"canonical\" href=\"https:\/\/positiveprints.com\/de\/produkt\/koordinaten-wo-wir-uns-trafen\/\" \/>\n<meta property=\"og:locale\" content=\"de_DE\" \/>\n<meta property=\"og:type\" content=\"article\" \/>\n<meta property=\"og:title\" content=\"Koordinaten Wo Alles Begann\" \/>\n<meta property=\"og:description\" content=\"Gebe die Koordinaten ein und verewige den Ort, an dem ihr euch das erste Mal getroffen habt \u2013 mit einem einzigartigen personalisierten Druck F\u00fcge einen aussagekr\u00e4ftigen personalisierten Text hinzu Passe dein Kunstwerk in 3 einfachen Schritten an W\u00e4hle eine Vorlage oder werde kreativ Sieh das Ergebnis sofort \u2013 die interaktive Vorschau erm\u00f6glicht dir, jedes Detail direkt anzupassen\" \/>\n<meta property=\"og:url\" content=\"https:\/\/positiveprints.com\/de\/produkt\/koordinaten-wo-wir-uns-trafen\/\" \/>\n<meta property=\"og:site_name\" content=\"Positive Prints\" \/>\n<meta property=\"article:publisher\" content=\"https:\/\/www.facebook.com\/positiveprintscom\" \/>\n<meta property=\"article:modified_time\" content=\"2026-04-18T06:46:32+00:00\" \/>\n<meta property=\"og:image\" content=\"https:\/\/positiveprints.com\/wp-content\/uploads\/2023\/07\/Koordinaten-Wo-Alles-Begann.jpg\" \/>\n\t<meta property=\"og:image:width\" content=\"1080\" \/>\n\t<meta property=\"og:image:height\" content=\"1080\" \/>\n\t<meta property=\"og:image:type\" content=\"image\/jpeg\" \/>\n<meta name=\"twitter:card\" content=\"summary_large_image\" \/>\n<meta name=\"twitter:label1\" content=\"Gesch\u00e4tzte Lesezeit\" \/>\n\t<meta name=\"twitter:data1\" content=\"3\u00a0Minuten\" \/>\n<!-- \/ Yoast SEO Premium plugin. -->","yoast_head_json":{"title":"Koordinaten Wo Alles Begann - Positive Prints","description":"Erstelle ein Wo wir uns trafen-Geschenk mit den GPS-Koordinaten des besonderen Ortes. Feiere diesen magischen Ort f\u00fcr immer!","robots":{"index":"index","follow":"follow","max-snippet":"max-snippet:-1","max-image-preview":"max-image-preview:large","max-video-preview":"max-video-preview:-1"},"canonical":"https:\/\/positiveprints.com\/de\/produkt\/koordinaten-wo-wir-uns-trafen\/","og_locale":"de_DE","og_type":"article","og_title":"Koordinaten Wo Alles Begann","og_description":"Gebe die Koordinaten ein und verewige den Ort, an dem ihr euch das erste Mal getroffen habt \u2013 mit einem einzigartigen personalisierten Druck F\u00fcge einen aussagekr\u00e4ftigen personalisierten Text hinzu Passe dein Kunstwerk in 3 einfachen Schritten an W\u00e4hle eine Vorlage oder werde kreativ Sieh das Ergebnis sofort \u2013 die interaktive Vorschau erm\u00f6glicht dir, jedes Detail direkt anzupassen","og_url":"https:\/\/positiveprints.com\/de\/produkt\/koordinaten-wo-wir-uns-trafen\/","og_site_name":"Positive Prints","article_publisher":"https:\/\/www.facebook.com\/positiveprintscom","article_modified_time":"2026-04-18T06:46:32+00:00","og_image":[{"width":1080,"height":1080,"url":"https:\/\/positiveprints.com\/wp-content\/uploads\/2023\/07\/Koordinaten-Wo-Alles-Begann.jpg","type":"image\/jpeg"}],"twitter_card":"summary_large_image","twitter_misc":{"Gesch\u00e4tzte Lesezeit":"3\u00a0Minuten"},"schema":{"@context":"https:\/\/schema.org","@graph":[{"@type":["WebPage","ItemPage"],"@id":"https:\/\/positiveprints.com\/de\/produkt\/koordinaten-wo-wir-uns-trafen\/","url":"https:\/\/positiveprints.com\/de\/produkt\/koordinaten-wo-wir-uns-trafen\/","name":"Koordinaten Wo Alles Begann - Positive Prints","isPartOf":{"@id":"https:\/\/positiveprints.com\/de\/#website"},"primaryImageOfPage":{"@id":"https:\/\/positiveprints.com\/de\/produkt\/koordinaten-wo-wir-uns-trafen\/#primaryimage"},"image":{"@id":"https:\/\/positiveprints.com\/de\/produkt\/koordinaten-wo-wir-uns-trafen\/#primaryimage"},"thumbnailUrl":"https:\/\/positiveprints.com\/wp-content\/uploads\/2023\/07\/Koordinaten-Wo-Alles-Begann.jpg","datePublished":"2021-09-23T08:26:31+00:00","dateModified":"2026-04-18T06:46:32+00:00","description":"Erstelle ein Wo wir uns trafen-Geschenk mit den GPS-Koordinaten des besonderen Ortes. Feiere diesen magischen Ort f\u00fcr immer!","breadcrumb":{"@id":"https:\/\/positiveprints.com\/de\/produkt\/koordinaten-wo-wir-uns-trafen\/#breadcrumb"},"inLanguage":"de","potentialAction":[{"@type":"ReadAction","target":["https:\/\/positiveprints.com\/de\/produkt\/koordinaten-wo-wir-uns-trafen\/"]}]},{"@type":"ImageObject","inLanguage":"de","@id":"https:\/\/positiveprints.com\/de\/produkt\/koordinaten-wo-wir-uns-trafen\/#primaryimage","url":"https:\/\/positiveprints.com\/wp-content\/uploads\/2023\/07\/Koordinaten-Wo-Alles-Begann.jpg","contentUrl":"https:\/\/positiveprints.com\/wp-content\/uploads\/2023\/07\/Koordinaten-Wo-Alles-Begann.jpg","width":1080,"height":1080,"caption":"Koordinaten Wo Alles Begann"},{"@type":"BreadcrumbList","@id":"https:\/\/positiveprints.com\/de\/produkt\/koordinaten-wo-wir-uns-trafen\/#breadcrumb","itemListElement":[{"@type":"ListItem","position":1,"name":"Startseite","item":"https:\/\/positiveprints.com\/de\/"},{"@type":"ListItem","position":2,"name":"Produkte","item":"https:\/\/positiveprints.com\/de\/shop\/"},{"@type":"ListItem","position":3,"name":"Koordinaten Wo Alles Begann"}]},{"@type":"WebSite","@id":"https:\/\/positiveprints.com\/de\/#website","url":"https:\/\/positiveprints.com\/de\/","name":"Positive Prints","description":"Amazing Custom Personalized Gifts","publisher":{"@id":"https:\/\/positiveprints.com\/de\/#organization"},"potentialAction":[{"@type":"SearchAction","target":{"@type":"EntryPoint","urlTemplate":"https:\/\/positiveprints.com\/de\/?s={search_term_string}"},"query-input":{"@type":"PropertyValueSpecification","valueRequired":true,"valueName":"search_term_string"}}],"inLanguage":"de"},{"@type":"Organization","@id":"https:\/\/positiveprints.com\/de\/#organization","name":"Positive Prints","alternateName":"Positive Prints","url":"https:\/\/positiveprints.com\/de\/","logo":{"@type":"ImageObject","inLanguage":"de","@id":"https:\/\/positiveprints.com\/de\/#\/schema\/logo\/image\/","url":"https:\/\/positiveprints.com\/wp-content\/uploads\/2026\/03\/245815646_1337939713319158_5671353136411139666_n.png","contentUrl":"https:\/\/positiveprints.com\/wp-content\/uploads\/2026\/03\/245815646_1337939713319158_5671353136411139666_n.png","width":800,"height":800,"caption":"Positive Prints"},"image":{"@id":"https:\/\/positiveprints.com\/de\/#\/schema\/logo\/image\/"},"sameAs":["https:\/\/www.facebook.com\/positiveprintscom","https:\/\/www.instagram.com\/positiveprintscom\/","https:\/\/www.tiktok.com\/@positiveprintscom","https:\/\/www.pinterest.com\/positiveprintscom\/"]}]}},"jetpack_sharing_enabled":true,"_links":{"self":[{"href":"https:\/\/positiveprints.com\/de\/wp-json\/wp\/v2\/product\/361164","targetHints":{"allow":["GET"]}}],"collection":[{"href":"https:\/\/positiveprints.com\/de\/wp-json\/wp\/v2\/product"}],"about":[{"href":"https:\/\/positiveprints.com\/de\/wp-json\/wp\/v2\/types\/product"}],"wp:featuredmedia":[{"embeddable":true,"href":"https:\/\/positiveprints.com\/de\/wp-json\/wp\/v2\/media\/634014"}],"wp:attachment":[{"href":"https:\/\/positiveprints.com\/de\/wp-json\/wp\/v2\/media?parent=361164"}],"wp:term":[{"taxonomy":"product_brand","embeddable":true,"href":"https:\/\/positiveprints.com\/de\/wp-json\/wp\/v2\/product_brand?post=361164"},{"taxonomy":"product_cat","embeddable":true,"href":"https:\/\/positiveprints.com\/de\/wp-json\/wp\/v2\/product_cat?post=361164"},{"taxonomy":"product_tag","embeddable":true,"href":"https:\/\/positiveprints.com\/de\/wp-json\/wp\/v2\/product_tag?post=361164"}],"curies":[{"name":"wp","href":"https:\/\/api.w.org\/{rel}","templated":true}]}}