{"id":359977,"date":"2022-10-24T14:55:07","date_gmt":"2022-10-24T13:55:07","guid":{"rendered":"https:\/\/positiveprints.com\/?post_type=product&#038;p=359977"},"modified":"2026-04-18T06:25:14","modified_gmt":"2026-04-18T05:25:14","slug":"kunstwerk-mit-den-zuhause-koordinaten","status":"publish","type":"product","link":"https:\/\/positiveprints.com\/de\/produkt\/kunstwerk-mit-den-zuhause-koordinaten\/","title":{"rendered":"Kunstwerk mit den Zuhause-Koordinaten"},"content":{"rendered":"","protected":false},"excerpt":{"rendered":"<ul class=\"check-list\">\n<li>F\u00fcge deiner Wohnkultur mit unserem Koordinaten-Schild eine pers\u00f6nliche Note hinzu<\/li>\n<li>F\u00fcge einen aussagekr\u00e4ftigen personalisierten Text hinzu<\/li>\n<li>Passe dein Kunstwerk in 3 einfachen Schritten an<\/li>\n<li>W\u00e4hle eine Vorlage oder werde kreativ<\/li>\n<li>Sieh das Ergebnis sofort \u2013 die interaktive Vorschau erm\u00f6glicht dir, jedes Detail direkt anzupassen<\/li>\n<\/ul>\n","protected":false},"featured_media":310487,"template":"","meta":[],"product_brand":[],"product_cat":[7169],"product_tag":[9078],"class_list":{"0":"post-359977","1":"product","2":"type-product","3":"status-publish","4":"has-post-thumbnail","6":"product_cat-coordinates-de","7":"product_tag-housewarming-de-2","9":"first","10":"instock","11":"sale","12":"taxable","13":"shipping-taxable","14":"purchasable","15":"product-type-variable"},"yoast_head":"<!-- This site is optimized with the Yoast SEO Premium plugin v27.2 (Yoast SEO v27.2) - https:\/\/yoast.com\/product\/yoast-seo-premium-wordpress\/ -->\n<title>Kunstwerk mit den Zuhause-Koordinaten - Positive Prints<\/title>\n<meta name=\"description\" content=\"Es gibt wirklich keinen Ort wie zu Hause. Egal, wo du unterwegs bist, lasse dich mit einem Heimkoordinatenposter an den Ort erinnern, der dir geh\u00f6rt.\" \/>\n<meta name=\"robots\" content=\"index, follow, max-snippet:-1, max-image-preview:large, max-video-preview:-1\" \/>\n<link rel=\"canonical\" href=\"https:\/\/positiveprints.com\/de\/produkt\/kunstwerk-mit-den-zuhause-koordinaten\/\" \/>\n<meta property=\"og:locale\" content=\"de_DE\" \/>\n<meta property=\"og:type\" content=\"article\" \/>\n<meta property=\"og:title\" content=\"Kunstwerk mit den Zuhause-Koordinaten\" \/>\n<meta property=\"og:description\" content=\"F\u00fcge deiner Wohnkultur mit unserem Koordinaten-Schild eine pers\u00f6nliche Note hinzu F\u00fcge einen aussagekr\u00e4ftigen personalisierten Text hinzu Passe dein Kunstwerk in 3 einfachen Schritten an W\u00e4hle eine Vorlage oder werde kreativ Sieh das Ergebnis sofort \u2013 die interaktive Vorschau erm\u00f6glicht dir, jedes Detail direkt anzupassen\" \/>\n<meta property=\"og:url\" content=\"https:\/\/positiveprints.com\/de\/produkt\/kunstwerk-mit-den-zuhause-koordinaten\/\" \/>\n<meta property=\"og:site_name\" content=\"Positive Prints\" \/>\n<meta property=\"article:publisher\" content=\"https:\/\/www.facebook.com\/positiveprintscom\" \/>\n<meta property=\"article:modified_time\" content=\"2026-04-18T05:25:14+00:00\" \/>\n<meta property=\"og:image\" content=\"https:\/\/positiveprints.com\/wp-content\/uploads\/2021\/11\/home-coordinates-sign.jpg\" \/>\n\t<meta property=\"og:image:width\" content=\"1080\" \/>\n\t<meta property=\"og:image:height\" content=\"1080\" \/>\n\t<meta property=\"og:image:type\" content=\"image\/jpeg\" \/>\n<meta name=\"twitter:card\" content=\"summary_large_image\" \/>\n<!-- \/ Yoast SEO Premium plugin. -->","yoast_head_json":{"title":"Kunstwerk mit den Zuhause-Koordinaten - Positive Prints","description":"Es gibt wirklich keinen Ort wie zu Hause. Egal, wo du unterwegs bist, lasse dich mit einem Heimkoordinatenposter an den Ort erinnern, der dir geh\u00f6rt.","robots":{"index":"index","follow":"follow","max-snippet":"max-snippet:-1","max-image-preview":"max-image-preview:large","max-video-preview":"max-video-preview:-1"},"canonical":"https:\/\/positiveprints.com\/de\/produkt\/kunstwerk-mit-den-zuhause-koordinaten\/","og_locale":"de_DE","og_type":"article","og_title":"Kunstwerk mit den Zuhause-Koordinaten","og_description":"F\u00fcge deiner Wohnkultur mit unserem Koordinaten-Schild eine pers\u00f6nliche Note hinzu F\u00fcge einen aussagekr\u00e4ftigen personalisierten Text hinzu Passe dein Kunstwerk in 3 einfachen Schritten an W\u00e4hle eine Vorlage oder werde kreativ Sieh das Ergebnis sofort \u2013 die interaktive Vorschau erm\u00f6glicht dir, jedes Detail direkt anzupassen","og_url":"https:\/\/positiveprints.com\/de\/produkt\/kunstwerk-mit-den-zuhause-koordinaten\/","og_site_name":"Positive Prints","article_publisher":"https:\/\/www.facebook.com\/positiveprintscom","article_modified_time":"2026-04-18T05:25:14+00:00","og_image":[{"width":1080,"height":1080,"url":"https:\/\/positiveprints.com\/wp-content\/uploads\/2021\/11\/home-coordinates-sign.jpg","type":"image\/jpeg"}],"twitter_card":"summary_large_image","schema":{"@context":"https:\/\/schema.org","@graph":[{"@type":["WebPage","ItemPage"],"@id":"https:\/\/positiveprints.com\/de\/produkt\/kunstwerk-mit-den-zuhause-koordinaten\/","url":"https:\/\/positiveprints.com\/de\/produkt\/kunstwerk-mit-den-zuhause-koordinaten\/","name":"Kunstwerk mit den Zuhause-Koordinaten - Positive Prints","isPartOf":{"@id":"https:\/\/positiveprints.com\/de\/#website"},"primaryImageOfPage":{"@id":"https:\/\/positiveprints.com\/de\/produkt\/kunstwerk-mit-den-zuhause-koordinaten\/#primaryimage"},"image":{"@id":"https:\/\/positiveprints.com\/de\/produkt\/kunstwerk-mit-den-zuhause-koordinaten\/#primaryimage"},"thumbnailUrl":"https:\/\/positiveprints.com\/wp-content\/uploads\/2021\/11\/home-coordinates-sign.jpg","datePublished":"2022-10-24T13:55:07+00:00","dateModified":"2026-04-18T05:25:14+00:00","description":"Es gibt wirklich keinen Ort wie zu Hause. Egal, wo du unterwegs bist, lasse dich mit einem Heimkoordinatenposter an den Ort erinnern, der dir geh\u00f6rt.","breadcrumb":{"@id":"https:\/\/positiveprints.com\/de\/produkt\/kunstwerk-mit-den-zuhause-koordinaten\/#breadcrumb"},"inLanguage":"de","potentialAction":[{"@type":"ReadAction","target":["https:\/\/positiveprints.com\/de\/produkt\/kunstwerk-mit-den-zuhause-koordinaten\/"]}]},{"@type":"ImageObject","inLanguage":"de","@id":"https:\/\/positiveprints.com\/de\/produkt\/kunstwerk-mit-den-zuhause-koordinaten\/#primaryimage","url":"https:\/\/positiveprints.com\/wp-content\/uploads\/2021\/11\/home-coordinates-sign.jpg","contentUrl":"https:\/\/positiveprints.com\/wp-content\/uploads\/2021\/11\/home-coordinates-sign.jpg","width":1080,"height":1080,"caption":"Home coordinates sign displays the exact GPS coordinates of your home"},{"@type":"BreadcrumbList","@id":"https:\/\/positiveprints.com\/de\/produkt\/kunstwerk-mit-den-zuhause-koordinaten\/#breadcrumb","itemListElement":[{"@type":"ListItem","position":1,"name":"Startseite","item":"https:\/\/positiveprints.com\/de\/"},{"@type":"ListItem","position":2,"name":"Produkte","item":"https:\/\/positiveprints.com\/de\/shop\/"},{"@type":"ListItem","position":3,"name":"Kunstwerk mit den Zuhause-Koordinaten"}]},{"@type":"WebSite","@id":"https:\/\/positiveprints.com\/de\/#website","url":"https:\/\/positiveprints.com\/de\/","name":"Positive Prints","description":"Amazing Custom Personalized Gifts","publisher":{"@id":"https:\/\/positiveprints.com\/de\/#organization"},"potentialAction":[{"@type":"SearchAction","target":{"@type":"EntryPoint","urlTemplate":"https:\/\/positiveprints.com\/de\/?s={search_term_string}"},"query-input":{"@type":"PropertyValueSpecification","valueRequired":true,"valueName":"search_term_string"}}],"inLanguage":"de"},{"@type":"Organization","@id":"https:\/\/positiveprints.com\/de\/#organization","name":"Positive Prints","alternateName":"Positive Prints","url":"https:\/\/positiveprints.com\/de\/","logo":{"@type":"ImageObject","inLanguage":"de","@id":"https:\/\/positiveprints.com\/de\/#\/schema\/logo\/image\/","url":"https:\/\/positiveprints.com\/wp-content\/uploads\/2026\/03\/245815646_1337939713319158_5671353136411139666_n.png","contentUrl":"https:\/\/positiveprints.com\/wp-content\/uploads\/2026\/03\/245815646_1337939713319158_5671353136411139666_n.png","width":800,"height":800,"caption":"Positive Prints"},"image":{"@id":"https:\/\/positiveprints.com\/de\/#\/schema\/logo\/image\/"},"sameAs":["https:\/\/www.facebook.com\/positiveprintscom","https:\/\/www.instagram.com\/positiveprintscom\/","https:\/\/www.tiktok.com\/@positiveprintscom","https:\/\/www.pinterest.com\/positiveprintscom\/"]}]}},"jetpack_sharing_enabled":true,"_links":{"self":[{"href":"https:\/\/positiveprints.com\/de\/wp-json\/wp\/v2\/product\/359977","targetHints":{"allow":["GET"]}}],"collection":[{"href":"https:\/\/positiveprints.com\/de\/wp-json\/wp\/v2\/product"}],"about":[{"href":"https:\/\/positiveprints.com\/de\/wp-json\/wp\/v2\/types\/product"}],"wp:featuredmedia":[{"embeddable":true,"href":"https:\/\/positiveprints.com\/de\/wp-json\/wp\/v2\/media\/310487"}],"wp:attachment":[{"href":"https:\/\/positiveprints.com\/de\/wp-json\/wp\/v2\/media?parent=359977"}],"wp:term":[{"taxonomy":"product_brand","embeddable":true,"href":"https:\/\/positiveprints.com\/de\/wp-json\/wp\/v2\/product_brand?post=359977"},{"taxonomy":"product_cat","embeddable":true,"href":"https:\/\/positiveprints.com\/de\/wp-json\/wp\/v2\/product_cat?post=359977"},{"taxonomy":"product_tag","embeddable":true,"href":"https:\/\/positiveprints.com\/de\/wp-json\/wp\/v2\/product_tag?post=359977"}],"curies":[{"name":"wp","href":"https:\/\/api.w.org\/{rel}","templated":true}]}}