{"id":356704,"date":"2022-09-05T08:45:07","date_gmt":"2022-09-05T07:45:07","guid":{"rendered":"https:\/\/positiveprints.com\/?post_type=product&#038;p=356704"},"modified":"2026-04-28T14:35:11","modified_gmt":"2026-04-28T13:35:11","slug":"digitale-geluidsgolfkunst","status":"publish","type":"product","link":"https:\/\/positiveprints.com\/de\/produkt\/digitale-geluidsgolfkunst\/","title":{"rendered":"Digitale geluidsgolfkunst"},"content":{"rendered":"","protected":false},"excerpt":{"rendered":"<ul class=\"check-list\">\n<li>Verwandele deinen Lieblingssound in ein atemberaubendes Kunstwerk und erschaffen eine sch\u00f6ne Dekoration f\u00fcr dein Zuhause oder B\u00fcro<\/li>\n<li>Sofort nach dem Kauf verf\u00fcgbar<\/li>\n<li>Kann im Format deiner Wahl gedruckt werden<\/li>\n<li>Hochwertige JPEG-Dateien mit 300 dpi<\/li>\n<li>Sieh das Ergebnis sofort \u2013 die interaktive Vorschau erm\u00f6glicht dir, jedes Detail direkt anzupassen<\/li>\n<\/ul>\n","protected":false},"featured_media":327297,"template":"","meta":[],"product_brand":[],"product_cat":[8244,7574,7479],"product_tag":[15405,8720],"class_list":{"0":"post-356704","1":"product","2":"type-product","3":"status-publish","4":"has-post-thumbnail","6":"product_cat-digital-products-de","7":"product_cat-last-minute-geschenkideen","8":"product_cat-soundwave-de","9":"product_tag-audio-de","10":"product_tag-last-minute-de","12":"first","13":"instock","14":"sale","15":"taxable","16":"shipping-taxable","17":"purchasable","18":"product-type-variable"},"yoast_head":"<!-- This site is optimized with the Yoast SEO Premium plugin v27.2 (Yoast SEO v27.2) - https:\/\/yoast.com\/product\/yoast-seo-premium-wordpress\/ -->\n<title>Digitale geluidsgolfkunst - Positive Prints<\/title>\n<meta name=\"description\" content=\"Verwandele deinLieblingslied, deine Lieblingssprache oder deinen Lieblingssound mit Digitale Geluidsgolfkunst in ein atemberaubendes Kunstwerk\" \/>\n<meta name=\"robots\" content=\"index, follow, max-snippet:-1, max-image-preview:large, max-video-preview:-1\" \/>\n<link rel=\"canonical\" href=\"https:\/\/positiveprints.com\/de\/produkt\/digitale-geluidsgolfkunst\/\" \/>\n<meta property=\"og:locale\" content=\"de_DE\" \/>\n<meta property=\"og:type\" content=\"article\" \/>\n<meta property=\"og:title\" content=\"Digitale geluidsgolfkunst\" \/>\n<meta property=\"og:description\" content=\"Verwandele deinen Lieblingssound in ein atemberaubendes Kunstwerk und erschaffen eine sch\u00f6ne Dekoration f\u00fcr dein Zuhause oder B\u00fcro Sofort nach dem Kauf verf\u00fcgbar Kann im Format deiner Wahl gedruckt werden Hochwertige JPEG-Dateien mit 300 dpi Sieh das Ergebnis sofort \u2013 die interaktive Vorschau erm\u00f6glicht dir, jedes Detail direkt anzupassen\" \/>\n<meta property=\"og:url\" content=\"https:\/\/positiveprints.com\/de\/produkt\/digitale-geluidsgolfkunst\/\" \/>\n<meta property=\"og:site_name\" content=\"Positive Prints\" \/>\n<meta property=\"article:publisher\" content=\"https:\/\/www.facebook.com\/positiveprintscom\" \/>\n<meta property=\"article:modified_time\" content=\"2026-04-28T13:35:11+00:00\" \/>\n<meta property=\"og:image\" content=\"https:\/\/positiveprints.com\/wp-content\/uploads\/2022\/08\/Schallwelle-Wandkunst.jpg\" \/>\n\t<meta property=\"og:image:width\" content=\"1080\" \/>\n\t<meta property=\"og:image:height\" content=\"1080\" \/>\n\t<meta property=\"og:image:type\" content=\"image\/jpeg\" \/>\n<meta name=\"twitter:card\" content=\"summary_large_image\" \/>\n<!-- \/ Yoast SEO Premium plugin. -->","yoast_head_json":{"title":"Digitale geluidsgolfkunst - Positive Prints","description":"Verwandele deinLieblingslied, deine Lieblingssprache oder deinen Lieblingssound mit Digitale Geluidsgolfkunst in ein atemberaubendes Kunstwerk","robots":{"index":"index","follow":"follow","max-snippet":"max-snippet:-1","max-image-preview":"max-image-preview:large","max-video-preview":"max-video-preview:-1"},"canonical":"https:\/\/positiveprints.com\/de\/produkt\/digitale-geluidsgolfkunst\/","og_locale":"de_DE","og_type":"article","og_title":"Digitale geluidsgolfkunst","og_description":"Verwandele deinen Lieblingssound in ein atemberaubendes Kunstwerk und erschaffen eine sch\u00f6ne Dekoration f\u00fcr dein Zuhause oder B\u00fcro Sofort nach dem Kauf verf\u00fcgbar Kann im Format deiner Wahl gedruckt werden Hochwertige JPEG-Dateien mit 300 dpi Sieh das Ergebnis sofort \u2013 die interaktive Vorschau erm\u00f6glicht dir, jedes Detail direkt anzupassen","og_url":"https:\/\/positiveprints.com\/de\/produkt\/digitale-geluidsgolfkunst\/","og_site_name":"Positive Prints","article_publisher":"https:\/\/www.facebook.com\/positiveprintscom","article_modified_time":"2026-04-28T13:35:11+00:00","og_image":[{"width":1080,"height":1080,"url":"https:\/\/positiveprints.com\/wp-content\/uploads\/2022\/08\/Schallwelle-Wandkunst.jpg","type":"image\/jpeg"}],"twitter_card":"summary_large_image","schema":{"@context":"https:\/\/schema.org","@graph":[{"@type":["WebPage","ItemPage"],"@id":"https:\/\/positiveprints.com\/de\/produkt\/digitale-geluidsgolfkunst\/","url":"https:\/\/positiveprints.com\/de\/produkt\/digitale-geluidsgolfkunst\/","name":"Digitale geluidsgolfkunst - Positive Prints","isPartOf":{"@id":"https:\/\/positiveprints.com\/de\/#website"},"primaryImageOfPage":{"@id":"https:\/\/positiveprints.com\/de\/produkt\/digitale-geluidsgolfkunst\/#primaryimage"},"image":{"@id":"https:\/\/positiveprints.com\/de\/produkt\/digitale-geluidsgolfkunst\/#primaryimage"},"thumbnailUrl":"https:\/\/positiveprints.com\/wp-content\/uploads\/2022\/08\/Schallwelle-Wandkunst.jpg","datePublished":"2022-09-05T07:45:07+00:00","dateModified":"2026-04-28T13:35:11+00:00","description":"Verwandele deinLieblingslied, deine Lieblingssprache oder deinen Lieblingssound mit Digitale Geluidsgolfkunst in ein atemberaubendes Kunstwerk","breadcrumb":{"@id":"https:\/\/positiveprints.com\/de\/produkt\/digitale-geluidsgolfkunst\/#breadcrumb"},"inLanguage":"de","potentialAction":[{"@type":"ReadAction","target":["https:\/\/positiveprints.com\/de\/produkt\/digitale-geluidsgolfkunst\/"]}]},{"@type":"ImageObject","inLanguage":"de","@id":"https:\/\/positiveprints.com\/de\/produkt\/digitale-geluidsgolfkunst\/#primaryimage","url":"https:\/\/positiveprints.com\/wp-content\/uploads\/2022\/08\/Schallwelle-Wandkunst.jpg","contentUrl":"https:\/\/positiveprints.com\/wp-content\/uploads\/2022\/08\/Schallwelle-Wandkunst.jpg","width":1080,"height":1080,"caption":"Erstelle jetzt deine Schallwelle-Wandkunst"},{"@type":"BreadcrumbList","@id":"https:\/\/positiveprints.com\/de\/produkt\/digitale-geluidsgolfkunst\/#breadcrumb","itemListElement":[{"@type":"ListItem","position":1,"name":"Startseite","item":"https:\/\/positiveprints.com\/de\/"},{"@type":"ListItem","position":2,"name":"Produkte","item":"https:\/\/positiveprints.com\/de\/shop\/"},{"@type":"ListItem","position":3,"name":"Digitale geluidsgolfkunst"}]},{"@type":"WebSite","@id":"https:\/\/positiveprints.com\/de\/#website","url":"https:\/\/positiveprints.com\/de\/","name":"Positive Prints","description":"Amazing Custom Personalized Gifts","publisher":{"@id":"https:\/\/positiveprints.com\/de\/#organization"},"potentialAction":[{"@type":"SearchAction","target":{"@type":"EntryPoint","urlTemplate":"https:\/\/positiveprints.com\/de\/?s={search_term_string}"},"query-input":{"@type":"PropertyValueSpecification","valueRequired":true,"valueName":"search_term_string"}}],"inLanguage":"de"},{"@type":"Organization","@id":"https:\/\/positiveprints.com\/de\/#organization","name":"Positive Prints","alternateName":"Positive Prints","url":"https:\/\/positiveprints.com\/de\/","logo":{"@type":"ImageObject","inLanguage":"de","@id":"https:\/\/positiveprints.com\/de\/#\/schema\/logo\/image\/","url":"https:\/\/positiveprints.com\/wp-content\/uploads\/2026\/03\/245815646_1337939713319158_5671353136411139666_n.png","contentUrl":"https:\/\/positiveprints.com\/wp-content\/uploads\/2026\/03\/245815646_1337939713319158_5671353136411139666_n.png","width":800,"height":800,"caption":"Positive Prints"},"image":{"@id":"https:\/\/positiveprints.com\/de\/#\/schema\/logo\/image\/"},"sameAs":["https:\/\/www.facebook.com\/positiveprintscom","https:\/\/www.instagram.com\/positiveprintscom\/","https:\/\/www.tiktok.com\/@positiveprintscom","https:\/\/www.pinterest.com\/positiveprintscom\/"]}]}},"jetpack_sharing_enabled":true,"_links":{"self":[{"href":"https:\/\/positiveprints.com\/de\/wp-json\/wp\/v2\/product\/356704","targetHints":{"allow":["GET"]}}],"collection":[{"href":"https:\/\/positiveprints.com\/de\/wp-json\/wp\/v2\/product"}],"about":[{"href":"https:\/\/positiveprints.com\/de\/wp-json\/wp\/v2\/types\/product"}],"wp:featuredmedia":[{"embeddable":true,"href":"https:\/\/positiveprints.com\/de\/wp-json\/wp\/v2\/media\/327297"}],"wp:attachment":[{"href":"https:\/\/positiveprints.com\/de\/wp-json\/wp\/v2\/media?parent=356704"}],"wp:term":[{"taxonomy":"product_brand","embeddable":true,"href":"https:\/\/positiveprints.com\/de\/wp-json\/wp\/v2\/product_brand?post=356704"},{"taxonomy":"product_cat","embeddable":true,"href":"https:\/\/positiveprints.com\/de\/wp-json\/wp\/v2\/product_cat?post=356704"},{"taxonomy":"product_tag","embeddable":true,"href":"https:\/\/positiveprints.com\/de\/wp-json\/wp\/v2\/product_tag?post=356704"}],"curies":[{"name":"wp","href":"https:\/\/api.w.org\/{rel}","templated":true}]}}