{"id":317919,"date":"2022-06-30T11:14:45","date_gmt":"2022-06-30T10:14:45","guid":{"rendered":"https:\/\/positiveprints.com\/product\/soundwave-art\/"},"modified":"2026-04-18T06:58:53","modified_gmt":"2026-04-18T05:58:53","slug":"schallwelle","status":"publish","type":"product","link":"https:\/\/positiveprints.com\/de\/produkt\/schallwelle\/","title":{"rendered":"Schallwelle"},"content":{"rendered":"Schallwelle kannst du einen Sound deiner Wahl in einem visuellen Kunstwerk festhalten. Lade dein Audio hoch, w\u00e4hle dein Design und wir erledigen den Rest!\r\n<h2 class=\"grenB f24 cblue\" style=\"margin-top: 3rem;\">Was ist Schallwelle Wandkunst?<\/h2>\r\n<p style=\"margin-top: 1rem;\">Jede Stimme und jeder Ton hat ein einzigartiges Muster. Wir sehen dieses Muster nicht, wenn wir sprechen oder zuh\u00f6ren. Aber mit der richtigen Technologie k\u00f6nnen wir die Schallwellen visualisieren, aus denen deine Worte bestehen.<\/p>\r\n<p style=\"margin-top: 1rem;\">Wir fangen diese Schallwellen in unserer Schallwelle-Wandkunst ein, die jetzt bei Positive Prints erh\u00e4ltlich ist. Unser Schallwelle-Editor verwendet eine Audiodatei deier Wahl und f\u00fcgt dem Sound dann eine visuelle Dimension hinzu, um ihn in ein Kunstwerk zu verwandeln.<\/p>\r\n\r\n<h2 class=\"grenB f24 cblue\" style=\"margin-top: 3rem;\">Warum \u00fcberhaupt eine Schallwelle-Wandkunst erstellen?<\/h2>\r\n<p style=\"margin-top: 1rem;\">Einige unserer wertvollsten Erinnerungen sind die, die wir in unserem eigenen Kopf h\u00f6ren: zum Beispiel die ersten Worte deines Kindes. Die letzten Worte eines geliebten Menschen. In dem Moment, in dem du Ja gesagt hast. Dein Lieblingslied. Diese Erinnerungen sind unersetzlich und verdienen es, im Laufe der Zeit geehrt zu werden.<\/p>\r\n<p style=\"margin-top: 1rem;\">Aus diesem Grund haben wir unseren Schallwelle Kunst-Editor erstellt. Wir m\u00f6chten, dass du die wichtigsten Kl\u00e4nge aus deinem Leben erleben kannst, wann und wie du es m\u00f6chtest. Wenn du einen Soundclip in ein Wandbild verwandeln wirst, wirst du jedes Mal an diese wichtigen W\u00f6rter erinnert, wenn du es ansehen wirst. Es ist ein Kunstwerk wie kein anderes, an dem du ein Leben lang Freude haben wirst. Garantiert!<\/p>\r\n\r\n<h2 class=\"grenB f24 cblue\" style=\"margin-top: 3rem;\">Das perfekte Geschenk f\u00fcr jeden Anlass<\/h2>\r\n<p style=\"margin-top: 1rem;\">Unsere Kunden entscheiden sich aus vielen Gr\u00fcnden f\u00fcr unsere Schallwelle-Wandkunst und unsere Drucke werden am h\u00e4ufigsten zum Verschenken verwendet. \u00dcberrasche deinen Ehepartner mit den Klangwellen von Texten zu einem besonderen Lied oder Zitat. Zeichne den Herzschlag deines Babys auf und erstelle ein einzigartiges Geschenk f\u00fcr die Babyparty. Verwandele ein inspirierendes Zitat in ein Abschlussgeschenk oder ein Geschenk f\u00fcr einen wichtigen Meilenstein im Leben.<\/p>\r\n<p style=\"margin-top: 1rem;\">Ein Stimm-Schallwellenbild ist ein ideales Geschenk f\u00fcr jeden Anlass, einschlie\u00dflich:<\/p>\r\n\r\n<ul>\r\n \t<li>Geburtstage<\/li>\r\n \t<li>Babypartys<\/li>\r\n \t<li>Jahrestage<\/li>\r\n \t<li>Hochzeiten<\/li>\r\n \t<li>Feiertage<\/li>\r\n \t<li>Neue Jobs<\/li>\r\n \t<li>Ruhestand.<\/li>\r\n<\/ul>\r\n<p style=\"margin-top: 1rem;\">Wenn es sich lohnt zu feiern, dann lohnt es sich, stilvoll zu feiern. Benutzerdefinierte Schallwelle-Kunst erm\u00f6glicht es dir, ein Geschenk zu machen, das so einzigartig ist wie dein Empf\u00e4nger. Es ist einzigartig und v\u00f6llig unerwartet und es wird ihnen so viel mehr bedeuten als alles, was du in einem Gesch\u00e4ft finden k\u00f6nntest. Das Potenzial f\u00fcr Schallwelle-Kunst ist unendlich!<\/p>\r\n\r\n<h2 class=\"grenB f24 cblue\" style=\"margin-top: 3rem;\">Erstelle jetzt deine Schallwelle-Wandkunst<\/h2>\r\n<p style=\"margin-top: 1rem;\">Bist du bereit, deine Lieblingssounds in individuelle Kunstwerke zu verwandeln? Positive Prints erledigt die meiste Arbeit f\u00fcr dich mit unserem brandneuen Schallwelle-Editor. Lade einfach dein Audio hoch oder finde deine Lieblingssong auf YouTube. W\u00e4hle dann die Details deines Designs aus und wir k\u00fcmmern uns um den Rest!<\/p>\r\n<p style=\"margin-top: 1rem;\">Beginne jetzte und genie\u00dfe ein wundersch\u00f6nes Kunstwerk, das nur f\u00fcr dich angefertigt wurde!<\/p>","protected":false},"excerpt":{"rendered":"<ul class=\"check-list\">\n<li>Lade einfach eine Audiodatei hoch<\/li>\n<li>F\u00fcge einen QR-Code hinzu und scannen ihn, um dein Lieblingssong abzuspielen<\/li>\n<li>Passe dein Kunstwerk in 3 einfachen Schritten an<\/li>\n<li>W\u00e4hle eine Vorlage oder werde kreativ<\/li>\n<\/ul>\n","protected":false},"featured_media":1277028,"template":"","meta":[],"product_brand":[],"product_cat":[15110,8244,105,263,11508,11599,11511,11499,11517,11502,11505,7479],"product_tag":[14752],"class_list":{"0":"post-317919","1":"product","2":"type-product","3":"status-publish","4":"has-post-thumbnail","6":"product_cat-bestsellers-menu-de","7":"product_cat-digital-products-de","8":"product_cat-alle-produkte","9":"product_cat-creators-de-2","10":"product_cat-10-jahrestag","11":"product_cat-50-jahrestag","12":"product_cat-15-jahrestag","13":"product_cat-1-jahrestag","14":"product_cat-20-jahrestag","15":"product_cat-2-jahrestag","16":"product_cat-5-jahrestag","17":"product_cat-soundwave-de","18":"product_tag-creators-de-2","20":"first","21":"instock","22":"sale","23":"taxable","24":"shipping-taxable","25":"purchasable","26":"product-type-variable"},"yoast_head":"<!-- This site is optimized with the Yoast SEO Premium plugin v27.2 (Yoast SEO v27.2) - https:\/\/yoast.com\/product\/yoast-seo-premium-wordpress\/ -->\n<title>Schallwelle - Positive Prints<\/title>\n<meta name=\"description\" content=\"Schallwelle kannst du einen Sound deiner Wahl in einem visuellen Kunstwerk festhalten.\" \/>\n<meta name=\"robots\" content=\"index, follow, max-snippet:-1, max-image-preview:large, max-video-preview:-1\" \/>\n<link rel=\"canonical\" href=\"https:\/\/positiveprints.com\/de\/produkt\/schallwelle\/\" \/>\n<meta property=\"og:locale\" content=\"de_DE\" \/>\n<meta property=\"og:type\" content=\"article\" \/>\n<meta property=\"og:title\" content=\"Schallwelle\" \/>\n<meta property=\"og:description\" content=\"Lade einfach eine Audiodatei hoch   F\u00fcge einen QR-Code hinzu und scannen ihn, um dein Lieblingssong abzuspielen   Passe dein Kunstwerk in 3 einfachen Schritten an   W\u00e4hle eine Vorlage oder werde kreativ\" \/>\n<meta property=\"og:url\" content=\"https:\/\/positiveprints.com\/de\/produkt\/schallwelle\/\" \/>\n<meta property=\"og:site_name\" content=\"Positive Prints\" \/>\n<meta property=\"article:publisher\" content=\"https:\/\/www.facebook.com\/positiveprintscom\" \/>\n<meta property=\"article:modified_time\" content=\"2026-04-18T05:58:53+00:00\" \/>\n<meta property=\"og:image\" content=\"https:\/\/positiveprints.com\/wp-content\/uploads\/2024\/11\/Packshot_DE_Soundwave-Art-product-image-.webp\" \/>\n\t<meta property=\"og:image:width\" content=\"1450\" \/>\n\t<meta property=\"og:image:height\" content=\"1450\" \/>\n\t<meta property=\"og:image:type\" content=\"image\/webp\" \/>\n<meta name=\"twitter:card\" content=\"summary_large_image\" \/>\n<meta name=\"twitter:label1\" content=\"Gesch\u00e4tzte Lesezeit\" \/>\n\t<meta name=\"twitter:data1\" content=\"3\u00a0Minuten\" \/>\n<!-- \/ Yoast SEO Premium plugin. -->","yoast_head_json":{"title":"Schallwelle - Positive Prints","description":"Schallwelle kannst du einen Sound deiner Wahl in einem visuellen Kunstwerk festhalten.","robots":{"index":"index","follow":"follow","max-snippet":"max-snippet:-1","max-image-preview":"max-image-preview:large","max-video-preview":"max-video-preview:-1"},"canonical":"https:\/\/positiveprints.com\/de\/produkt\/schallwelle\/","og_locale":"de_DE","og_type":"article","og_title":"Schallwelle","og_description":"Lade einfach eine Audiodatei hoch   F\u00fcge einen QR-Code hinzu und scannen ihn, um dein Lieblingssong abzuspielen   Passe dein Kunstwerk in 3 einfachen Schritten an   W\u00e4hle eine Vorlage oder werde kreativ","og_url":"https:\/\/positiveprints.com\/de\/produkt\/schallwelle\/","og_site_name":"Positive Prints","article_publisher":"https:\/\/www.facebook.com\/positiveprintscom","article_modified_time":"2026-04-18T05:58:53+00:00","og_image":[{"width":1450,"height":1450,"url":"https:\/\/positiveprints.com\/wp-content\/uploads\/2024\/11\/Packshot_DE_Soundwave-Art-product-image-.webp","type":"image\/webp"}],"twitter_card":"summary_large_image","twitter_misc":{"Gesch\u00e4tzte Lesezeit":"3\u00a0Minuten"},"schema":{"@context":"https:\/\/schema.org","@graph":[{"@type":["WebPage","ItemPage"],"@id":"https:\/\/positiveprints.com\/de\/produkt\/schallwelle\/","url":"https:\/\/positiveprints.com\/de\/produkt\/schallwelle\/","name":"Schallwelle - Positive Prints","isPartOf":{"@id":"https:\/\/positiveprints.com\/de\/#website"},"primaryImageOfPage":{"@id":"https:\/\/positiveprints.com\/de\/produkt\/schallwelle\/#primaryimage"},"image":{"@id":"https:\/\/positiveprints.com\/de\/produkt\/schallwelle\/#primaryimage"},"thumbnailUrl":"https:\/\/positiveprints.com\/wp-content\/uploads\/2024\/11\/Packshot_DE_Soundwave-Art-product-image-.webp","datePublished":"2022-06-30T10:14:45+00:00","dateModified":"2026-04-18T05:58:53+00:00","description":"Schallwelle kannst du einen Sound deiner Wahl in einem visuellen Kunstwerk festhalten.","breadcrumb":{"@id":"https:\/\/positiveprints.com\/de\/produkt\/schallwelle\/#breadcrumb"},"inLanguage":"de","potentialAction":[{"@type":"ReadAction","target":["https:\/\/positiveprints.com\/de\/produkt\/schallwelle\/"]}]},{"@type":"ImageObject","inLanguage":"de","@id":"https:\/\/positiveprints.com\/de\/produkt\/schallwelle\/#primaryimage","url":"https:\/\/positiveprints.com\/wp-content\/uploads\/2024\/11\/Packshot_DE_Soundwave-Art-product-image-.webp","contentUrl":"https:\/\/positiveprints.com\/wp-content\/uploads\/2024\/11\/Packshot_DE_Soundwave-Art-product-image-.webp","width":1450,"height":1450},{"@type":"BreadcrumbList","@id":"https:\/\/positiveprints.com\/de\/produkt\/schallwelle\/#breadcrumb","itemListElement":[{"@type":"ListItem","position":1,"name":"Startseite","item":"https:\/\/positiveprints.com\/de\/"},{"@type":"ListItem","position":2,"name":"Produkte","item":"https:\/\/positiveprints.com\/de\/shop\/"},{"@type":"ListItem","position":3,"name":"Schallwelle"}]},{"@type":"WebSite","@id":"https:\/\/positiveprints.com\/de\/#website","url":"https:\/\/positiveprints.com\/de\/","name":"Positive Prints","description":"Amazing Custom Personalized Gifts","publisher":{"@id":"https:\/\/positiveprints.com\/de\/#organization"},"potentialAction":[{"@type":"SearchAction","target":{"@type":"EntryPoint","urlTemplate":"https:\/\/positiveprints.com\/de\/?s={search_term_string}"},"query-input":{"@type":"PropertyValueSpecification","valueRequired":true,"valueName":"search_term_string"}}],"inLanguage":"de"},{"@type":"Organization","@id":"https:\/\/positiveprints.com\/de\/#organization","name":"Positive Prints","alternateName":"Positive Prints","url":"https:\/\/positiveprints.com\/de\/","logo":{"@type":"ImageObject","inLanguage":"de","@id":"https:\/\/positiveprints.com\/de\/#\/schema\/logo\/image\/","url":"https:\/\/positiveprints.com\/wp-content\/uploads\/2026\/03\/245815646_1337939713319158_5671353136411139666_n.png","contentUrl":"https:\/\/positiveprints.com\/wp-content\/uploads\/2026\/03\/245815646_1337939713319158_5671353136411139666_n.png","width":800,"height":800,"caption":"Positive Prints"},"image":{"@id":"https:\/\/positiveprints.com\/de\/#\/schema\/logo\/image\/"},"sameAs":["https:\/\/www.facebook.com\/positiveprintscom","https:\/\/www.instagram.com\/positiveprintscom\/","https:\/\/www.tiktok.com\/@positiveprintscom","https:\/\/www.pinterest.com\/positiveprintscom\/"]}]}},"jetpack_sharing_enabled":true,"_links":{"self":[{"href":"https:\/\/positiveprints.com\/de\/wp-json\/wp\/v2\/product\/317919","targetHints":{"allow":["GET"]}}],"collection":[{"href":"https:\/\/positiveprints.com\/de\/wp-json\/wp\/v2\/product"}],"about":[{"href":"https:\/\/positiveprints.com\/de\/wp-json\/wp\/v2\/types\/product"}],"wp:featuredmedia":[{"embeddable":true,"href":"https:\/\/positiveprints.com\/de\/wp-json\/wp\/v2\/media\/1277028"}],"wp:attachment":[{"href":"https:\/\/positiveprints.com\/de\/wp-json\/wp\/v2\/media?parent=317919"}],"wp:term":[{"taxonomy":"product_brand","embeddable":true,"href":"https:\/\/positiveprints.com\/de\/wp-json\/wp\/v2\/product_brand?post=317919"},{"taxonomy":"product_cat","embeddable":true,"href":"https:\/\/positiveprints.com\/de\/wp-json\/wp\/v2\/product_cat?post=317919"},{"taxonomy":"product_tag","embeddable":true,"href":"https:\/\/positiveprints.com\/de\/wp-json\/wp\/v2\/product_tag?post=317919"}],"curies":[{"name":"wp","href":"https:\/\/api.w.org\/{rel}","templated":true}]}}