{"id":28705,"date":"2020-09-23T09:25:45","date_gmt":"2020-09-23T08:25:45","guid":{"rendered":"https:\/\/positiveprints.com\/?post_type=product&#038;p=28705"},"modified":"2026-04-28T15:16:07","modified_gmt":"2026-04-28T14:16:07","slug":"geburtstag-mond","status":"publish","type":"product","link":"https:\/\/positiveprints.com\/de\/produkt\/geburtstag-mond\/","title":{"rendered":"Geburtsmond"},"content":{"rendered":"<p>Hast du dich jemals gefragt, wie der Mond am Tag deiner Geburt aussah? \u00dcberpr\u00fcfe deine Geburtstagsmondphase und personalisiere deinen einzigartigen Druck.<\/p>\r\n\r\n<h2 class=\"grenB f24 cblue\" style=\"margin-top: 3rem\">Wie sah der Mond an meinem Geburtstag aus<\/h2>\r\n\r\n<p style=\"margin-top: 1rem\">Wurdest du im Licht eines Vollmonds geboren? Oder war der Himmel dunkler als Ebenholz, als du deinen gro\u00dfen Eintritt in die Welt gemacht hast? Egal in welcher Mondphase es war, diese wundersch\u00f6ne silberne Kugel hat dein Deb\u00fct miterlebt.<\/p>\r\n\r\n<p style=\"margin-top: 1rem\">Viele fragen sich, wie der Mond an dem Tag aussah, als sie Welt geboren wurden. Unsere personalisierten Geburtstagsplakate mit den Mondphasen zeichnen dir das Erscheinungsbild des Mondes an deinem ersten Lebenstag. Es ist, als ob man in den Nachthimmel schauen w\u00fcrde, so wie es deine Eltern vielleicht getan haben, als du die Welt betreten hast.<\/p>\r\n\r\n<h2 class=\"grenB f24 cblue\" style=\"margin-top: 3rem\">Geburtstag und Mondphasen<\/h2>\r\n\r\n<p style=\"margin-top: 1rem\">Wusstest du, dass deine Geburtstagsmondphase viel mit deiner einzigartigen Pers\u00f6nlichkeit zu tun haben kann? Das ist wahr! Mondphasen sind ein Teil der Astrologie, genau wie Sternzeichen. Es ist spannend zu wissen, dass die aktuelle Mondposition sowie die Position am Tag deiner Geburt Stimmungen und Verhaltensweisen beeinflussen k\u00f6nnen.<\/p>\r\n\r\n<p style=\"margin-top: 1rem\">Dies liegt daran, dass die Mondphasen dem Pflanzzyklus entsprechen. \u00c4hnlich wie sich Samen entfalten und gedeihen, tut dies auch unser Leben im Laufe der Zeit. Je nachdem, wo sich der Mond im Vergleich zu unserer Geburt in seiner Phase befand, k\u00f6nnen unsere Pers\u00f6nlichkeiten und Schwerpunkte im Leben unterschiedliche Wege einschlagen. Dies ist ein Grund, warum keine zwei Menschen jemals wirklich gleich sind, selbst wenn sie dieselben Sternzeichen haben. Die Mondphase f\u00fcgt Pers\u00f6nlichkeiten eine einzigartige Schicht hinzu, die zu den Bestrebungen und Interessen unseres Lebens beitragen kann.<\/p>\r\n\r\n<p style=\"margin-top: 1rem\">Die Kenntnis deiner Geburtstagsmondphase ist ein wesentlicher Bestandteil des Wachstums. Dadurch k\u00f6nnen wir unsere Standardeinstellungen und Tendenzen besser verstehen. Und obwohl kein Schicksal vollst\u00e4ndig vorherbestimmt ist, kann uns die Kenntnis dieser Eigenschaften helfen, sie zu unserem Vorteil zu nutzen oder sie insgesamt zu vermeiden.<\/p>\r\n\r\n<h2 class=\"grenB f24 cblue\" style=\"margin-top: 3rem\">Die Darstellung des Mondes an dem Tag, an dem du geboren wurdest<\/h2>\r\n\r\n<p style=\"margin-top: 1rem\">Wenn du Mond- und Himmlisches liebst, dann werden dir unsere Mondphasen-Geburtstagsplakate gefallen, da sie genau f\u00fcr dich erstellt wurden (im wahrsten Sinne des Wortes!). Mit unserem benutzerfreundlichen Mondplakat-Kreator kannst du das Datum und den Ort deiner Geburt ausw\u00e4hlen und wir werden f\u00fcr dich nachbilden, wie der Mond an diesem ganz besonderen Tag von der Erde aus aussah. Personalisiere dein Poster mit benutzerdefinierten Text- und Farboptionen, um einen Monddruck zu erstellen, auf den du stolz sein kannst.<\/p>\r\n\r\n<p style=\"margin-top: 1rem\">Unser <a href=\"https:\/\/positiveprints.com\/de\/produkt\/mond-poster\/\">Mondplakat<\/a> als ausgezeichnetes Geburtstagsgeschenk. \u00dcberpr\u00fcfe den Standort des Mondes f\u00fcr ein bestimmtes Datum und erstelle ein einzigartiges Poster f\u00fcr all deine Lieblingsmenschen.<\/p>\r\n\r\n\r\n<h2 class=\"grenB f24 cblue\" style=\"margin-top: 3rem\">Geburtstagsmond als Geschenk<\/h2>\r\n\r\n<p style=\"margin-top: 1rem\">Hast du jemals jemanden getroffen, der im Mond Trost findet? Oder vielleicht bist du seltsamerweise vom Mond gefesselt und f\u00fchlst dich jedes Mal, wenn du in den Nachthimmel schaust, energetisiert und\/oder friedlich? F\u00fcr diese Menschen gibt es ein Wort: Selenophilie. Und diese Mondliebhaber lieben unsere Mondgeschenke.<\/p>\r\n\r\n<p style=\"margin-top: 1rem\">Selenophilie ist die Liebe zum Mond. Einige m\u00f6gen sogar sagen, dass Selenophile \u201emondempfindlich\u201c sind, weil sie sich vom Mond angezogen f\u00fchlen, fast wie ein Magnet. Sie bemerken den Mond, selbst wenn er nicht voll ist und am hellsten scheint oder wenn er fern und klein erscheint. Sie k\u00f6nnen nicht anders, als nachts in den Himmel zu schauen und wissen normalerweise, in welcher Phase sich der Mond befindet.<\/p>\r\n\r\n<p style=\"margin-top: 1rem\">Wenn du auf den Mond schaust, sp\u00fcrst du m\u00f6glicherweise eine seltsame, aber beruhigende Verwandtschaft mit der silbernen Kugel. Diese einzigartige Verbundenheit ist ein starkes Gef\u00fchl, und jeder, der sich als Mondliebhaber betrachtet, kann Energie, Erneuerung und Ruhe finden, indem er den Mond jederzeit in seiner N\u00e4he hat.\r\n<\/p>\r\n\r\n<p style=\"margin-top: 1rem\">Egal, ob du ein Mondliebhaber bist oder jemanden kennen, der einer ist, es gibt keine bessere Geschenkidee als einzigartige Mondgeschenke, die auf die inneren Chakren zugeschnitten sind.<\/p>\r\n\r\n<h2 class=\"grenB f24 cblue\" style=\"margin-top: 3rem\">Warum ist der Mond so magisch?<\/h2>\r\n\r\n<p style=\"margin-top: 1rem\">Seit Jahrhunderten ist der Mond der Star von Geschichten, Legenden und Ritualen. Viele glauben, dass der Mond eine einzigartige Himmelskraft besitzt, die das Leben hier auf der Erde beeinflusst, einschlie\u00dflich unserer Energie, unserer Stimmungen und des Gleichgewichts der Natur. Wir sehen \u00fcberall Mondmagie, von der Art und Weise, wie sich die Gem\u00fcter \u00e4ndern und wie sich Menschen verhalten, wenn der Vollmond aufgeht.<\/p>\r\n\r\n<p style=\"margin-top: 1rem\">Aber selbst wenn du nicht an Mondmagie glaubst, h\u00e4lt uns der Mond immer noch gefangen. Er wirft Fragen \u00fcber unser Universum und die Existenz des Lebens auf. Er f\u00fcgt dem Nachthimmel Intrigen hinzu und erzeugt ein Gef\u00fchl von Ruhe und Gelassenheit. Diese Gef\u00fchle sind wie eine Form von Magie f\u00fcr sich, besonders wenn alles, was man braucht, um loszulassen und sich zu entkleiden, ein kleines Einzelgespr\u00e4ch mit dem Mond ist.<\/p>\r\n\r\n<p style=\"margin-top: 1rem\">F\u00fcr jeden, der diese besondere Verbindung zum Mond sp\u00fcrt, ist unser Mondgeschenk einzigartig und mit keinem anderen Geschenk schwer zu vergleichen.\r\n<\/p>\r\n\r\n<h2 class=\"grenB f24 cblue\" style=\"margin-top: 3rem\">Die Kraft personalisierter Mondgeschenke<\/h2>\r\n\r\n<p style=\"margin-top: 1rem\">Mondgeschenke k\u00f6nnen f\u00fcr sich allein m\u00e4chtig sein, aber das Hinzuf\u00fcgen einer Ebene der Personalisierung f\u00fcgt etwas noch Besonderes und Verantwortungsreiches hinzu. Es ist nicht nur ein Beweis daf\u00fcr, dass man die Affinit\u00e4t eines geliebten Menschen zum Mond kennt, sondern ihm auch etwas gibt, das wirklich einzigartig und nur f\u00fcr ihn gemacht ist.<\/p>\r\n\r\n<p style=\"margin-top: 1rem\">Die besten Mondgeschenke sind bis zu einem gewissen Grad bereits pers\u00f6nlich. Sie sind kein gew\u00f6hnliches Geschenk, das du in jedem Gesch\u00e4ft kaufen kannst. Mondgeschenke sind Nischenartikel und fallen normalerweise nur Mondliebhabern auf. Wenn du in der Lage bist, die Affinit\u00e4t einer Person zum Mond zu st\u00e4rken, wissen diese bereits, dass du die Extrameile (zum Mond und zur\u00fcck!) zur\u00fcckgelegt hast, um ihre Erfahrung unvergesslich zu machen.<\/p>\r\n\r\n<p style=\"margin-top: 1rem\">Aber die Personalisierung muss hier nicht aufh\u00f6ren. Das Hinzuf\u00fcgen spezieller Inschriften, Daten, Zitate oder Erinnerungen zu deinem Geschenk kann den Anlass noch spezieller machen.<\/p>\r\n\r\n<h2 class=\"grenB f24 cblue\" style=\"margin-top: 3rem\">\u00dcber unsere Geburtsmond<\/h2>\r\n \r\n<p style=\"margin-top: 1rem\">Bei Positive Prints haben wir es dir leicht gemacht, ein Mond Poster personalisiert zu erstellen, um an deine oder eure magischsten Momente zu erinnern. Du hast die vollst\u00e4ndige Kontrolle \u00fcber das Datum und den Ort. Zudem kannst du aus mehreren Gr\u00f6\u00dfenoptionen, Farbschemata ausw\u00e4hlen und sogar einen benutzerdefiniertem Text hinzuf\u00fcgen.<\/p>\r\n\r\n<p style=\"margin-top: 1rem\">F\u00fcr besondere Anl\u00e4sse kannst du einen meisterhaft gestalteten Druck in einer Standardgr\u00f6\u00dfe bestellen, die das Einrahmen zum Kinderspiel macht. Oder w\u00e4hle f\u00fcr Last-Minute-Mondgeschenke einen digitalen Download, der die Versandzeit eliminiert. <\/p>","protected":false},"excerpt":{"rendered":"<ul class=\"check-list\">\n<li>F\u00fcge den einzigartigen Schatten des Mondes hinzu<\/li>\n<li>Passe dein Kunstwerk in 3 einfachen Schritten an<\/li>\n<li>W\u00e4hle aus einer Vielzahl atemberaubender Designs<\/li>\n<li>Sieh das Ergebnis sofort \u2013 die interaktive Vorschau erm\u00f6glicht dir, jedes Detail direkt anzupassen<\/li>\n<\/ul>\n","protected":false},"featured_media":1688402,"template":"","meta":[],"product_brand":[],"product_cat":[11514,11520,11523,11526,11609,11610,11611,11612,5252,9275,7622,7766,7654,11331,11358,11367,7686,7830,15038,7814,8209,8005,7735,389,11203,11206,7200,7590,5266],"product_tag":[17451,17603,17585,17573,17557,17541,17526,17511,17496,17640,13307,17466,8464,15205,15417,13422,13451],"class_list":{"0":"post-28705","1":"product","2":"type-product","3":"status-publish","4":"has-post-thumbnail","6":"product_cat-18-geburtstag","7":"product_cat-21-geburtstag","8":"product_cat-30-geburtstag","9":"product_cat-40-geburtstag","10":"product_cat-50-geburtstag","11":"product_cat-60-geburtstag","12":"product_cat-70-geburtstag","13":"product_cat-80-geburtstag","14":"product_cat-babygeburtsgeschenke","15":"product_cat-bestsellers-label-de","16":"product_cat-geschenke-fur-bruder","17":"product_cat-geschenke-fur-deine-tochter","18":"product_cat-geschenke-fur-deinen-sohn","19":"product_cat-weihnachtsgeschenke-fur-den-bruder","20":"product_cat-weihnachtsgeschenke-fur-die-kinder","21":"product_cat-weihnachtsgeschenke-fur-die-schwester","22":"product_cat-geschenke-fur-wichtige-frauen-in-deinem-leben","23":"product_cat-geschenke-fur-freunde","24":"product_cat-weihnachtsgeschenke-fur-freunde","25":"product_cat-geschenke-fur-frisch-gewordene-eltern","26":"product_cat-fur-ihn-de","27":"product_cat-geschenke-fur-manner","28":"product_cat-geschenke-fur-schwester","29":"product_cat-geburtstagsgeschenke","30":"product_cat-geburtstagsgeschenk-fuer-frauen","31":"product_cat-geburtstagsgeschenk-fur-manner","32":"product_cat-moon-de","33":"product_cat-taufgeschenke","34":"product_cat-weihnachtsgeschenke","35":"product_tag-100-jahre","36":"product_tag-16-jahre","37":"product_tag-18-jahre-de","38":"product_tag-20-jahre","39":"product_tag-30-jahre","40":"product_tag-40-jahre","41":"product_tag-50-jahre","42":"product_tag-60-jahre","43":"product_tag-70-jahre","44":"product_tag-80-jahre-de","45":"product_tag-80-geburtstag","46":"product_tag-90-jahre","47":"product_tag-birthday-de","48":"product_tag-christmas-gifts-for-friends-de","49":"product_tag-rahmen-mit-geburtsmond-de","50":"product_tag-weihnachtsgeschenk-fur-die-schwester","51":"product_tag-weihnachtsgeschenke-fur-den-bruder","53":"first","54":"instock","55":"sale","56":"taxable","57":"shipping-taxable","58":"purchasable","59":"product-type-variable"},"yoast_head":"<!-- This site is optimized with the Yoast SEO Premium plugin v27.2 (Yoast SEO v27.2) - https:\/\/yoast.com\/product\/yoast-seo-premium-wordpress\/ -->\n<title>Geburtsmond - Mondphase an meinem Geburtstag - Positive Prints<\/title>\n<meta name=\"description\" content=\"Wenn du Mond- und Himmlisches liebst, dann werden dir unsere Mondphasen-Geburtstagsplakate gefallen, da sie genau f\u00fcr dich erstellt wurden.\" \/>\n<meta name=\"robots\" content=\"index, follow, max-snippet:-1, max-image-preview:large, max-video-preview:-1\" \/>\n<link rel=\"canonical\" href=\"https:\/\/positiveprints.com\/de\/produkt\/geburtstag-mond\/\" \/>\n<meta property=\"og:locale\" content=\"de_DE\" \/>\n<meta property=\"og:type\" content=\"article\" \/>\n<meta property=\"og:title\" content=\"Geburtsmond\" \/>\n<meta property=\"og:description\" content=\"F\u00fcge den einzigartigen Schatten des Mondes hinzu Passe dein Kunstwerk in 3 einfachen Schritten an W\u00e4hle aus einer Vielzahl atemberaubender Designs Sieh das Ergebnis sofort \u2013 die interaktive Vorschau erm\u00f6glicht dir, jedes Detail direkt anzupassen\" \/>\n<meta property=\"og:url\" content=\"https:\/\/positiveprints.com\/de\/produkt\/geburtstag-mond\/\" \/>\n<meta property=\"og:site_name\" content=\"Positive Prints\" \/>\n<meta property=\"article:publisher\" content=\"https:\/\/www.facebook.com\/positiveprintscom\" \/>\n<meta property=\"article:modified_time\" content=\"2026-04-28T14:16:07+00:00\" \/>\n<meta property=\"og:image\" content=\"https:\/\/positiveprints.com\/wp-content\/uploads\/2024\/10\/Packshot_DE_Birthday-Moon-Phase-product-image.webp\" \/>\n\t<meta property=\"og:image:width\" content=\"1450\" \/>\n\t<meta property=\"og:image:height\" content=\"1450\" \/>\n\t<meta property=\"og:image:type\" content=\"image\/webp\" \/>\n<meta name=\"twitter:card\" content=\"summary_large_image\" \/>\n<!-- \/ Yoast SEO Premium plugin. -->","yoast_head_json":{"title":"Geburtsmond - Mondphase an meinem Geburtstag - Positive Prints","description":"Wenn du Mond- und Himmlisches liebst, dann werden dir unsere Mondphasen-Geburtstagsplakate gefallen, da sie genau f\u00fcr dich erstellt wurden.","robots":{"index":"index","follow":"follow","max-snippet":"max-snippet:-1","max-image-preview":"max-image-preview:large","max-video-preview":"max-video-preview:-1"},"canonical":"https:\/\/positiveprints.com\/de\/produkt\/geburtstag-mond\/","og_locale":"de_DE","og_type":"article","og_title":"Geburtsmond","og_description":"F\u00fcge den einzigartigen Schatten des Mondes hinzu Passe dein Kunstwerk in 3 einfachen Schritten an W\u00e4hle aus einer Vielzahl atemberaubender Designs Sieh das Ergebnis sofort \u2013 die interaktive Vorschau erm\u00f6glicht dir, jedes Detail direkt anzupassen","og_url":"https:\/\/positiveprints.com\/de\/produkt\/geburtstag-mond\/","og_site_name":"Positive Prints","article_publisher":"https:\/\/www.facebook.com\/positiveprintscom","article_modified_time":"2026-04-28T14:16:07+00:00","og_image":[{"width":1450,"height":1450,"url":"https:\/\/positiveprints.com\/wp-content\/uploads\/2024\/10\/Packshot_DE_Birthday-Moon-Phase-product-image.webp","type":"image\/webp"}],"twitter_card":"summary_large_image","schema":{"@context":"https:\/\/schema.org","@graph":[{"@type":["WebPage","ItemPage"],"@id":"https:\/\/positiveprints.com\/de\/produkt\/geburtstag-mond\/","url":"https:\/\/positiveprints.com\/de\/produkt\/geburtstag-mond\/","name":"Geburtsmond - Mondphase an meinem Geburtstag - Positive Prints","isPartOf":{"@id":"https:\/\/positiveprints.com\/de\/#website"},"primaryImageOfPage":{"@id":"https:\/\/positiveprints.com\/de\/produkt\/geburtstag-mond\/#primaryimage"},"image":{"@id":"https:\/\/positiveprints.com\/de\/produkt\/geburtstag-mond\/#primaryimage"},"thumbnailUrl":"https:\/\/positiveprints.com\/wp-content\/uploads\/2026\/03\/Packshot_DE_Geburtsmond.webp","datePublished":"2020-09-23T08:25:45+00:00","dateModified":"2026-04-28T14:16:07+00:00","description":"Wenn du Mond- und Himmlisches liebst, dann werden dir unsere Mondphasen-Geburtstagsplakate gefallen, da sie genau f\u00fcr dich erstellt wurden.","breadcrumb":{"@id":"https:\/\/positiveprints.com\/de\/produkt\/geburtstag-mond\/#breadcrumb"},"inLanguage":"de","potentialAction":[{"@type":"ReadAction","target":["https:\/\/positiveprints.com\/de\/produkt\/geburtstag-mond\/"]}]},{"@type":"ImageObject","inLanguage":"de","@id":"https:\/\/positiveprints.com\/de\/produkt\/geburtstag-mond\/#primaryimage","url":"https:\/\/positiveprints.com\/wp-content\/uploads\/2026\/03\/Packshot_DE_Geburtsmond.webp","contentUrl":"https:\/\/positiveprints.com\/wp-content\/uploads\/2026\/03\/Packshot_DE_Geburtsmond.webp","width":1450,"height":1450},{"@type":"BreadcrumbList","@id":"https:\/\/positiveprints.com\/de\/produkt\/geburtstag-mond\/#breadcrumb","itemListElement":[{"@type":"ListItem","position":1,"name":"Startseite","item":"https:\/\/positiveprints.com\/de\/"},{"@type":"ListItem","position":2,"name":"Produkte","item":"https:\/\/positiveprints.com\/de\/shop\/"},{"@type":"ListItem","position":3,"name":"Geburtsmond"}]},{"@type":"WebSite","@id":"https:\/\/positiveprints.com\/de\/#website","url":"https:\/\/positiveprints.com\/de\/","name":"Positive Prints","description":"Amazing Custom Personalized Gifts","publisher":{"@id":"https:\/\/positiveprints.com\/de\/#organization"},"potentialAction":[{"@type":"SearchAction","target":{"@type":"EntryPoint","urlTemplate":"https:\/\/positiveprints.com\/de\/?s={search_term_string}"},"query-input":{"@type":"PropertyValueSpecification","valueRequired":true,"valueName":"search_term_string"}}],"inLanguage":"de"},{"@type":"Organization","@id":"https:\/\/positiveprints.com\/de\/#organization","name":"Positive Prints","alternateName":"Positive Prints","url":"https:\/\/positiveprints.com\/de\/","logo":{"@type":"ImageObject","inLanguage":"de","@id":"https:\/\/positiveprints.com\/de\/#\/schema\/logo\/image\/","url":"https:\/\/positiveprints.com\/wp-content\/uploads\/2026\/03\/245815646_1337939713319158_5671353136411139666_n.png","contentUrl":"https:\/\/positiveprints.com\/wp-content\/uploads\/2026\/03\/245815646_1337939713319158_5671353136411139666_n.png","width":800,"height":800,"caption":"Positive Prints"},"image":{"@id":"https:\/\/positiveprints.com\/de\/#\/schema\/logo\/image\/"},"sameAs":["https:\/\/www.facebook.com\/positiveprintscom","https:\/\/www.instagram.com\/positiveprintscom\/","https:\/\/www.tiktok.com\/@positiveprintscom","https:\/\/www.pinterest.com\/positiveprintscom\/"]}]}},"jetpack_sharing_enabled":true,"_links":{"self":[{"href":"https:\/\/positiveprints.com\/de\/wp-json\/wp\/v2\/product\/28705","targetHints":{"allow":["GET"]}}],"collection":[{"href":"https:\/\/positiveprints.com\/de\/wp-json\/wp\/v2\/product"}],"about":[{"href":"https:\/\/positiveprints.com\/de\/wp-json\/wp\/v2\/types\/product"}],"wp:featuredmedia":[{"embeddable":true,"href":"https:\/\/positiveprints.com\/de\/wp-json\/wp\/v2\/media\/1688402"}],"wp:attachment":[{"href":"https:\/\/positiveprints.com\/de\/wp-json\/wp\/v2\/media?parent=28705"}],"wp:term":[{"taxonomy":"product_brand","embeddable":true,"href":"https:\/\/positiveprints.com\/de\/wp-json\/wp\/v2\/product_brand?post=28705"},{"taxonomy":"product_cat","embeddable":true,"href":"https:\/\/positiveprints.com\/de\/wp-json\/wp\/v2\/product_cat?post=28705"},{"taxonomy":"product_tag","embeddable":true,"href":"https:\/\/positiveprints.com\/de\/wp-json\/wp\/v2\/product_tag?post=28705"}],"curies":[{"name":"wp","href":"https:\/\/api.w.org\/{rel}","templated":true}]}}