{"id":260828,"date":"2022-03-10T13:15:56","date_gmt":"2022-03-10T12:15:56","guid":{"rendered":"https:\/\/positiveprints.com\/product\/der-tag-an-dem-du-meine-papa-wurdest\/"},"modified":"2026-04-28T14:41:33","modified_gmt":"2026-04-28T13:41:33","slug":"der-tag-an-dem-du-meine-papa-wurdest","status":"publish","type":"product","link":"https:\/\/positiveprints.com\/de\/produkt\/der-tag-an-dem-du-meine-papa-wurdest\/","title":{"rendered":"Der Tag, an dem du mein Papa wurdest"},"content":{"rendered":"<h2 class=\"grenB f24 cblue\">Warum eine Sternenkarte als Vatertagsgeschenk verschenken?<\/h2>\r\n<p style=\"margin-top: 1rem\">Der Himmel sieht jede Nacht ein wenig anders aus. Von den Bewegungsphasen bis zu den Positionen der Sterne, Planeten und Himmelsk\u00f6rper ist jede Nacht unseres Daseins wirklich einzigartig. Und in der Nacht, in der du geboren wurdest \u2013 die Nacht, in der dein Vater dein Papa wurde \u2013 richtete sich das gesamte Universum auf eine Weise aus, wie es noch nie zuvor der Fall war. Das ist sicherlich etwas zu feiern!<\/p>\r\n<p style=\"margin-top: 1rem\">Mit unseren benutzerdefinierten Sternenkartengeschenken stellen wir den Nachthimmel so nach, wie er aussah, als du die Welt betreten hast. Der Tag, an dem dein Vater dein Papa wurde, war wahrscheinlich einer der gl\u00fccklichsten Tage seines Lebens und diese Karte des Nachthimmels ist eine sch\u00f6ne M\u00f6glichkeit, diesen Tag f\u00fcr immer aufzubewahren.<\/p>\r\n<h2 class=\"grenB f24 cblue\" style=\"margin-top: 3rem\">Gestalte dein Geschenk f\u00fcr Papa in 3 einfachen Schritten<\/h2>\r\n<p style=\"margin-top: 1rem\">Jede Sternenkarte wird auf Bestellung basierend auf dem Datum deiner Wahl ma\u00dfgefertigt. Wir verwenden zuverl\u00e4ssige Sternenkartendaten, die von Hipparcos-2 gesammelt wurden, um die Sterne und Konstellationen gem\u00e4\u00df dem Datum und dem Standort auf der Erde zu diesem Zeitpunkt genau zu kartieren.<\/p>\r\n<p style=\"margin-top: 1rem\">Positive Prints erledigt mit unserem interaktiven Editor die meiste Arbeit f\u00fcr dich. Beobachte, wie dein Design zum Leben erwacht, w\u00e4hrend du deine Sternenkarte anpasst. W\u00e4hle aus einer Vielzahl vorgefertigter Farbschemata und Kartenformen und f\u00fcge dann die feinen Details hinzu, die deine Karte einzigartig machen. Verwandele dein Design dann in eine gedruckte oder digitale Datei als perfektes Geschenk f\u00fcr Papa. Dein Kunstwerk ist bereit zum Verschenken.<\/p>\r\n<p style=\"margin-top: 1rem\">Zum Vatertag oder zu besonderen Anl\u00e4ssen Positive Prints hilft dir dabei, einzigartige Geschenke f\u00fcr deinen Vater zu kreieren. Beginne noch heute!<\/p>","protected":false},"excerpt":{"rendered":"<ul class=\"check-list\">\n<li>F\u00fcge Planeten, Sternbilder und die Milchstra\u00dfe hinzu<\/li>\n<li>Passe dein Kunstwerk in 3 einfachen Schritten an<\/li>\n<li>F\u00fcge einen aussagekr\u00e4ftigen personalisierten Text hinzu<\/li>\n<li>Sieh das Ergebnis sofort \u2013 die interaktive Vorschau erm\u00f6glicht dir, jedes Detail direkt anzupassen<\/li>\n<\/ul>\n","protected":false},"featured_media":1224530,"template":"","meta":[],"product_brand":[],"product_cat":[9275,11337,7974,3116,7340,5266],"product_tag":[9287,15568,8552,12539,13681,11711],"class_list":{"0":"post-260828","1":"product","2":"type-product","3":"status-publish","4":"has-post-thumbnail","6":"product_cat-bestsellers-label-de","7":"product_cat-weihnachtsgeschenke-fur-den-papa","8":"product_cat-geschenke-fur-papa","9":"product_cat-star-de-2","10":"product_cat-vatertagsgeschenke","11":"product_cat-weihnachtsgeschenke","12":"product_tag-der-beste-papa-der-welt","13":"product_tag-der-tag-an-dem-du-papa-wurdest-de","14":"product_tag-father-de","15":"product_tag-vatertag","16":"product_tag-vatertagsgeschenk-de","17":"product_tag-weihnachtsgeschenke-fur-den-papa","19":"first","20":"instock","21":"sale","22":"taxable","23":"shipping-taxable","24":"purchasable","25":"product-type-variable"},"yoast_head":"<!-- This site is optimized with the Yoast SEO Premium plugin v27.2 (Yoast SEO v27.2) - https:\/\/yoast.com\/product\/yoast-seo-premium-wordpress\/ -->\n<title>Der Tag, an dem du mein Papa wurdest - Positive Prints<\/title>\n<meta name=\"description\" content=\"Zum Vatertag oder zu besonderen Anl\u00e4ssen Positive Prints hilft dur dabei, einzigartige Geschenke f\u00fcr deine V\u00e4ter zu kreieren.\" \/>\n<meta name=\"robots\" content=\"index, follow, max-snippet:-1, max-image-preview:large, max-video-preview:-1\" \/>\n<link rel=\"canonical\" href=\"https:\/\/positiveprints.com\/de\/produkt\/der-tag-an-dem-du-meine-papa-wurdest\/\" \/>\n<meta property=\"og:locale\" content=\"de_DE\" \/>\n<meta property=\"og:type\" content=\"article\" \/>\n<meta property=\"og:title\" content=\"Der Tag, an dem du mein Papa wurdest\" \/>\n<meta property=\"og:description\" content=\"F\u00fcge Planeten, Sternbilder und die Milchstra\u00dfe hinzu    Passe dein Kunstwerk in 3 einfachen Schritten an    F\u00fcge einen aussagekr\u00e4ftigen personalisierten Text hinzu    Sieh das Ergebnis sofort \u2013 die interaktive Vorschau erm\u00f6glicht dir, jedes Detail direkt anzupassen\" \/>\n<meta property=\"og:url\" content=\"https:\/\/positiveprints.com\/de\/produkt\/der-tag-an-dem-du-meine-papa-wurdest\/\" \/>\n<meta property=\"og:site_name\" content=\"Positive Prints\" \/>\n<meta property=\"article:publisher\" content=\"https:\/\/www.facebook.com\/positiveprintscom\" \/>\n<meta property=\"article:modified_time\" content=\"2026-04-28T13:41:33+00:00\" \/>\n<meta property=\"og:image\" content=\"https:\/\/positiveprints.com\/wp-content\/uploads\/2024\/10\/Packshot_DE_The-Day-You-Became-My-Daddy-product-image.webp\" \/>\n\t<meta property=\"og:image:width\" content=\"1450\" \/>\n\t<meta property=\"og:image:height\" content=\"1450\" \/>\n\t<meta property=\"og:image:type\" content=\"image\/webp\" \/>\n<meta name=\"twitter:card\" content=\"summary_large_image\" \/>\n<!-- \/ Yoast SEO Premium plugin. -->","yoast_head_json":{"title":"Der Tag, an dem du mein Papa wurdest - Positive Prints","description":"Zum Vatertag oder zu besonderen Anl\u00e4ssen Positive Prints hilft dur dabei, einzigartige Geschenke f\u00fcr deine V\u00e4ter zu kreieren.","robots":{"index":"index","follow":"follow","max-snippet":"max-snippet:-1","max-image-preview":"max-image-preview:large","max-video-preview":"max-video-preview:-1"},"canonical":"https:\/\/positiveprints.com\/de\/produkt\/der-tag-an-dem-du-meine-papa-wurdest\/","og_locale":"de_DE","og_type":"article","og_title":"Der Tag, an dem du mein Papa wurdest","og_description":"F\u00fcge Planeten, Sternbilder und die Milchstra\u00dfe hinzu    Passe dein Kunstwerk in 3 einfachen Schritten an    F\u00fcge einen aussagekr\u00e4ftigen personalisierten Text hinzu    Sieh das Ergebnis sofort \u2013 die interaktive Vorschau erm\u00f6glicht dir, jedes Detail direkt anzupassen","og_url":"https:\/\/positiveprints.com\/de\/produkt\/der-tag-an-dem-du-meine-papa-wurdest\/","og_site_name":"Positive Prints","article_publisher":"https:\/\/www.facebook.com\/positiveprintscom","article_modified_time":"2026-04-28T13:41:33+00:00","og_image":[{"width":1450,"height":1450,"url":"https:\/\/positiveprints.com\/wp-content\/uploads\/2024\/10\/Packshot_DE_The-Day-You-Became-My-Daddy-product-image.webp","type":"image\/webp"}],"twitter_card":"summary_large_image","schema":{"@context":"https:\/\/schema.org","@graph":[{"@type":["WebPage","ItemPage"],"@id":"https:\/\/positiveprints.com\/de\/produkt\/der-tag-an-dem-du-meine-papa-wurdest\/","url":"https:\/\/positiveprints.com\/de\/produkt\/der-tag-an-dem-du-meine-papa-wurdest\/","name":"Der Tag, an dem du mein Papa wurdest - Positive Prints","isPartOf":{"@id":"https:\/\/positiveprints.com\/de\/#website"},"primaryImageOfPage":{"@id":"https:\/\/positiveprints.com\/de\/produkt\/der-tag-an-dem-du-meine-papa-wurdest\/#primaryimage"},"image":{"@id":"https:\/\/positiveprints.com\/de\/produkt\/der-tag-an-dem-du-meine-papa-wurdest\/#primaryimage"},"thumbnailUrl":"https:\/\/positiveprints.com\/wp-content\/uploads\/2024\/10\/Packshot_DE_The-Day-You-Became-My-Daddy-product-image.webp","datePublished":"2022-03-10T12:15:56+00:00","dateModified":"2026-04-28T13:41:33+00:00","description":"Zum Vatertag oder zu besonderen Anl\u00e4ssen Positive Prints hilft dur dabei, einzigartige Geschenke f\u00fcr deine V\u00e4ter zu kreieren.","breadcrumb":{"@id":"https:\/\/positiveprints.com\/de\/produkt\/der-tag-an-dem-du-meine-papa-wurdest\/#breadcrumb"},"inLanguage":"de","potentialAction":[{"@type":"ReadAction","target":["https:\/\/positiveprints.com\/de\/produkt\/der-tag-an-dem-du-meine-papa-wurdest\/"]}]},{"@type":"ImageObject","inLanguage":"de","@id":"https:\/\/positiveprints.com\/de\/produkt\/der-tag-an-dem-du-meine-papa-wurdest\/#primaryimage","url":"https:\/\/positiveprints.com\/wp-content\/uploads\/2024\/10\/Packshot_DE_The-Day-You-Became-My-Daddy-product-image.webp","contentUrl":"https:\/\/positiveprints.com\/wp-content\/uploads\/2024\/10\/Packshot_DE_The-Day-You-Became-My-Daddy-product-image.webp","width":1450,"height":1450},{"@type":"BreadcrumbList","@id":"https:\/\/positiveprints.com\/de\/produkt\/der-tag-an-dem-du-meine-papa-wurdest\/#breadcrumb","itemListElement":[{"@type":"ListItem","position":1,"name":"Startseite","item":"https:\/\/positiveprints.com\/de\/"},{"@type":"ListItem","position":2,"name":"Produkte","item":"https:\/\/positiveprints.com\/de\/shop\/"},{"@type":"ListItem","position":3,"name":"Der Tag, an dem du mein Papa wurdest"}]},{"@type":"WebSite","@id":"https:\/\/positiveprints.com\/de\/#website","url":"https:\/\/positiveprints.com\/de\/","name":"Positive Prints","description":"Amazing Custom Personalized Gifts","publisher":{"@id":"https:\/\/positiveprints.com\/de\/#organization"},"potentialAction":[{"@type":"SearchAction","target":{"@type":"EntryPoint","urlTemplate":"https:\/\/positiveprints.com\/de\/?s={search_term_string}"},"query-input":{"@type":"PropertyValueSpecification","valueRequired":true,"valueName":"search_term_string"}}],"inLanguage":"de"},{"@type":"Organization","@id":"https:\/\/positiveprints.com\/de\/#organization","name":"Positive Prints","alternateName":"Positive Prints","url":"https:\/\/positiveprints.com\/de\/","logo":{"@type":"ImageObject","inLanguage":"de","@id":"https:\/\/positiveprints.com\/de\/#\/schema\/logo\/image\/","url":"https:\/\/positiveprints.com\/wp-content\/uploads\/2026\/03\/245815646_1337939713319158_5671353136411139666_n.png","contentUrl":"https:\/\/positiveprints.com\/wp-content\/uploads\/2026\/03\/245815646_1337939713319158_5671353136411139666_n.png","width":800,"height":800,"caption":"Positive Prints"},"image":{"@id":"https:\/\/positiveprints.com\/de\/#\/schema\/logo\/image\/"},"sameAs":["https:\/\/www.facebook.com\/positiveprintscom","https:\/\/www.instagram.com\/positiveprintscom\/","https:\/\/www.tiktok.com\/@positiveprintscom","https:\/\/www.pinterest.com\/positiveprintscom\/"]}]}},"jetpack_sharing_enabled":true,"_links":{"self":[{"href":"https:\/\/positiveprints.com\/de\/wp-json\/wp\/v2\/product\/260828","targetHints":{"allow":["GET"]}}],"collection":[{"href":"https:\/\/positiveprints.com\/de\/wp-json\/wp\/v2\/product"}],"about":[{"href":"https:\/\/positiveprints.com\/de\/wp-json\/wp\/v2\/types\/product"}],"wp:featuredmedia":[{"embeddable":true,"href":"https:\/\/positiveprints.com\/de\/wp-json\/wp\/v2\/media\/1224530"}],"wp:attachment":[{"href":"https:\/\/positiveprints.com\/de\/wp-json\/wp\/v2\/media?parent=260828"}],"wp:term":[{"taxonomy":"product_brand","embeddable":true,"href":"https:\/\/positiveprints.com\/de\/wp-json\/wp\/v2\/product_brand?post=260828"},{"taxonomy":"product_cat","embeddable":true,"href":"https:\/\/positiveprints.com\/de\/wp-json\/wp\/v2\/product_cat?post=260828"},{"taxonomy":"product_tag","embeddable":true,"href":"https:\/\/positiveprints.com\/de\/wp-json\/wp\/v2\/product_tag?post=260828"}],"curies":[{"name":"wp","href":"https:\/\/api.w.org\/{rel}","templated":true}]}}