{"id":244841,"date":"2022-02-21T12:26:30","date_gmt":"2022-02-21T11:26:30","guid":{"rendered":"https:\/\/positiveprints.com\/product\/unser-mond\/"},"modified":"2026-04-18T07:02:10","modified_gmt":"2026-04-18T06:02:10","slug":"unser-mond","status":"publish","type":"product","link":"https:\/\/positiveprints.com\/de\/produkt\/unser-mond\/","title":{"rendered":"Unser Mond"},"content":{"rendered":"<h2 class=\"grenB f24 cblue\">Das perfekte Jubil\u00e4umsgeschenk f\u00fcr Paare!<\/h2>\r\n<p style=\"margin-top: 1rem\">In der Nacht, in der du deine wahre Liebe getroffen hast, wart ihr nicht die einzigen Zeugen eurer Liebe. Der Mond am Nachthimmel sah es auch und f\u00fcr viele Paare war diese Nacht eine der besten N\u00e4chte ihres Lebens. Halte diesen Moment f\u00fcr immer fest mit einem Mondpaar-Geschenk von Positive Prints.<\/p>\r\n<p style=\"margin-top: 1rem\">Unsere benutzerdefinierten Monddrucke bilden den Mond in seiner exakten Phase an einem bestimmten Datum deiner Wahl nach, egal ob es die Nacht ist, in der ihr euch kennengelernt habt, die Nacht, in der ihre eure Beziehung begonnen habt oder sogar die Nacht, in der du Ja gesagt hast. Wir machen es dir leicht, diesen Moment festzuhalten und ihn in deinem Zuhause auszustellen, damit du f\u00fcr immer auf diese Nacht zur\u00fcckblicken kannst.<\/p>\r\n<h2 class=\"grenB f24 cblue\" style=\"margin-top: 3rem\">So erstellst du dein Mondpaar-Geschenk<\/h2>\r\n<p style=\"margin-top: 1rem\">Positive Prints bietet mit unserem interaktiven Editor professionelles Kunstdesign auf Knopfdruck. W\u00e4hle aus einer Vielzahl von Farbschemata, die deinen pers\u00f6nlichen Vorlieben entsprechen und f\u00fcge deinem Druck dann benutzerdefinierten Text hinzu, z. B. ein Zitat, Liedtexte, ein Gedicht oder sogar das Datum, an dem sich dein Leben f\u00fcr immer ver\u00e4ndert hat. Es ist dein Mondposter, dein Weg \u2013 und es ist das beste Jubil\u00e4umsgeschenk oder einfach nur so!<\/p>\r\n<p style=\"margin-top: 1rem\">Lass die magische Zeit einer Nacht, jedes Mal, wenn du dein Mondposter betrachten wirst, neu erblicken. Beginne noch heute mit der Erstellung deines Drucks und \u00fcberrasche deine Liebsten mit einem Geschenk, das nur f\u00fcr sie angefertigt wurde.<\/p>","protected":false},"excerpt":{"rendered":"<ul class=\"check-list\">\n<li>F\u00fcge den einzigartigen Schatten des Mondes hinzu<\/li>\n<li>Passe dein Kunstwerk in 3 einfachen Schritten an<\/li>\n<li>W\u00e4hle aus einer Vielzahl atemberaubender Designs<\/li>\n<li>Sieh das Ergebnis sofort \u2013 die interaktive Vorschau erm\u00f6glicht dir, jedes Detail direkt anzupassen<\/li>\n<\/ul>\n","protected":false},"featured_media":1689362,"template":"","meta":[],"product_brand":[],"product_cat":[7686,8005,7200,5287],"product_tag":[14749,13755,13745],"class_list":{"0":"post-244841","1":"product","2":"type-product","3":"status-publish","4":"has-post-thumbnail","6":"product_cat-geschenke-fur-wichtige-frauen-in-deinem-leben","7":"product_cat-geschenke-fur-manner","8":"product_cat-moon-de","9":"product_cat-verlobungsgeschenke","10":"product_tag-anniversary-de","11":"product_tag-mondphase-am-hochzeitstag","12":"product_tag-mondphase-zum-jahrestag","14":"first","15":"instock","16":"sale","17":"taxable","18":"shipping-taxable","19":"purchasable","20":"product-type-variable"},"yoast_head":"<!-- This site is optimized with the Yoast SEO Premium plugin v27.2 (Yoast SEO v27.2) - https:\/\/yoast.com\/product\/yoast-seo-premium-wordpress\/ -->\n<title>Unser Mond - Personalisiertes Jubil\u00e4umsgeschenk - Positive Prints<\/title>\n<meta name=\"description\" content=\"Lass die magische Zeit einer Nacht, jedes Mal, wenn du dein Mondposter betrachten wirst, neu erblicken.\" \/>\n<meta name=\"robots\" content=\"index, follow, max-snippet:-1, max-image-preview:large, max-video-preview:-1\" \/>\n<link rel=\"canonical\" href=\"https:\/\/positiveprints.com\/de\/produkt\/unser-mond\/\" \/>\n<meta property=\"og:locale\" content=\"de_DE\" \/>\n<meta property=\"og:type\" content=\"article\" \/>\n<meta property=\"og:title\" content=\"Unser Mond\" \/>\n<meta property=\"og:description\" content=\"F\u00fcge den einzigartigen Schatten des Mondes hinzu Passe dein Kunstwerk in 3 einfachen Schritten an W\u00e4hle aus einer Vielzahl atemberaubender Designs Sieh das Ergebnis sofort \u2013 die interaktive Vorschau erm\u00f6glicht dir, jedes Detail direkt anzupassen\" \/>\n<meta property=\"og:url\" content=\"https:\/\/positiveprints.com\/de\/produkt\/unser-mond\/\" \/>\n<meta property=\"og:site_name\" content=\"Positive Prints\" \/>\n<meta property=\"article:publisher\" content=\"https:\/\/www.facebook.com\/positiveprintscom\" \/>\n<meta property=\"article:modified_time\" content=\"2026-04-18T06:02:10+00:00\" \/>\n<meta property=\"og:image\" content=\"https:\/\/positiveprints.com\/wp-content\/uploads\/2024\/10\/Packshot_DE_our-moon-product-image.webp\" \/>\n\t<meta property=\"og:image:width\" content=\"1450\" \/>\n\t<meta property=\"og:image:height\" content=\"1450\" \/>\n\t<meta property=\"og:image:type\" content=\"image\/webp\" \/>\n<meta name=\"twitter:card\" content=\"summary_large_image\" \/>\n<meta name=\"twitter:label1\" content=\"Gesch\u00e4tzte Lesezeit\" \/>\n\t<meta name=\"twitter:data1\" content=\"2\u00a0Minuten\" \/>\n<!-- \/ Yoast SEO Premium plugin. -->","yoast_head_json":{"title":"Unser Mond - Personalisiertes Jubil\u00e4umsgeschenk - Positive Prints","description":"Lass die magische Zeit einer Nacht, jedes Mal, wenn du dein Mondposter betrachten wirst, neu erblicken.","robots":{"index":"index","follow":"follow","max-snippet":"max-snippet:-1","max-image-preview":"max-image-preview:large","max-video-preview":"max-video-preview:-1"},"canonical":"https:\/\/positiveprints.com\/de\/produkt\/unser-mond\/","og_locale":"de_DE","og_type":"article","og_title":"Unser Mond","og_description":"F\u00fcge den einzigartigen Schatten des Mondes hinzu Passe dein Kunstwerk in 3 einfachen Schritten an W\u00e4hle aus einer Vielzahl atemberaubender Designs Sieh das Ergebnis sofort \u2013 die interaktive Vorschau erm\u00f6glicht dir, jedes Detail direkt anzupassen","og_url":"https:\/\/positiveprints.com\/de\/produkt\/unser-mond\/","og_site_name":"Positive Prints","article_publisher":"https:\/\/www.facebook.com\/positiveprintscom","article_modified_time":"2026-04-18T06:02:10+00:00","og_image":[{"width":1450,"height":1450,"url":"https:\/\/positiveprints.com\/wp-content\/uploads\/2024\/10\/Packshot_DE_our-moon-product-image.webp","type":"image\/webp"}],"twitter_card":"summary_large_image","twitter_misc":{"Gesch\u00e4tzte Lesezeit":"2\u00a0Minuten"},"schema":{"@context":"https:\/\/schema.org","@graph":[{"@type":["WebPage","ItemPage"],"@id":"https:\/\/positiveprints.com\/de\/produkt\/unser-mond\/","url":"https:\/\/positiveprints.com\/de\/produkt\/unser-mond\/","name":"Unser Mond - Personalisiertes Jubil\u00e4umsgeschenk - Positive Prints","isPartOf":{"@id":"https:\/\/positiveprints.com\/de\/#website"},"primaryImageOfPage":{"@id":"https:\/\/positiveprints.com\/de\/produkt\/unser-mond\/#primaryimage"},"image":{"@id":"https:\/\/positiveprints.com\/de\/produkt\/unser-mond\/#primaryimage"},"thumbnailUrl":"https:\/\/positiveprints.com\/wp-content\/uploads\/2026\/03\/Packshot_DE_Unser-Mond.webp","datePublished":"2022-02-21T11:26:30+00:00","dateModified":"2026-04-18T06:02:10+00:00","description":"Lass die magische Zeit einer Nacht, jedes Mal, wenn du dein Mondposter betrachten wirst, neu erblicken.","breadcrumb":{"@id":"https:\/\/positiveprints.com\/de\/produkt\/unser-mond\/#breadcrumb"},"inLanguage":"de","potentialAction":[{"@type":"ReadAction","target":["https:\/\/positiveprints.com\/de\/produkt\/unser-mond\/"]}]},{"@type":"ImageObject","inLanguage":"de","@id":"https:\/\/positiveprints.com\/de\/produkt\/unser-mond\/#primaryimage","url":"https:\/\/positiveprints.com\/wp-content\/uploads\/2026\/03\/Packshot_DE_Unser-Mond.webp","contentUrl":"https:\/\/positiveprints.com\/wp-content\/uploads\/2026\/03\/Packshot_DE_Unser-Mond.webp","width":1450,"height":1450},{"@type":"BreadcrumbList","@id":"https:\/\/positiveprints.com\/de\/produkt\/unser-mond\/#breadcrumb","itemListElement":[{"@type":"ListItem","position":1,"name":"Startseite","item":"https:\/\/positiveprints.com\/de\/"},{"@type":"ListItem","position":2,"name":"Produkte","item":"https:\/\/positiveprints.com\/de\/shop\/"},{"@type":"ListItem","position":3,"name":"Unser Mond"}]},{"@type":"WebSite","@id":"https:\/\/positiveprints.com\/de\/#website","url":"https:\/\/positiveprints.com\/de\/","name":"Positive Prints","description":"Amazing Custom Personalized Gifts","publisher":{"@id":"https:\/\/positiveprints.com\/de\/#organization"},"potentialAction":[{"@type":"SearchAction","target":{"@type":"EntryPoint","urlTemplate":"https:\/\/positiveprints.com\/de\/?s={search_term_string}"},"query-input":{"@type":"PropertyValueSpecification","valueRequired":true,"valueName":"search_term_string"}}],"inLanguage":"de"},{"@type":"Organization","@id":"https:\/\/positiveprints.com\/de\/#organization","name":"Positive Prints","alternateName":"Positive Prints","url":"https:\/\/positiveprints.com\/de\/","logo":{"@type":"ImageObject","inLanguage":"de","@id":"https:\/\/positiveprints.com\/de\/#\/schema\/logo\/image\/","url":"https:\/\/positiveprints.com\/wp-content\/uploads\/2026\/03\/245815646_1337939713319158_5671353136411139666_n.png","contentUrl":"https:\/\/positiveprints.com\/wp-content\/uploads\/2026\/03\/245815646_1337939713319158_5671353136411139666_n.png","width":800,"height":800,"caption":"Positive Prints"},"image":{"@id":"https:\/\/positiveprints.com\/de\/#\/schema\/logo\/image\/"},"sameAs":["https:\/\/www.facebook.com\/positiveprintscom","https:\/\/www.instagram.com\/positiveprintscom\/","https:\/\/www.tiktok.com\/@positiveprintscom","https:\/\/www.pinterest.com\/positiveprintscom\/"]}]}},"jetpack_sharing_enabled":true,"_links":{"self":[{"href":"https:\/\/positiveprints.com\/de\/wp-json\/wp\/v2\/product\/244841","targetHints":{"allow":["GET"]}}],"collection":[{"href":"https:\/\/positiveprints.com\/de\/wp-json\/wp\/v2\/product"}],"about":[{"href":"https:\/\/positiveprints.com\/de\/wp-json\/wp\/v2\/types\/product"}],"wp:featuredmedia":[{"embeddable":true,"href":"https:\/\/positiveprints.com\/de\/wp-json\/wp\/v2\/media\/1689362"}],"wp:attachment":[{"href":"https:\/\/positiveprints.com\/de\/wp-json\/wp\/v2\/media?parent=244841"}],"wp:term":[{"taxonomy":"product_brand","embeddable":true,"href":"https:\/\/positiveprints.com\/de\/wp-json\/wp\/v2\/product_brand?post=244841"},{"taxonomy":"product_cat","embeddable":true,"href":"https:\/\/positiveprints.com\/de\/wp-json\/wp\/v2\/product_cat?post=244841"},{"taxonomy":"product_tag","embeddable":true,"href":"https:\/\/positiveprints.com\/de\/wp-json\/wp\/v2\/product_tag?post=244841"}],"curies":[{"name":"wp","href":"https:\/\/api.w.org\/{rel}","templated":true}]}}