{"id":19943,"date":"2020-05-30T13:17:25","date_gmt":"2020-05-30T14:17:25","guid":{"rendered":"https:\/\/positiveprints.com\/product\/das-trio-geburtsposter\/"},"modified":"2026-04-13T01:20:19","modified_gmt":"2026-04-13T00:20:19","slug":"geburtsposter-fuer-drillinge","status":"publish","type":"product","link":"https:\/\/positiveprints.com\/de\/produkt\/geburtsposter-fuer-drillinge\/","title":{"rendered":"Geburtsposter f\u00fcr Drillinge"},"content":{"rendered":"<p>Es gibt nichts Wunderbareres, Sch\u00f6neres oder Lebensbejahenderes als die Geburt eines Kindes, insbesondere deines Kindes. Wir m\u00f6chten dir helfen, das Ereignis mit einem Geburtsposter f\u00fcr Drillinge im Ma\u00dfstab 1:1 zu verewigen. So h\u00e4ltst du den Moment fest, an dem dein neugeborenes Kind wird auf diese Welt kam.<\/p>\r\n\r\n<h2 class=\"grenB f24 cblue\" style=\"margin-top: 3rem\">Geburtsposter f\u00fcr Drillinge<\/h2>\r\n\r\n<p style=\"margin-top: 1rem\">Du wirst erstaunt sein, wie schnell dein Kind erwachsen wird! Schneller als wenn du bist 10 z\u00e4hlen kannst, wird es herumlaufen und die Welt um sich herum umarmen. Mit einem <a href=\"https:\/\/positiveprints.com\/de\/produkt\/geburtsposter\/\">Geburtsposter<\/a> erh\u00e4ltst du ein visuelles Andenken daran, wie klein dein Baby war, als es geboren wurde. Jedes Poster ist ma\u00dfstabsgetreu gestaltet und das ideale Andenken an den Beginn eurer gemeinsamen Reise.<\/p>\r\n\r\n<p style=\"margin-top: 1rem\">Jedes Poster hat ein klares, minimalistisches Design, das zur Dekoration jedes Raums passt. Auf jedem Neugeborenenplakat sind folgende Details in einer eleganten Schrift auffindbar: der Name des Kindes, das Geburtsdatum sowie die Gr\u00f6\u00dfe und das Gewicht. Ein <a href=\"https:\/\/positiveprints.com\/de\/produkt\/geburtsposter\/\">Babyplakat<\/a> ist das perfekte Geschenk f\u00fcr frisch gewordenen Eltern. Das einzigartige Geschenk, um den neuen Familienzuwachs willkommen zu hei\u00dfen. Beschenke dich selber oder andere :)<\/p>\r\n\r\n<p style=\"margin-top: 1rem\">Jedes <a href=\"https:\/\/positiveprints.com\/de\/produkt\/geburtsposter\/\">Babyplakat<\/a> wird auf Bestellung angefertigt und mit dem Namen und den Geburtsinformationen des Babys versehen, einschlie\u00dflich:<\/p>\r\n\r\n<ul>\r\n         <li>Geburtsdatum \/ -zeit<\/li>\r\n         <li>Geburtsgewicht (in Pfund \/ Unzen oder Kilogramm)<\/li>\r\n         <li>Geburtsh\u00f6he (in Zoll \/ Zentimeter)<\/li>\r\n<\/ul>\r\n\r\n<p style=\"margin-top: 1rem\">Das Baby Bild wird im perfekten Ma\u00dfstab 1 : 1 auf das Poster gedruckt, sodass die Gr\u00f6\u00dfe deines Kindes genau angezeigt wird.<\/p>\r\n\r\n<h2 class=\"grenB f24 cblue\" style=\"margin-top: 3rem\">Druckversion<\/h2>\r\n\r\n<p style=\"margin-top: 1rem\">Wir drucken unsere Babyplakate auf hochwertigem mattem Papier (190 g), damit es jahrelang gut aussieht, egal wo oder wie es h\u00e4ngt. Wenn du dein Poster online erstellst, ist eine sofortige Vorschau des Endergebnisses verf\u00fcgbar, sodass du sofort sicherstellen kannst, dass alle Informationen und Gr\u00f6\u00dfen korrekt sind, bevor das Poster gedruckt und versendet wird. Sobald du deine Bestellung online aufgibst, wird dein Neugeborenenplakat gedruckt und innerhalb von zwei Tagen an dich versandt<\/p>\r\n\r\n<h2 class=\"grenB f24 cblue\" style=\"margin-top: 3rem\">Digitale Variante<\/h2>\r\n\r\n<p style=\"margin-top: 1rem\">Bist du etwa wegen den Versandzeiten besorgt? Ben\u00f6tigst du ein Last-Minute-Geschenk? Deine digitalen Dateien stehen nach dem Kauf sofort zum Download zur Verf\u00fcgung. Die digitalen Dateien k\u00f6nnen im 70 x 100 cm Format gedruckt werden, um die L\u00e4nge des Babys genau wiederzugeben.<\/p>","protected":false},"excerpt":{"rendered":"<ul class=\"check-list\">\n<li>Halte wertvolle Erinnerungen an die ersten Momente deines Babys fest \u2013 kreiere ein einzigartiges Geschenk, das alle Eltern f\u00fcr immer sch\u00e4tzen werden<\/li>\n<li>Erinnere dich an Geburtsdetails wie Namen, Geburtsdaten, Gr\u00f6\u00dfe und Gewicht <\/li>\n<li>W\u00e4hle aus 4 Illustrationen aus und skaliere es 1:1 auf die L\u00e4nge des Babys bei der Geburt<\/li>\n<li>Sieh das Ergebnis sofort \u2013 die interaktive Vorschau erm\u00f6glicht dir, jedes Detail direkt anzupassen<\/li>\n<\/ul>\n","protected":false},"featured_media":269989,"template":"","meta":[],"product_brand":[],"product_cat":[105,1522],"product_tag":[9474,9489,8448],"class_list":{"0":"post-19943","1":"product","2":"type-product","3":"status-publish","4":"has-post-thumbnail","6":"product_cat-alle-produkte","7":"product_cat-infant-de-2","8":"product_tag-babyplakat","9":"product_tag-neugeborenes","10":"product_tag-new-parents-de","12":"first","13":"instock","14":"sale","15":"taxable","16":"shipping-taxable","17":"purchasable","18":"product-type-variable"},"yoast_head":"<!-- This site is optimized with the Yoast SEO Premium plugin v27.2 (Yoast SEO v27.2) - https:\/\/yoast.com\/product\/yoast-seo-premium-wordpress\/ -->\n<title>Geburtsposter f\u00fcr Drillinge und Geschwister - Positive Prints<\/title>\n<meta name=\"description\" content=\"Ein Geburtsposter f\u00fcr Drillinge und Geschwister, dies zeigt die Gr\u00f6\u00dfe Ihrer Babys bei der Geburt im Ma\u00dfstab 1:1.\" \/>\n<meta name=\"robots\" content=\"index, follow, max-snippet:-1, max-image-preview:large, max-video-preview:-1\" \/>\n<link rel=\"canonical\" href=\"https:\/\/positiveprints.com\/de\/produkt\/geburtsposter-fuer-drillinge\/\" \/>\n<meta property=\"og:locale\" content=\"de_DE\" \/>\n<meta property=\"og:type\" content=\"article\" \/>\n<meta property=\"og:title\" content=\"Geburtsposter f\u00fcr Drillinge\" \/>\n<meta property=\"og:description\" content=\"Halte wertvolle Erinnerungen an die ersten Momente deines Babys fest \u2013 kreiere ein einzigartiges Geschenk, das alle Eltern f\u00fcr immer sch\u00e4tzen werden  Erinnere dich an Geburtsdetails wie Namen, Geburtsdaten, Gr\u00f6\u00dfe und Gewicht   W\u00e4hle aus 4 Illustrationen aus und skaliere es 1:1 auf die L\u00e4nge des Babys bei der Geburt  Sieh das Ergebnis sofort \u2013 die interaktive Vorschau erm\u00f6glicht dir, jedes Detail direkt anzupassen\" \/>\n<meta property=\"og:url\" content=\"https:\/\/positiveprints.com\/de\/produkt\/geburtsposter-fuer-drillinge\/\" \/>\n<meta property=\"og:site_name\" content=\"Positive Prints\" \/>\n<meta property=\"article:publisher\" content=\"https:\/\/www.facebook.com\/positiveprintscom\" \/>\n<meta property=\"article:modified_time\" content=\"2026-04-13T00:20:19+00:00\" \/>\n<meta property=\"og:image\" content=\"https:\/\/positiveprints.com\/wp-content\/uploads\/2022\/05\/geschenk-drillinge.jpg\" \/>\n\t<meta property=\"og:image:width\" content=\"1080\" \/>\n\t<meta property=\"og:image:height\" content=\"1080\" \/>\n\t<meta property=\"og:image:type\" content=\"image\/jpeg\" \/>\n<meta name=\"twitter:card\" content=\"summary_large_image\" \/>\n<meta name=\"twitter:label1\" content=\"Gesch\u00e4tzte Lesezeit\" \/>\n\t<meta name=\"twitter:data1\" content=\"2\u00a0Minuten\" \/>\n<!-- \/ Yoast SEO Premium plugin. -->","yoast_head_json":{"title":"Geburtsposter f\u00fcr Drillinge und Geschwister - Positive Prints","description":"Ein Geburtsposter f\u00fcr Drillinge und Geschwister, dies zeigt die Gr\u00f6\u00dfe Ihrer Babys bei der Geburt im Ma\u00dfstab 1:1.","robots":{"index":"index","follow":"follow","max-snippet":"max-snippet:-1","max-image-preview":"max-image-preview:large","max-video-preview":"max-video-preview:-1"},"canonical":"https:\/\/positiveprints.com\/de\/produkt\/geburtsposter-fuer-drillinge\/","og_locale":"de_DE","og_type":"article","og_title":"Geburtsposter f\u00fcr Drillinge","og_description":"Halte wertvolle Erinnerungen an die ersten Momente deines Babys fest \u2013 kreiere ein einzigartiges Geschenk, das alle Eltern f\u00fcr immer sch\u00e4tzen werden  Erinnere dich an Geburtsdetails wie Namen, Geburtsdaten, Gr\u00f6\u00dfe und Gewicht   W\u00e4hle aus 4 Illustrationen aus und skaliere es 1:1 auf die L\u00e4nge des Babys bei der Geburt  Sieh das Ergebnis sofort \u2013 die interaktive Vorschau erm\u00f6glicht dir, jedes Detail direkt anzupassen","og_url":"https:\/\/positiveprints.com\/de\/produkt\/geburtsposter-fuer-drillinge\/","og_site_name":"Positive Prints","article_publisher":"https:\/\/www.facebook.com\/positiveprintscom","article_modified_time":"2026-04-13T00:20:19+00:00","og_image":[{"width":1080,"height":1080,"url":"https:\/\/positiveprints.com\/wp-content\/uploads\/2022\/05\/geschenk-drillinge.jpg","type":"image\/jpeg"}],"twitter_card":"summary_large_image","twitter_misc":{"Gesch\u00e4tzte Lesezeit":"2\u00a0Minuten"},"schema":{"@context":"https:\/\/schema.org","@graph":[{"@type":["WebPage","ItemPage"],"@id":"https:\/\/positiveprints.com\/de\/produkt\/geburtsposter-fuer-drillinge\/","url":"https:\/\/positiveprints.com\/de\/produkt\/geburtsposter-fuer-drillinge\/","name":"Geburtsposter f\u00fcr Drillinge und Geschwister - Positive Prints","isPartOf":{"@id":"https:\/\/positiveprints.com\/de\/#website"},"primaryImageOfPage":{"@id":"https:\/\/positiveprints.com\/de\/produkt\/geburtsposter-fuer-drillinge\/#primaryimage"},"image":{"@id":"https:\/\/positiveprints.com\/de\/produkt\/geburtsposter-fuer-drillinge\/#primaryimage"},"thumbnailUrl":"https:\/\/positiveprints.com\/wp-content\/uploads\/2022\/05\/geschenk-drillinge.jpg","datePublished":"2020-05-30T14:17:25+00:00","dateModified":"2026-04-13T00:20:19+00:00","description":"Ein Geburtsposter f\u00fcr Drillinge und Geschwister, dies zeigt die Gr\u00f6\u00dfe Ihrer Babys bei der Geburt im Ma\u00dfstab 1:1.","breadcrumb":{"@id":"https:\/\/positiveprints.com\/de\/produkt\/geburtsposter-fuer-drillinge\/#breadcrumb"},"inLanguage":"de","potentialAction":[{"@type":"ReadAction","target":["https:\/\/positiveprints.com\/de\/produkt\/geburtsposter-fuer-drillinge\/"]}]},{"@type":"ImageObject","inLanguage":"de","@id":"https:\/\/positiveprints.com\/de\/produkt\/geburtsposter-fuer-drillinge\/#primaryimage","url":"https:\/\/positiveprints.com\/wp-content\/uploads\/2022\/05\/geschenk-drillinge.jpg","contentUrl":"https:\/\/positiveprints.com\/wp-content\/uploads\/2022\/05\/geschenk-drillinge.jpg","width":1080,"height":1080},{"@type":"BreadcrumbList","@id":"https:\/\/positiveprints.com\/de\/produkt\/geburtsposter-fuer-drillinge\/#breadcrumb","itemListElement":[{"@type":"ListItem","position":1,"name":"Startseite","item":"https:\/\/positiveprints.com\/de\/"},{"@type":"ListItem","position":2,"name":"Produkte","item":"https:\/\/positiveprints.com\/de\/shop\/"},{"@type":"ListItem","position":3,"name":"Geburtsposter f\u00fcr Drillinge"}]},{"@type":"WebSite","@id":"https:\/\/positiveprints.com\/de\/#website","url":"https:\/\/positiveprints.com\/de\/","name":"Positive Prints","description":"Amazing Custom Personalized Gifts","publisher":{"@id":"https:\/\/positiveprints.com\/de\/#organization"},"potentialAction":[{"@type":"SearchAction","target":{"@type":"EntryPoint","urlTemplate":"https:\/\/positiveprints.com\/de\/?s={search_term_string}"},"query-input":{"@type":"PropertyValueSpecification","valueRequired":true,"valueName":"search_term_string"}}],"inLanguage":"de"},{"@type":"Organization","@id":"https:\/\/positiveprints.com\/de\/#organization","name":"Positive Prints","alternateName":"Positive Prints","url":"https:\/\/positiveprints.com\/de\/","logo":{"@type":"ImageObject","inLanguage":"de","@id":"https:\/\/positiveprints.com\/de\/#\/schema\/logo\/image\/","url":"https:\/\/positiveprints.com\/wp-content\/uploads\/2026\/03\/245815646_1337939713319158_5671353136411139666_n.png","contentUrl":"https:\/\/positiveprints.com\/wp-content\/uploads\/2026\/03\/245815646_1337939713319158_5671353136411139666_n.png","width":800,"height":800,"caption":"Positive Prints"},"image":{"@id":"https:\/\/positiveprints.com\/de\/#\/schema\/logo\/image\/"},"sameAs":["https:\/\/www.facebook.com\/positiveprintscom","https:\/\/www.instagram.com\/positiveprintscom\/","https:\/\/www.tiktok.com\/@positiveprintscom","https:\/\/www.pinterest.com\/positiveprintscom\/"]}]}},"jetpack_sharing_enabled":true,"_links":{"self":[{"href":"https:\/\/positiveprints.com\/de\/wp-json\/wp\/v2\/product\/19943","targetHints":{"allow":["GET"]}}],"collection":[{"href":"https:\/\/positiveprints.com\/de\/wp-json\/wp\/v2\/product"}],"about":[{"href":"https:\/\/positiveprints.com\/de\/wp-json\/wp\/v2\/types\/product"}],"wp:featuredmedia":[{"embeddable":true,"href":"https:\/\/positiveprints.com\/de\/wp-json\/wp\/v2\/media\/269989"}],"wp:attachment":[{"href":"https:\/\/positiveprints.com\/de\/wp-json\/wp\/v2\/media?parent=19943"}],"wp:term":[{"taxonomy":"product_brand","embeddable":true,"href":"https:\/\/positiveprints.com\/de\/wp-json\/wp\/v2\/product_brand?post=19943"},{"taxonomy":"product_cat","embeddable":true,"href":"https:\/\/positiveprints.com\/de\/wp-json\/wp\/v2\/product_cat?post=19943"},{"taxonomy":"product_tag","embeddable":true,"href":"https:\/\/positiveprints.com\/de\/wp-json\/wp\/v2\/product_tag?post=19943"}],"curies":[{"name":"wp","href":"https:\/\/api.w.org\/{rel}","templated":true}]}}