{"id":19934,"date":"2020-05-30T12:47:24","date_gmt":"2020-05-30T11:47:24","guid":{"rendered":"https:\/\/positiveprints.com\/product\/geburts-poster-duo\/"},"modified":"2026-04-13T01:20:24","modified_gmt":"2026-04-13T00:20:24","slug":"geburtsposter-fuer-zwillinge","status":"publish","type":"product","link":"https:\/\/positiveprints.com\/de\/produkt\/geburtsposter-fuer-zwillinge\/","title":{"rendered":"Geburtsposter f\u00fcr Zwillinge"},"content":{"rendered":"<p>Es gibt nichts Wunderbareres, Sch\u00f6neres oder Lebensbejahenderes als die Geburt eines Kindes, insbesondere deines Kindes. Wir m\u00f6chten dir helfen, das Ereignis mit einem Babyplakat im Ma\u00dfstab 1 : 1 zu verewigen. So h\u00e4ltst du den Moment fest, an dem dein neugeborenes Kind wird auf diese Welt kam.<\/p>\r\n\r\n<p style=\"margin-top: 1rem\">Du wirst erstaunt sein, wie schnell dein Kind erwachsen wird! Schneller als wenn du bist 10 z\u00e4hlen kannst, wird es herumlaufen und die Welt um sich herum umarmen. Mit einem Babyplakat erh\u00e4ltst du ein visuelles Andenken daran, wie klein dein Baby war, als es geboren wurde. Jedes Poster ist ma\u00dfstabsgetreu gestaltet und das ideale Andenken an den Beginn eurer gemeinsamen Reise.<\/p>\r\n\r\n<h2 class=\"grenB f24 cblue\" style=\"margin-top: 3rem\">Geschwisterposter (Duo) &#8211; Benutzerdefiniertes Babyplakat deiner Neugeborenen (Zwillinge oder Geschwister)<\/h2>\r\n\r\n<p style=\"margin-top: 1rem\">Jedes Poster hat ein klares, minimalistisches Design, das zur Dekoration jedes Raums passt. Auf jedem Neugeborenenplakat sind folgende Details in einer eleganten Schrift auffindbar: der Name des Kindes, das Geburtsdatum sowie die Gr\u00f6\u00dfe und das Gewicht. Ein Babyplakat ist das perfekte Geschenk f\u00fcr frisch gewordenen Eltern. Das einzigartige Geschenk, um den neuen Familienzuwachs willkommen zu hei\u00dfen. Beschenke dich selber oder andere :) <\/p>\r\n\r\n<p style=\"margin-top: 1rem\">Wurdest du mit Drillingen gesegnet? Ehre alle Geschwister gleichzeitig mit einem <a href=\"https:\/\/positiveprints.com\/de\/produkt\/das-trio-geburtsposter\/\">TRIO<\/a>-Drucke.<\/p>\r\n\r\n<p style=\"margin-top: 1rem\">Jedes Babyplakat wird auf Bestellung angefertigt und mit dem Namen und den Geburtsinformationen des Babys versehen, einschlie\u00dflich:<\/p>\r\n<ul>\r\n         <li style=\"font-weight: 400;\"><span style=\"font-weight: 400;\">Geburtsdatum \/ -zeit<\/span><\/li>\r\n         <li style=\"font-weight: 400;\"><span style=\"font-weight: 400;\">Geburtsgewicht (in Pfund \/ Unzen oder Kilogramm)<\/span><\/li>\r\n         <li style=\"font-weight: 400;\"><span style=\"font-weight: 400;\">Geburtsh\u00f6he (in Zoll \/ Zentimeter)<\/span><\/li>\r\n<\/ul>\r\n<p style=\"margin-top: 1rem\">Das <a href=\"https:\/\/positiveprints.com\/de\/produkt\/geburtsposter\/\">Geburtsposter<\/a> wird im perfekten Ma\u00dfstab 1 : 1 auf das Poster gedruckt, sodass die Gr\u00f6\u00dfe deines Kindes genau angezeigt wird.<\/p>\r\n\r\n<p style=\"margin-top: 1rem\">Zur Druckversion: Wir drucken unsere Babyplakate auf hochwertigem mattem Papier (190 g), damit es jahrelang gut aussieht, egal wo oder wie es h\u00e4ngt. <\/span><span style=\"font-weight: 400;\">Wenn du dein Poster online erstellst, ist eine sofortige Vorschau des Endergebnisses verf\u00fcgbar, sodass du sofort sicherstellen kannst, dass alle Informationen und Gr\u00f6\u00dfen korrekt sind, bevor das Poster gedruckt und versendet wird. Sobald du deine Bestellung online aufgibst, wird dein Neugeborenenplakat gedruckt und innerhalb von vier Tagen an dich versandt.<\/p>\r\n\r\n<p style=\"margin-top: 1rem\">Zur Digitalversion: Bist du etwa wegen den Versandzeiten besorgt? Ben\u00f6tigst du ein Last-Minute-Geschenk? Deine digitalen Dateien stehen nach dem Kauf sofort zum Download zur Verf\u00fcgung. Die digitalen Dateien k\u00f6nnen im 50x70cm, 18x24in, 20x30in oder 24x36in Format gedruckt werden, um die L\u00e4nge des Babys genau wiederzugeben.<\/p>","protected":false},"excerpt":{"rendered":"<ul class=\"check-list\">\n<li>Bewahre wertvolle Erinnerungen mit unseren &#8216;Baby-Skizze&#8217; &#8211; ein einzigartiges Geschenk, das frischgewordenen Eltern f\u00fcr immer sch\u00e4tzen werden<\/li>\n<li>Personalisiere es mit Geburtsdaten wie Namen, Geburtsdatum, Gr\u00f6\u00dfe und Gewicht <\/li>\n<li>W\u00e4hle eine von 4 Illustrationen aus und skaliere diesie 1:1 auf die Geburtsl\u00e4nge der Babys<\/li>\n<li>Sieh das Ergebnis sofort \u2013 die interaktive Vorschau erm\u00f6glicht dir, jedes Detail direkt anzupassen<\/li>\n<\/ul>\n","protected":false},"featured_media":269485,"template":"","meta":[],"product_brand":[],"product_cat":[1522,5252,5266,15056,11364,7622,7735,7814],"product_tag":[9474,16919,9489,8448,13461],"class_list":{"0":"post-19934","1":"product","2":"type-product","3":"status-publish","4":"has-post-thumbnail","6":"product_cat-infant-de-2","7":"product_cat-babygeburtsgeschenke","8":"product_cat-weihnachtsgeschenke","9":"product_cat-weihnachtsgeschenke-fuer-familie","10":"product_cat-weihnachtsgeschenke-fur-die-eltern","11":"product_cat-geschenke-fur-bruder","12":"product_cat-geschenke-fur-schwester","13":"product_cat-geschenke-fur-frisch-gewordene-eltern","14":"product_tag-babyplakat","15":"product_tag-christmas-gifts-for-family-de","16":"product_tag-neugeborenes","17":"product_tag-new-parents-de","18":"product_tag-weihnachtsgeschenke-fur-die-familie","20":"first","21":"instock","22":"sale","23":"taxable","24":"shipping-taxable","25":"purchasable","26":"product-type-variable"},"yoast_head":"<!-- This site is optimized with the Yoast SEO Premium plugin v27.2 (Yoast SEO v27.2) - https:\/\/yoast.com\/product\/yoast-seo-premium-wordpress\/ -->\n<title>Geburtsposter f\u00fcr Zwillinge und Geschwister - Positive Prints<\/title>\n<meta name=\"description\" content=\"Ein Geburtsposter f\u00fcr Zwillinge und Geschwister, dies zeigt die Gr\u00f6\u00dfe Ihrer Babys bei der Geburt im Ma\u00dfstab 1:1.\" \/>\n<meta name=\"robots\" content=\"index, follow, max-snippet:-1, max-image-preview:large, max-video-preview:-1\" \/>\n<link rel=\"canonical\" href=\"https:\/\/positiveprints.com\/de\/produkt\/geburtsposter-fuer-zwillinge\/\" \/>\n<meta property=\"og:locale\" content=\"de_DE\" \/>\n<meta property=\"og:type\" content=\"article\" \/>\n<meta property=\"og:title\" content=\"Geburtsposter f\u00fcr Zwillinge\" \/>\n<meta property=\"og:description\" content=\"Bewahre wertvolle Erinnerungen mit unseren &#039;Baby-Skizze&#039; - ein einzigartiges Geschenk, das frischgewordenen Eltern f\u00fcr immer sch\u00e4tzen werden  Personalisiere es mit Geburtsdaten wie Namen, Geburtsdatum, Gr\u00f6\u00dfe und Gewicht   W\u00e4hle eine von 4 Illustrationen aus und skaliere diesie 1:1 auf die Geburtsl\u00e4nge der Babys  Sieh das Ergebnis sofort \u2013 die interaktive Vorschau erm\u00f6glicht dir, jedes Detail direkt anzupassen\" \/>\n<meta property=\"og:url\" content=\"https:\/\/positiveprints.com\/de\/produkt\/geburtsposter-fuer-zwillinge\/\" \/>\n<meta property=\"og:site_name\" content=\"Positive Prints\" \/>\n<meta property=\"article:publisher\" content=\"https:\/\/www.facebook.com\/positiveprintscom\" \/>\n<meta property=\"article:modified_time\" content=\"2026-04-13T00:20:24+00:00\" \/>\n<meta property=\"og:image\" content=\"https:\/\/positiveprints.com\/wp-content\/uploads\/2022\/05\/geburtsposter-geschwister.jpg\" \/>\n\t<meta property=\"og:image:width\" content=\"1080\" \/>\n\t<meta property=\"og:image:height\" content=\"1080\" \/>\n\t<meta property=\"og:image:type\" content=\"image\/jpeg\" \/>\n<meta name=\"twitter:card\" content=\"summary_large_image\" \/>\n<meta name=\"twitter:label1\" content=\"Gesch\u00e4tzte Lesezeit\" \/>\n\t<meta name=\"twitter:data1\" content=\"2\u00a0Minuten\" \/>\n<!-- \/ Yoast SEO Premium plugin. -->","yoast_head_json":{"title":"Geburtsposter f\u00fcr Zwillinge und Geschwister - Positive Prints","description":"Ein Geburtsposter f\u00fcr Zwillinge und Geschwister, dies zeigt die Gr\u00f6\u00dfe Ihrer Babys bei der Geburt im Ma\u00dfstab 1:1.","robots":{"index":"index","follow":"follow","max-snippet":"max-snippet:-1","max-image-preview":"max-image-preview:large","max-video-preview":"max-video-preview:-1"},"canonical":"https:\/\/positiveprints.com\/de\/produkt\/geburtsposter-fuer-zwillinge\/","og_locale":"de_DE","og_type":"article","og_title":"Geburtsposter f\u00fcr Zwillinge","og_description":"Bewahre wertvolle Erinnerungen mit unseren 'Baby-Skizze' - ein einzigartiges Geschenk, das frischgewordenen Eltern f\u00fcr immer sch\u00e4tzen werden  Personalisiere es mit Geburtsdaten wie Namen, Geburtsdatum, Gr\u00f6\u00dfe und Gewicht   W\u00e4hle eine von 4 Illustrationen aus und skaliere diesie 1:1 auf die Geburtsl\u00e4nge der Babys  Sieh das Ergebnis sofort \u2013 die interaktive Vorschau erm\u00f6glicht dir, jedes Detail direkt anzupassen","og_url":"https:\/\/positiveprints.com\/de\/produkt\/geburtsposter-fuer-zwillinge\/","og_site_name":"Positive Prints","article_publisher":"https:\/\/www.facebook.com\/positiveprintscom","article_modified_time":"2026-04-13T00:20:24+00:00","og_image":[{"width":1080,"height":1080,"url":"https:\/\/positiveprints.com\/wp-content\/uploads\/2022\/05\/geburtsposter-geschwister.jpg","type":"image\/jpeg"}],"twitter_card":"summary_large_image","twitter_misc":{"Gesch\u00e4tzte Lesezeit":"2\u00a0Minuten"},"schema":{"@context":"https:\/\/schema.org","@graph":[{"@type":["WebPage","ItemPage"],"@id":"https:\/\/positiveprints.com\/de\/produkt\/geburtsposter-fuer-zwillinge\/","url":"https:\/\/positiveprints.com\/de\/produkt\/geburtsposter-fuer-zwillinge\/","name":"Geburtsposter f\u00fcr Zwillinge und Geschwister - Positive Prints","isPartOf":{"@id":"https:\/\/positiveprints.com\/de\/#website"},"primaryImageOfPage":{"@id":"https:\/\/positiveprints.com\/de\/produkt\/geburtsposter-fuer-zwillinge\/#primaryimage"},"image":{"@id":"https:\/\/positiveprints.com\/de\/produkt\/geburtsposter-fuer-zwillinge\/#primaryimage"},"thumbnailUrl":"https:\/\/positiveprints.com\/wp-content\/uploads\/2022\/05\/geburtsposter-geschwister.jpg","datePublished":"2020-05-30T11:47:24+00:00","dateModified":"2026-04-13T00:20:24+00:00","description":"Ein Geburtsposter f\u00fcr Zwillinge und Geschwister, dies zeigt die Gr\u00f6\u00dfe Ihrer Babys bei der Geburt im Ma\u00dfstab 1:1.","breadcrumb":{"@id":"https:\/\/positiveprints.com\/de\/produkt\/geburtsposter-fuer-zwillinge\/#breadcrumb"},"inLanguage":"de","potentialAction":[{"@type":"ReadAction","target":["https:\/\/positiveprints.com\/de\/produkt\/geburtsposter-fuer-zwillinge\/"]}]},{"@type":"ImageObject","inLanguage":"de","@id":"https:\/\/positiveprints.com\/de\/produkt\/geburtsposter-fuer-zwillinge\/#primaryimage","url":"https:\/\/positiveprints.com\/wp-content\/uploads\/2022\/05\/geburtsposter-geschwister.jpg","contentUrl":"https:\/\/positiveprints.com\/wp-content\/uploads\/2022\/05\/geburtsposter-geschwister.jpg","width":1080,"height":1080},{"@type":"BreadcrumbList","@id":"https:\/\/positiveprints.com\/de\/produkt\/geburtsposter-fuer-zwillinge\/#breadcrumb","itemListElement":[{"@type":"ListItem","position":1,"name":"Startseite","item":"https:\/\/positiveprints.com\/de\/"},{"@type":"ListItem","position":2,"name":"Produkte","item":"https:\/\/positiveprints.com\/de\/shop\/"},{"@type":"ListItem","position":3,"name":"Geburtsposter f\u00fcr Zwillinge"}]},{"@type":"WebSite","@id":"https:\/\/positiveprints.com\/de\/#website","url":"https:\/\/positiveprints.com\/de\/","name":"Positive Prints","description":"Amazing Custom Personalized Gifts","publisher":{"@id":"https:\/\/positiveprints.com\/de\/#organization"},"potentialAction":[{"@type":"SearchAction","target":{"@type":"EntryPoint","urlTemplate":"https:\/\/positiveprints.com\/de\/?s={search_term_string}"},"query-input":{"@type":"PropertyValueSpecification","valueRequired":true,"valueName":"search_term_string"}}],"inLanguage":"de"},{"@type":"Organization","@id":"https:\/\/positiveprints.com\/de\/#organization","name":"Positive Prints","alternateName":"Positive Prints","url":"https:\/\/positiveprints.com\/de\/","logo":{"@type":"ImageObject","inLanguage":"de","@id":"https:\/\/positiveprints.com\/de\/#\/schema\/logo\/image\/","url":"https:\/\/positiveprints.com\/wp-content\/uploads\/2026\/03\/245815646_1337939713319158_5671353136411139666_n.png","contentUrl":"https:\/\/positiveprints.com\/wp-content\/uploads\/2026\/03\/245815646_1337939713319158_5671353136411139666_n.png","width":800,"height":800,"caption":"Positive Prints"},"image":{"@id":"https:\/\/positiveprints.com\/de\/#\/schema\/logo\/image\/"},"sameAs":["https:\/\/www.facebook.com\/positiveprintscom","https:\/\/www.instagram.com\/positiveprintscom\/","https:\/\/www.tiktok.com\/@positiveprintscom","https:\/\/www.pinterest.com\/positiveprintscom\/"]}]}},"jetpack_sharing_enabled":true,"_links":{"self":[{"href":"https:\/\/positiveprints.com\/de\/wp-json\/wp\/v2\/product\/19934","targetHints":{"allow":["GET"]}}],"collection":[{"href":"https:\/\/positiveprints.com\/de\/wp-json\/wp\/v2\/product"}],"about":[{"href":"https:\/\/positiveprints.com\/de\/wp-json\/wp\/v2\/types\/product"}],"wp:featuredmedia":[{"embeddable":true,"href":"https:\/\/positiveprints.com\/de\/wp-json\/wp\/v2\/media\/269485"}],"wp:attachment":[{"href":"https:\/\/positiveprints.com\/de\/wp-json\/wp\/v2\/media?parent=19934"}],"wp:term":[{"taxonomy":"product_brand","embeddable":true,"href":"https:\/\/positiveprints.com\/de\/wp-json\/wp\/v2\/product_brand?post=19934"},{"taxonomy":"product_cat","embeddable":true,"href":"https:\/\/positiveprints.com\/de\/wp-json\/wp\/v2\/product_cat?post=19934"},{"taxonomy":"product_tag","embeddable":true,"href":"https:\/\/positiveprints.com\/de\/wp-json\/wp\/v2\/product_tag?post=19934"}],"curies":[{"name":"wp","href":"https:\/\/api.w.org\/{rel}","templated":true}]}}