{"id":1665855,"date":"2026-03-06T12:32:42","date_gmt":"2026-03-06T11:32:42","guid":{"rendered":"https:\/\/positiveprints.com\/?post_type=product&#038;p=1665855"},"modified":"2026-04-03T02:12:46","modified_gmt":"2026-04-03T01:12:46","slug":"laeufer-collage-kunst","status":"publish","type":"product","link":"https:\/\/positiveprints.com\/de\/produkt\/laeufer-collage-kunst\/","title":{"rendered":"L\u00e4ufer-Collage-Kunst"},"content":{"rendered":"","protected":false},"excerpt":{"rendered":"<ul class=\"check-list\">\n<li>Lade eure Lieblingsfotos hoch, um jeden Buchstaben individuell zu gestalten<\/li>\n<li>F\u00fcge einen pers\u00f6nlichen Text hinzu<\/li>\n<li>Personalisiere dein Design in 3 einfachen Schritten<\/li>\n<li>Schau dir dein Design sofort in der interaktiven Vorschau an<\/li>\n<\/ul>\n","protected":false},"featured_media":1681347,"template":"","meta":[],"product_brand":[],"product_cat":[105,7671,11328,8209,11352,7878,11479,8819],"product_tag":[8567],"class_list":{"0":"post-1665855","1":"product","2":"type-product","3":"status-publish","4":"has-post-thumbnail","6":"product_cat-alle-produkte","7":"product_cat-geschenke-fur-deinen-freund","8":"product_cat-weihnachtsgeschenke-fur-den-freund","9":"product_cat-fur-ihn-de","10":"product_cat-weihnachtsgeschenke-fur-manner","11":"product_cat-geschenke-fur-sportfans","12":"product_cat-hobbys","13":"product_cat-photo-letter-de","14":"product_tag-sport-de","16":"first","17":"instock","18":"sale","19":"taxable","20":"shipping-taxable","21":"purchasable","22":"product-type-variable"},"yoast_head":"<!-- This site is optimized with the Yoast SEO Premium plugin v27.2 (Yoast SEO v27.2) - https:\/\/yoast.com\/product\/yoast-seo-premium-wordpress\/ -->\n<title>L\u00e4ufer-Collage-Kunst - Positive Prints<\/title>\n<meta name=\"description\" content=\"Erstelle eine personalisierte Collage aus Lauffotos, die den Werdegang und die Erfolge eines L\u00e4ufers w\u00fcrdigt und ein einzigartiges Geschenk darstellt, das der L\u00e4ufer jeden Tag aufs Neue sch\u00e4tzen wird.\" \/>\n<meta name=\"robots\" content=\"index, follow, max-snippet:-1, max-image-preview:large, max-video-preview:-1\" \/>\n<link rel=\"canonical\" href=\"https:\/\/positiveprints.com\/de\/produkt\/laeufer-collage-kunst\/\" \/>\n<meta property=\"og:locale\" content=\"de_DE\" \/>\n<meta property=\"og:type\" content=\"article\" \/>\n<meta property=\"og:title\" content=\"L\u00e4ufer-Collage-Kunst\" \/>\n<meta property=\"og:description\" content=\"Lade eure Lieblingsfotos hoch, um jeden Buchstaben individuell zu gestalten F\u00fcge einen pers\u00f6nlichen Text hinzu Personalisiere dein Design in 3 einfachen Schritten Schau dir dein Design sofort in der interaktiven Vorschau an\" \/>\n<meta property=\"og:url\" content=\"https:\/\/positiveprints.com\/de\/produkt\/laeufer-collage-kunst\/\" \/>\n<meta property=\"og:site_name\" content=\"Positive Prints\" \/>\n<meta property=\"article:publisher\" content=\"https:\/\/www.facebook.com\/positiveprintscom\" \/>\n<meta property=\"article:modified_time\" content=\"2026-04-03T01:12:46+00:00\" \/>\n<meta property=\"og:image\" content=\"https:\/\/positiveprints.com\/wp-content\/uploads\/2026\/03\/Packshot_runner-all.webp\" \/>\n\t<meta property=\"og:image:width\" content=\"1450\" \/>\n\t<meta property=\"og:image:height\" content=\"1450\" \/>\n\t<meta property=\"og:image:type\" content=\"image\/webp\" \/>\n<meta name=\"twitter:card\" content=\"summary_large_image\" \/>\n<meta name=\"twitter:label1\" content=\"Gesch\u00e4tzte Lesezeit\" \/>\n\t<meta name=\"twitter:data1\" content=\"1\u00a0Minute\" \/>\n<!-- \/ Yoast SEO Premium plugin. -->","yoast_head_json":{"title":"L\u00e4ufer-Collage-Kunst - Positive Prints","description":"Erstelle eine personalisierte Collage aus Lauffotos, die den Werdegang und die Erfolge eines L\u00e4ufers w\u00fcrdigt und ein einzigartiges Geschenk darstellt, das der L\u00e4ufer jeden Tag aufs Neue sch\u00e4tzen wird.","robots":{"index":"index","follow":"follow","max-snippet":"max-snippet:-1","max-image-preview":"max-image-preview:large","max-video-preview":"max-video-preview:-1"},"canonical":"https:\/\/positiveprints.com\/de\/produkt\/laeufer-collage-kunst\/","og_locale":"de_DE","og_type":"article","og_title":"L\u00e4ufer-Collage-Kunst","og_description":"Lade eure Lieblingsfotos hoch, um jeden Buchstaben individuell zu gestalten F\u00fcge einen pers\u00f6nlichen Text hinzu Personalisiere dein Design in 3 einfachen Schritten Schau dir dein Design sofort in der interaktiven Vorschau an","og_url":"https:\/\/positiveprints.com\/de\/produkt\/laeufer-collage-kunst\/","og_site_name":"Positive Prints","article_publisher":"https:\/\/www.facebook.com\/positiveprintscom","article_modified_time":"2026-04-03T01:12:46+00:00","og_image":[{"width":1450,"height":1450,"url":"https:\/\/positiveprints.com\/wp-content\/uploads\/2026\/03\/Packshot_runner-all.webp","type":"image\/webp"}],"twitter_card":"summary_large_image","twitter_misc":{"Gesch\u00e4tzte Lesezeit":"1\u00a0Minute"},"schema":{"@context":"https:\/\/schema.org","@graph":[{"@type":["WebPage","ItemPage"],"@id":"https:\/\/positiveprints.com\/de\/produkt\/laeufer-collage-kunst\/","url":"https:\/\/positiveprints.com\/de\/produkt\/laeufer-collage-kunst\/","name":"L\u00e4ufer-Collage-Kunst - Positive Prints","isPartOf":{"@id":"https:\/\/positiveprints.com\/de\/#website"},"primaryImageOfPage":{"@id":"https:\/\/positiveprints.com\/de\/produkt\/laeufer-collage-kunst\/#primaryimage"},"image":{"@id":"https:\/\/positiveprints.com\/de\/produkt\/laeufer-collage-kunst\/#primaryimage"},"thumbnailUrl":"https:\/\/positiveprints.com\/wp-content\/uploads\/2026\/03\/Packshot_runner-all.webp","datePublished":"2026-03-06T11:32:42+00:00","dateModified":"2026-04-03T01:12:46+00:00","description":"Erstelle eine personalisierte Collage aus Lauffotos, die den Werdegang und die Erfolge eines L\u00e4ufers w\u00fcrdigt und ein einzigartiges Geschenk darstellt, das der L\u00e4ufer jeden Tag aufs Neue sch\u00e4tzen wird.","breadcrumb":{"@id":"https:\/\/positiveprints.com\/de\/produkt\/laeufer-collage-kunst\/#breadcrumb"},"inLanguage":"de","potentialAction":[{"@type":"ReadAction","target":["https:\/\/positiveprints.com\/de\/produkt\/laeufer-collage-kunst\/"]}]},{"@type":"ImageObject","inLanguage":"de","@id":"https:\/\/positiveprints.com\/de\/produkt\/laeufer-collage-kunst\/#primaryimage","url":"https:\/\/positiveprints.com\/wp-content\/uploads\/2026\/03\/Packshot_runner-all.webp","contentUrl":"https:\/\/positiveprints.com\/wp-content\/uploads\/2026\/03\/Packshot_runner-all.webp","width":1450,"height":1450},{"@type":"BreadcrumbList","@id":"https:\/\/positiveprints.com\/de\/produkt\/laeufer-collage-kunst\/#breadcrumb","itemListElement":[{"@type":"ListItem","position":1,"name":"Startseite","item":"https:\/\/positiveprints.com\/de\/"},{"@type":"ListItem","position":2,"name":"Produkte","item":"https:\/\/positiveprints.com\/de\/shop\/"},{"@type":"ListItem","position":3,"name":"L\u00e4ufer-Collage-Kunst"}]},{"@type":"WebSite","@id":"https:\/\/positiveprints.com\/de\/#website","url":"https:\/\/positiveprints.com\/de\/","name":"Positive Prints","description":"Amazing Custom Personalized Gifts","publisher":{"@id":"https:\/\/positiveprints.com\/de\/#organization"},"potentialAction":[{"@type":"SearchAction","target":{"@type":"EntryPoint","urlTemplate":"https:\/\/positiveprints.com\/de\/?s={search_term_string}"},"query-input":{"@type":"PropertyValueSpecification","valueRequired":true,"valueName":"search_term_string"}}],"inLanguage":"de"},{"@type":"Organization","@id":"https:\/\/positiveprints.com\/de\/#organization","name":"Positive Prints","alternateName":"Positive Prints","url":"https:\/\/positiveprints.com\/de\/","logo":{"@type":"ImageObject","inLanguage":"de","@id":"https:\/\/positiveprints.com\/de\/#\/schema\/logo\/image\/","url":"https:\/\/positiveprints.com\/wp-content\/uploads\/2026\/03\/245815646_1337939713319158_5671353136411139666_n.png","contentUrl":"https:\/\/positiveprints.com\/wp-content\/uploads\/2026\/03\/245815646_1337939713319158_5671353136411139666_n.png","width":800,"height":800,"caption":"Positive Prints"},"image":{"@id":"https:\/\/positiveprints.com\/de\/#\/schema\/logo\/image\/"},"sameAs":["https:\/\/www.facebook.com\/positiveprintscom","https:\/\/www.instagram.com\/positiveprintscom\/","https:\/\/www.tiktok.com\/@positiveprintscom","https:\/\/www.pinterest.com\/positiveprintscom\/"]}]}},"jetpack_sharing_enabled":true,"_links":{"self":[{"href":"https:\/\/positiveprints.com\/de\/wp-json\/wp\/v2\/product\/1665855","targetHints":{"allow":["GET"]}}],"collection":[{"href":"https:\/\/positiveprints.com\/de\/wp-json\/wp\/v2\/product"}],"about":[{"href":"https:\/\/positiveprints.com\/de\/wp-json\/wp\/v2\/types\/product"}],"wp:featuredmedia":[{"embeddable":true,"href":"https:\/\/positiveprints.com\/de\/wp-json\/wp\/v2\/media\/1681347"}],"wp:attachment":[{"href":"https:\/\/positiveprints.com\/de\/wp-json\/wp\/v2\/media?parent=1665855"}],"wp:term":[{"taxonomy":"product_brand","embeddable":true,"href":"https:\/\/positiveprints.com\/de\/wp-json\/wp\/v2\/product_brand?post=1665855"},{"taxonomy":"product_cat","embeddable":true,"href":"https:\/\/positiveprints.com\/de\/wp-json\/wp\/v2\/product_cat?post=1665855"},{"taxonomy":"product_tag","embeddable":true,"href":"https:\/\/positiveprints.com\/de\/wp-json\/wp\/v2\/product_tag?post=1665855"}],"curies":[{"name":"wp","href":"https:\/\/api.w.org\/{rel}","templated":true}]}}