{"id":1665654,"date":"2026-03-06T11:08:14","date_gmt":"2026-03-06T10:08:14","guid":{"rendered":"https:\/\/positiveprints.com\/?post_type=product&#038;p=1665654"},"modified":"2026-04-28T13:05:50","modified_gmt":"2026-04-28T12:05:50","slug":"fuer-immer-collage-kunst","status":"publish","type":"product","link":"https:\/\/positiveprints.com\/de\/produkt\/fuer-immer-collage-kunst\/","title":{"rendered":"F\u00dcR IMMER: Collage-Kunst"},"content":{"rendered":"","protected":false},"excerpt":{"rendered":"<ul class=\"check-list\">\n<li>Lade eure Lieblingsfotos hoch, um jeden Buchstaben individuell zu gestalten<\/li>\n<li>F\u00fcge einen pers\u00f6nlichen Text hinzu<\/li>\n<li>Personalisiere dein Design in 3 einfachen Schritten<\/li>\n<li>Schau dir dein Design sofort in der interaktiven Vorschau an<\/li>\n<\/ul>\n","protected":false},"featured_media":1682208,"template":"","meta":[],"product_brand":[],"product_cat":[8819,105,5327,11169,11163,11166,5287,391,11349,11352,11370,11355,7639,7750,390,11233,11236],"product_tag":[14749,14747,14753,14751,14745,14746,14754,14755,14756,14757,14127,14759,14742,14743,14744,14763,14760,14761,14748],"class_list":{"0":"post-1665654","1":"product","2":"type-product","3":"status-publish","4":"has-post-thumbnail","6":"product_cat-photo-letter-de","7":"product_cat-alle-produkte","8":"product_cat-jubilaumsgeschenke","9":"product_cat-jahrestag-geschenk-fur-paare","10":"product_cat-jahrestag-geschenke-fur-sie","11":"product_cat-jahrestag-geschenk-fur-ihn","12":"product_cat-verlobungsgeschenke","13":"product_cat-hochzeitsgeschenke","14":"product_cat-weihnachtsgeschenke-fur-frauen","15":"product_cat-weihnachtsgeschenke-fur-manner","16":"product_cat-weihnachtsgeschenke-fur-die-frau","17":"product_cat-weihnachtsgeschenke-fur-den-ehemann","18":"product_cat-geschenke-fur-deinen-ehemann","19":"product_cat-geschenke-fur-deine-ehefrau","20":"product_cat-geschenke-zum-valentinstag-geschenkideen-de","21":"product_cat-valentinstagsgeschenke-fur-frauen","22":"product_cat-valentinstagsgeschenke-fur-manner","23":"product_tag-anniversary-de","24":"product_tag-anniversary-gift-de","25":"product_tag-anniversary-gifts-de","26":"product_tag-anniversary-present-de","27":"product_tag-couple-gift-de","28":"product_tag-gift-for-couple-de","29":"product_tag-love-de","30":"product_tag-love-gift-de","31":"product_tag-personalized-gift-de","32":"product_tag-romantic-gifts-de","33":"product_tag-romantisches-geschenk","34":"product_tag-sentimental-gift-de","35":"product_tag-special-occasion-de","36":"product_tag-thoughtful-gift-de","37":"product_tag-unique-gift-de","38":"product_tag-valentines-day-gifts-de","39":"product_tag-valentines-day-de","40":"product_tag-valentines-day-gift-de","41":"product_tag-wedding-anniversary-de","43":"first","44":"instock","45":"sale","46":"taxable","47":"shipping-taxable","48":"purchasable","49":"product-type-variable"},"yoast_head":"<!-- This site is optimized with the Yoast SEO Premium plugin v27.2 (Yoast SEO v27.2) - https:\/\/yoast.com\/product\/yoast-seo-premium-wordpress\/ -->\n<title>F\u00dcR IMMER: Collage-Kunst - Positive Prints<\/title>\n<meta name=\"description\" content=\"Gestalte eine pers\u00f6nliche Collage aus euren sch\u00f6nsten gemeinsamen Fotos, die eure endlose Liebe feiert und ein romantisches Andenken schafft, das ihr f\u00fcr immer im Herzen halten werdet.\" \/>\n<meta name=\"robots\" content=\"index, follow, max-snippet:-1, max-image-preview:large, max-video-preview:-1\" \/>\n<link rel=\"canonical\" href=\"https:\/\/positiveprints.com\/de\/produkt\/fuer-immer-collage-kunst\/\" \/>\n<meta property=\"og:locale\" content=\"de_DE\" \/>\n<meta property=\"og:type\" content=\"article\" \/>\n<meta property=\"og:title\" content=\"F\u00dcR IMMER: Collage-Kunst\" \/>\n<meta property=\"og:description\" content=\"Lade eure Lieblingsfotos hoch, um jeden Buchstaben individuell zu gestalten F\u00fcge einen pers\u00f6nlichen Text hinzu Personalisiere dein Design in 3 einfachen Schritten Schau dir dein Design sofort in der interaktiven Vorschau an\" \/>\n<meta property=\"og:url\" content=\"https:\/\/positiveprints.com\/de\/produkt\/fuer-immer-collage-kunst\/\" \/>\n<meta property=\"og:site_name\" content=\"Positive Prints\" \/>\n<meta property=\"article:publisher\" content=\"https:\/\/www.facebook.com\/positiveprintscom\" \/>\n<meta property=\"article:modified_time\" content=\"2026-04-28T12:05:50+00:00\" \/>\n<meta property=\"og:image\" content=\"https:\/\/positiveprints.com\/wp-content\/uploads\/2026\/03\/Packshot_DE_XX-FUR-IMMER-Collage-Kunst.webp\" \/>\n\t<meta property=\"og:image:width\" content=\"1450\" \/>\n\t<meta property=\"og:image:height\" content=\"1450\" \/>\n\t<meta property=\"og:image:type\" content=\"image\/webp\" \/>\n<meta name=\"twitter:card\" content=\"summary_large_image\" \/>\n<!-- \/ Yoast SEO Premium plugin. -->","yoast_head_json":{"title":"F\u00dcR IMMER: Collage-Kunst - Positive Prints","description":"Gestalte eine pers\u00f6nliche Collage aus euren sch\u00f6nsten gemeinsamen Fotos, die eure endlose Liebe feiert und ein romantisches Andenken schafft, das ihr f\u00fcr immer im Herzen halten werdet.","robots":{"index":"index","follow":"follow","max-snippet":"max-snippet:-1","max-image-preview":"max-image-preview:large","max-video-preview":"max-video-preview:-1"},"canonical":"https:\/\/positiveprints.com\/de\/produkt\/fuer-immer-collage-kunst\/","og_locale":"de_DE","og_type":"article","og_title":"F\u00dcR IMMER: Collage-Kunst","og_description":"Lade eure Lieblingsfotos hoch, um jeden Buchstaben individuell zu gestalten F\u00fcge einen pers\u00f6nlichen Text hinzu Personalisiere dein Design in 3 einfachen Schritten Schau dir dein Design sofort in der interaktiven Vorschau an","og_url":"https:\/\/positiveprints.com\/de\/produkt\/fuer-immer-collage-kunst\/","og_site_name":"Positive Prints","article_publisher":"https:\/\/www.facebook.com\/positiveprintscom","article_modified_time":"2026-04-28T12:05:50+00:00","og_image":[{"width":1450,"height":1450,"url":"https:\/\/positiveprints.com\/wp-content\/uploads\/2026\/03\/Packshot_DE_XX-FUR-IMMER-Collage-Kunst.webp","type":"image\/webp"}],"twitter_card":"summary_large_image","schema":{"@context":"https:\/\/schema.org","@graph":[{"@type":["WebPage","ItemPage"],"@id":"https:\/\/positiveprints.com\/de\/produkt\/fuer-immer-collage-kunst\/","url":"https:\/\/positiveprints.com\/de\/produkt\/fuer-immer-collage-kunst\/","name":"F\u00dcR IMMER: Collage-Kunst - Positive Prints","isPartOf":{"@id":"https:\/\/positiveprints.com\/de\/#website"},"primaryImageOfPage":{"@id":"https:\/\/positiveprints.com\/de\/produkt\/fuer-immer-collage-kunst\/#primaryimage"},"image":{"@id":"https:\/\/positiveprints.com\/de\/produkt\/fuer-immer-collage-kunst\/#primaryimage"},"thumbnailUrl":"https:\/\/positiveprints.com\/wp-content\/uploads\/2026\/03\/Packshot_DE_XX-FUR-IMMER-Collage-Kunst.webp","datePublished":"2026-03-06T10:08:14+00:00","dateModified":"2026-04-28T12:05:50+00:00","description":"Gestalte eine pers\u00f6nliche Collage aus euren sch\u00f6nsten gemeinsamen Fotos, die eure endlose Liebe feiert und ein romantisches Andenken schafft, das ihr f\u00fcr immer im Herzen halten werdet.","breadcrumb":{"@id":"https:\/\/positiveprints.com\/de\/produkt\/fuer-immer-collage-kunst\/#breadcrumb"},"inLanguage":"de","potentialAction":[{"@type":"ReadAction","target":["https:\/\/positiveprints.com\/de\/produkt\/fuer-immer-collage-kunst\/"]}]},{"@type":"ImageObject","inLanguage":"de","@id":"https:\/\/positiveprints.com\/de\/produkt\/fuer-immer-collage-kunst\/#primaryimage","url":"https:\/\/positiveprints.com\/wp-content\/uploads\/2026\/03\/Packshot_DE_XX-FUR-IMMER-Collage-Kunst.webp","contentUrl":"https:\/\/positiveprints.com\/wp-content\/uploads\/2026\/03\/Packshot_DE_XX-FUR-IMMER-Collage-Kunst.webp","width":1450,"height":1450},{"@type":"BreadcrumbList","@id":"https:\/\/positiveprints.com\/de\/produkt\/fuer-immer-collage-kunst\/#breadcrumb","itemListElement":[{"@type":"ListItem","position":1,"name":"Startseite","item":"https:\/\/positiveprints.com\/de\/"},{"@type":"ListItem","position":2,"name":"Produkte","item":"https:\/\/positiveprints.com\/de\/shop\/"},{"@type":"ListItem","position":3,"name":"F\u00dcR IMMER: Collage-Kunst"}]},{"@type":"WebSite","@id":"https:\/\/positiveprints.com\/de\/#website","url":"https:\/\/positiveprints.com\/de\/","name":"Positive Prints","description":"Amazing Custom Personalized Gifts","publisher":{"@id":"https:\/\/positiveprints.com\/de\/#organization"},"potentialAction":[{"@type":"SearchAction","target":{"@type":"EntryPoint","urlTemplate":"https:\/\/positiveprints.com\/de\/?s={search_term_string}"},"query-input":{"@type":"PropertyValueSpecification","valueRequired":true,"valueName":"search_term_string"}}],"inLanguage":"de"},{"@type":"Organization","@id":"https:\/\/positiveprints.com\/de\/#organization","name":"Positive Prints","alternateName":"Positive Prints","url":"https:\/\/positiveprints.com\/de\/","logo":{"@type":"ImageObject","inLanguage":"de","@id":"https:\/\/positiveprints.com\/de\/#\/schema\/logo\/image\/","url":"https:\/\/positiveprints.com\/wp-content\/uploads\/2026\/03\/245815646_1337939713319158_5671353136411139666_n.png","contentUrl":"https:\/\/positiveprints.com\/wp-content\/uploads\/2026\/03\/245815646_1337939713319158_5671353136411139666_n.png","width":800,"height":800,"caption":"Positive Prints"},"image":{"@id":"https:\/\/positiveprints.com\/de\/#\/schema\/logo\/image\/"},"sameAs":["https:\/\/www.facebook.com\/positiveprintscom","https:\/\/www.instagram.com\/positiveprintscom\/","https:\/\/www.tiktok.com\/@positiveprintscom","https:\/\/www.pinterest.com\/positiveprintscom\/"]}]}},"jetpack_sharing_enabled":true,"_links":{"self":[{"href":"https:\/\/positiveprints.com\/de\/wp-json\/wp\/v2\/product\/1665654","targetHints":{"allow":["GET"]}}],"collection":[{"href":"https:\/\/positiveprints.com\/de\/wp-json\/wp\/v2\/product"}],"about":[{"href":"https:\/\/positiveprints.com\/de\/wp-json\/wp\/v2\/types\/product"}],"wp:featuredmedia":[{"embeddable":true,"href":"https:\/\/positiveprints.com\/de\/wp-json\/wp\/v2\/media\/1682208"}],"wp:attachment":[{"href":"https:\/\/positiveprints.com\/de\/wp-json\/wp\/v2\/media?parent=1665654"}],"wp:term":[{"taxonomy":"product_brand","embeddable":true,"href":"https:\/\/positiveprints.com\/de\/wp-json\/wp\/v2\/product_brand?post=1665654"},{"taxonomy":"product_cat","embeddable":true,"href":"https:\/\/positiveprints.com\/de\/wp-json\/wp\/v2\/product_cat?post=1665654"},{"taxonomy":"product_tag","embeddable":true,"href":"https:\/\/positiveprints.com\/de\/wp-json\/wp\/v2\/product_tag?post=1665654"}],"curies":[{"name":"wp","href":"https:\/\/api.w.org\/{rel}","templated":true}]}}