{"id":1653461,"date":"2026-02-06T23:31:08","date_gmt":"2026-02-06T22:31:08","guid":{"rendered":"https:\/\/positiveprints.com\/?post_type=product&#038;p=1653461"},"modified":"2026-04-18T02:04:07","modified_gmt":"2026-04-18T01:04:07","slug":"individuelles-familienportraet-aus-mehreren-fotos","status":"publish","type":"product","link":"https:\/\/positiveprints.com\/de\/produkt\/individuelles-familienportraet-aus-mehreren-fotos\/","title":{"rendered":"Individuelles Familienportr\u00e4t aus mehreren Fotos"},"content":{"rendered":"","protected":false},"excerpt":{"rendered":"<ul class=\"check-list\">\n<li>Individuelles Portr\u00e4t nach deinen Fotos<\/li>\n<li>2 Korrekturen auf Wunsch<\/li>\n<li>Entspanne dich, w\u00e4hrend unsere K\u00fcnstler dein Meisterwerk erschaffen<\/li>\n<li>Erhalte einen Entwurf in 2\u20133 Werktagen von uns<\/li>\n<li>W\u00e4hle aus verschiedenen Druckgr\u00f6\u00dfen aus<\/li>\n<\/ul>\n","protected":false},"featured_media":1652655,"template":"","meta":[],"product_brand":[],"product_cat":[8244,9761,13584,105,263,8994,389,391,5266,11361,11337,11343,11340,15056,11364,7990,7974,7606,7719,7702,7846,7814],"product_tag":[16919,14752,14750,16022,16023,8534,16024,16025,16026],"class_list":{"0":"post-1653461","1":"product","2":"type-product","3":"status-publish","4":"has-post-thumbnail","6":"product_cat-digital-products-de","7":"product_cat-trending-label-de","8":"product_cat-aquarell","9":"product_cat-alle-produkte","10":"product_cat-creators-de-2","11":"product_cat-grosselterntag","12":"product_cat-geburtstagsgeschenke","13":"product_cat-hochzeitsgeschenke","14":"product_cat-weihnachtsgeschenke","15":"product_cat-weihnachtsgeschenke-fur-die-mama","16":"product_cat-weihnachtsgeschenke-fur-den-papa","17":"product_cat-weihnachtsgeschenke-fur-die-oma","18":"product_cat-weihnachtsgeschenke-fur-den-opa","19":"product_cat-weihnachtsgeschenke-fuer-familie","20":"product_cat-weihnachtsgeschenke-fur-die-eltern","21":"product_cat-sympathie-geschenke","22":"product_cat-geschenke-fur-papa","23":"product_cat-geschenke-fur-opa","24":"product_cat-geschenke-fur-deine-oma","25":"product_cat-geschenke-fur-mama","26":"product_cat-geschenke-fur-deine-familie","27":"product_cat-geschenke-fur-frisch-gewordene-eltern","28":"product_tag-christmas-gifts-for-family-de","29":"product_tag-creators-de-2","30":"product_tag-custom-photo-de","31":"product_tag-family-gift-ideas-de","32":"product_tag-family-gifts-de","33":"product_tag-family-de","34":"product_tag-gift-for-family-de","35":"product_tag-gifts-for-family-de","36":"product_tag-personalized-family-gifts-de","38":"first","39":"instock","40":"sale","41":"taxable","42":"shipping-taxable","43":"purchasable","44":"product-type-variable"},"yoast_head":"<!-- This site is optimized with the Yoast SEO Premium plugin v27.2 (Yoast SEO v27.2) - https:\/\/yoast.com\/product\/yoast-seo-premium-wordpress\/ -->\n<title>CuIndividuelles Familienportr\u00e4t aus mehreren Fotos - Positive Prints<\/title>\n<meta name=\"description\" content=\"Verwandele mehrere Fotos in ein wundersch\u00f6nes, individuelles Familienportr\u00e4t, gedruckt auf hochwertigem Poster oder Leinwand \u2013 ein einzigartiges, herzliches und pers\u00f6nliches Geschenk f\u00fcr jede Familie.\" \/>\n<meta name=\"robots\" content=\"index, follow, max-snippet:-1, max-image-preview:large, max-video-preview:-1\" \/>\n<link rel=\"canonical\" href=\"https:\/\/positiveprints.com\/de\/produkt\/individuelles-familienportraet-aus-mehreren-fotos\/\" \/>\n<meta property=\"og:locale\" content=\"de_DE\" \/>\n<meta property=\"og:type\" content=\"article\" \/>\n<meta property=\"og:title\" content=\"Individuelles Familienportr\u00e4t aus mehreren Fotos\" \/>\n<meta property=\"og:description\" content=\"Individuelles Portr\u00e4t nach deinen Fotos  2 Korrekturen auf Wunsch  Entspanne dich, w\u00e4hrend unsere K\u00fcnstler dein Meisterwerk erschaffen  Erhalte einen Entwurf in 2\u20133 Werktagen von uns  W\u00e4hle aus verschiedenen Druckgr\u00f6\u00dfen aus\" \/>\n<meta property=\"og:url\" content=\"https:\/\/positiveprints.com\/de\/produkt\/individuelles-familienportraet-aus-mehreren-fotos\/\" \/>\n<meta property=\"og:site_name\" content=\"Positive Prints\" \/>\n<meta property=\"article:publisher\" content=\"https:\/\/www.facebook.com\/positiveprintscom\" \/>\n<meta property=\"article:modified_time\" content=\"2026-04-18T01:04:07+00:00\" \/>\n<meta property=\"og:image\" content=\"https:\/\/positiveprints.com\/wp-content\/uploads\/2026\/02\/Packshot_DE_Individuelles-Familienportrat-aus-mehreren-.webp\" \/>\n\t<meta property=\"og:image:width\" content=\"1450\" \/>\n\t<meta property=\"og:image:height\" content=\"1450\" \/>\n\t<meta property=\"og:image:type\" content=\"image\/webp\" \/>\n<meta name=\"twitter:card\" content=\"summary_large_image\" \/>\n<meta name=\"twitter:label1\" content=\"Gesch\u00e4tzte Lesezeit\" \/>\n\t<meta name=\"twitter:data1\" content=\"1\u00a0Minute\" \/>\n<!-- \/ Yoast SEO Premium plugin. -->","yoast_head_json":{"title":"CuIndividuelles Familienportr\u00e4t aus mehreren Fotos - Positive Prints","description":"Verwandele mehrere Fotos in ein wundersch\u00f6nes, individuelles Familienportr\u00e4t, gedruckt auf hochwertigem Poster oder Leinwand \u2013 ein einzigartiges, herzliches und pers\u00f6nliches Geschenk f\u00fcr jede Familie.","robots":{"index":"index","follow":"follow","max-snippet":"max-snippet:-1","max-image-preview":"max-image-preview:large","max-video-preview":"max-video-preview:-1"},"canonical":"https:\/\/positiveprints.com\/de\/produkt\/individuelles-familienportraet-aus-mehreren-fotos\/","og_locale":"de_DE","og_type":"article","og_title":"Individuelles Familienportr\u00e4t aus mehreren Fotos","og_description":"Individuelles Portr\u00e4t nach deinen Fotos  2 Korrekturen auf Wunsch  Entspanne dich, w\u00e4hrend unsere K\u00fcnstler dein Meisterwerk erschaffen  Erhalte einen Entwurf in 2\u20133 Werktagen von uns  W\u00e4hle aus verschiedenen Druckgr\u00f6\u00dfen aus","og_url":"https:\/\/positiveprints.com\/de\/produkt\/individuelles-familienportraet-aus-mehreren-fotos\/","og_site_name":"Positive Prints","article_publisher":"https:\/\/www.facebook.com\/positiveprintscom","article_modified_time":"2026-04-18T01:04:07+00:00","og_image":[{"width":1450,"height":1450,"url":"https:\/\/positiveprints.com\/wp-content\/uploads\/2026\/02\/Packshot_DE_Individuelles-Familienportrat-aus-mehreren-.webp","type":"image\/webp"}],"twitter_card":"summary_large_image","twitter_misc":{"Gesch\u00e4tzte Lesezeit":"1\u00a0Minute"},"schema":{"@context":"https:\/\/schema.org","@graph":[{"@type":["WebPage","ItemPage"],"@id":"https:\/\/positiveprints.com\/de\/produkt\/individuelles-familienportraet-aus-mehreren-fotos\/","url":"https:\/\/positiveprints.com\/de\/produkt\/individuelles-familienportraet-aus-mehreren-fotos\/","name":"CuIndividuelles Familienportr\u00e4t aus mehreren Fotos - Positive Prints","isPartOf":{"@id":"https:\/\/positiveprints.com\/de\/#website"},"primaryImageOfPage":{"@id":"https:\/\/positiveprints.com\/de\/produkt\/individuelles-familienportraet-aus-mehreren-fotos\/#primaryimage"},"image":{"@id":"https:\/\/positiveprints.com\/de\/produkt\/individuelles-familienportraet-aus-mehreren-fotos\/#primaryimage"},"thumbnailUrl":"https:\/\/positiveprints.com\/wp-content\/uploads\/2026\/02\/Packshot_DE_Individuelles-Familienportrat-aus-mehreren-.webp","datePublished":"2026-02-06T22:31:08+00:00","dateModified":"2026-04-18T01:04:07+00:00","description":"Verwandele mehrere Fotos in ein wundersch\u00f6nes, individuelles Familienportr\u00e4t, gedruckt auf hochwertigem Poster oder Leinwand \u2013 ein einzigartiges, herzliches und pers\u00f6nliches Geschenk f\u00fcr jede Familie.","breadcrumb":{"@id":"https:\/\/positiveprints.com\/de\/produkt\/individuelles-familienportraet-aus-mehreren-fotos\/#breadcrumb"},"inLanguage":"de","potentialAction":[{"@type":"ReadAction","target":["https:\/\/positiveprints.com\/de\/produkt\/individuelles-familienportraet-aus-mehreren-fotos\/"]}]},{"@type":"ImageObject","inLanguage":"de","@id":"https:\/\/positiveprints.com\/de\/produkt\/individuelles-familienportraet-aus-mehreren-fotos\/#primaryimage","url":"https:\/\/positiveprints.com\/wp-content\/uploads\/2026\/02\/Packshot_DE_Individuelles-Familienportrat-aus-mehreren-.webp","contentUrl":"https:\/\/positiveprints.com\/wp-content\/uploads\/2026\/02\/Packshot_DE_Individuelles-Familienportrat-aus-mehreren-.webp","width":1450,"height":1450,"caption":"Packshot_DE_Individuelles Familienportr\u00e4t aus mehreren"},{"@type":"BreadcrumbList","@id":"https:\/\/positiveprints.com\/de\/produkt\/individuelles-familienportraet-aus-mehreren-fotos\/#breadcrumb","itemListElement":[{"@type":"ListItem","position":1,"name":"Startseite","item":"https:\/\/positiveprints.com\/de\/"},{"@type":"ListItem","position":2,"name":"Produkte","item":"https:\/\/positiveprints.com\/de\/shop\/"},{"@type":"ListItem","position":3,"name":"Individuelles Familienportr\u00e4t aus mehreren Fotos"}]},{"@type":"WebSite","@id":"https:\/\/positiveprints.com\/de\/#website","url":"https:\/\/positiveprints.com\/de\/","name":"Positive Prints","description":"Amazing Custom Personalized Gifts","publisher":{"@id":"https:\/\/positiveprints.com\/de\/#organization"},"potentialAction":[{"@type":"SearchAction","target":{"@type":"EntryPoint","urlTemplate":"https:\/\/positiveprints.com\/de\/?s={search_term_string}"},"query-input":{"@type":"PropertyValueSpecification","valueRequired":true,"valueName":"search_term_string"}}],"inLanguage":"de"},{"@type":"Organization","@id":"https:\/\/positiveprints.com\/de\/#organization","name":"Positive Prints","alternateName":"Positive Prints","url":"https:\/\/positiveprints.com\/de\/","logo":{"@type":"ImageObject","inLanguage":"de","@id":"https:\/\/positiveprints.com\/de\/#\/schema\/logo\/image\/","url":"https:\/\/positiveprints.com\/wp-content\/uploads\/2026\/03\/245815646_1337939713319158_5671353136411139666_n.png","contentUrl":"https:\/\/positiveprints.com\/wp-content\/uploads\/2026\/03\/245815646_1337939713319158_5671353136411139666_n.png","width":800,"height":800,"caption":"Positive Prints"},"image":{"@id":"https:\/\/positiveprints.com\/de\/#\/schema\/logo\/image\/"},"sameAs":["https:\/\/www.facebook.com\/positiveprintscom","https:\/\/www.instagram.com\/positiveprintscom\/","https:\/\/www.tiktok.com\/@positiveprintscom","https:\/\/www.pinterest.com\/positiveprintscom\/"]}]}},"jetpack_sharing_enabled":true,"_links":{"self":[{"href":"https:\/\/positiveprints.com\/de\/wp-json\/wp\/v2\/product\/1653461","targetHints":{"allow":["GET"]}}],"collection":[{"href":"https:\/\/positiveprints.com\/de\/wp-json\/wp\/v2\/product"}],"about":[{"href":"https:\/\/positiveprints.com\/de\/wp-json\/wp\/v2\/types\/product"}],"wp:featuredmedia":[{"embeddable":true,"href":"https:\/\/positiveprints.com\/de\/wp-json\/wp\/v2\/media\/1652655"}],"wp:attachment":[{"href":"https:\/\/positiveprints.com\/de\/wp-json\/wp\/v2\/media?parent=1653461"}],"wp:term":[{"taxonomy":"product_brand","embeddable":true,"href":"https:\/\/positiveprints.com\/de\/wp-json\/wp\/v2\/product_brand?post=1653461"},{"taxonomy":"product_cat","embeddable":true,"href":"https:\/\/positiveprints.com\/de\/wp-json\/wp\/v2\/product_cat?post=1653461"},{"taxonomy":"product_tag","embeddable":true,"href":"https:\/\/positiveprints.com\/de\/wp-json\/wp\/v2\/product_tag?post=1653461"}],"curies":[{"name":"wp","href":"https:\/\/api.w.org\/{rel}","templated":true}]}}