{"id":1651264,"date":"2026-02-19T09:56:31","date_gmt":"2026-02-19T08:56:31","guid":{"rendered":"https:\/\/positiveprints.com\/?post_type=product&#038;p=1651264"},"modified":"2026-04-28T13:09:51","modified_gmt":"2026-04-28T12:09:51","slug":"marathon-kartenposter-paris","status":"publish","type":"product","link":"https:\/\/positiveprints.com\/de\/produkt\/marathon-kartenposter-paris\/","title":{"rendered":"Marathon-Kartenposter: Paris"},"content":{"rendered":"","protected":false},"excerpt":{"rendered":"<ul class=\"check-list\">\n<li>Lade deine GPX-Datei hoch oder verbinde dich mit Strava<\/li>\n<li>Automatisch generierte Routendetails, einschlie\u00dflich Entfernung, Zeit, H\u00f6henmeter, Datum und mehr<\/li>\n<li>W\u00e4hle aus verschiedenen Kartenfarbthemen das passende f\u00fcr deinen Stil<\/li>\n<li>F\u00fcge eine pers\u00f6nliche Nachricht hinzu oder bearbeite deine automatisch ausgef\u00fcllten Statistiken<\/li>\n<li>Sieh dir die Design-Aktualisierung sofort in unserer interaktiven Vorschau an<\/li>\n<\/ul>\n","protected":false},"featured_media":1651002,"template":"","meta":[],"product_brand":[],"product_cat":[15913,105],"product_tag":[14752,15933],"class_list":{"0":"post-1651264","1":"product","2":"type-product","3":"status-publish","4":"has-post-thumbnail","6":"product_cat-gpx-maps-de","7":"product_cat-alle-produkte","8":"product_tag-creators-de-2","9":"product_tag-gpx-de","11":"first","12":"instock","13":"sale","14":"taxable","15":"shipping-taxable","16":"purchasable","17":"product-type-variable"},"yoast_head":"<!-- This site is optimized with the Yoast SEO Premium plugin v27.2 (Yoast SEO v27.2) - https:\/\/yoast.com\/product\/yoast-seo-premium-wordpress\/ -->\n<title>Marathon-Kartenposter: Paris - Positive Prints<\/title>\n<meta name=\"description\" content=\"Gestalte einen individuellen Druck der Paris-Marathon-Karte mit Namen, Zeit und Farben. Das perfekte Geschenk f\u00fcr L\u00e4ufer:innen, die dieses legend\u00e4re Rennen in Erinnerung behalten m\u00f6chten.\" \/>\n<meta name=\"robots\" content=\"index, follow, max-snippet:-1, max-image-preview:large, max-video-preview:-1\" \/>\n<link rel=\"canonical\" href=\"https:\/\/positiveprints.com\/de\/produkt\/marathon-kartenposter-paris\/\" \/>\n<meta property=\"og:locale\" content=\"de_DE\" \/>\n<meta property=\"og:type\" content=\"article\" \/>\n<meta property=\"og:title\" content=\"Marathon-Kartenposter: Paris\" \/>\n<meta property=\"og:description\" content=\"Lade deine GPX-Datei hoch oder verbinde dich mit Strava Automatisch generierte Routendetails, einschlie\u00dflich Entfernung, Zeit, H\u00f6henmeter, Datum und mehr W\u00e4hle aus verschiedenen Kartenfarbthemen das passende f\u00fcr deinen Stil F\u00fcge eine pers\u00f6nliche Nachricht hinzu oder bearbeite deine automatisch ausgef\u00fcllten Statistiken Sieh dir die Design-Aktualisierung sofort in unserer interaktiven Vorschau an\" \/>\n<meta property=\"og:url\" content=\"https:\/\/positiveprints.com\/de\/produkt\/marathon-kartenposter-paris\/\" \/>\n<meta property=\"og:site_name\" content=\"Positive Prints\" \/>\n<meta property=\"article:publisher\" content=\"https:\/\/www.facebook.com\/positiveprintscom\" \/>\n<meta property=\"article:modified_time\" content=\"2026-04-28T12:09:51+00:00\" \/>\n<meta property=\"og:image\" content=\"https:\/\/positiveprints.com\/wp-content\/uploads\/2026\/02\/Packshot_DE_Marathon-Kartenposter-Paris.webp\" \/>\n\t<meta property=\"og:image:width\" content=\"1450\" \/>\n\t<meta property=\"og:image:height\" content=\"1450\" \/>\n\t<meta property=\"og:image:type\" content=\"image\/webp\" \/>\n<meta name=\"twitter:card\" content=\"summary_large_image\" \/>\n<!-- \/ Yoast SEO Premium plugin. -->","yoast_head_json":{"title":"Marathon-Kartenposter: Paris - Positive Prints","description":"Gestalte einen individuellen Druck der Paris-Marathon-Karte mit Namen, Zeit und Farben. Das perfekte Geschenk f\u00fcr L\u00e4ufer:innen, die dieses legend\u00e4re Rennen in Erinnerung behalten m\u00f6chten.","robots":{"index":"index","follow":"follow","max-snippet":"max-snippet:-1","max-image-preview":"max-image-preview:large","max-video-preview":"max-video-preview:-1"},"canonical":"https:\/\/positiveprints.com\/de\/produkt\/marathon-kartenposter-paris\/","og_locale":"de_DE","og_type":"article","og_title":"Marathon-Kartenposter: Paris","og_description":"Lade deine GPX-Datei hoch oder verbinde dich mit Strava Automatisch generierte Routendetails, einschlie\u00dflich Entfernung, Zeit, H\u00f6henmeter, Datum und mehr W\u00e4hle aus verschiedenen Kartenfarbthemen das passende f\u00fcr deinen Stil F\u00fcge eine pers\u00f6nliche Nachricht hinzu oder bearbeite deine automatisch ausgef\u00fcllten Statistiken Sieh dir die Design-Aktualisierung sofort in unserer interaktiven Vorschau an","og_url":"https:\/\/positiveprints.com\/de\/produkt\/marathon-kartenposter-paris\/","og_site_name":"Positive Prints","article_publisher":"https:\/\/www.facebook.com\/positiveprintscom","article_modified_time":"2026-04-28T12:09:51+00:00","og_image":[{"width":1450,"height":1450,"url":"https:\/\/positiveprints.com\/wp-content\/uploads\/2026\/02\/Packshot_DE_Marathon-Kartenposter-Paris.webp","type":"image\/webp"}],"twitter_card":"summary_large_image","schema":{"@context":"https:\/\/schema.org","@graph":[{"@type":["WebPage","ItemPage"],"@id":"https:\/\/positiveprints.com\/de\/produkt\/marathon-kartenposter-paris\/","url":"https:\/\/positiveprints.com\/de\/produkt\/marathon-kartenposter-paris\/","name":"Marathon-Kartenposter: Paris - Positive Prints","isPartOf":{"@id":"https:\/\/positiveprints.com\/de\/#website"},"primaryImageOfPage":{"@id":"https:\/\/positiveprints.com\/de\/produkt\/marathon-kartenposter-paris\/#primaryimage"},"image":{"@id":"https:\/\/positiveprints.com\/de\/produkt\/marathon-kartenposter-paris\/#primaryimage"},"thumbnailUrl":"https:\/\/positiveprints.com\/wp-content\/uploads\/2026\/02\/Packshot_DE_Marathon-Kartenposter-Paris.webp","datePublished":"2026-02-19T08:56:31+00:00","dateModified":"2026-04-28T12:09:51+00:00","description":"Gestalte einen individuellen Druck der Paris-Marathon-Karte mit Namen, Zeit und Farben. Das perfekte Geschenk f\u00fcr L\u00e4ufer:innen, die dieses legend\u00e4re Rennen in Erinnerung behalten m\u00f6chten.","breadcrumb":{"@id":"https:\/\/positiveprints.com\/de\/produkt\/marathon-kartenposter-paris\/#breadcrumb"},"inLanguage":"de","potentialAction":[{"@type":"ReadAction","target":["https:\/\/positiveprints.com\/de\/produkt\/marathon-kartenposter-paris\/"]}]},{"@type":"ImageObject","inLanguage":"de","@id":"https:\/\/positiveprints.com\/de\/produkt\/marathon-kartenposter-paris\/#primaryimage","url":"https:\/\/positiveprints.com\/wp-content\/uploads\/2026\/02\/Packshot_DE_Marathon-Kartenposter-Paris.webp","contentUrl":"https:\/\/positiveprints.com\/wp-content\/uploads\/2026\/02\/Packshot_DE_Marathon-Kartenposter-Paris.webp","width":1450,"height":1450},{"@type":"BreadcrumbList","@id":"https:\/\/positiveprints.com\/de\/produkt\/marathon-kartenposter-paris\/#breadcrumb","itemListElement":[{"@type":"ListItem","position":1,"name":"Startseite","item":"https:\/\/positiveprints.com\/de\/"},{"@type":"ListItem","position":2,"name":"Produkte","item":"https:\/\/positiveprints.com\/de\/shop\/"},{"@type":"ListItem","position":3,"name":"Marathon-Kartenposter: Paris"}]},{"@type":"WebSite","@id":"https:\/\/positiveprints.com\/de\/#website","url":"https:\/\/positiveprints.com\/de\/","name":"Positive Prints","description":"Amazing Custom Personalized Gifts","publisher":{"@id":"https:\/\/positiveprints.com\/de\/#organization"},"potentialAction":[{"@type":"SearchAction","target":{"@type":"EntryPoint","urlTemplate":"https:\/\/positiveprints.com\/de\/?s={search_term_string}"},"query-input":{"@type":"PropertyValueSpecification","valueRequired":true,"valueName":"search_term_string"}}],"inLanguage":"de"},{"@type":"Organization","@id":"https:\/\/positiveprints.com\/de\/#organization","name":"Positive Prints","alternateName":"Positive Prints","url":"https:\/\/positiveprints.com\/de\/","logo":{"@type":"ImageObject","inLanguage":"de","@id":"https:\/\/positiveprints.com\/de\/#\/schema\/logo\/image\/","url":"https:\/\/positiveprints.com\/wp-content\/uploads\/2026\/03\/245815646_1337939713319158_5671353136411139666_n.png","contentUrl":"https:\/\/positiveprints.com\/wp-content\/uploads\/2026\/03\/245815646_1337939713319158_5671353136411139666_n.png","width":800,"height":800,"caption":"Positive Prints"},"image":{"@id":"https:\/\/positiveprints.com\/de\/#\/schema\/logo\/image\/"},"sameAs":["https:\/\/www.facebook.com\/positiveprintscom","https:\/\/www.instagram.com\/positiveprintscom\/","https:\/\/www.tiktok.com\/@positiveprintscom","https:\/\/www.pinterest.com\/positiveprintscom\/"]}]}},"jetpack_sharing_enabled":true,"_links":{"self":[{"href":"https:\/\/positiveprints.com\/de\/wp-json\/wp\/v2\/product\/1651264","targetHints":{"allow":["GET"]}}],"collection":[{"href":"https:\/\/positiveprints.com\/de\/wp-json\/wp\/v2\/product"}],"about":[{"href":"https:\/\/positiveprints.com\/de\/wp-json\/wp\/v2\/types\/product"}],"wp:featuredmedia":[{"embeddable":true,"href":"https:\/\/positiveprints.com\/de\/wp-json\/wp\/v2\/media\/1651002"}],"wp:attachment":[{"href":"https:\/\/positiveprints.com\/de\/wp-json\/wp\/v2\/media?parent=1651264"}],"wp:term":[{"taxonomy":"product_brand","embeddable":true,"href":"https:\/\/positiveprints.com\/de\/wp-json\/wp\/v2\/product_brand?post=1651264"},{"taxonomy":"product_cat","embeddable":true,"href":"https:\/\/positiveprints.com\/de\/wp-json\/wp\/v2\/product_cat?post=1651264"},{"taxonomy":"product_tag","embeddable":true,"href":"https:\/\/positiveprints.com\/de\/wp-json\/wp\/v2\/product_tag?post=1651264"}],"curies":[{"name":"wp","href":"https:\/\/api.w.org\/{rel}","templated":true}]}}