{"id":1651259,"date":"2026-02-19T09:56:30","date_gmt":"2026-02-19T08:56:30","guid":{"rendered":"https:\/\/positiveprints.com\/?post_type=product&#038;p=1651259"},"modified":"2026-04-13T07:52:38","modified_gmt":"2026-04-13T06:52:38","slug":"poster-mit-radroutenkarte","status":"publish","type":"product","link":"https:\/\/positiveprints.com\/de\/produkt\/poster-mit-radroutenkarte\/","title":{"rendered":"Poster mit Radroutenkarte"},"content":{"rendered":"","protected":false},"excerpt":{"rendered":"<ul class=\"check-list\">\n<li>Lade deine GPX-Datei hoch oder verbinde dich mit Strava<\/li>\n<li>Automatisch generierte Routendetails, einschlie\u00dflich Entfernung, Zeit, H\u00f6henmeter, Datum und mehr<\/li>\n<li>W\u00e4hle aus verschiedenen Kartenfarbthemen das passende f\u00fcr deinen Stil<\/li>\n<li>F\u00fcge eine pers\u00f6nliche Nachricht hinzu oder bearbeite deine automatisch ausgef\u00fcllten Statistiken<\/li>\n<li>Sieh dir die Design-Aktualisierung sofort in unserer interaktiven Vorschau an<\/li>\n<\/ul>\n","protected":false},"featured_media":1650168,"template":"","meta":[],"product_brand":[],"product_cat":[105,7622,11331,11367,11349,8209,11352,7735,8200,7878,11203,11206,15913,11479],"product_tag":[14752,15933],"class_list":{"0":"post-1651259","1":"product","2":"type-product","3":"status-publish","4":"has-post-thumbnail","6":"product_cat-alle-produkte","7":"product_cat-geschenke-fur-bruder","8":"product_cat-weihnachtsgeschenke-fur-den-bruder","9":"product_cat-weihnachtsgeschenke-fur-die-schwester","10":"product_cat-weihnachtsgeschenke-fur-frauen","11":"product_cat-fur-ihn-de","12":"product_cat-weihnachtsgeschenke-fur-manner","13":"product_cat-geschenke-fur-schwester","14":"product_cat-fur-sie-de","15":"product_cat-geschenke-fur-sportfans","16":"product_cat-geburtstagsgeschenk-fuer-frauen","17":"product_cat-geburtstagsgeschenk-fur-manner","18":"product_cat-gpx-maps-de","19":"product_cat-hobbys","20":"product_tag-creators-de-2","21":"product_tag-gpx-de","23":"first","24":"instock","25":"sale","26":"taxable","27":"shipping-taxable","28":"purchasable","29":"product-type-variable"},"yoast_head":"<!-- This site is optimized with the Yoast SEO Premium plugin v27.2 (Yoast SEO v27.2) - https:\/\/yoast.com\/product\/yoast-seo-premium-wordpress\/ -->\n<title>Poster mit Radroutenkarte - Positive Prints<\/title>\n<meta name=\"description\" content=\"Erstelle ein personalisiertes Poster mit einer Radroutenkarte aus deiner GPX - oder Strava-Fahrt. Passe Farben und Text individuell an \u2013 das perfekte Geschenk f\u00fcr Radfahrer:innen, um ihre Touren zu feiern.\" \/>\n<meta name=\"robots\" content=\"index, follow, max-snippet:-1, max-image-preview:large, max-video-preview:-1\" \/>\n<link rel=\"canonical\" href=\"https:\/\/positiveprints.com\/de\/produkt\/poster-mit-radroutenkarte\/\" \/>\n<meta property=\"og:locale\" content=\"de_DE\" \/>\n<meta property=\"og:type\" content=\"article\" \/>\n<meta property=\"og:title\" content=\"Poster mit Radroutenkarte\" \/>\n<meta property=\"og:description\" content=\"Lade deine GPX-Datei hoch oder verbinde dich mit Strava Automatisch generierte Routendetails, einschlie\u00dflich Entfernung, Zeit, H\u00f6henmeter, Datum und mehr W\u00e4hle aus verschiedenen Kartenfarbthemen das passende f\u00fcr deinen Stil F\u00fcge eine pers\u00f6nliche Nachricht hinzu oder bearbeite deine automatisch ausgef\u00fcllten Statistiken Sieh dir die Design-Aktualisierung sofort in unserer interaktiven Vorschau an\" \/>\n<meta property=\"og:url\" content=\"https:\/\/positiveprints.com\/de\/produkt\/poster-mit-radroutenkarte\/\" \/>\n<meta property=\"og:site_name\" content=\"Positive Prints\" \/>\n<meta property=\"article:publisher\" content=\"https:\/\/www.facebook.com\/positiveprintscom\" \/>\n<meta property=\"article:modified_time\" content=\"2026-04-13T06:52:38+00:00\" \/>\n<meta property=\"og:image\" content=\"https:\/\/positiveprints.com\/wp-content\/uploads\/2026\/02\/Packshot_DE_Poster-mit-Radroutenkarte.webp\" \/>\n\t<meta property=\"og:image:width\" content=\"1450\" \/>\n\t<meta property=\"og:image:height\" content=\"1450\" \/>\n\t<meta property=\"og:image:type\" content=\"image\/webp\" \/>\n<meta name=\"twitter:card\" content=\"summary_large_image\" \/>\n<meta name=\"twitter:label1\" content=\"Gesch\u00e4tzte Lesezeit\" \/>\n\t<meta name=\"twitter:data1\" content=\"1\u00a0Minute\" \/>\n<!-- \/ Yoast SEO Premium plugin. -->","yoast_head_json":{"title":"Poster mit Radroutenkarte - Positive Prints","description":"Erstelle ein personalisiertes Poster mit einer Radroutenkarte aus deiner GPX - oder Strava-Fahrt. Passe Farben und Text individuell an \u2013 das perfekte Geschenk f\u00fcr Radfahrer:innen, um ihre Touren zu feiern.","robots":{"index":"index","follow":"follow","max-snippet":"max-snippet:-1","max-image-preview":"max-image-preview:large","max-video-preview":"max-video-preview:-1"},"canonical":"https:\/\/positiveprints.com\/de\/produkt\/poster-mit-radroutenkarte\/","og_locale":"de_DE","og_type":"article","og_title":"Poster mit Radroutenkarte","og_description":"Lade deine GPX-Datei hoch oder verbinde dich mit Strava Automatisch generierte Routendetails, einschlie\u00dflich Entfernung, Zeit, H\u00f6henmeter, Datum und mehr W\u00e4hle aus verschiedenen Kartenfarbthemen das passende f\u00fcr deinen Stil F\u00fcge eine pers\u00f6nliche Nachricht hinzu oder bearbeite deine automatisch ausgef\u00fcllten Statistiken Sieh dir die Design-Aktualisierung sofort in unserer interaktiven Vorschau an","og_url":"https:\/\/positiveprints.com\/de\/produkt\/poster-mit-radroutenkarte\/","og_site_name":"Positive Prints","article_publisher":"https:\/\/www.facebook.com\/positiveprintscom","article_modified_time":"2026-04-13T06:52:38+00:00","og_image":[{"width":1450,"height":1450,"url":"https:\/\/positiveprints.com\/wp-content\/uploads\/2026\/02\/Packshot_DE_Poster-mit-Radroutenkarte.webp","type":"image\/webp"}],"twitter_card":"summary_large_image","twitter_misc":{"Gesch\u00e4tzte Lesezeit":"1\u00a0Minute"},"schema":{"@context":"https:\/\/schema.org","@graph":[{"@type":["WebPage","ItemPage"],"@id":"https:\/\/positiveprints.com\/de\/produkt\/poster-mit-radroutenkarte\/","url":"https:\/\/positiveprints.com\/de\/produkt\/poster-mit-radroutenkarte\/","name":"Poster mit Radroutenkarte - Positive Prints","isPartOf":{"@id":"https:\/\/positiveprints.com\/de\/#website"},"primaryImageOfPage":{"@id":"https:\/\/positiveprints.com\/de\/produkt\/poster-mit-radroutenkarte\/#primaryimage"},"image":{"@id":"https:\/\/positiveprints.com\/de\/produkt\/poster-mit-radroutenkarte\/#primaryimage"},"thumbnailUrl":"https:\/\/positiveprints.com\/wp-content\/uploads\/2026\/02\/Packshot_DE_Poster-mit-Radroutenkarte.webp","datePublished":"2026-02-19T08:56:30+00:00","dateModified":"2026-04-13T06:52:38+00:00","description":"Erstelle ein personalisiertes Poster mit einer Radroutenkarte aus deiner GPX - oder Strava-Fahrt. Passe Farben und Text individuell an \u2013 das perfekte Geschenk f\u00fcr Radfahrer:innen, um ihre Touren zu feiern.","breadcrumb":{"@id":"https:\/\/positiveprints.com\/de\/produkt\/poster-mit-radroutenkarte\/#breadcrumb"},"inLanguage":"de","potentialAction":[{"@type":"ReadAction","target":["https:\/\/positiveprints.com\/de\/produkt\/poster-mit-radroutenkarte\/"]}]},{"@type":"ImageObject","inLanguage":"de","@id":"https:\/\/positiveprints.com\/de\/produkt\/poster-mit-radroutenkarte\/#primaryimage","url":"https:\/\/positiveprints.com\/wp-content\/uploads\/2026\/02\/Packshot_DE_Poster-mit-Radroutenkarte.webp","contentUrl":"https:\/\/positiveprints.com\/wp-content\/uploads\/2026\/02\/Packshot_DE_Poster-mit-Radroutenkarte.webp","width":1450,"height":1450},{"@type":"BreadcrumbList","@id":"https:\/\/positiveprints.com\/de\/produkt\/poster-mit-radroutenkarte\/#breadcrumb","itemListElement":[{"@type":"ListItem","position":1,"name":"Startseite","item":"https:\/\/positiveprints.com\/de\/"},{"@type":"ListItem","position":2,"name":"Produkte","item":"https:\/\/positiveprints.com\/de\/shop\/"},{"@type":"ListItem","position":3,"name":"Poster mit Radroutenkarte"}]},{"@type":"WebSite","@id":"https:\/\/positiveprints.com\/de\/#website","url":"https:\/\/positiveprints.com\/de\/","name":"Positive Prints","description":"Amazing Custom Personalized Gifts","publisher":{"@id":"https:\/\/positiveprints.com\/de\/#organization"},"potentialAction":[{"@type":"SearchAction","target":{"@type":"EntryPoint","urlTemplate":"https:\/\/positiveprints.com\/de\/?s={search_term_string}"},"query-input":{"@type":"PropertyValueSpecification","valueRequired":true,"valueName":"search_term_string"}}],"inLanguage":"de"},{"@type":"Organization","@id":"https:\/\/positiveprints.com\/de\/#organization","name":"Positive Prints","alternateName":"Positive Prints","url":"https:\/\/positiveprints.com\/de\/","logo":{"@type":"ImageObject","inLanguage":"de","@id":"https:\/\/positiveprints.com\/de\/#\/schema\/logo\/image\/","url":"https:\/\/positiveprints.com\/wp-content\/uploads\/2026\/03\/245815646_1337939713319158_5671353136411139666_n.png","contentUrl":"https:\/\/positiveprints.com\/wp-content\/uploads\/2026\/03\/245815646_1337939713319158_5671353136411139666_n.png","width":800,"height":800,"caption":"Positive Prints"},"image":{"@id":"https:\/\/positiveprints.com\/de\/#\/schema\/logo\/image\/"},"sameAs":["https:\/\/www.facebook.com\/positiveprintscom","https:\/\/www.instagram.com\/positiveprintscom\/","https:\/\/www.tiktok.com\/@positiveprintscom","https:\/\/www.pinterest.com\/positiveprintscom\/"]}]}},"jetpack_sharing_enabled":true,"_links":{"self":[{"href":"https:\/\/positiveprints.com\/de\/wp-json\/wp\/v2\/product\/1651259","targetHints":{"allow":["GET"]}}],"collection":[{"href":"https:\/\/positiveprints.com\/de\/wp-json\/wp\/v2\/product"}],"about":[{"href":"https:\/\/positiveprints.com\/de\/wp-json\/wp\/v2\/types\/product"}],"wp:featuredmedia":[{"embeddable":true,"href":"https:\/\/positiveprints.com\/de\/wp-json\/wp\/v2\/media\/1650168"}],"wp:attachment":[{"href":"https:\/\/positiveprints.com\/de\/wp-json\/wp\/v2\/media?parent=1651259"}],"wp:term":[{"taxonomy":"product_brand","embeddable":true,"href":"https:\/\/positiveprints.com\/de\/wp-json\/wp\/v2\/product_brand?post=1651259"},{"taxonomy":"product_cat","embeddable":true,"href":"https:\/\/positiveprints.com\/de\/wp-json\/wp\/v2\/product_cat?post=1651259"},{"taxonomy":"product_tag","embeddable":true,"href":"https:\/\/positiveprints.com\/de\/wp-json\/wp\/v2\/product_tag?post=1651259"}],"curies":[{"name":"wp","href":"https:\/\/api.w.org\/{rel}","templated":true}]}}