{"id":1643609,"date":"2026-02-13T13:08:34","date_gmt":"2026-02-13T12:08:34","guid":{"rendered":"https:\/\/positiveprints.com\/?post_type=product&#038;p=1643609"},"modified":"2026-04-23T10:17:06","modified_gmt":"2026-04-23T09:17:06","slug":"individuelles-paarportraet-mit-foto-als-vorlage","status":"publish","type":"product","link":"https:\/\/positiveprints.com\/de\/produkt\/individuelles-paarportraet-mit-foto-als-vorlage\/","title":{"rendered":"Individuelles Paarportr\u00e4t mit Foto als Vorlage"},"content":{"rendered":"","protected":false},"excerpt":{"rendered":"<ul class=\"check-list\">\n<li>Lade euer Lieblingsfoto hoch<\/li>\n<li>2 Korrekturdurchg\u00e4nge auf Wunsch<\/li>\n<li>Entspanne dich, w\u00e4hrend unsere K\u00fcnstler dein Meisterwerk erschaffen<\/li>\n<li>Erhalten dein Korrekturabzug in 2\u20133 Werktagen<\/li>\n<li>Verschiedene Druckgr\u00f6\u00dfen zur Auswahl<\/li>\n<\/ul>\n","protected":false},"featured_media":1632480,"template":"","meta":[],"product_brand":[],"product_cat":[8200,8209,9761,13584,105,5327,11169,11163,11166,5287,11349,11352,11346,11328,11370,11355,7671,7639,7782,7750,7798,390,11233,11236],"product_tag":[14749,14747,14753,14751,14745,14746,14754,14755,14756,14757,14127,14759,14742,14743,14744,14763,14760,14761,8433,14748],"class_list":{"0":"post-1643609","1":"product","2":"type-product","3":"status-publish","4":"has-post-thumbnail","6":"product_cat-fur-sie-de","7":"product_cat-fur-ihn-de","8":"product_cat-trending-label-de","9":"product_cat-aquarell","10":"product_cat-alle-produkte","11":"product_cat-jubilaumsgeschenke","12":"product_cat-jahrestag-geschenk-fur-paare","13":"product_cat-jahrestag-geschenke-fur-sie","14":"product_cat-jahrestag-geschenk-fur-ihn","15":"product_cat-verlobungsgeschenke","16":"product_cat-weihnachtsgeschenke-fur-frauen","17":"product_cat-weihnachtsgeschenke-fur-manner","18":"product_cat-weihnachtsgeschenke-fur-die-freundin","19":"product_cat-weihnachtsgeschenke-fur-den-freund","20":"product_cat-weihnachtsgeschenke-fur-die-frau","21":"product_cat-weihnachtsgeschenke-fur-den-ehemann","22":"product_cat-geschenke-fur-deinen-freund","23":"product_cat-geschenke-fur-deinen-ehemann","24":"product_cat-geschenke-fur-deine-freundin","25":"product_cat-geschenke-fur-deine-ehefrau","26":"product_cat-geschenke-fur-paare","27":"product_cat-geschenke-zum-valentinstag-geschenkideen-de","28":"product_cat-valentinstagsgeschenke-fur-frauen","29":"product_cat-valentinstagsgeschenke-fur-manner","30":"product_tag-anniversary-de","31":"product_tag-anniversary-gift-de","32":"product_tag-anniversary-gifts-de","33":"product_tag-anniversary-present-de","34":"product_tag-couple-gift-de","35":"product_tag-gift-for-couple-de","36":"product_tag-love-de","37":"product_tag-love-gift-de","38":"product_tag-personalized-gift-de","39":"product_tag-romantic-gifts-de","40":"product_tag-romantisches-geschenk","41":"product_tag-sentimental-gift-de","42":"product_tag-special-occasion-de","43":"product_tag-thoughtful-gift-de","44":"product_tag-unique-gift-de","45":"product_tag-valentines-day-gifts-de","46":"product_tag-valentines-day-de","47":"product_tag-valentines-day-gift-de","48":"product_tag-verlobung","49":"product_tag-wedding-anniversary-de","51":"first","52":"instock","53":"sale","54":"taxable","55":"shipping-taxable","56":"purchasable","57":"product-type-variable"},"yoast_head":"<!-- This site is optimized with the Yoast SEO Premium plugin v27.2 (Yoast SEO v27.2) - https:\/\/yoast.com\/product\/yoast-seo-premium-wordpress\/ -->\n<title>Individuelles Paarportr\u00e4t mit Foto als Vorlage - Positive Prints<\/title>\n<meta name=\"description\" content=\"Verwandele euer Lieblingsfoto in ein wundersch\u00f6nes, individuelles Paarportr\u00e4t, gedruckt auf einem hochwertigen Poster oder einer Leinwand \u2013 ein romantisches, pers\u00f6nliches Geschenk f\u00fcr sie oder ihn.\" \/>\n<meta name=\"robots\" content=\"index, follow, max-snippet:-1, max-image-preview:large, max-video-preview:-1\" \/>\n<link rel=\"canonical\" href=\"https:\/\/positiveprints.com\/de\/produkt\/individuelles-paarportraet-mit-foto-als-vorlage\/\" \/>\n<meta property=\"og:locale\" content=\"de_DE\" \/>\n<meta property=\"og:type\" content=\"article\" \/>\n<meta property=\"og:title\" content=\"Individuelles Paarportr\u00e4t mit Foto als Vorlage\" \/>\n<meta property=\"og:description\" content=\"Lade euer Lieblingsfoto hoch 2 Korrekturdurchg\u00e4nge auf Wunsch Entspanne dich, w\u00e4hrend unsere K\u00fcnstler dein Meisterwerk erschaffen Erhalten dein Korrekturabzug in 2\u20133 Werktagen Verschiedene Druckgr\u00f6\u00dfen zur Auswahl\" \/>\n<meta property=\"og:url\" content=\"https:\/\/positiveprints.com\/de\/produkt\/individuelles-paarportraet-mit-foto-als-vorlage\/\" \/>\n<meta property=\"og:site_name\" content=\"Positive Prints\" \/>\n<meta property=\"article:publisher\" content=\"https:\/\/www.facebook.com\/positiveprintscom\" \/>\n<meta property=\"article:modified_time\" content=\"2026-04-23T09:17:06+00:00\" \/>\n<meta property=\"og:image\" content=\"https:\/\/positiveprints.com\/wp-content\/uploads\/2026\/02\/Packshot_DE_Individuelles-Paarportrat-mit-Foto-als-Vorlage.webp\" \/>\n\t<meta property=\"og:image:width\" content=\"1450\" \/>\n\t<meta property=\"og:image:height\" content=\"1450\" \/>\n\t<meta property=\"og:image:type\" content=\"image\/webp\" \/>\n<meta name=\"twitter:card\" content=\"summary_large_image\" \/>\n<!-- \/ Yoast SEO Premium plugin. -->","yoast_head_json":{"title":"Individuelles Paarportr\u00e4t mit Foto als Vorlage - Positive Prints","description":"Verwandele euer Lieblingsfoto in ein wundersch\u00f6nes, individuelles Paarportr\u00e4t, gedruckt auf einem hochwertigen Poster oder einer Leinwand \u2013 ein romantisches, pers\u00f6nliches Geschenk f\u00fcr sie oder ihn.","robots":{"index":"index","follow":"follow","max-snippet":"max-snippet:-1","max-image-preview":"max-image-preview:large","max-video-preview":"max-video-preview:-1"},"canonical":"https:\/\/positiveprints.com\/de\/produkt\/individuelles-paarportraet-mit-foto-als-vorlage\/","og_locale":"de_DE","og_type":"article","og_title":"Individuelles Paarportr\u00e4t mit Foto als Vorlage","og_description":"Lade euer Lieblingsfoto hoch 2 Korrekturdurchg\u00e4nge auf Wunsch Entspanne dich, w\u00e4hrend unsere K\u00fcnstler dein Meisterwerk erschaffen Erhalten dein Korrekturabzug in 2\u20133 Werktagen Verschiedene Druckgr\u00f6\u00dfen zur Auswahl","og_url":"https:\/\/positiveprints.com\/de\/produkt\/individuelles-paarportraet-mit-foto-als-vorlage\/","og_site_name":"Positive Prints","article_publisher":"https:\/\/www.facebook.com\/positiveprintscom","article_modified_time":"2026-04-23T09:17:06+00:00","og_image":[{"width":1450,"height":1450,"url":"https:\/\/positiveprints.com\/wp-content\/uploads\/2026\/02\/Packshot_DE_Individuelles-Paarportrat-mit-Foto-als-Vorlage.webp","type":"image\/webp"}],"twitter_card":"summary_large_image","schema":{"@context":"https:\/\/schema.org","@graph":[{"@type":["WebPage","ItemPage"],"@id":"https:\/\/positiveprints.com\/de\/produkt\/individuelles-paarportraet-mit-foto-als-vorlage\/","url":"https:\/\/positiveprints.com\/de\/produkt\/individuelles-paarportraet-mit-foto-als-vorlage\/","name":"Individuelles Paarportr\u00e4t mit Foto als Vorlage - Positive Prints","isPartOf":{"@id":"https:\/\/positiveprints.com\/de\/#website"},"primaryImageOfPage":{"@id":"https:\/\/positiveprints.com\/de\/produkt\/individuelles-paarportraet-mit-foto-als-vorlage\/#primaryimage"},"image":{"@id":"https:\/\/positiveprints.com\/de\/produkt\/individuelles-paarportraet-mit-foto-als-vorlage\/#primaryimage"},"thumbnailUrl":"https:\/\/positiveprints.com\/wp-content\/uploads\/2026\/02\/Packshot_DE_Individuelles-Paarportrat-mit-Foto-als-Vorlage.webp","datePublished":"2026-02-13T12:08:34+00:00","dateModified":"2026-04-23T09:17:06+00:00","description":"Verwandele euer Lieblingsfoto in ein wundersch\u00f6nes, individuelles Paarportr\u00e4t, gedruckt auf einem hochwertigen Poster oder einer Leinwand \u2013 ein romantisches, pers\u00f6nliches Geschenk f\u00fcr sie oder ihn.","breadcrumb":{"@id":"https:\/\/positiveprints.com\/de\/produkt\/individuelles-paarportraet-mit-foto-als-vorlage\/#breadcrumb"},"inLanguage":"de","potentialAction":[{"@type":"ReadAction","target":["https:\/\/positiveprints.com\/de\/produkt\/individuelles-paarportraet-mit-foto-als-vorlage\/"]}]},{"@type":"ImageObject","inLanguage":"de","@id":"https:\/\/positiveprints.com\/de\/produkt\/individuelles-paarportraet-mit-foto-als-vorlage\/#primaryimage","url":"https:\/\/positiveprints.com\/wp-content\/uploads\/2026\/02\/Packshot_DE_Individuelles-Paarportrat-mit-Foto-als-Vorlage.webp","contentUrl":"https:\/\/positiveprints.com\/wp-content\/uploads\/2026\/02\/Packshot_DE_Individuelles-Paarportrat-mit-Foto-als-Vorlage.webp","width":1450,"height":1450},{"@type":"BreadcrumbList","@id":"https:\/\/positiveprints.com\/de\/produkt\/individuelles-paarportraet-mit-foto-als-vorlage\/#breadcrumb","itemListElement":[{"@type":"ListItem","position":1,"name":"Startseite","item":"https:\/\/positiveprints.com\/de\/"},{"@type":"ListItem","position":2,"name":"Produkte","item":"https:\/\/positiveprints.com\/de\/shop\/"},{"@type":"ListItem","position":3,"name":"Individuelles Paarportr\u00e4t mit Foto als Vorlage"}]},{"@type":"WebSite","@id":"https:\/\/positiveprints.com\/de\/#website","url":"https:\/\/positiveprints.com\/de\/","name":"Positive Prints","description":"Amazing Custom Personalized Gifts","publisher":{"@id":"https:\/\/positiveprints.com\/de\/#organization"},"potentialAction":[{"@type":"SearchAction","target":{"@type":"EntryPoint","urlTemplate":"https:\/\/positiveprints.com\/de\/?s={search_term_string}"},"query-input":{"@type":"PropertyValueSpecification","valueRequired":true,"valueName":"search_term_string"}}],"inLanguage":"de"},{"@type":"Organization","@id":"https:\/\/positiveprints.com\/de\/#organization","name":"Positive Prints","alternateName":"Positive Prints","url":"https:\/\/positiveprints.com\/de\/","logo":{"@type":"ImageObject","inLanguage":"de","@id":"https:\/\/positiveprints.com\/de\/#\/schema\/logo\/image\/","url":"https:\/\/positiveprints.com\/wp-content\/uploads\/2026\/03\/245815646_1337939713319158_5671353136411139666_n.png","contentUrl":"https:\/\/positiveprints.com\/wp-content\/uploads\/2026\/03\/245815646_1337939713319158_5671353136411139666_n.png","width":800,"height":800,"caption":"Positive Prints"},"image":{"@id":"https:\/\/positiveprints.com\/de\/#\/schema\/logo\/image\/"},"sameAs":["https:\/\/www.facebook.com\/positiveprintscom","https:\/\/www.instagram.com\/positiveprintscom\/","https:\/\/www.tiktok.com\/@positiveprintscom","https:\/\/www.pinterest.com\/positiveprintscom\/"]}]}},"jetpack_sharing_enabled":true,"_links":{"self":[{"href":"https:\/\/positiveprints.com\/de\/wp-json\/wp\/v2\/product\/1643609","targetHints":{"allow":["GET"]}}],"collection":[{"href":"https:\/\/positiveprints.com\/de\/wp-json\/wp\/v2\/product"}],"about":[{"href":"https:\/\/positiveprints.com\/de\/wp-json\/wp\/v2\/types\/product"}],"wp:featuredmedia":[{"embeddable":true,"href":"https:\/\/positiveprints.com\/de\/wp-json\/wp\/v2\/media\/1632480"}],"wp:attachment":[{"href":"https:\/\/positiveprints.com\/de\/wp-json\/wp\/v2\/media?parent=1643609"}],"wp:term":[{"taxonomy":"product_brand","embeddable":true,"href":"https:\/\/positiveprints.com\/de\/wp-json\/wp\/v2\/product_brand?post=1643609"},{"taxonomy":"product_cat","embeddable":true,"href":"https:\/\/positiveprints.com\/de\/wp-json\/wp\/v2\/product_cat?post=1643609"},{"taxonomy":"product_tag","embeddable":true,"href":"https:\/\/positiveprints.com\/de\/wp-json\/wp\/v2\/product_tag?post=1643609"}],"curies":[{"name":"wp","href":"https:\/\/api.w.org\/{rel}","templated":true}]}}