{"id":1630565,"date":"2026-02-04T13:17:34","date_gmt":"2026-02-04T12:17:34","guid":{"rendered":"https:\/\/positiveprints.com\/?post_type=product&#038;p=1630565"},"modified":"2026-04-03T02:16:53","modified_gmt":"2026-04-03T01:16:53","slug":"personalisierter-sternenhimmel-zur-geburt","status":"publish","type":"product","link":"https:\/\/positiveprints.com\/de\/produkt\/personalisierter-sternenhimmel-zur-geburt\/","title":{"rendered":"Personalisierter Sternenhimmel zur Geburt"},"content":{"rendered":"","protected":false},"excerpt":{"rendered":"<ul class=\"check-list\">\n<li>F\u00fcge Planeten, Sternbilder und die Milchstra\u00dfe hinzu<\/li>\n<li>Passe dein Kunstwerk in 3 einfachen Schritten an<\/li>\n<li>F\u00fcge einen aussagekr\u00e4ftigen personalisierten Text hinzu<\/li>\n<li>Sieh das Ergebnis sofort \u2013 die interaktive Vorschau erm\u00f6glicht dir, jedes Detail direkt anzupassen<\/li>\n<\/ul>\n","protected":false},"featured_media":1631127,"template":"","meta":[],"product_brand":[],"product_cat":[7622,11331,11367,7686,15038,7830,8005,7735,8200,389,11203,11206,3116,5266],"product_tag":[8464,15205,13422,13451],"class_list":{"0":"post-1630565","1":"product","2":"type-product","3":"status-publish","4":"has-post-thumbnail","6":"product_cat-geschenke-fur-bruder","7":"product_cat-weihnachtsgeschenke-fur-den-bruder","8":"product_cat-weihnachtsgeschenke-fur-die-schwester","9":"product_cat-geschenke-fur-wichtige-frauen-in-deinem-leben","10":"product_cat-weihnachtsgeschenke-fur-freunde","11":"product_cat-geschenke-fur-freunde","12":"product_cat-geschenke-fur-manner","13":"product_cat-geschenke-fur-schwester","14":"product_cat-fur-sie-de","15":"product_cat-geburtstagsgeschenke","16":"product_cat-geburtstagsgeschenk-fuer-frauen","17":"product_cat-geburtstagsgeschenk-fur-manner","18":"product_cat-star-de-2","19":"product_cat-weihnachtsgeschenke","20":"product_tag-birthday-de","21":"product_tag-christmas-gifts-for-friends-de","22":"product_tag-weihnachtsgeschenk-fur-die-schwester","23":"product_tag-weihnachtsgeschenke-fur-den-bruder","25":"first","26":"instock","27":"sale","28":"taxable","29":"shipping-taxable","30":"purchasable","31":"product-type-variable","32":"has-default-attributes"},"yoast_head":"<!-- This site is optimized with the Yoast SEO Premium plugin v27.2 (Yoast SEO v27.2) - https:\/\/yoast.com\/product\/yoast-seo-premium-wordpress\/ -->\n<title>Personalisierter Sternenhimmel zur Geburt - Positive Prints<\/title>\n<meta name=\"description\" content=\"Personalisierter Sternenhimmel zur Geburt zeigt den Nachthimmel eines besonderen Datums und ist ein liebevolles Geschenk zur Geburt oder zum Geburtstag.\" \/>\n<meta name=\"robots\" content=\"index, follow, max-snippet:-1, max-image-preview:large, max-video-preview:-1\" \/>\n<link rel=\"canonical\" href=\"https:\/\/positiveprints.com\/de\/produkt\/personalisierter-sternenhimmel-zur-geburt\/\" \/>\n<meta property=\"og:locale\" content=\"de_DE\" \/>\n<meta property=\"og:type\" content=\"article\" \/>\n<meta property=\"og:title\" content=\"Personalisierter Sternenhimmel zur Geburt\" \/>\n<meta property=\"og:description\" content=\"F\u00fcge Planeten, Sternbilder und die Milchstra\u00dfe hinzu  Passe dein Kunstwerk in 3 einfachen Schritten an  F\u00fcge einen aussagekr\u00e4ftigen personalisierten Text hinzu  Sieh das Ergebnis sofort \u2013 die interaktive Vorschau erm\u00f6glicht dir, jedes Detail direkt anzupassen\" \/>\n<meta property=\"og:url\" content=\"https:\/\/positiveprints.com\/de\/produkt\/personalisierter-sternenhimmel-zur-geburt\/\" \/>\n<meta property=\"og:site_name\" content=\"Positive Prints\" \/>\n<meta property=\"article:publisher\" content=\"https:\/\/www.facebook.com\/positiveprintscom\" \/>\n<meta property=\"article:modified_time\" content=\"2026-04-03T01:16:53+00:00\" \/>\n<meta property=\"og:image\" content=\"https:\/\/positiveprints.com\/wp-content\/uploads\/2026\/02\/Packshot_DE_XX.webp\" \/>\n\t<meta property=\"og:image:width\" content=\"1450\" \/>\n\t<meta property=\"og:image:height\" content=\"1450\" \/>\n\t<meta property=\"og:image:type\" content=\"image\/webp\" \/>\n<meta name=\"twitter:card\" content=\"summary_large_image\" \/>\n<meta name=\"twitter:label1\" content=\"Gesch\u00e4tzte Lesezeit\" \/>\n\t<meta name=\"twitter:data1\" content=\"1\u00a0Minute\" \/>\n<!-- \/ Yoast SEO Premium plugin. -->","yoast_head_json":{"title":"Personalisierter Sternenhimmel zur Geburt - Positive Prints","description":"Personalisierter Sternenhimmel zur Geburt zeigt den Nachthimmel eines besonderen Datums und ist ein liebevolles Geschenk zur Geburt oder zum Geburtstag.","robots":{"index":"index","follow":"follow","max-snippet":"max-snippet:-1","max-image-preview":"max-image-preview:large","max-video-preview":"max-video-preview:-1"},"canonical":"https:\/\/positiveprints.com\/de\/produkt\/personalisierter-sternenhimmel-zur-geburt\/","og_locale":"de_DE","og_type":"article","og_title":"Personalisierter Sternenhimmel zur Geburt","og_description":"F\u00fcge Planeten, Sternbilder und die Milchstra\u00dfe hinzu  Passe dein Kunstwerk in 3 einfachen Schritten an  F\u00fcge einen aussagekr\u00e4ftigen personalisierten Text hinzu  Sieh das Ergebnis sofort \u2013 die interaktive Vorschau erm\u00f6glicht dir, jedes Detail direkt anzupassen","og_url":"https:\/\/positiveprints.com\/de\/produkt\/personalisierter-sternenhimmel-zur-geburt\/","og_site_name":"Positive Prints","article_publisher":"https:\/\/www.facebook.com\/positiveprintscom","article_modified_time":"2026-04-03T01:16:53+00:00","og_image":[{"width":1450,"height":1450,"url":"https:\/\/positiveprints.com\/wp-content\/uploads\/2026\/02\/Packshot_DE_XX.webp","type":"image\/webp"}],"twitter_card":"summary_large_image","twitter_misc":{"Gesch\u00e4tzte Lesezeit":"1\u00a0Minute"},"schema":{"@context":"https:\/\/schema.org","@graph":[{"@type":["WebPage","ItemPage"],"@id":"https:\/\/positiveprints.com\/de\/produkt\/personalisierter-sternenhimmel-zur-geburt\/","url":"https:\/\/positiveprints.com\/de\/produkt\/personalisierter-sternenhimmel-zur-geburt\/","name":"Personalisierter Sternenhimmel zur Geburt - Positive Prints","isPartOf":{"@id":"https:\/\/positiveprints.com\/de\/#website"},"primaryImageOfPage":{"@id":"https:\/\/positiveprints.com\/de\/produkt\/personalisierter-sternenhimmel-zur-geburt\/#primaryimage"},"image":{"@id":"https:\/\/positiveprints.com\/de\/produkt\/personalisierter-sternenhimmel-zur-geburt\/#primaryimage"},"thumbnailUrl":"https:\/\/positiveprints.com\/wp-content\/uploads\/2026\/02\/Packshot_DE_XX.webp","datePublished":"2026-02-04T12:17:34+00:00","dateModified":"2026-04-03T01:16:53+00:00","description":"Personalisierter Sternenhimmel zur Geburt zeigt den Nachthimmel eines besonderen Datums und ist ein liebevolles Geschenk zur Geburt oder zum Geburtstag.","breadcrumb":{"@id":"https:\/\/positiveprints.com\/de\/produkt\/personalisierter-sternenhimmel-zur-geburt\/#breadcrumb"},"inLanguage":"de","potentialAction":[{"@type":"ReadAction","target":["https:\/\/positiveprints.com\/de\/produkt\/personalisierter-sternenhimmel-zur-geburt\/"]}]},{"@type":"ImageObject","inLanguage":"de","@id":"https:\/\/positiveprints.com\/de\/produkt\/personalisierter-sternenhimmel-zur-geburt\/#primaryimage","url":"https:\/\/positiveprints.com\/wp-content\/uploads\/2026\/02\/Packshot_DE_XX.webp","contentUrl":"https:\/\/positiveprints.com\/wp-content\/uploads\/2026\/02\/Packshot_DE_XX.webp","width":1450,"height":1450},{"@type":"BreadcrumbList","@id":"https:\/\/positiveprints.com\/de\/produkt\/personalisierter-sternenhimmel-zur-geburt\/#breadcrumb","itemListElement":[{"@type":"ListItem","position":1,"name":"Startseite","item":"https:\/\/positiveprints.com\/de\/"},{"@type":"ListItem","position":2,"name":"Produkte","item":"https:\/\/positiveprints.com\/de\/shop\/"},{"@type":"ListItem","position":3,"name":"Personalisierter Sternenhimmel zur Geburt"}]},{"@type":"WebSite","@id":"https:\/\/positiveprints.com\/de\/#website","url":"https:\/\/positiveprints.com\/de\/","name":"Positive Prints","description":"Amazing Custom Personalized Gifts","publisher":{"@id":"https:\/\/positiveprints.com\/de\/#organization"},"potentialAction":[{"@type":"SearchAction","target":{"@type":"EntryPoint","urlTemplate":"https:\/\/positiveprints.com\/de\/?s={search_term_string}"},"query-input":{"@type":"PropertyValueSpecification","valueRequired":true,"valueName":"search_term_string"}}],"inLanguage":"de"},{"@type":"Organization","@id":"https:\/\/positiveprints.com\/de\/#organization","name":"Positive Prints","alternateName":"Positive Prints","url":"https:\/\/positiveprints.com\/de\/","logo":{"@type":"ImageObject","inLanguage":"de","@id":"https:\/\/positiveprints.com\/de\/#\/schema\/logo\/image\/","url":"https:\/\/positiveprints.com\/wp-content\/uploads\/2026\/03\/245815646_1337939713319158_5671353136411139666_n.png","contentUrl":"https:\/\/positiveprints.com\/wp-content\/uploads\/2026\/03\/245815646_1337939713319158_5671353136411139666_n.png","width":800,"height":800,"caption":"Positive Prints"},"image":{"@id":"https:\/\/positiveprints.com\/de\/#\/schema\/logo\/image\/"},"sameAs":["https:\/\/www.facebook.com\/positiveprintscom","https:\/\/www.instagram.com\/positiveprintscom\/","https:\/\/www.tiktok.com\/@positiveprintscom","https:\/\/www.pinterest.com\/positiveprintscom\/"]}]}},"jetpack_sharing_enabled":true,"_links":{"self":[{"href":"https:\/\/positiveprints.com\/de\/wp-json\/wp\/v2\/product\/1630565","targetHints":{"allow":["GET"]}}],"collection":[{"href":"https:\/\/positiveprints.com\/de\/wp-json\/wp\/v2\/product"}],"about":[{"href":"https:\/\/positiveprints.com\/de\/wp-json\/wp\/v2\/types\/product"}],"wp:featuredmedia":[{"embeddable":true,"href":"https:\/\/positiveprints.com\/de\/wp-json\/wp\/v2\/media\/1631127"}],"wp:attachment":[{"href":"https:\/\/positiveprints.com\/de\/wp-json\/wp\/v2\/media?parent=1630565"}],"wp:term":[{"taxonomy":"product_brand","embeddable":true,"href":"https:\/\/positiveprints.com\/de\/wp-json\/wp\/v2\/product_brand?post=1630565"},{"taxonomy":"product_cat","embeddable":true,"href":"https:\/\/positiveprints.com\/de\/wp-json\/wp\/v2\/product_cat?post=1630565"},{"taxonomy":"product_tag","embeddable":true,"href":"https:\/\/positiveprints.com\/de\/wp-json\/wp\/v2\/product_tag?post=1630565"}],"curies":[{"name":"wp","href":"https:\/\/api.w.org\/{rel}","templated":true}]}}