{"id":1628807,"date":"2026-02-04T11:59:29","date_gmt":"2026-02-04T10:59:29","guid":{"rendered":"https:\/\/positiveprints.com\/?post_type=product&#038;p=1628807"},"modified":"2026-04-03T02:17:25","modified_gmt":"2026-04-03T01:17:25","slug":"der-moment-als-du-meine-mama-wurdest","status":"publish","type":"product","link":"https:\/\/positiveprints.com\/de\/produkt\/der-moment-als-du-meine-mama-wurdest\/","title":{"rendered":"Der Moment, als du meine Mama wurdest"},"content":{"rendered":"","protected":false},"excerpt":{"rendered":"<ul class=\"check-list\">\n<li>F\u00fcge Planeten, Sternbilder und die Milchstra\u00dfe hinzu<\/li>\n<li>Passe dein Kunstwerk in 3 einfachen Schritten an<\/li>\n<li>F\u00fcge einen aussagekr\u00e4ftigen personalisierten Text hinzu<\/li>\n<li>Sieh das Ergebnis sofort \u2013 die interaktive Vorschau erm\u00f6glicht dir, jedes Detail direkt anzupassen<\/li>\n<\/ul>\n","protected":false},"featured_media":1668422,"template":"","meta":[],"product_brand":[],"product_cat":[11364,11361,7702,7278,3116,5266],"product_tag":[15908,15557,12553,15538,12550,15905,15906],"class_list":{"0":"post-1628807","1":"product","2":"type-product","3":"status-publish","4":"has-post-thumbnail","6":"product_cat-weihnachtsgeschenke-fur-die-eltern","7":"product_cat-weihnachtsgeschenke-fur-die-mama","8":"product_cat-geschenke-fur-mama","9":"product_cat-muttertagsgeschenke","10":"product_cat-star-de-2","11":"product_cat-weihnachtsgeschenke","12":"product_tag-christmas-gifts-for-mom-de","13":"product_tag-die-beste-mama-de","14":"product_tag-geschenk-fur-mama","15":"product_tag-geschenk-fur-mama-de","16":"product_tag-mama-de","17":"product_tag-mommy-de","18":"product_tag-mother-de-2","20":"first","21":"instock","22":"sale","23":"taxable","24":"shipping-taxable","25":"purchasable","26":"product-type-variable"},"yoast_head":"<!-- This site is optimized with the Yoast SEO Premium plugin v27.2 (Yoast SEO v27.2) - https:\/\/yoast.com\/product\/yoast-seo-premium-wordpress\/ -->\n<title>Der Moment, als du meine Mama wurdest - Positive Prints<\/title>\n<meta name=\"description\" content=\"Ein emotionales Geschenk f\u00fcr Mama \u2013 verewige den Moment, als sie Mama wurde. Perfekt zum Muttertag, zur Geburt oder als liebevolle \u00dcberraschung.\" \/>\n<meta name=\"robots\" content=\"index, follow, max-snippet:-1, max-image-preview:large, max-video-preview:-1\" \/>\n<link rel=\"canonical\" href=\"https:\/\/positiveprints.com\/de\/produkt\/der-moment-als-du-meine-mama-wurdest\/\" \/>\n<meta property=\"og:locale\" content=\"de_DE\" \/>\n<meta property=\"og:type\" content=\"article\" \/>\n<meta property=\"og:title\" content=\"Der Moment, als du meine Mama wurdest\" \/>\n<meta property=\"og:description\" content=\"F\u00fcge Planeten, Sternbilder und die Milchstra\u00dfe hinzu  Passe dein Kunstwerk in 3 einfachen Schritten an  F\u00fcge einen aussagekr\u00e4ftigen personalisierten Text hinzu  Sieh das Ergebnis sofort \u2013 die interaktive Vorschau erm\u00f6glicht dir, jedes Detail direkt anzupassen\" \/>\n<meta property=\"og:url\" content=\"https:\/\/positiveprints.com\/de\/produkt\/der-moment-als-du-meine-mama-wurdest\/\" \/>\n<meta property=\"og:site_name\" content=\"Positive Prints\" \/>\n<meta property=\"article:publisher\" content=\"https:\/\/www.facebook.com\/positiveprintscom\" \/>\n<meta property=\"article:modified_time\" content=\"2026-04-03T01:17:25+00:00\" \/>\n<meta property=\"og:image\" content=\"https:\/\/positiveprints.com\/wp-content\/uploads\/2026\/02\/Packshot_DE_XX-3.webp\" \/>\n\t<meta property=\"og:image:width\" content=\"1450\" \/>\n\t<meta property=\"og:image:height\" content=\"1450\" \/>\n\t<meta property=\"og:image:type\" content=\"image\/webp\" \/>\n<meta name=\"twitter:card\" content=\"summary_large_image\" \/>\n<meta name=\"twitter:label1\" content=\"Gesch\u00e4tzte Lesezeit\" \/>\n\t<meta name=\"twitter:data1\" content=\"2\u00a0Minuten\" \/>\n<!-- \/ Yoast SEO Premium plugin. -->","yoast_head_json":{"title":"Der Moment, als du meine Mama wurdest - Positive Prints","description":"Ein emotionales Geschenk f\u00fcr Mama \u2013 verewige den Moment, als sie Mama wurde. Perfekt zum Muttertag, zur Geburt oder als liebevolle \u00dcberraschung.","robots":{"index":"index","follow":"follow","max-snippet":"max-snippet:-1","max-image-preview":"max-image-preview:large","max-video-preview":"max-video-preview:-1"},"canonical":"https:\/\/positiveprints.com\/de\/produkt\/der-moment-als-du-meine-mama-wurdest\/","og_locale":"de_DE","og_type":"article","og_title":"Der Moment, als du meine Mama wurdest","og_description":"F\u00fcge Planeten, Sternbilder und die Milchstra\u00dfe hinzu  Passe dein Kunstwerk in 3 einfachen Schritten an  F\u00fcge einen aussagekr\u00e4ftigen personalisierten Text hinzu  Sieh das Ergebnis sofort \u2013 die interaktive Vorschau erm\u00f6glicht dir, jedes Detail direkt anzupassen","og_url":"https:\/\/positiveprints.com\/de\/produkt\/der-moment-als-du-meine-mama-wurdest\/","og_site_name":"Positive Prints","article_publisher":"https:\/\/www.facebook.com\/positiveprintscom","article_modified_time":"2026-04-03T01:17:25+00:00","og_image":[{"width":1450,"height":1450,"url":"https:\/\/positiveprints.com\/wp-content\/uploads\/2026\/02\/Packshot_DE_XX-3.webp","type":"image\/webp"}],"twitter_card":"summary_large_image","twitter_misc":{"Gesch\u00e4tzte Lesezeit":"2\u00a0Minuten"},"schema":{"@context":"https:\/\/schema.org","@graph":[{"@type":["WebPage","ItemPage"],"@id":"https:\/\/positiveprints.com\/de\/produkt\/der-moment-als-du-meine-mama-wurdest\/","url":"https:\/\/positiveprints.com\/de\/produkt\/der-moment-als-du-meine-mama-wurdest\/","name":"Der Moment, als du meine Mama wurdest - Positive Prints","isPartOf":{"@id":"https:\/\/positiveprints.com\/de\/#website"},"primaryImageOfPage":{"@id":"https:\/\/positiveprints.com\/de\/produkt\/der-moment-als-du-meine-mama-wurdest\/#primaryimage"},"image":{"@id":"https:\/\/positiveprints.com\/de\/produkt\/der-moment-als-du-meine-mama-wurdest\/#primaryimage"},"thumbnailUrl":"https:\/\/positiveprints.com\/wp-content\/uploads\/2026\/03\/Der-Moment-in-dem-du-meine-Mama-wurdest-DE.-packshot-.webp","datePublished":"2026-02-04T10:59:29+00:00","dateModified":"2026-04-03T01:17:25+00:00","description":"Ein emotionales Geschenk f\u00fcr Mama \u2013 verewige den Moment, als sie Mama wurde. Perfekt zum Muttertag, zur Geburt oder als liebevolle \u00dcberraschung.","breadcrumb":{"@id":"https:\/\/positiveprints.com\/de\/produkt\/der-moment-als-du-meine-mama-wurdest\/#breadcrumb"},"inLanguage":"de","potentialAction":[{"@type":"ReadAction","target":["https:\/\/positiveprints.com\/de\/produkt\/der-moment-als-du-meine-mama-wurdest\/"]}]},{"@type":"ImageObject","inLanguage":"de","@id":"https:\/\/positiveprints.com\/de\/produkt\/der-moment-als-du-meine-mama-wurdest\/#primaryimage","url":"https:\/\/positiveprints.com\/wp-content\/uploads\/2026\/03\/Der-Moment-in-dem-du-meine-Mama-wurdest-DE.-packshot-.webp","contentUrl":"https:\/\/positiveprints.com\/wp-content\/uploads\/2026\/03\/Der-Moment-in-dem-du-meine-Mama-wurdest-DE.-packshot-.webp","width":1450,"height":1450},{"@type":"BreadcrumbList","@id":"https:\/\/positiveprints.com\/de\/produkt\/der-moment-als-du-meine-mama-wurdest\/#breadcrumb","itemListElement":[{"@type":"ListItem","position":1,"name":"Startseite","item":"https:\/\/positiveprints.com\/de\/"},{"@type":"ListItem","position":2,"name":"Produkte","item":"https:\/\/positiveprints.com\/de\/shop\/"},{"@type":"ListItem","position":3,"name":"Der Moment, als du meine Mama wurdest"}]},{"@type":"WebSite","@id":"https:\/\/positiveprints.com\/de\/#website","url":"https:\/\/positiveprints.com\/de\/","name":"Positive Prints","description":"Amazing Custom Personalized Gifts","publisher":{"@id":"https:\/\/positiveprints.com\/de\/#organization"},"potentialAction":[{"@type":"SearchAction","target":{"@type":"EntryPoint","urlTemplate":"https:\/\/positiveprints.com\/de\/?s={search_term_string}"},"query-input":{"@type":"PropertyValueSpecification","valueRequired":true,"valueName":"search_term_string"}}],"inLanguage":"de"},{"@type":"Organization","@id":"https:\/\/positiveprints.com\/de\/#organization","name":"Positive Prints","alternateName":"Positive Prints","url":"https:\/\/positiveprints.com\/de\/","logo":{"@type":"ImageObject","inLanguage":"de","@id":"https:\/\/positiveprints.com\/de\/#\/schema\/logo\/image\/","url":"https:\/\/positiveprints.com\/wp-content\/uploads\/2026\/03\/245815646_1337939713319158_5671353136411139666_n.png","contentUrl":"https:\/\/positiveprints.com\/wp-content\/uploads\/2026\/03\/245815646_1337939713319158_5671353136411139666_n.png","width":800,"height":800,"caption":"Positive Prints"},"image":{"@id":"https:\/\/positiveprints.com\/de\/#\/schema\/logo\/image\/"},"sameAs":["https:\/\/www.facebook.com\/positiveprintscom","https:\/\/www.instagram.com\/positiveprintscom\/","https:\/\/www.tiktok.com\/@positiveprintscom","https:\/\/www.pinterest.com\/positiveprintscom\/"]}]}},"jetpack_sharing_enabled":true,"_links":{"self":[{"href":"https:\/\/positiveprints.com\/de\/wp-json\/wp\/v2\/product\/1628807","targetHints":{"allow":["GET"]}}],"collection":[{"href":"https:\/\/positiveprints.com\/de\/wp-json\/wp\/v2\/product"}],"about":[{"href":"https:\/\/positiveprints.com\/de\/wp-json\/wp\/v2\/types\/product"}],"wp:featuredmedia":[{"embeddable":true,"href":"https:\/\/positiveprints.com\/de\/wp-json\/wp\/v2\/media\/1668422"}],"wp:attachment":[{"href":"https:\/\/positiveprints.com\/de\/wp-json\/wp\/v2\/media?parent=1628807"}],"wp:term":[{"taxonomy":"product_brand","embeddable":true,"href":"https:\/\/positiveprints.com\/de\/wp-json\/wp\/v2\/product_brand?post=1628807"},{"taxonomy":"product_cat","embeddable":true,"href":"https:\/\/positiveprints.com\/de\/wp-json\/wp\/v2\/product_cat?post=1628807"},{"taxonomy":"product_tag","embeddable":true,"href":"https:\/\/positiveprints.com\/de\/wp-json\/wp\/v2\/product_tag?post=1628807"}],"curies":[{"name":"wp","href":"https:\/\/api.w.org\/{rel}","templated":true}]}}