{"id":1615955,"date":"2026-01-21T21:24:55","date_gmt":"2026-01-21T20:24:55","guid":{"rendered":"https:\/\/positiveprints.com\/?post_type=product&#038;p=1615955"},"modified":"2026-04-03T02:17:40","modified_gmt":"2026-04-03T01:17:40","slug":"digitale-vinyl-schallplatten","status":"publish","type":"product","link":"https:\/\/positiveprints.com\/de\/produkt\/digitale-vinyl-schallplatten\/","title":{"rendered":"Digitale Vinyl Schallplatten"},"content":{"rendered":"","protected":false},"excerpt":{"rendered":"<ul class=\"check-list\">\n<li>Personalisiere dein Kunstwerk \u2013 w\u00e4hle einfach einen Song aus und wir arrangieren den Songtext k\u00fcnstlerisch auf dem Design<\/li>\n<li>Bearbeite dein Design in nur 2 Minuten<\/li>\n<li>F\u00fcge einen bedeutungsvollen und pers\u00f6nlichen Text hinzu<\/li>\n<li>Schaue die Vorschau deines Designs bei jedem Schritt an<\/li>\n<\/ul>\n","protected":false},"featured_media":1248092,"template":"","meta":[],"product_brand":[],"product_cat":[105,9275,8244,7574,12176],"product_tag":[8720],"class_list":{"0":"post-1615955","1":"product","2":"type-product","3":"status-publish","4":"has-post-thumbnail","6":"product_cat-alle-produkte","7":"product_cat-bestsellers-label-de","8":"product_cat-digital-products-de","9":"product_cat-last-minute-geschenkideen","10":"product_cat-lyrics-de","11":"product_tag-last-minute-de","13":"first","14":"instock","15":"sale","16":"taxable","17":"shipping-taxable","18":"purchasable","19":"product-type-variable"},"yoast_head":"<!-- This site is optimized with the Yoast SEO Premium plugin v27.2 (Yoast SEO v27.2) - https:\/\/yoast.com\/product\/yoast-seo-premium-wordpress\/ -->\n<title>Digitale Vinyl Schallplatten - Positive Prints<\/title>\n<meta name=\"description\" content=\"Suchst du nach einem einzigartigen und besonderen Geschenk? Individuelles Song Vinyl Kunstwerk ist ein personalisierter Druck oder eine Leinwand, die den Text eines von dir ausgew\u00e4hlten Liedes wundersch\u00f6n darstellt.\" \/>\n<meta name=\"robots\" content=\"index, follow, max-snippet:-1, max-image-preview:large, max-video-preview:-1\" \/>\n<link rel=\"canonical\" href=\"https:\/\/positiveprints.com\/de\/produkt\/digitale-vinyl-schallplatten\/\" \/>\n<meta property=\"og:locale\" content=\"de_DE\" \/>\n<meta property=\"og:type\" content=\"article\" \/>\n<meta property=\"og:title\" content=\"Digitale Vinyl Schallplatten\" \/>\n<meta property=\"og:description\" content=\"Personalisiere dein Kunstwerk \u2013 w\u00e4hle einfach einen Song aus und wir arrangieren den Songtext k\u00fcnstlerisch auf dem Design         Bearbeite dein Design in nur 2 Minuten         F\u00fcge einen bedeutungsvollen und pers\u00f6nlichen Text hinzu         Schaue die Vorschau deines Designs bei jedem Schritt an\" \/>\n<meta property=\"og:url\" content=\"https:\/\/positiveprints.com\/de\/produkt\/digitale-vinyl-schallplatten\/\" \/>\n<meta property=\"og:site_name\" content=\"Positive Prints\" \/>\n<meta property=\"article:publisher\" content=\"https:\/\/www.facebook.com\/positiveprintscom\" \/>\n<meta property=\"article:modified_time\" content=\"2026-04-03T01:17:40+00:00\" \/>\n<meta property=\"og:image\" content=\"https:\/\/positiveprints.com\/wp-content\/uploads\/2026\/01\/Personalisierte-Vinyl-Schallplattenkunst_DE.webp\" \/>\n\t<meta property=\"og:image:width\" content=\"2048\" \/>\n\t<meta property=\"og:image:height\" content=\"2048\" \/>\n\t<meta property=\"og:image:type\" content=\"image\/webp\" \/>\n<meta name=\"twitter:card\" content=\"summary_large_image\" \/>\n<meta name=\"twitter:label1\" content=\"Gesch\u00e4tzte Lesezeit\" \/>\n\t<meta name=\"twitter:data1\" content=\"1\u00a0Minute\" \/>\n<!-- \/ Yoast SEO Premium plugin. -->","yoast_head_json":{"title":"Digitale Vinyl Schallplatten - Positive Prints","description":"Suchst du nach einem einzigartigen und besonderen Geschenk? Individuelles Song Vinyl Kunstwerk ist ein personalisierter Druck oder eine Leinwand, die den Text eines von dir ausgew\u00e4hlten Liedes wundersch\u00f6n darstellt.","robots":{"index":"index","follow":"follow","max-snippet":"max-snippet:-1","max-image-preview":"max-image-preview:large","max-video-preview":"max-video-preview:-1"},"canonical":"https:\/\/positiveprints.com\/de\/produkt\/digitale-vinyl-schallplatten\/","og_locale":"de_DE","og_type":"article","og_title":"Digitale Vinyl Schallplatten","og_description":"Personalisiere dein Kunstwerk \u2013 w\u00e4hle einfach einen Song aus und wir arrangieren den Songtext k\u00fcnstlerisch auf dem Design         Bearbeite dein Design in nur 2 Minuten         F\u00fcge einen bedeutungsvollen und pers\u00f6nlichen Text hinzu         Schaue die Vorschau deines Designs bei jedem Schritt an","og_url":"https:\/\/positiveprints.com\/de\/produkt\/digitale-vinyl-schallplatten\/","og_site_name":"Positive Prints","article_publisher":"https:\/\/www.facebook.com\/positiveprintscom","article_modified_time":"2026-04-03T01:17:40+00:00","og_image":[{"width":2048,"height":2048,"url":"https:\/\/positiveprints.com\/wp-content\/uploads\/2026\/01\/Personalisierte-Vinyl-Schallplattenkunst_DE.webp","type":"image\/webp"}],"twitter_card":"summary_large_image","twitter_misc":{"Gesch\u00e4tzte Lesezeit":"1\u00a0Minute"},"schema":{"@context":"https:\/\/schema.org","@graph":[{"@type":["WebPage","ItemPage"],"@id":"https:\/\/positiveprints.com\/de\/produkt\/digitale-vinyl-schallplatten\/","url":"https:\/\/positiveprints.com\/de\/produkt\/digitale-vinyl-schallplatten\/","name":"Digitale Vinyl Schallplatten - Positive Prints","isPartOf":{"@id":"https:\/\/positiveprints.com\/de\/#website"},"primaryImageOfPage":{"@id":"https:\/\/positiveprints.com\/de\/produkt\/digitale-vinyl-schallplatten\/#primaryimage"},"image":{"@id":"https:\/\/positiveprints.com\/de\/produkt\/digitale-vinyl-schallplatten\/#primaryimage"},"thumbnailUrl":"https:\/\/positiveprints.com\/wp-content\/uploads\/2024\/11\/Packshot_DE_Custom-Song-Lyrics-Art-with-Photo-product-image-.webp","datePublished":"2026-01-21T20:24:55+00:00","dateModified":"2026-04-03T01:17:40+00:00","description":"Suchst du nach einem einzigartigen und besonderen Geschenk? Individuelles Song Vinyl Kunstwerk ist ein personalisierter Druck oder eine Leinwand, die den Text eines von dir ausgew\u00e4hlten Liedes wundersch\u00f6n darstellt.","breadcrumb":{"@id":"https:\/\/positiveprints.com\/de\/produkt\/digitale-vinyl-schallplatten\/#breadcrumb"},"inLanguage":"de","potentialAction":[{"@type":"ReadAction","target":["https:\/\/positiveprints.com\/de\/produkt\/digitale-vinyl-schallplatten\/"]}]},{"@type":"ImageObject","inLanguage":"de","@id":"https:\/\/positiveprints.com\/de\/produkt\/digitale-vinyl-schallplatten\/#primaryimage","url":"https:\/\/positiveprints.com\/wp-content\/uploads\/2024\/11\/Packshot_DE_Custom-Song-Lyrics-Art-with-Photo-product-image-.webp","contentUrl":"https:\/\/positiveprints.com\/wp-content\/uploads\/2024\/11\/Packshot_DE_Custom-Song-Lyrics-Art-with-Photo-product-image-.webp","width":1450,"height":1450},{"@type":"BreadcrumbList","@id":"https:\/\/positiveprints.com\/de\/produkt\/digitale-vinyl-schallplatten\/#breadcrumb","itemListElement":[{"@type":"ListItem","position":1,"name":"Startseite","item":"https:\/\/positiveprints.com\/de\/"},{"@type":"ListItem","position":2,"name":"Produkte","item":"https:\/\/positiveprints.com\/de\/shop\/"},{"@type":"ListItem","position":3,"name":"Digitale Vinyl Schallplatten"}]},{"@type":"WebSite","@id":"https:\/\/positiveprints.com\/de\/#website","url":"https:\/\/positiveprints.com\/de\/","name":"Positive Prints","description":"Amazing Custom Personalized Gifts","publisher":{"@id":"https:\/\/positiveprints.com\/de\/#organization"},"potentialAction":[{"@type":"SearchAction","target":{"@type":"EntryPoint","urlTemplate":"https:\/\/positiveprints.com\/de\/?s={search_term_string}"},"query-input":{"@type":"PropertyValueSpecification","valueRequired":true,"valueName":"search_term_string"}}],"inLanguage":"de"},{"@type":"Organization","@id":"https:\/\/positiveprints.com\/de\/#organization","name":"Positive Prints","alternateName":"Positive Prints","url":"https:\/\/positiveprints.com\/de\/","logo":{"@type":"ImageObject","inLanguage":"de","@id":"https:\/\/positiveprints.com\/de\/#\/schema\/logo\/image\/","url":"https:\/\/positiveprints.com\/wp-content\/uploads\/2026\/03\/245815646_1337939713319158_5671353136411139666_n.png","contentUrl":"https:\/\/positiveprints.com\/wp-content\/uploads\/2026\/03\/245815646_1337939713319158_5671353136411139666_n.png","width":800,"height":800,"caption":"Positive Prints"},"image":{"@id":"https:\/\/positiveprints.com\/de\/#\/schema\/logo\/image\/"},"sameAs":["https:\/\/www.facebook.com\/positiveprintscom","https:\/\/www.instagram.com\/positiveprintscom\/","https:\/\/www.tiktok.com\/@positiveprintscom","https:\/\/www.pinterest.com\/positiveprintscom\/"]}]}},"jetpack_sharing_enabled":true,"_links":{"self":[{"href":"https:\/\/positiveprints.com\/de\/wp-json\/wp\/v2\/product\/1615955","targetHints":{"allow":["GET"]}}],"collection":[{"href":"https:\/\/positiveprints.com\/de\/wp-json\/wp\/v2\/product"}],"about":[{"href":"https:\/\/positiveprints.com\/de\/wp-json\/wp\/v2\/types\/product"}],"wp:featuredmedia":[{"embeddable":true,"href":"https:\/\/positiveprints.com\/de\/wp-json\/wp\/v2\/media\/1248092"}],"wp:attachment":[{"href":"https:\/\/positiveprints.com\/de\/wp-json\/wp\/v2\/media?parent=1615955"}],"wp:term":[{"taxonomy":"product_brand","embeddable":true,"href":"https:\/\/positiveprints.com\/de\/wp-json\/wp\/v2\/product_brand?post=1615955"},{"taxonomy":"product_cat","embeddable":true,"href":"https:\/\/positiveprints.com\/de\/wp-json\/wp\/v2\/product_cat?post=1615955"},{"taxonomy":"product_tag","embeddable":true,"href":"https:\/\/positiveprints.com\/de\/wp-json\/wp\/v2\/product_tag?post=1615955"}],"curies":[{"name":"wp","href":"https:\/\/api.w.org\/{rel}","templated":true}]}}