{"id":15890,"date":"2020-01-15T17:12:53","date_gmt":"2020-01-15T16:12:53","guid":{"rendered":"https:\/\/positiveprints.com\/product\/our-engagement-location-map\/"},"modified":"2026-04-18T09:18:17","modified_gmt":"2026-04-18T08:18:17","slug":"verlobungskarte","status":"publish","type":"product","link":"https:\/\/positiveprints.com\/de\/produkt\/verlobungskarte\/","title":{"rendered":"Verlobungskarte"},"content":{"rendered":"<p>Feier einen der wichtigsten Meilensteine in deinem Leben mit einer VERLOBUNGSKARTE \u2013 einer wundersch\u00f6nen Karte, die den Ort zeigt, an dem die Magie geschah.<\/p>\r\n\r\n\r\n\r\n<h2 class=\"grenB f24 cblue\" style=\"margin-top: 3rem\">Was ist ein passendes Geschenk zur Verlobung?<\/h2>\r\n\r\n\r\n\r\n<p style=\"margin-top: 1rem\">Jede Karte ist Teil einer Reise. F\u00fcr dich und deinen Lebensgef\u00e4hrten begann ein besonderer Teil eurer gemeinsamen Reise mit dem Moment, in dem ihr euch verlobt habt. Haltet diesen besonderen Moment f\u00fcr immer mit einem Geschenk zur Verlobung fest. <\/p>\r\n\r\n\r\n\r\n<p style=\"margin-top: 1rem\">Eine Verlobungskarte zeigt den genauen Ort an, an dem ihr beide beschlossen habt, f\u00fcr immer zusammen zu bleiben. Es ist ein personalisierter Druck, der einen Teil eurer Liebesgeschichte erz\u00e4hlt. <\/p>\r\n\r\n\r\n\r\n<h2 class=\"grenB f24 cblue\" style=\"margin-top: 3rem\">Unsere Verlobungsgeschenkidee<\/h2>\r\n\r\n\r\n\r\n<p style=\"margin-top: 1rem\">Unsere Verlobungskarten sind das perfekte Geschenk f\u00fcr frisch verlobte Paare. Es k\u00f6nnte das allererste Kunstwerk sein, das sie in dem Haus aufh\u00e4ngen, das sie gemeinsam erschaffen haben! Gebe einfach die Adresse des Ortes ein, an dem die Verlobung stattgefunden hat, und w\u00e4hle dann den Standort aus. Personalisiere deine Verlobungskarte mit benutzerdefiniertem Text und anderen Elementen, um es wirklich einzigartig zu machen. <\/p>\r\n\r\n\r\n\r\n<p style=\"margin-top: 1rem\">Verlobungskarten sind auch das ideale Geschenk f\u00fcr Hochzeiten, Jubil\u00e4en oder jeden besonderen Feiertag. Unsere Drucke sind in Standardgr\u00f6\u00dfen erh\u00e4ltlich, damit du dein Geschenk leicht einrahmen kannst. <\/p>\r\n\r\n\r\n\r\n<h2 class=\"grenB f24 cblue\" style=\"margin-top: 3rem\">Passe deine Verlobungskarte an<\/h2>\r\n\r\n\r\n\r\n<p style=\"margin-top: 1rem\">Wie stark kannst du deine Verlobungskarte anpassen? Positive Prints hat die meiste Arbeit f\u00fcr dich bereits erledigt, aber du hast immer noch viel Spielraum dar\u00fcber, wie dein Endprodukt aussieht! <\/p>\r\n\r\n\r\n\r\n<p style=\"margin-top: 1rem\">Zun\u00e4chst bieten wir verschiedene Kartenformen und Farbschemata an. Passe deine Karte an das Dekor des Lieblingspaares an, damit es in ihrer Wohnung gro\u00dfartig aussieht. Die Verlobungskarte selbst kann ein Herz, einen Kreis oder ein Quadrat sein. Du kannst auch sch\u00f6ne Farbfilter wie Strandglas, Vintage oder Carbon hinzuf\u00fcgen, um genau den richtigen Effekt zu erzielen. <\/p>\r\n\r\n\r\n\r\n<p style=\"margin-top: 1rem\">In Schritt 2 kannst du deinen Standort ausw\u00e4hlen, indem du eine Stadt, ein Bundesland, eine Adresse oder einen Sonderziel eingibst. Unsere Technologie findet deinen Standort und du kannst hinein- oder herauszoomen, um dann deine fertige Karte nach deinen W\u00fcnschen einzurahmen. F\u00fcge eine Kartenmarkierung hinzu, um den genauen Ort zu bestimmen, der dir am Herzen liegt.<\/p>\r\n\r\n\r\n\r\n<p style=\"margin-top: 1rem\">Du kannst ebenfalls benutzerdefinierte Textzeilen hinzuf\u00fcgen, um deine Karte noch pers\u00f6nlicher zu gestalten. Einige Vorschl\u00e4ge f\u00fcr dich:<\/p>\r\n\r\n\r\n\r\n<ul>\r\n\r\n<li>&#8220;Sie sagte ja!&#8221;<\/li>\r\n\r\n<li>&#8220;Er hat gefragt. Sie sagte!&#8221;<\/li>\r\n\r\n<li>&#8220;Willst du mich heiraten?&#8221;<\/li>\r\n\r\n<li>&#8220;Unsere Verlobung&#8221;<\/li>\r\n\r\n<li>&#8220;Nicht l\u00e4nger verf\u00fcgbar.&#8221;<\/li>\r\n\r\n<li>\u201eEr hat einen Ring drauf.\u201c<\/li>\r\n\r\n<li>&#8220;Er hat gefragt. Ich sagte \u201a\u00dcber die verdammte Zeit\u2018.\u201c<\/li>\r\n\r\n<li>\u201eMein Herz ist leichter; meine Hand ist schwerer\u201c<\/li>\r\n\r\n<li>&#8220;Es ist nur der Anfang\u2026&#8221;<\/li>\r\n\r\n<li>\u201eIch wusste immer, dass du mein Seelenverwandter bist.\u201c<\/li>\r\n\r\n<\/ul>\r\n\r\n\r\n\r\n\r\n\r\n<p style=\"margin-top: 1rem\">Im Schritt 3 w\u00e4hlst du Sie aus, ob du einem digitalen Download oder du den weltweiten Versand direkt zu dir nach Hause genie\u00dfen magst. Wir k\u00f6nnen auf Leinwand drucken oder ein Poster mit Rahmen versenden. W\u00e4hle dein Format und die passende Gr\u00f6\u00dfe und wir beginnen mit unserer Magie!<\/p>\r\n\r\n\r\n\r\n<h2 class=\"grenB f24 cblue\" style=\"margin-top: 3rem\">Erstelle jetzt deine Verlobungskarte!<\/h2>\r\n\r\n\r\n\r\n<p style=\"margin-top: 1rem\">Das ist ein Verlobungskartengeschenk, das ewig h\u00e4lt. Beginne noch heute mit der Erstellung deines Kunstwerks!<\/p>","protected":false},"excerpt":{"rendered":"<ul class=\"check-list\">\n<li>Markiere eine besondere Stelle mit einem ausgew\u00e4hlten Symbol<\/li>\n<li>Passe dein Kunstwerk in 3 einfachen Schritten an<\/li>\n<li>F\u00fcge einen aussagekr\u00e4ftigen personalisierten Text hinzu<\/li>\n<li>Sieh das Ergebnis sofort \u2013 die interaktive Vorschau erm\u00f6glicht dir, jedes Detail direkt anzupassen<\/li>\n<\/ul>\n","protected":false},"featured_media":1695301,"template":"","meta":[],"product_brand":[],"product_cat":[9275,105,7189,5287],"product_tag":[8433],"class_list":{"0":"post-15890","1":"product","2":"type-product","3":"status-publish","4":"has-post-thumbnail","6":"product_cat-bestsellers-label-de","7":"product_cat-alle-produkte","8":"product_cat-map-de","9":"product_cat-verlobungsgeschenke","10":"product_tag-verlobung","12":"first","13":"instock","14":"sale","15":"taxable","16":"shipping-taxable","17":"purchasable","18":"product-type-variable"},"yoast_head":"<!-- This site is optimized with the Yoast SEO Premium plugin v27.2 (Yoast SEO v27.2) - https:\/\/yoast.com\/product\/yoast-seo-premium-wordpress\/ -->\n<title>Verlobungskarte - Geschenk zur Verlobung - Positive Prints<\/title>\n<meta name=\"description\" content=\"Dein Partner hat \u201eJa\u201c gesagt! Jetzt ist es an der Zeit, dieses n\u00e4chste Kapitel im Leben mit einer Verlobungskarte zu w\u00fcrdigen. Markiere den Ort, an dem eure Ewigkeit begann.\" \/>\n<meta name=\"robots\" content=\"index, follow, max-snippet:-1, max-image-preview:large, max-video-preview:-1\" \/>\n<link rel=\"canonical\" href=\"https:\/\/positiveprints.com\/de\/produkt\/verlobungskarte\/\" \/>\n<meta property=\"og:locale\" content=\"de_DE\" \/>\n<meta property=\"og:type\" content=\"article\" \/>\n<meta property=\"og:title\" content=\"Verlobungskarte\" \/>\n<meta property=\"og:description\" content=\"Markiere eine besondere Stelle mit einem ausgew\u00e4hlten Symbol    Passe dein Kunstwerk in 3 einfachen Schritten an    F\u00fcge einen aussagekr\u00e4ftigen personalisierten Text hinzu    Sieh das Ergebnis sofort \u2013 die interaktive Vorschau erm\u00f6glicht dir, jedes Detail direkt anzupassen\" \/>\n<meta property=\"og:url\" content=\"https:\/\/positiveprints.com\/de\/produkt\/verlobungskarte\/\" \/>\n<meta property=\"og:site_name\" content=\"Positive Prints\" \/>\n<meta property=\"article:publisher\" content=\"https:\/\/www.facebook.com\/positiveprintscom\" \/>\n<meta property=\"article:modified_time\" content=\"2026-04-18T08:18:17+00:00\" \/>\n<meta property=\"og:image\" content=\"https:\/\/positiveprints.com\/wp-content\/uploads\/2024\/10\/Packshot_DE_engagement-product-image.webp\" \/>\n\t<meta property=\"og:image:width\" content=\"1450\" \/>\n\t<meta property=\"og:image:height\" content=\"1450\" \/>\n\t<meta property=\"og:image:type\" content=\"image\/webp\" \/>\n<meta name=\"twitter:card\" content=\"summary_large_image\" \/>\n<meta name=\"twitter:label1\" content=\"Gesch\u00e4tzte Lesezeit\" \/>\n\t<meta name=\"twitter:data1\" content=\"3\u00a0Minuten\" \/>\n<!-- \/ Yoast SEO Premium plugin. -->","yoast_head_json":{"title":"Verlobungskarte - Geschenk zur Verlobung - Positive Prints","description":"Dein Partner hat \u201eJa\u201c gesagt! Jetzt ist es an der Zeit, dieses n\u00e4chste Kapitel im Leben mit einer Verlobungskarte zu w\u00fcrdigen. Markiere den Ort, an dem eure Ewigkeit begann.","robots":{"index":"index","follow":"follow","max-snippet":"max-snippet:-1","max-image-preview":"max-image-preview:large","max-video-preview":"max-video-preview:-1"},"canonical":"https:\/\/positiveprints.com\/de\/produkt\/verlobungskarte\/","og_locale":"de_DE","og_type":"article","og_title":"Verlobungskarte","og_description":"Markiere eine besondere Stelle mit einem ausgew\u00e4hlten Symbol    Passe dein Kunstwerk in 3 einfachen Schritten an    F\u00fcge einen aussagekr\u00e4ftigen personalisierten Text hinzu    Sieh das Ergebnis sofort \u2013 die interaktive Vorschau erm\u00f6glicht dir, jedes Detail direkt anzupassen","og_url":"https:\/\/positiveprints.com\/de\/produkt\/verlobungskarte\/","og_site_name":"Positive Prints","article_publisher":"https:\/\/www.facebook.com\/positiveprintscom","article_modified_time":"2026-04-18T08:18:17+00:00","og_image":[{"width":1450,"height":1450,"url":"https:\/\/positiveprints.com\/wp-content\/uploads\/2024\/10\/Packshot_DE_engagement-product-image.webp","type":"image\/webp"}],"twitter_card":"summary_large_image","twitter_misc":{"Gesch\u00e4tzte Lesezeit":"3\u00a0Minuten"},"schema":{"@context":"https:\/\/schema.org","@graph":[{"@type":["WebPage","ItemPage"],"@id":"https:\/\/positiveprints.com\/de\/produkt\/verlobungskarte\/","url":"https:\/\/positiveprints.com\/de\/produkt\/verlobungskarte\/","name":"Verlobungskarte - Geschenk zur Verlobung - Positive Prints","isPartOf":{"@id":"https:\/\/positiveprints.com\/de\/#website"},"primaryImageOfPage":{"@id":"https:\/\/positiveprints.com\/de\/produkt\/verlobungskarte\/#primaryimage"},"image":{"@id":"https:\/\/positiveprints.com\/de\/produkt\/verlobungskarte\/#primaryimage"},"thumbnailUrl":"https:\/\/positiveprints.com\/wp-content\/uploads\/2026\/04\/Packshot_DE_XX-Unsere-Verlobung.webp","datePublished":"2020-01-15T16:12:53+00:00","dateModified":"2026-04-18T08:18:17+00:00","description":"Dein Partner hat \u201eJa\u201c gesagt! Jetzt ist es an der Zeit, dieses n\u00e4chste Kapitel im Leben mit einer Verlobungskarte zu w\u00fcrdigen. Markiere den Ort, an dem eure Ewigkeit begann.","breadcrumb":{"@id":"https:\/\/positiveprints.com\/de\/produkt\/verlobungskarte\/#breadcrumb"},"inLanguage":"de","potentialAction":[{"@type":"ReadAction","target":["https:\/\/positiveprints.com\/de\/produkt\/verlobungskarte\/"]}]},{"@type":"ImageObject","inLanguage":"de","@id":"https:\/\/positiveprints.com\/de\/produkt\/verlobungskarte\/#primaryimage","url":"https:\/\/positiveprints.com\/wp-content\/uploads\/2026\/04\/Packshot_DE_XX-Unsere-Verlobung.webp","contentUrl":"https:\/\/positiveprints.com\/wp-content\/uploads\/2026\/04\/Packshot_DE_XX-Unsere-Verlobung.webp","width":1450,"height":1450},{"@type":"BreadcrumbList","@id":"https:\/\/positiveprints.com\/de\/produkt\/verlobungskarte\/#breadcrumb","itemListElement":[{"@type":"ListItem","position":1,"name":"Startseite","item":"https:\/\/positiveprints.com\/de\/"},{"@type":"ListItem","position":2,"name":"Produkte","item":"https:\/\/positiveprints.com\/de\/shop\/"},{"@type":"ListItem","position":3,"name":"Verlobungskarte"}]},{"@type":"WebSite","@id":"https:\/\/positiveprints.com\/de\/#website","url":"https:\/\/positiveprints.com\/de\/","name":"Positive Prints","description":"Amazing Custom Personalized Gifts","publisher":{"@id":"https:\/\/positiveprints.com\/de\/#organization"},"potentialAction":[{"@type":"SearchAction","target":{"@type":"EntryPoint","urlTemplate":"https:\/\/positiveprints.com\/de\/?s={search_term_string}"},"query-input":{"@type":"PropertyValueSpecification","valueRequired":true,"valueName":"search_term_string"}}],"inLanguage":"de"},{"@type":"Organization","@id":"https:\/\/positiveprints.com\/de\/#organization","name":"Positive Prints","alternateName":"Positive Prints","url":"https:\/\/positiveprints.com\/de\/","logo":{"@type":"ImageObject","inLanguage":"de","@id":"https:\/\/positiveprints.com\/de\/#\/schema\/logo\/image\/","url":"https:\/\/positiveprints.com\/wp-content\/uploads\/2026\/03\/245815646_1337939713319158_5671353136411139666_n.png","contentUrl":"https:\/\/positiveprints.com\/wp-content\/uploads\/2026\/03\/245815646_1337939713319158_5671353136411139666_n.png","width":800,"height":800,"caption":"Positive Prints"},"image":{"@id":"https:\/\/positiveprints.com\/de\/#\/schema\/logo\/image\/"},"sameAs":["https:\/\/www.facebook.com\/positiveprintscom","https:\/\/www.instagram.com\/positiveprintscom\/","https:\/\/www.tiktok.com\/@positiveprintscom","https:\/\/www.pinterest.com\/positiveprintscom\/"]}]}},"jetpack_sharing_enabled":true,"_links":{"self":[{"href":"https:\/\/positiveprints.com\/de\/wp-json\/wp\/v2\/product\/15890","targetHints":{"allow":["GET"]}}],"collection":[{"href":"https:\/\/positiveprints.com\/de\/wp-json\/wp\/v2\/product"}],"about":[{"href":"https:\/\/positiveprints.com\/de\/wp-json\/wp\/v2\/types\/product"}],"wp:featuredmedia":[{"embeddable":true,"href":"https:\/\/positiveprints.com\/de\/wp-json\/wp\/v2\/media\/1695301"}],"wp:attachment":[{"href":"https:\/\/positiveprints.com\/de\/wp-json\/wp\/v2\/media?parent=15890"}],"wp:term":[{"taxonomy":"product_brand","embeddable":true,"href":"https:\/\/positiveprints.com\/de\/wp-json\/wp\/v2\/product_brand?post=15890"},{"taxonomy":"product_cat","embeddable":true,"href":"https:\/\/positiveprints.com\/de\/wp-json\/wp\/v2\/product_cat?post=15890"},{"taxonomy":"product_tag","embeddable":true,"href":"https:\/\/positiveprints.com\/de\/wp-json\/wp\/v2\/product_tag?post=15890"}],"curies":[{"name":"wp","href":"https:\/\/api.w.org\/{rel}","templated":true}]}}