{"id":1573992,"date":"2025-11-24T14:59:37","date_gmt":"2025-11-24T12:59:37","guid":{"rendered":"https:\/\/positiveprints.com\/?post_type=product&#038;p=1573992"},"modified":"2026-04-12T19:07:06","modified_gmt":"2026-04-12T18:07:06","slug":"koenigliches-paar-individuelles-katzenportraet","status":"publish","type":"product","link":"https:\/\/positiveprints.com\/de\/produkt\/koenigliches-paar-individuelles-katzenportraet\/","title":{"rendered":"K\u00f6nigliches Paar \u2013 Individuelles Katzenportr\u00e4t"},"content":{"rendered":"","protected":false},"excerpt":{"rendered":"<ul class=\"check-list\">\n<li>Lade die Lieblingsfotos deiner beiden Katzen hoch<\/li>\n<li>Personalisiere dein Kunstwerk in 3 einfachen Schritten<\/li>\n<li>Entspanne dich, w\u00e4hrend unsere K\u00fcnstler das Meisterwerk deiner Katzen gestalten<\/li>\n<li>Erhalte deinen Korrekturabzug innerhalb von 2\u20133 Werktagen<\/li>\n<li>W\u00e4hle aus mehreren Druckgr\u00f6\u00dfen<\/li>\n<\/ul>\n","protected":false},"featured_media":1589942,"template":"","meta":[],"product_brand":[],"product_cat":[105,13584,14077,8976],"product_tag":[15626,14767,14765,14766,14768,15619,14769,14764],"class_list":{"0":"post-1573992","1":"product","2":"type-product","3":"status-publish","4":"has-post-thumbnail","6":"product_cat-alle-produkte","7":"product_cat-aquarell","8":"product_cat-geschenke-fur-katzenliebhaber","9":"product_cat-neu-in","10":"product_tag-animals-de","11":"product_tag-cat-dad-gifts-de","12":"product_tag-cat-lovers-gifts-de","13":"product_tag-cat-mom-gifts-de","14":"product_tag-cat-owner-de","15":"product_tag-cat-print-de","16":"product_tag-custom-cat-gifts-de","17":"product_tag-gifts-for-cat-owners-de","19":"first","20":"instock","21":"sale","22":"taxable","23":"shipping-taxable","24":"purchasable","25":"product-type-variable"},"yoast_head":"<!-- This site is optimized with the Yoast SEO Premium plugin v27.2 (Yoast SEO v27.2) - https:\/\/yoast.com\/product\/yoast-seo-premium-wordpress\/ -->\n<title>K\u00f6nigliches Paar \u2013 Individuelles Katzenportr\u00e4t - Positive Prints<\/title>\n<meta name=\"description\" content=\"Verw\u00f6hne deine beiden Katzen mit einem individuellen, lustigen Portr\u00e4t in edlem Gewand. Ein charmantes Geschenk f\u00fcr jeden Katzenliebhaber und sein k\u00f6nigliches Paar.\" \/>\n<meta name=\"robots\" content=\"index, follow, max-snippet:-1, max-image-preview:large, max-video-preview:-1\" \/>\n<link rel=\"canonical\" href=\"https:\/\/positiveprints.com\/de\/produkt\/koenigliches-paar-individuelles-katzenportraet\/\" \/>\n<meta property=\"og:locale\" content=\"de_DE\" \/>\n<meta property=\"og:type\" content=\"article\" \/>\n<meta property=\"og:title\" content=\"K\u00f6nigliches Paar \u2013 Individuelles Katzenportr\u00e4t\" \/>\n<meta property=\"og:description\" content=\"Lade die Lieblingsfotos deiner beiden Katzen hoch  Personalisiere dein Kunstwerk in 3 einfachen Schritten  Entspanne dich, w\u00e4hrend unsere K\u00fcnstler das Meisterwerk deiner Katzen gestalten  Erhalte deinen Korrekturabzug innerhalb von 2\u20133 Werktagen  W\u00e4hle aus mehreren Druckgr\u00f6\u00dfen\" \/>\n<meta property=\"og:url\" content=\"https:\/\/positiveprints.com\/de\/produkt\/koenigliches-paar-individuelles-katzenportraet\/\" \/>\n<meta property=\"og:site_name\" content=\"Positive Prints\" \/>\n<meta property=\"article:publisher\" content=\"https:\/\/www.facebook.com\/positiveprintscom\" \/>\n<meta property=\"article:modified_time\" content=\"2026-04-12T18:07:06+00:00\" \/>\n<meta property=\"og:image\" content=\"https:\/\/positiveprints.com\/wp-content\/uploads\/2025\/12\/Packshot_DE_Konigliches-Paar-\u2013-Individuelles-Katzenportrat.webp\" \/>\n\t<meta property=\"og:image:width\" content=\"1450\" \/>\n\t<meta property=\"og:image:height\" content=\"1450\" \/>\n\t<meta property=\"og:image:type\" content=\"image\/webp\" \/>\n<meta name=\"twitter:card\" content=\"summary_large_image\" \/>\n<meta name=\"twitter:label1\" content=\"Gesch\u00e4tzte Lesezeit\" \/>\n\t<meta name=\"twitter:data1\" content=\"1\u00a0Minute\" \/>\n<!-- \/ Yoast SEO Premium plugin. -->","yoast_head_json":{"title":"K\u00f6nigliches Paar \u2013 Individuelles Katzenportr\u00e4t - Positive Prints","description":"Verw\u00f6hne deine beiden Katzen mit einem individuellen, lustigen Portr\u00e4t in edlem Gewand. Ein charmantes Geschenk f\u00fcr jeden Katzenliebhaber und sein k\u00f6nigliches Paar.","robots":{"index":"index","follow":"follow","max-snippet":"max-snippet:-1","max-image-preview":"max-image-preview:large","max-video-preview":"max-video-preview:-1"},"canonical":"https:\/\/positiveprints.com\/de\/produkt\/koenigliches-paar-individuelles-katzenportraet\/","og_locale":"de_DE","og_type":"article","og_title":"K\u00f6nigliches Paar \u2013 Individuelles Katzenportr\u00e4t","og_description":"Lade die Lieblingsfotos deiner beiden Katzen hoch  Personalisiere dein Kunstwerk in 3 einfachen Schritten  Entspanne dich, w\u00e4hrend unsere K\u00fcnstler das Meisterwerk deiner Katzen gestalten  Erhalte deinen Korrekturabzug innerhalb von 2\u20133 Werktagen  W\u00e4hle aus mehreren Druckgr\u00f6\u00dfen","og_url":"https:\/\/positiveprints.com\/de\/produkt\/koenigliches-paar-individuelles-katzenportraet\/","og_site_name":"Positive Prints","article_publisher":"https:\/\/www.facebook.com\/positiveprintscom","article_modified_time":"2026-04-12T18:07:06+00:00","og_image":[{"width":1450,"height":1450,"url":"https:\/\/positiveprints.com\/wp-content\/uploads\/2025\/12\/Packshot_DE_Konigliches-Paar-\u2013-Individuelles-Katzenportrat.webp","type":"image\/webp"}],"twitter_card":"summary_large_image","twitter_misc":{"Gesch\u00e4tzte Lesezeit":"1\u00a0Minute"},"schema":{"@context":"https:\/\/schema.org","@graph":[{"@type":["WebPage","ItemPage"],"@id":"https:\/\/positiveprints.com\/de\/produkt\/koenigliches-paar-individuelles-katzenportraet\/","url":"https:\/\/positiveprints.com\/de\/produkt\/koenigliches-paar-individuelles-katzenportraet\/","name":"K\u00f6nigliches Paar \u2013 Individuelles Katzenportr\u00e4t - Positive Prints","isPartOf":{"@id":"https:\/\/positiveprints.com\/de\/#website"},"primaryImageOfPage":{"@id":"https:\/\/positiveprints.com\/de\/produkt\/koenigliches-paar-individuelles-katzenportraet\/#primaryimage"},"image":{"@id":"https:\/\/positiveprints.com\/de\/produkt\/koenigliches-paar-individuelles-katzenportraet\/#primaryimage"},"thumbnailUrl":"https:\/\/positiveprints.com\/wp-content\/uploads\/2025\/12\/Packshot_DE_Konigliches-Paar-\u2013-Individuelles-Katzenportrat.webp","datePublished":"2025-11-24T12:59:37+00:00","dateModified":"2026-04-12T18:07:06+00:00","description":"Verw\u00f6hne deine beiden Katzen mit einem individuellen, lustigen Portr\u00e4t in edlem Gewand. Ein charmantes Geschenk f\u00fcr jeden Katzenliebhaber und sein k\u00f6nigliches Paar.","breadcrumb":{"@id":"https:\/\/positiveprints.com\/de\/produkt\/koenigliches-paar-individuelles-katzenportraet\/#breadcrumb"},"inLanguage":"de","potentialAction":[{"@type":"ReadAction","target":["https:\/\/positiveprints.com\/de\/produkt\/koenigliches-paar-individuelles-katzenportraet\/"]}]},{"@type":"ImageObject","inLanguage":"de","@id":"https:\/\/positiveprints.com\/de\/produkt\/koenigliches-paar-individuelles-katzenportraet\/#primaryimage","url":"https:\/\/positiveprints.com\/wp-content\/uploads\/2025\/12\/Packshot_DE_Konigliches-Paar-\u2013-Individuelles-Katzenportrat.webp","contentUrl":"https:\/\/positiveprints.com\/wp-content\/uploads\/2025\/12\/Packshot_DE_Konigliches-Paar-\u2013-Individuelles-Katzenportrat.webp","width":1450,"height":1450},{"@type":"BreadcrumbList","@id":"https:\/\/positiveprints.com\/de\/produkt\/koenigliches-paar-individuelles-katzenportraet\/#breadcrumb","itemListElement":[{"@type":"ListItem","position":1,"name":"Startseite","item":"https:\/\/positiveprints.com\/de\/"},{"@type":"ListItem","position":2,"name":"Produkte","item":"https:\/\/positiveprints.com\/de\/shop\/"},{"@type":"ListItem","position":3,"name":"K\u00f6nigliches Paar \u2013 Individuelles Katzenportr\u00e4t"}]},{"@type":"WebSite","@id":"https:\/\/positiveprints.com\/de\/#website","url":"https:\/\/positiveprints.com\/de\/","name":"Positive Prints","description":"Amazing Custom Personalized Gifts","publisher":{"@id":"https:\/\/positiveprints.com\/de\/#organization"},"potentialAction":[{"@type":"SearchAction","target":{"@type":"EntryPoint","urlTemplate":"https:\/\/positiveprints.com\/de\/?s={search_term_string}"},"query-input":{"@type":"PropertyValueSpecification","valueRequired":true,"valueName":"search_term_string"}}],"inLanguage":"de"},{"@type":"Organization","@id":"https:\/\/positiveprints.com\/de\/#organization","name":"Positive Prints","alternateName":"Positive Prints","url":"https:\/\/positiveprints.com\/de\/","logo":{"@type":"ImageObject","inLanguage":"de","@id":"https:\/\/positiveprints.com\/de\/#\/schema\/logo\/image\/","url":"https:\/\/positiveprints.com\/wp-content\/uploads\/2026\/03\/245815646_1337939713319158_5671353136411139666_n.png","contentUrl":"https:\/\/positiveprints.com\/wp-content\/uploads\/2026\/03\/245815646_1337939713319158_5671353136411139666_n.png","width":800,"height":800,"caption":"Positive Prints"},"image":{"@id":"https:\/\/positiveprints.com\/de\/#\/schema\/logo\/image\/"},"sameAs":["https:\/\/www.facebook.com\/positiveprintscom","https:\/\/www.instagram.com\/positiveprintscom\/","https:\/\/www.tiktok.com\/@positiveprintscom","https:\/\/www.pinterest.com\/positiveprintscom\/"]}]}},"jetpack_sharing_enabled":true,"_links":{"self":[{"href":"https:\/\/positiveprints.com\/de\/wp-json\/wp\/v2\/product\/1573992","targetHints":{"allow":["GET"]}}],"collection":[{"href":"https:\/\/positiveprints.com\/de\/wp-json\/wp\/v2\/product"}],"about":[{"href":"https:\/\/positiveprints.com\/de\/wp-json\/wp\/v2\/types\/product"}],"wp:featuredmedia":[{"embeddable":true,"href":"https:\/\/positiveprints.com\/de\/wp-json\/wp\/v2\/media\/1589942"}],"wp:attachment":[{"href":"https:\/\/positiveprints.com\/de\/wp-json\/wp\/v2\/media?parent=1573992"}],"wp:term":[{"taxonomy":"product_brand","embeddable":true,"href":"https:\/\/positiveprints.com\/de\/wp-json\/wp\/v2\/product_brand?post=1573992"},{"taxonomy":"product_cat","embeddable":true,"href":"https:\/\/positiveprints.com\/de\/wp-json\/wp\/v2\/product_cat?post=1573992"},{"taxonomy":"product_tag","embeddable":true,"href":"https:\/\/positiveprints.com\/de\/wp-json\/wp\/v2\/product_tag?post=1573992"}],"curies":[{"name":"wp","href":"https:\/\/api.w.org\/{rel}","templated":true}]}}