{"id":1552280,"date":"2024-01-23T11:31:41","date_gmt":"2024-01-23T10:31:41","guid":{"rendered":"https:\/\/positiveprints.com\/product\/personalized-graduation-jewelry\/"},"modified":"2026-04-23T11:08:43","modified_gmt":"2026-04-23T10:08:43","slug":"personalisierter-schmuck-zum-abschluss","status":"publish","type":"product","link":"https:\/\/positiveprints.com\/de\/produkt\/personalisierter-schmuck-zum-abschluss\/","title":{"rendered":"Personalisierter Schmuck zum Abschluss"},"content":{"rendered":"","protected":false},"excerpt":{"rendered":"<ul class=\"check-list\">\n<li>Beginne das n\u00e4chste Kapitel mit einer bleibenden Erinnerung an die hervorragenden Leistungen des Absolventen \u2013 mit einer personalisierten Halskette<\/li>\n<li>Anh\u00e4nger mit einem Durchmesser von 20 mm, gefertigt aus hochwertigem Sterlingsilber, lasergraviert und von Hand vollendet<\/li>\n<li>W\u00e4hle je nach Anlass einen herzlichen Text aus<\/li>\n<li>Bearbeite dein Design in nur 2 Minuten<\/li>\n<li>Sehe dir bei jedem Schritt eine Vorschau deines Designs an<\/li>\n<\/ul>\n","protected":false},"featured_media":1541807,"template":"","meta":[],"product_brand":[],"product_cat":[9261,9608,105,7910],"product_tag":[9352,8492,9340,9312,9323],"class_list":{"0":"post-1552280","1":"product","2":"type-product","3":"status-publish","4":"has-post-thumbnail","6":"product_cat-jewelry-de","7":"product_cat-sternenhimmel-schmuck-de","8":"product_cat-alle-produkte","9":"product_cat-geschenk-zum-abschluss","10":"product_tag-anhanger","11":"product_tag-graduation-de","12":"product_tag-halskette","13":"product_tag-kette-de","14":"product_tag-medaillon-de","16":"first","17":"instock","18":"sale","19":"taxable","20":"shipping-taxable","21":"purchasable","22":"product-type-variable"},"yoast_head":"<!-- This site is optimized with the Yoast SEO Premium plugin v27.2 (Yoast SEO v27.2) - https:\/\/yoast.com\/product\/yoast-seo-premium-wordpress\/ -->\n<title>Personalisierter Schmuck zum Abschluss - Positive Prints<\/title>\n<meta name=\"description\" content=\"Feiere den gro\u00dfen Erfolg eines Absolventen mit personalisiertem Schmuck, der harte Arbeit, Hingabe und die Freude \u00fcber einen wirklich besonderen Meilenstein w\u00fcrdigt.\" \/>\n<meta name=\"robots\" content=\"index, follow, max-snippet:-1, max-image-preview:large, max-video-preview:-1\" \/>\n<link rel=\"canonical\" href=\"https:\/\/positiveprints.com\/de\/produkt\/personalisierter-schmuck-zum-abschluss\/\" \/>\n<meta property=\"og:locale\" content=\"de_DE\" \/>\n<meta property=\"og:type\" content=\"article\" \/>\n<meta property=\"og:title\" content=\"Personalisierter Schmuck zum Abschluss\" \/>\n<meta property=\"og:description\" content=\"Beginne das n\u00e4chste Kapitel mit einer bleibenden Erinnerung an die hervorragenden Leistungen des Absolventen \u2013 mit einer personalisierten Halskette  Anh\u00e4nger mit einem Durchmesser von 20 mm, gefertigt aus hochwertigem Sterlingsilber, lasergraviert und von Hand vollendet   W\u00e4hle je nach Anlass einen herzlichen Text aus   Bearbeite dein Design in nur 2 Minuten   Sehe dir bei jedem Schritt eine Vorschau deines Designs an\" \/>\n<meta property=\"og:url\" content=\"https:\/\/positiveprints.com\/de\/produkt\/personalisierter-schmuck-zum-abschluss\/\" \/>\n<meta property=\"og:site_name\" content=\"Positive Prints\" \/>\n<meta property=\"article:publisher\" content=\"https:\/\/www.facebook.com\/positiveprintscom\" \/>\n<meta property=\"article:modified_time\" content=\"2026-04-23T10:08:43+00:00\" \/>\n<meta property=\"og:image\" content=\"https:\/\/positiveprints.com\/wp-content\/uploads\/2025\/10\/all-MAIN_stars-jewelry.webp\" \/>\n\t<meta property=\"og:image:width\" content=\"2500\" \/>\n\t<meta property=\"og:image:height\" content=\"2500\" \/>\n\t<meta property=\"og:image:type\" content=\"image\/webp\" \/>\n<meta name=\"twitter:card\" content=\"summary_large_image\" \/>\n<meta name=\"twitter:label1\" content=\"Gesch\u00e4tzte Lesezeit\" \/>\n\t<meta name=\"twitter:data1\" content=\"2\u00a0Minuten\" \/>\n<!-- \/ Yoast SEO Premium plugin. -->","yoast_head_json":{"title":"Personalisierter Schmuck zum Abschluss - Positive Prints","description":"Feiere den gro\u00dfen Erfolg eines Absolventen mit personalisiertem Schmuck, der harte Arbeit, Hingabe und die Freude \u00fcber einen wirklich besonderen Meilenstein w\u00fcrdigt.","robots":{"index":"index","follow":"follow","max-snippet":"max-snippet:-1","max-image-preview":"max-image-preview:large","max-video-preview":"max-video-preview:-1"},"canonical":"https:\/\/positiveprints.com\/de\/produkt\/personalisierter-schmuck-zum-abschluss\/","og_locale":"de_DE","og_type":"article","og_title":"Personalisierter Schmuck zum Abschluss","og_description":"Beginne das n\u00e4chste Kapitel mit einer bleibenden Erinnerung an die hervorragenden Leistungen des Absolventen \u2013 mit einer personalisierten Halskette  Anh\u00e4nger mit einem Durchmesser von 20 mm, gefertigt aus hochwertigem Sterlingsilber, lasergraviert und von Hand vollendet   W\u00e4hle je nach Anlass einen herzlichen Text aus   Bearbeite dein Design in nur 2 Minuten   Sehe dir bei jedem Schritt eine Vorschau deines Designs an","og_url":"https:\/\/positiveprints.com\/de\/produkt\/personalisierter-schmuck-zum-abschluss\/","og_site_name":"Positive Prints","article_publisher":"https:\/\/www.facebook.com\/positiveprintscom","article_modified_time":"2026-04-23T10:08:43+00:00","og_image":[{"width":2500,"height":2500,"url":"https:\/\/positiveprints.com\/wp-content\/uploads\/2025\/10\/all-MAIN_stars-jewelry.webp","type":"image\/webp"}],"twitter_card":"summary_large_image","twitter_misc":{"Gesch\u00e4tzte Lesezeit":"2\u00a0Minuten"},"schema":{"@context":"https:\/\/schema.org","@graph":[{"@type":["WebPage","ItemPage"],"@id":"https:\/\/positiveprints.com\/de\/produkt\/personalisierter-schmuck-zum-abschluss\/","url":"https:\/\/positiveprints.com\/de\/produkt\/personalisierter-schmuck-zum-abschluss\/","name":"Personalisierter Schmuck zum Abschluss - Positive Prints","isPartOf":{"@id":"https:\/\/positiveprints.com\/de\/#website"},"primaryImageOfPage":{"@id":"https:\/\/positiveprints.com\/de\/produkt\/personalisierter-schmuck-zum-abschluss\/#primaryimage"},"image":{"@id":"https:\/\/positiveprints.com\/de\/produkt\/personalisierter-schmuck-zum-abschluss\/#primaryimage"},"thumbnailUrl":"https:\/\/positiveprints.com\/wp-content\/uploads\/2025\/10\/all-MAIN_stars-jewelry.webp","datePublished":"2024-01-23T10:31:41+00:00","dateModified":"2026-04-23T10:08:43+00:00","description":"Feiere den gro\u00dfen Erfolg eines Absolventen mit personalisiertem Schmuck, der harte Arbeit, Hingabe und die Freude \u00fcber einen wirklich besonderen Meilenstein w\u00fcrdigt.","breadcrumb":{"@id":"https:\/\/positiveprints.com\/de\/produkt\/personalisierter-schmuck-zum-abschluss\/#breadcrumb"},"inLanguage":"de","potentialAction":[{"@type":"ReadAction","target":["https:\/\/positiveprints.com\/de\/produkt\/personalisierter-schmuck-zum-abschluss\/"]}]},{"@type":"ImageObject","inLanguage":"de","@id":"https:\/\/positiveprints.com\/de\/produkt\/personalisierter-schmuck-zum-abschluss\/#primaryimage","url":"https:\/\/positiveprints.com\/wp-content\/uploads\/2025\/10\/all-MAIN_stars-jewelry.webp","contentUrl":"https:\/\/positiveprints.com\/wp-content\/uploads\/2025\/10\/all-MAIN_stars-jewelry.webp","width":2500,"height":2500},{"@type":"BreadcrumbList","@id":"https:\/\/positiveprints.com\/de\/produkt\/personalisierter-schmuck-zum-abschluss\/#breadcrumb","itemListElement":[{"@type":"ListItem","position":1,"name":"Startseite","item":"https:\/\/positiveprints.com\/de\/"},{"@type":"ListItem","position":2,"name":"Produkte","item":"https:\/\/positiveprints.com\/de\/shop\/"},{"@type":"ListItem","position":3,"name":"Personalisierter Schmuck zum Abschluss"}]},{"@type":"WebSite","@id":"https:\/\/positiveprints.com\/de\/#website","url":"https:\/\/positiveprints.com\/de\/","name":"Positive Prints","description":"Amazing Custom Personalized Gifts","publisher":{"@id":"https:\/\/positiveprints.com\/de\/#organization"},"potentialAction":[{"@type":"SearchAction","target":{"@type":"EntryPoint","urlTemplate":"https:\/\/positiveprints.com\/de\/?s={search_term_string}"},"query-input":{"@type":"PropertyValueSpecification","valueRequired":true,"valueName":"search_term_string"}}],"inLanguage":"de"},{"@type":"Organization","@id":"https:\/\/positiveprints.com\/de\/#organization","name":"Positive Prints","alternateName":"Positive Prints","url":"https:\/\/positiveprints.com\/de\/","logo":{"@type":"ImageObject","inLanguage":"de","@id":"https:\/\/positiveprints.com\/de\/#\/schema\/logo\/image\/","url":"https:\/\/positiveprints.com\/wp-content\/uploads\/2026\/03\/245815646_1337939713319158_5671353136411139666_n.png","contentUrl":"https:\/\/positiveprints.com\/wp-content\/uploads\/2026\/03\/245815646_1337939713319158_5671353136411139666_n.png","width":800,"height":800,"caption":"Positive Prints"},"image":{"@id":"https:\/\/positiveprints.com\/de\/#\/schema\/logo\/image\/"},"sameAs":["https:\/\/www.facebook.com\/positiveprintscom","https:\/\/www.instagram.com\/positiveprintscom\/","https:\/\/www.tiktok.com\/@positiveprintscom","https:\/\/www.pinterest.com\/positiveprintscom\/"]}]}},"jetpack_sharing_enabled":true,"_links":{"self":[{"href":"https:\/\/positiveprints.com\/de\/wp-json\/wp\/v2\/product\/1552280","targetHints":{"allow":["GET"]}}],"collection":[{"href":"https:\/\/positiveprints.com\/de\/wp-json\/wp\/v2\/product"}],"about":[{"href":"https:\/\/positiveprints.com\/de\/wp-json\/wp\/v2\/types\/product"}],"wp:featuredmedia":[{"embeddable":true,"href":"https:\/\/positiveprints.com\/de\/wp-json\/wp\/v2\/media\/1541807"}],"wp:attachment":[{"href":"https:\/\/positiveprints.com\/de\/wp-json\/wp\/v2\/media?parent=1552280"}],"wp:term":[{"taxonomy":"product_brand","embeddable":true,"href":"https:\/\/positiveprints.com\/de\/wp-json\/wp\/v2\/product_brand?post=1552280"},{"taxonomy":"product_cat","embeddable":true,"href":"https:\/\/positiveprints.com\/de\/wp-json\/wp\/v2\/product_cat?post=1552280"},{"taxonomy":"product_tag","embeddable":true,"href":"https:\/\/positiveprints.com\/de\/wp-json\/wp\/v2\/product_tag?post=1552280"}],"curies":[{"name":"wp","href":"https:\/\/api.w.org\/{rel}","templated":true}]}}