{"id":1497350,"date":"2024-07-08T07:26:02","date_gmt":"2024-07-08T06:26:02","guid":{"rendered":"https:\/\/positiveprints.com\/product\/waxing-gibbous-moon-art\/"},"modified":"2026-04-18T03:56:45","modified_gmt":"2026-04-18T02:56:45","slug":"kunst-des-zunehmenden-dreiviertelmondes","status":"publish","type":"product","link":"https:\/\/positiveprints.com\/de\/produkt\/kunst-des-zunehmenden-dreiviertelmondes\/","title":{"rendered":"Kunst des zunehmenden Dreiviertelmondes"},"content":{"rendered":"","protected":false},"excerpt":{"rendered":"<ul class=\"check-list\">\n<li>Gestalte die Mondphase eines besonderen Moments nach<\/li>\n<li>In 3 einfachen Schritten personalisierbar<\/li>\n<li>W\u00e4hle aus einer Vielzahl atemberaubender Designs<\/li>\n<li>F\u00fcge einen aussagekr\u00e4ftigen, pers\u00f6nlichen Text hinzu<\/li>\n<li>Sieh dir den Effekt sofort an \u2013 die interaktive Vorschau erm\u00f6glicht es dir, jedes Detail zu verfeinern<\/li>\n<\/ul>\n","protected":false},"featured_media":1497231,"template":"","meta":[],"product_brand":[],"product_cat":[105,7200],"product_tag":[13629,13816],"class_list":{"0":"post-1497350","1":"product","2":"type-product","3":"status-publish","4":"has-post-thumbnail","6":"product_cat-alle-produkte","7":"product_cat-moon-de","8":"product_tag-moon-phase-de","9":"product_tag-waxing-gibbous-moon-de","11":"first","12":"instock","13":"sale","14":"taxable","15":"shipping-taxable","16":"purchasable","17":"product-type-variable"},"yoast_head":"<!-- This site is optimized with the Yoast SEO Premium plugin v27.2 (Yoast SEO v27.2) - https:\/\/yoast.com\/product\/yoast-seo-premium-wordpress\/ -->\n<title>Kunst des zunehmenden Dreiviertelmondes - Positive Prints<\/title>\n<meta name=\"description\" content=\"Feiere die himmlische Sch\u00f6nheit mit unserer Kunst des zunehmenden Dreiviertelmonds. Dieses personalisierte St\u00fcck ist perfekt, um jedem Raum einen Hauch von Mondeleganz zu verleihen.\" \/>\n<meta name=\"robots\" content=\"index, follow, max-snippet:-1, max-image-preview:large, max-video-preview:-1\" \/>\n<link rel=\"canonical\" href=\"https:\/\/positiveprints.com\/de\/produkt\/kunst-des-zunehmenden-dreiviertelmondes\/\" \/>\n<meta property=\"og:locale\" content=\"de_DE\" \/>\n<meta property=\"og:type\" content=\"article\" \/>\n<meta property=\"og:title\" content=\"Kunst des zunehmenden Dreiviertelmondes\" \/>\n<meta property=\"og:description\" content=\"Gestalte die Mondphase eines besonderen Moments nach In 3 einfachen Schritten personalisierbar W\u00e4hle aus einer Vielzahl atemberaubender Designs F\u00fcge einen aussagekr\u00e4ftigen, pers\u00f6nlichen Text hinzu Sieh dir den Effekt sofort an \u2013 die interaktive Vorschau erm\u00f6glicht es dir, jedes Detail zu verfeinern\" \/>\n<meta property=\"og:url\" content=\"https:\/\/positiveprints.com\/de\/produkt\/kunst-des-zunehmenden-dreiviertelmondes\/\" \/>\n<meta property=\"og:site_name\" content=\"Positive Prints\" \/>\n<meta property=\"article:publisher\" content=\"https:\/\/www.facebook.com\/positiveprintscom\" \/>\n<meta property=\"article:modified_time\" content=\"2026-04-18T02:56:45+00:00\" \/>\n<meta property=\"og:image\" content=\"https:\/\/positiveprints.com\/wp-content\/uploads\/2024\/07\/Waxing-Gibbous-Moon-Art.jpg\" \/>\n\t<meta property=\"og:image:width\" content=\"1080\" \/>\n\t<meta property=\"og:image:height\" content=\"1080\" \/>\n\t<meta property=\"og:image:type\" content=\"image\/jpeg\" \/>\n<meta name=\"twitter:card\" content=\"summary_large_image\" \/>\n<meta name=\"twitter:label1\" content=\"Gesch\u00e4tzte Lesezeit\" \/>\n\t<meta name=\"twitter:data1\" content=\"2\u00a0Minuten\" \/>\n<!-- \/ Yoast SEO Premium plugin. -->","yoast_head_json":{"title":"Kunst des zunehmenden Dreiviertelmondes - Positive Prints","description":"Feiere die himmlische Sch\u00f6nheit mit unserer Kunst des zunehmenden Dreiviertelmonds. Dieses personalisierte St\u00fcck ist perfekt, um jedem Raum einen Hauch von Mondeleganz zu verleihen.","robots":{"index":"index","follow":"follow","max-snippet":"max-snippet:-1","max-image-preview":"max-image-preview:large","max-video-preview":"max-video-preview:-1"},"canonical":"https:\/\/positiveprints.com\/de\/produkt\/kunst-des-zunehmenden-dreiviertelmondes\/","og_locale":"de_DE","og_type":"article","og_title":"Kunst des zunehmenden Dreiviertelmondes","og_description":"Gestalte die Mondphase eines besonderen Moments nach In 3 einfachen Schritten personalisierbar W\u00e4hle aus einer Vielzahl atemberaubender Designs F\u00fcge einen aussagekr\u00e4ftigen, pers\u00f6nlichen Text hinzu Sieh dir den Effekt sofort an \u2013 die interaktive Vorschau erm\u00f6glicht es dir, jedes Detail zu verfeinern","og_url":"https:\/\/positiveprints.com\/de\/produkt\/kunst-des-zunehmenden-dreiviertelmondes\/","og_site_name":"Positive Prints","article_publisher":"https:\/\/www.facebook.com\/positiveprintscom","article_modified_time":"2026-04-18T02:56:45+00:00","og_image":[{"width":1080,"height":1080,"url":"https:\/\/positiveprints.com\/wp-content\/uploads\/2024\/07\/Waxing-Gibbous-Moon-Art.jpg","type":"image\/jpeg"}],"twitter_card":"summary_large_image","twitter_misc":{"Gesch\u00e4tzte Lesezeit":"2\u00a0Minuten"},"schema":{"@context":"https:\/\/schema.org","@graph":[{"@type":["WebPage","ItemPage"],"@id":"https:\/\/positiveprints.com\/de\/produkt\/kunst-des-zunehmenden-dreiviertelmondes\/","url":"https:\/\/positiveprints.com\/de\/produkt\/kunst-des-zunehmenden-dreiviertelmondes\/","name":"Kunst des zunehmenden Dreiviertelmondes - Positive Prints","isPartOf":{"@id":"https:\/\/positiveprints.com\/de\/#website"},"primaryImageOfPage":{"@id":"https:\/\/positiveprints.com\/de\/produkt\/kunst-des-zunehmenden-dreiviertelmondes\/#primaryimage"},"image":{"@id":"https:\/\/positiveprints.com\/de\/produkt\/kunst-des-zunehmenden-dreiviertelmondes\/#primaryimage"},"thumbnailUrl":"https:\/\/positiveprints.com\/wp-content\/uploads\/2025\/08\/Packshot_DE_Wachsende-Mond.webp","datePublished":"2024-07-08T06:26:02+00:00","dateModified":"2026-04-18T02:56:45+00:00","description":"Feiere die himmlische Sch\u00f6nheit mit unserer Kunst des zunehmenden Dreiviertelmonds. Dieses personalisierte St\u00fcck ist perfekt, um jedem Raum einen Hauch von Mondeleganz zu verleihen.","breadcrumb":{"@id":"https:\/\/positiveprints.com\/de\/produkt\/kunst-des-zunehmenden-dreiviertelmondes\/#breadcrumb"},"inLanguage":"de","potentialAction":[{"@type":"ReadAction","target":["https:\/\/positiveprints.com\/de\/produkt\/kunst-des-zunehmenden-dreiviertelmondes\/"]}]},{"@type":"ImageObject","inLanguage":"de","@id":"https:\/\/positiveprints.com\/de\/produkt\/kunst-des-zunehmenden-dreiviertelmondes\/#primaryimage","url":"https:\/\/positiveprints.com\/wp-content\/uploads\/2025\/08\/Packshot_DE_Wachsende-Mond.webp","contentUrl":"https:\/\/positiveprints.com\/wp-content\/uploads\/2025\/08\/Packshot_DE_Wachsende-Mond.webp","width":1450,"height":1450},{"@type":"BreadcrumbList","@id":"https:\/\/positiveprints.com\/de\/produkt\/kunst-des-zunehmenden-dreiviertelmondes\/#breadcrumb","itemListElement":[{"@type":"ListItem","position":1,"name":"Startseite","item":"https:\/\/positiveprints.com\/de\/"},{"@type":"ListItem","position":2,"name":"Produkte","item":"https:\/\/positiveprints.com\/de\/shop\/"},{"@type":"ListItem","position":3,"name":"Kunst des zunehmenden Dreiviertelmondes"}]},{"@type":"WebSite","@id":"https:\/\/positiveprints.com\/de\/#website","url":"https:\/\/positiveprints.com\/de\/","name":"Positive Prints","description":"Amazing Custom Personalized Gifts","publisher":{"@id":"https:\/\/positiveprints.com\/de\/#organization"},"potentialAction":[{"@type":"SearchAction","target":{"@type":"EntryPoint","urlTemplate":"https:\/\/positiveprints.com\/de\/?s={search_term_string}"},"query-input":{"@type":"PropertyValueSpecification","valueRequired":true,"valueName":"search_term_string"}}],"inLanguage":"de"},{"@type":"Organization","@id":"https:\/\/positiveprints.com\/de\/#organization","name":"Positive Prints","alternateName":"Positive Prints","url":"https:\/\/positiveprints.com\/de\/","logo":{"@type":"ImageObject","inLanguage":"de","@id":"https:\/\/positiveprints.com\/de\/#\/schema\/logo\/image\/","url":"https:\/\/positiveprints.com\/wp-content\/uploads\/2026\/03\/245815646_1337939713319158_5671353136411139666_n.png","contentUrl":"https:\/\/positiveprints.com\/wp-content\/uploads\/2026\/03\/245815646_1337939713319158_5671353136411139666_n.png","width":800,"height":800,"caption":"Positive Prints"},"image":{"@id":"https:\/\/positiveprints.com\/de\/#\/schema\/logo\/image\/"},"sameAs":["https:\/\/www.facebook.com\/positiveprintscom","https:\/\/www.instagram.com\/positiveprintscom\/","https:\/\/www.tiktok.com\/@positiveprintscom","https:\/\/www.pinterest.com\/positiveprintscom\/"]}]}},"jetpack_sharing_enabled":true,"_links":{"self":[{"href":"https:\/\/positiveprints.com\/de\/wp-json\/wp\/v2\/product\/1497350","targetHints":{"allow":["GET"]}}],"collection":[{"href":"https:\/\/positiveprints.com\/de\/wp-json\/wp\/v2\/product"}],"about":[{"href":"https:\/\/positiveprints.com\/de\/wp-json\/wp\/v2\/types\/product"}],"wp:featuredmedia":[{"embeddable":true,"href":"https:\/\/positiveprints.com\/de\/wp-json\/wp\/v2\/media\/1497231"}],"wp:attachment":[{"href":"https:\/\/positiveprints.com\/de\/wp-json\/wp\/v2\/media?parent=1497350"}],"wp:term":[{"taxonomy":"product_brand","embeddable":true,"href":"https:\/\/positiveprints.com\/de\/wp-json\/wp\/v2\/product_brand?post=1497350"},{"taxonomy":"product_cat","embeddable":true,"href":"https:\/\/positiveprints.com\/de\/wp-json\/wp\/v2\/product_cat?post=1497350"},{"taxonomy":"product_tag","embeddable":true,"href":"https:\/\/positiveprints.com\/de\/wp-json\/wp\/v2\/product_tag?post=1497350"}],"curies":[{"name":"wp","href":"https:\/\/api.w.org\/{rel}","templated":true}]}}