{"id":1484202,"date":"2025-08-04T13:18:57","date_gmt":"2025-08-04T11:18:57","guid":{"rendered":"https:\/\/positiveprints.com\/?post_type=product&#038;p=1484202"},"modified":"2026-04-12T19:22:40","modified_gmt":"2026-04-12T18:22:40","slug":"personalisiertes-hundeportraet","status":"publish","type":"product","link":"https:\/\/positiveprints.com\/de\/produkt\/personalisiertes-hundeportraet\/","title":{"rendered":"Personalisiertes Hundeportr\u00e4t"},"content":{"rendered":"","protected":false},"excerpt":{"rendered":"<ul class=\"check-list\">\n<li>Lade dein Lieblingsfoto hoch<\/li>\n<li>2 Revisionen auf deinen Wunsch verf\u00fcgbar<\/li>\n<li>Entspanne dich, w\u00e4hrend unsere K\u00fcnstler das Aquarell-Meisterwerk deines Haustiers gestalten<\/li>\n<li>Erhalte den Korrekturabzug innerhalb von 2\u20133 Werktagen<\/li>\n<li>Mehrere Druckgr\u00f6\u00dfen zur Auswahl<\/li>\n<\/ul>\n","protected":false},"featured_media":1503217,"template":"","meta":[],"product_brand":[],"product_cat":[8244,9178,9761,13584,105,263,389,11203,11206,5266,11349,11352,11361,11337,11343,11340,15056,15038,11367,11331,11346,11328,11370,11355,11334,11364,11358,7894],"product_tag":[15626,14752,14750,13895,13889,13892,13884,13877],"class_list":{"0":"post-1484202","1":"product","2":"type-product","3":"status-publish","4":"has-post-thumbnail","6":"product_cat-digital-products-de","7":"product_cat-line-art-de","8":"product_cat-trending-label-de","9":"product_cat-aquarell","10":"product_cat-alle-produkte","11":"product_cat-creators-de-2","12":"product_cat-geburtstagsgeschenke","13":"product_cat-geburtstagsgeschenk-fuer-frauen","14":"product_cat-geburtstagsgeschenk-fur-manner","15":"product_cat-weihnachtsgeschenke","16":"product_cat-weihnachtsgeschenke-fur-frauen","17":"product_cat-weihnachtsgeschenke-fur-manner","18":"product_cat-weihnachtsgeschenke-fur-die-mama","19":"product_cat-weihnachtsgeschenke-fur-den-papa","20":"product_cat-weihnachtsgeschenke-fur-die-oma","21":"product_cat-weihnachtsgeschenke-fur-den-opa","22":"product_cat-weihnachtsgeschenke-fuer-familie","23":"product_cat-weihnachtsgeschenke-fur-freunde","24":"product_cat-weihnachtsgeschenke-fur-die-schwester","25":"product_cat-weihnachtsgeschenke-fur-den-bruder","26":"product_cat-weihnachtsgeschenke-fur-die-freundin","27":"product_cat-weihnachtsgeschenke-fur-den-freund","28":"product_cat-weihnachtsgeschenke-fur-die-frau","29":"product_cat-weihnachtsgeschenke-fur-den-ehemann","30":"product_cat-weihnachtsgeschenke-fur-die-kollegen","31":"product_cat-weihnachtsgeschenke-fur-die-eltern","32":"product_cat-weihnachtsgeschenke-fur-die-kinder","33":"product_cat-geschenke-fur-hundeliebhaber","34":"product_tag-animals-de","35":"product_tag-creators-de-2","36":"product_tag-custom-photo-de","37":"product_tag-geschenke-fur-hundebesitzer","38":"product_tag-geschenke-fur-hundemamas","39":"product_tag-hundebesitzer","40":"product_tag-hundefreund","41":"product_tag-personalisierte-hundegeschenke","43":"first","44":"instock","45":"sale","46":"taxable","47":"shipping-taxable","48":"purchasable","49":"product-type-variable"},"yoast_head":"<!-- This site is optimized with the Yoast SEO Premium plugin v27.2 (Yoast SEO v27.2) - https:\/\/yoast.com\/product\/yoast-seo-premium-wordpress\/ -->\n<title>Personalisiertes Hundeportr\u00e4t - Positive Prints<\/title>\n<meta name=\"description\" content=\"Verwandele ein Lieblingsfoto deines Hundes in ein individuelles Portr\u00e4t. Ein perfektes Geschenk f\u00fcr Tierliebhaber, um ihren treuen Begleiter mit einem Kunstwerk zu ehren, das von Herzen kommt.\" \/>\n<meta name=\"robots\" content=\"index, follow, max-snippet:-1, max-image-preview:large, max-video-preview:-1\" \/>\n<link rel=\"canonical\" href=\"https:\/\/positiveprints.com\/de\/produkt\/personalisiertes-hundeportraet\/\" \/>\n<meta property=\"og:locale\" content=\"de_DE\" \/>\n<meta property=\"og:type\" content=\"article\" \/>\n<meta property=\"og:title\" content=\"Personalisiertes Hundeportr\u00e4t\" \/>\n<meta property=\"og:description\" content=\"Lade dein Lieblingsfoto hoch  2 Revisionen auf deinen Wunsch verf\u00fcgbar  Entspanne dich, w\u00e4hrend unsere K\u00fcnstler das Aquarell-Meisterwerk deines Haustiers gestalten  Erhalte den Korrekturabzug innerhalb von 2\u20133 Werktagen  Mehrere Druckgr\u00f6\u00dfen zur Auswahl\" \/>\n<meta property=\"og:url\" content=\"https:\/\/positiveprints.com\/de\/produkt\/personalisiertes-hundeportraet\/\" \/>\n<meta property=\"og:site_name\" content=\"Positive Prints\" \/>\n<meta property=\"article:publisher\" content=\"https:\/\/www.facebook.com\/positiveprintscom\" \/>\n<meta property=\"article:modified_time\" content=\"2026-04-12T18:22:40+00:00\" \/>\n<meta property=\"og:image\" content=\"https:\/\/positiveprints.com\/wp-content\/uploads\/2025\/08\/Packshot_DE_Personalisiertes-Hundeportra\u0308t.webp\" \/>\n\t<meta property=\"og:image:width\" content=\"1450\" \/>\n\t<meta property=\"og:image:height\" content=\"1450\" \/>\n\t<meta property=\"og:image:type\" content=\"image\/webp\" \/>\n<meta name=\"twitter:card\" content=\"summary_large_image\" \/>\n<meta name=\"twitter:label1\" content=\"Gesch\u00e4tzte Lesezeit\" \/>\n\t<meta name=\"twitter:data1\" content=\"1\u00a0Minute\" \/>\n<!-- \/ Yoast SEO Premium plugin. -->","yoast_head_json":{"title":"Personalisiertes Hundeportr\u00e4t - Positive Prints","description":"Verwandele ein Lieblingsfoto deines Hundes in ein individuelles Portr\u00e4t. Ein perfektes Geschenk f\u00fcr Tierliebhaber, um ihren treuen Begleiter mit einem Kunstwerk zu ehren, das von Herzen kommt.","robots":{"index":"index","follow":"follow","max-snippet":"max-snippet:-1","max-image-preview":"max-image-preview:large","max-video-preview":"max-video-preview:-1"},"canonical":"https:\/\/positiveprints.com\/de\/produkt\/personalisiertes-hundeportraet\/","og_locale":"de_DE","og_type":"article","og_title":"Personalisiertes Hundeportr\u00e4t","og_description":"Lade dein Lieblingsfoto hoch  2 Revisionen auf deinen Wunsch verf\u00fcgbar  Entspanne dich, w\u00e4hrend unsere K\u00fcnstler das Aquarell-Meisterwerk deines Haustiers gestalten  Erhalte den Korrekturabzug innerhalb von 2\u20133 Werktagen  Mehrere Druckgr\u00f6\u00dfen zur Auswahl","og_url":"https:\/\/positiveprints.com\/de\/produkt\/personalisiertes-hundeportraet\/","og_site_name":"Positive Prints","article_publisher":"https:\/\/www.facebook.com\/positiveprintscom","article_modified_time":"2026-04-12T18:22:40+00:00","og_image":[{"width":1450,"height":1450,"url":"https:\/\/positiveprints.com\/wp-content\/uploads\/2025\/08\/Packshot_DE_Personalisiertes-Hundeportra\u0308t.webp","type":"image\/webp"}],"twitter_card":"summary_large_image","twitter_misc":{"Gesch\u00e4tzte Lesezeit":"1\u00a0Minute"},"schema":{"@context":"https:\/\/schema.org","@graph":[{"@type":["WebPage","ItemPage"],"@id":"https:\/\/positiveprints.com\/de\/produkt\/personalisiertes-hundeportraet\/","url":"https:\/\/positiveprints.com\/de\/produkt\/personalisiertes-hundeportraet\/","name":"Personalisiertes Hundeportr\u00e4t - Positive Prints","isPartOf":{"@id":"https:\/\/positiveprints.com\/de\/#website"},"primaryImageOfPage":{"@id":"https:\/\/positiveprints.com\/de\/produkt\/personalisiertes-hundeportraet\/#primaryimage"},"image":{"@id":"https:\/\/positiveprints.com\/de\/produkt\/personalisiertes-hundeportraet\/#primaryimage"},"thumbnailUrl":"https:\/\/positiveprints.com\/wp-content\/uploads\/2025\/08\/Packshot_DE_Personalisiertes-Hundeportra\u0308t.webp","datePublished":"2025-08-04T11:18:57+00:00","dateModified":"2026-04-12T18:22:40+00:00","description":"Verwandele ein Lieblingsfoto deines Hundes in ein individuelles Portr\u00e4t. Ein perfektes Geschenk f\u00fcr Tierliebhaber, um ihren treuen Begleiter mit einem Kunstwerk zu ehren, das von Herzen kommt.","breadcrumb":{"@id":"https:\/\/positiveprints.com\/de\/produkt\/personalisiertes-hundeportraet\/#breadcrumb"},"inLanguage":"de","potentialAction":[{"@type":"ReadAction","target":["https:\/\/positiveprints.com\/de\/produkt\/personalisiertes-hundeportraet\/"]}]},{"@type":"ImageObject","inLanguage":"de","@id":"https:\/\/positiveprints.com\/de\/produkt\/personalisiertes-hundeportraet\/#primaryimage","url":"https:\/\/positiveprints.com\/wp-content\/uploads\/2025\/08\/Packshot_DE_Personalisiertes-Hundeportra\u0308t.webp","contentUrl":"https:\/\/positiveprints.com\/wp-content\/uploads\/2025\/08\/Packshot_DE_Personalisiertes-Hundeportra\u0308t.webp","width":1450,"height":1450,"caption":"Packshot_DE_Personalisiertes Hundeportra\u0308t"},{"@type":"BreadcrumbList","@id":"https:\/\/positiveprints.com\/de\/produkt\/personalisiertes-hundeportraet\/#breadcrumb","itemListElement":[{"@type":"ListItem","position":1,"name":"Startseite","item":"https:\/\/positiveprints.com\/de\/"},{"@type":"ListItem","position":2,"name":"Produkte","item":"https:\/\/positiveprints.com\/de\/shop\/"},{"@type":"ListItem","position":3,"name":"Personalisiertes Hundeportr\u00e4t"}]},{"@type":"WebSite","@id":"https:\/\/positiveprints.com\/de\/#website","url":"https:\/\/positiveprints.com\/de\/","name":"Positive Prints","description":"Amazing Custom Personalized Gifts","publisher":{"@id":"https:\/\/positiveprints.com\/de\/#organization"},"potentialAction":[{"@type":"SearchAction","target":{"@type":"EntryPoint","urlTemplate":"https:\/\/positiveprints.com\/de\/?s={search_term_string}"},"query-input":{"@type":"PropertyValueSpecification","valueRequired":true,"valueName":"search_term_string"}}],"inLanguage":"de"},{"@type":"Organization","@id":"https:\/\/positiveprints.com\/de\/#organization","name":"Positive Prints","alternateName":"Positive Prints","url":"https:\/\/positiveprints.com\/de\/","logo":{"@type":"ImageObject","inLanguage":"de","@id":"https:\/\/positiveprints.com\/de\/#\/schema\/logo\/image\/","url":"https:\/\/positiveprints.com\/wp-content\/uploads\/2026\/03\/245815646_1337939713319158_5671353136411139666_n.png","contentUrl":"https:\/\/positiveprints.com\/wp-content\/uploads\/2026\/03\/245815646_1337939713319158_5671353136411139666_n.png","width":800,"height":800,"caption":"Positive Prints"},"image":{"@id":"https:\/\/positiveprints.com\/de\/#\/schema\/logo\/image\/"},"sameAs":["https:\/\/www.facebook.com\/positiveprintscom","https:\/\/www.instagram.com\/positiveprintscom\/","https:\/\/www.tiktok.com\/@positiveprintscom","https:\/\/www.pinterest.com\/positiveprintscom\/"]}]}},"jetpack_sharing_enabled":true,"_links":{"self":[{"href":"https:\/\/positiveprints.com\/de\/wp-json\/wp\/v2\/product\/1484202","targetHints":{"allow":["GET"]}}],"collection":[{"href":"https:\/\/positiveprints.com\/de\/wp-json\/wp\/v2\/product"}],"about":[{"href":"https:\/\/positiveprints.com\/de\/wp-json\/wp\/v2\/types\/product"}],"wp:featuredmedia":[{"embeddable":true,"href":"https:\/\/positiveprints.com\/de\/wp-json\/wp\/v2\/media\/1503217"}],"wp:attachment":[{"href":"https:\/\/positiveprints.com\/de\/wp-json\/wp\/v2\/media?parent=1484202"}],"wp:term":[{"taxonomy":"product_brand","embeddable":true,"href":"https:\/\/positiveprints.com\/de\/wp-json\/wp\/v2\/product_brand?post=1484202"},{"taxonomy":"product_cat","embeddable":true,"href":"https:\/\/positiveprints.com\/de\/wp-json\/wp\/v2\/product_cat?post=1484202"},{"taxonomy":"product_tag","embeddable":true,"href":"https:\/\/positiveprints.com\/de\/wp-json\/wp\/v2\/product_tag?post=1484202"}],"curies":[{"name":"wp","href":"https:\/\/api.w.org\/{rel}","templated":true}]}}