{"id":1445218,"date":"2025-06-06T13:40:46","date_gmt":"2025-06-06T11:40:46","guid":{"rendered":"https:\/\/positiveprints.com\/?post_type=product&#038;p=1445218"},"modified":"2026-04-03T02:27:32","modified_gmt":"2026-04-03T01:27:32","slug":"tochter-poster-mit-definition","status":"publish","type":"product","link":"https:\/\/positiveprints.com\/de\/produkt\/tochter-poster-mit-definition\/","title":{"rendered":"Tochter Poster mit Definition"},"content":{"rendered":"","protected":false},"excerpt":{"rendered":"<ul class=\"check-list\">\n<li>Erstelle deine pers\u00f6nliche Definition<\/li>\n<li>F\u00fcge ein ausgew\u00e4hltes Lieblings-Foto hinzu<\/li>\n<li>Dein Kunstwerk ist in 3 einfachen Schritten anpassbar<\/li>\n<li>Sehe dir bei jedem Schritt eine Vorschau deines Designs an<\/li>\n<\/ul>\n","protected":false},"featured_media":1446075,"template":"","meta":[],"product_brand":[],"product_cat":[105,9735,7766,11358,5266],"product_tag":[17322,17196,16989,17007,17121,16629,16637,13314],"class_list":{"0":"post-1445218","1":"product","2":"type-product","3":"status-publish","4":"has-post-thumbnail","6":"product_cat-alle-produkte","7":"product_cat-definition-de","8":"product_cat-geschenke-fur-deine-tochter","9":"product_cat-weihnachtsgeschenke-fur-die-kinder","10":"product_cat-weihnachtsgeschenke","11":"product_tag-geburtstagsgeschenk-fur-tochter","12":"product_tag-geschenk-fuer-tochter","13":"product_tag-geschenk-vom-vater-an-tochter","14":"product_tag-geschenk-von-mutter-an-tochter","15":"product_tag-geschenke-fuer-tochter","16":"product_tag-geschenke-vom-vater-an-tochter","17":"product_tag-geschenke-von-mutter-an-tochter","18":"product_tag-weihnachtsgeschenk-fur-die-tochter","20":"first","21":"instock","22":"sale","23":"taxable","24":"shipping-taxable","25":"purchasable","26":"product-type-variable"},"yoast_head":"<!-- This site is optimized with the Yoast SEO Premium plugin v27.2 (Yoast SEO v27.2) - https:\/\/yoast.com\/product\/yoast-seo-premium-wordpress\/ -->\n<title>Tochter Poster mit Definition - Positive Prints<\/title>\n<meta name=\"description\" content=\"Ein ber\u00fchrendes und einzigartiges Geschenk f\u00fcr deine Tochter. Dieses Definitionsposter unterstreicht ihre Einzigartigkeit und eure besondere Verbindung, die ihr miteinander teilt. Perfekt zum Geburtstag oder einfach so.\" \/>\n<meta name=\"robots\" content=\"index, follow, max-snippet:-1, max-image-preview:large, max-video-preview:-1\" \/>\n<link rel=\"canonical\" href=\"https:\/\/positiveprints.com\/de\/produkt\/tochter-poster-mit-definition\/\" \/>\n<meta property=\"og:locale\" content=\"de_DE\" \/>\n<meta property=\"og:type\" content=\"article\" \/>\n<meta property=\"og:title\" content=\"Tochter Poster mit Definition\" \/>\n<meta property=\"og:description\" content=\"Erstelle deine pers\u00f6nliche Definition  F\u00fcge ein ausgew\u00e4hltes Lieblings-Foto hinzu  Dein Kunstwerk ist in 3 einfachen Schritten anpassbar  Sehe dir bei jedem Schritt eine Vorschau deines Designs an\" \/>\n<meta property=\"og:url\" content=\"https:\/\/positiveprints.com\/de\/produkt\/tochter-poster-mit-definition\/\" \/>\n<meta property=\"og:site_name\" content=\"Positive Prints\" \/>\n<meta property=\"article:publisher\" content=\"https:\/\/www.facebook.com\/positiveprintscom\" \/>\n<meta property=\"article:modified_time\" content=\"2026-04-03T01:27:32+00:00\" \/>\n<meta property=\"og:image\" content=\"https:\/\/positiveprints.com\/wp-content\/uploads\/2026\/03\/Open-graph-2026-1200x630-1.jpg\" \/>\n\t<meta property=\"og:image:width\" content=\"1200\" \/>\n\t<meta property=\"og:image:height\" content=\"630\" \/>\n\t<meta property=\"og:image:type\" content=\"image\/jpeg\" \/>\n<meta name=\"twitter:card\" content=\"summary_large_image\" \/>\n<!-- \/ Yoast SEO Premium plugin. -->","yoast_head_json":{"title":"Tochter Poster mit Definition - Positive Prints","description":"Ein ber\u00fchrendes und einzigartiges Geschenk f\u00fcr deine Tochter. Dieses Definitionsposter unterstreicht ihre Einzigartigkeit und eure besondere Verbindung, die ihr miteinander teilt. Perfekt zum Geburtstag oder einfach so.","robots":{"index":"index","follow":"follow","max-snippet":"max-snippet:-1","max-image-preview":"max-image-preview:large","max-video-preview":"max-video-preview:-1"},"canonical":"https:\/\/positiveprints.com\/de\/produkt\/tochter-poster-mit-definition\/","og_locale":"de_DE","og_type":"article","og_title":"Tochter Poster mit Definition","og_description":"Erstelle deine pers\u00f6nliche Definition  F\u00fcge ein ausgew\u00e4hltes Lieblings-Foto hinzu  Dein Kunstwerk ist in 3 einfachen Schritten anpassbar  Sehe dir bei jedem Schritt eine Vorschau deines Designs an","og_url":"https:\/\/positiveprints.com\/de\/produkt\/tochter-poster-mit-definition\/","og_site_name":"Positive Prints","article_publisher":"https:\/\/www.facebook.com\/positiveprintscom","article_modified_time":"2026-04-03T01:27:32+00:00","og_image":[{"width":1200,"height":630,"url":"https:\/\/positiveprints.com\/wp-content\/uploads\/2026\/03\/Open-graph-2026-1200x630-1.jpg","type":"image\/jpeg"}],"twitter_card":"summary_large_image","schema":{"@context":"https:\/\/schema.org","@graph":[{"@type":["WebPage","ItemPage"],"@id":"https:\/\/positiveprints.com\/de\/produkt\/tochter-poster-mit-definition\/","url":"https:\/\/positiveprints.com\/de\/produkt\/tochter-poster-mit-definition\/","name":"Tochter Poster mit Definition - Positive Prints","isPartOf":{"@id":"https:\/\/positiveprints.com\/de\/#website"},"primaryImageOfPage":{"@id":"https:\/\/positiveprints.com\/de\/produkt\/tochter-poster-mit-definition\/#primaryimage"},"image":{"@id":"https:\/\/positiveprints.com\/de\/produkt\/tochter-poster-mit-definition\/#primaryimage"},"thumbnailUrl":"https:\/\/positiveprints.com\/wp-content\/uploads\/2025\/06\/Packshot_DE_Tochter_Poster.webp","datePublished":"2025-06-06T11:40:46+00:00","dateModified":"2026-04-03T01:27:32+00:00","description":"Ein ber\u00fchrendes und einzigartiges Geschenk f\u00fcr deine Tochter. Dieses Definitionsposter unterstreicht ihre Einzigartigkeit und eure besondere Verbindung, die ihr miteinander teilt. Perfekt zum Geburtstag oder einfach so.","breadcrumb":{"@id":"https:\/\/positiveprints.com\/de\/produkt\/tochter-poster-mit-definition\/#breadcrumb"},"inLanguage":"de","potentialAction":[{"@type":"ReadAction","target":["https:\/\/positiveprints.com\/de\/produkt\/tochter-poster-mit-definition\/"]}]},{"@type":"ImageObject","inLanguage":"de","@id":"https:\/\/positiveprints.com\/de\/produkt\/tochter-poster-mit-definition\/#primaryimage","url":"https:\/\/positiveprints.com\/wp-content\/uploads\/2025\/06\/Packshot_DE_Tochter_Poster.webp","contentUrl":"https:\/\/positiveprints.com\/wp-content\/uploads\/2025\/06\/Packshot_DE_Tochter_Poster.webp","width":1450,"height":1450,"caption":"Packshot_DE_Tochter_Poster"},{"@type":"BreadcrumbList","@id":"https:\/\/positiveprints.com\/de\/produkt\/tochter-poster-mit-definition\/#breadcrumb","itemListElement":[{"@type":"ListItem","position":1,"name":"Startseite","item":"https:\/\/positiveprints.com\/de\/"},{"@type":"ListItem","position":2,"name":"Produkte","item":"https:\/\/positiveprints.com\/de\/shop\/"},{"@type":"ListItem","position":3,"name":"Tochter Poster mit Definition"}]},{"@type":"WebSite","@id":"https:\/\/positiveprints.com\/de\/#website","url":"https:\/\/positiveprints.com\/de\/","name":"Positive Prints","description":"Amazing Custom Personalized Gifts","publisher":{"@id":"https:\/\/positiveprints.com\/de\/#organization"},"potentialAction":[{"@type":"SearchAction","target":{"@type":"EntryPoint","urlTemplate":"https:\/\/positiveprints.com\/de\/?s={search_term_string}"},"query-input":{"@type":"PropertyValueSpecification","valueRequired":true,"valueName":"search_term_string"}}],"inLanguage":"de"},{"@type":"Organization","@id":"https:\/\/positiveprints.com\/de\/#organization","name":"Positive Prints","alternateName":"Positive Prints","url":"https:\/\/positiveprints.com\/de\/","logo":{"@type":"ImageObject","inLanguage":"de","@id":"https:\/\/positiveprints.com\/de\/#\/schema\/logo\/image\/","url":"https:\/\/positiveprints.com\/wp-content\/uploads\/2026\/03\/245815646_1337939713319158_5671353136411139666_n.png","contentUrl":"https:\/\/positiveprints.com\/wp-content\/uploads\/2026\/03\/245815646_1337939713319158_5671353136411139666_n.png","width":800,"height":800,"caption":"Positive Prints"},"image":{"@id":"https:\/\/positiveprints.com\/de\/#\/schema\/logo\/image\/"},"sameAs":["https:\/\/www.facebook.com\/positiveprintscom","https:\/\/www.instagram.com\/positiveprintscom\/","https:\/\/www.tiktok.com\/@positiveprintscom","https:\/\/www.pinterest.com\/positiveprintscom\/"]}]}},"jetpack_sharing_enabled":true,"_links":{"self":[{"href":"https:\/\/positiveprints.com\/de\/wp-json\/wp\/v2\/product\/1445218","targetHints":{"allow":["GET"]}}],"collection":[{"href":"https:\/\/positiveprints.com\/de\/wp-json\/wp\/v2\/product"}],"about":[{"href":"https:\/\/positiveprints.com\/de\/wp-json\/wp\/v2\/types\/product"}],"wp:featuredmedia":[{"embeddable":true,"href":"https:\/\/positiveprints.com\/de\/wp-json\/wp\/v2\/media\/1446075"}],"wp:attachment":[{"href":"https:\/\/positiveprints.com\/de\/wp-json\/wp\/v2\/media?parent=1445218"}],"wp:term":[{"taxonomy":"product_brand","embeddable":true,"href":"https:\/\/positiveprints.com\/de\/wp-json\/wp\/v2\/product_brand?post=1445218"},{"taxonomy":"product_cat","embeddable":true,"href":"https:\/\/positiveprints.com\/de\/wp-json\/wp\/v2\/product_cat?post=1445218"},{"taxonomy":"product_tag","embeddable":true,"href":"https:\/\/positiveprints.com\/de\/wp-json\/wp\/v2\/product_tag?post=1445218"}],"curies":[{"name":"wp","href":"https:\/\/api.w.org\/{rel}","templated":true}]}}