{"id":1436306,"date":"2025-05-27T13:09:28","date_gmt":"2025-05-27T11:09:28","guid":{"rendered":"https:\/\/positiveprints.com\/?post_type=product&#038;p=1436306"},"modified":"2026-04-07T12:17:11","modified_gmt":"2026-04-07T11:17:11","slug":"poster-fuer-deinen-cousin-mit-definition","status":"publish","type":"product","link":"https:\/\/positiveprints.com\/de\/produkt\/poster-fuer-deinen-cousin-mit-definition\/","title":{"rendered":"Poster f\u00fcr deinen Cousin mit Definition"},"content":{"rendered":"","protected":false},"excerpt":{"rendered":"<ul class=\"check-list\">\n<li>Erstelle deine pers\u00f6nliche Definition<\/li>\n<li>F\u00fcge ein ausgew\u00e4hltes Lieblings-Foto hinzu<\/li>\n<li>In 3 einfachen Schritten anpassbar<\/li>\n<li>Sehe dir bei jedem Schritt eine Vorschau deines Designs an<\/li>\n<\/ul>\n","protected":false},"featured_media":1435588,"template":"","meta":[],"product_brand":[],"product_cat":[105,9735,11358,5266],"product_tag":[16022,16023,8534,17088,16892,16024,16025,16026,15943],"class_list":{"0":"post-1436306","1":"product","2":"type-product","3":"status-publish","4":"has-post-thumbnail","6":"product_cat-alle-produkte","7":"product_cat-definition-de","8":"product_cat-weihnachtsgeschenke-fur-die-kinder","9":"product_cat-weihnachtsgeschenke","10":"product_tag-family-gift-ideas-de","11":"product_tag-family-gifts-de","12":"product_tag-family-de","13":"product_tag-geschenke-fur-jungen","14":"product_tag-geschenke-fuer-teenagerjungen","15":"product_tag-gift-for-family-de","16":"product_tag-gifts-for-family-de","17":"product_tag-personalized-family-gifts-de","18":"product_tag-weihnachtsgeschenk-fur-kinder","20":"first","21":"instock","22":"sale","23":"taxable","24":"shipping-taxable","25":"purchasable","26":"product-type-variable"},"yoast_head":"<!-- This site is optimized with the Yoast SEO Premium plugin v27.2 (Yoast SEO v27.2) - https:\/\/yoast.com\/product\/yoast-seo-premium-wordpress\/ -->\n<title>Poster f\u00fcr deinen Cousin mit Definition - Positive Prints<\/title>\n<meta name=\"description\" content=\"Feiere deinen Cousin mit diesem lustigen Definition-Poster. Ein Geschenk voller Humor, das eure gemeinsamen Abenteuer, Insiderwitze und unz\u00e4hligen Erinnerungen hervorhebt.\" \/>\n<meta name=\"robots\" content=\"index, follow, max-snippet:-1, max-image-preview:large, max-video-preview:-1\" \/>\n<link rel=\"canonical\" href=\"https:\/\/positiveprints.com\/de\/produkt\/poster-fuer-deinen-cousin-mit-definition\/\" \/>\n<meta property=\"og:locale\" content=\"de_DE\" \/>\n<meta property=\"og:type\" content=\"article\" \/>\n<meta property=\"og:title\" content=\"Poster f\u00fcr deinen Cousin mit Definition\" \/>\n<meta property=\"og:description\" content=\"Erstelle deine pers\u00f6nliche Definition F\u00fcge ein ausgew\u00e4hltes Lieblings-Foto hinzu In 3 einfachen Schritten anpassbar Sehe dir bei jedem Schritt eine Vorschau deines Designs an\" \/>\n<meta property=\"og:url\" content=\"https:\/\/positiveprints.com\/de\/produkt\/poster-fuer-deinen-cousin-mit-definition\/\" \/>\n<meta property=\"og:site_name\" content=\"Positive Prints\" \/>\n<meta property=\"article:publisher\" content=\"https:\/\/www.facebook.com\/positiveprintscom\" \/>\n<meta property=\"article:modified_time\" content=\"2026-04-07T11:17:11+00:00\" \/>\n<meta property=\"og:image\" content=\"https:\/\/positiveprints.com\/wp-content\/uploads\/2025\/05\/Poster-fu\u0308r-deinen-Cousin-mit-Definition-1.webp\" \/>\n\t<meta property=\"og:image:width\" content=\"1450\" \/>\n\t<meta property=\"og:image:height\" content=\"1450\" \/>\n\t<meta property=\"og:image:type\" content=\"image\/webp\" \/>\n<meta name=\"twitter:card\" content=\"summary_large_image\" \/>\n<meta name=\"twitter:label1\" content=\"Gesch\u00e4tzte Lesezeit\" \/>\n\t<meta name=\"twitter:data1\" content=\"1\u00a0Minute\" \/>\n<!-- \/ Yoast SEO Premium plugin. -->","yoast_head_json":{"title":"Poster f\u00fcr deinen Cousin mit Definition - Positive Prints","description":"Feiere deinen Cousin mit diesem lustigen Definition-Poster. Ein Geschenk voller Humor, das eure gemeinsamen Abenteuer, Insiderwitze und unz\u00e4hligen Erinnerungen hervorhebt.","robots":{"index":"index","follow":"follow","max-snippet":"max-snippet:-1","max-image-preview":"max-image-preview:large","max-video-preview":"max-video-preview:-1"},"canonical":"https:\/\/positiveprints.com\/de\/produkt\/poster-fuer-deinen-cousin-mit-definition\/","og_locale":"de_DE","og_type":"article","og_title":"Poster f\u00fcr deinen Cousin mit Definition","og_description":"Erstelle deine pers\u00f6nliche Definition F\u00fcge ein ausgew\u00e4hltes Lieblings-Foto hinzu In 3 einfachen Schritten anpassbar Sehe dir bei jedem Schritt eine Vorschau deines Designs an","og_url":"https:\/\/positiveprints.com\/de\/produkt\/poster-fuer-deinen-cousin-mit-definition\/","og_site_name":"Positive Prints","article_publisher":"https:\/\/www.facebook.com\/positiveprintscom","article_modified_time":"2026-04-07T11:17:11+00:00","og_image":[{"width":1450,"height":1450,"url":"https:\/\/positiveprints.com\/wp-content\/uploads\/2025\/05\/Poster-fu\u0308r-deinen-Cousin-mit-Definition-1.webp","type":"image\/webp"}],"twitter_card":"summary_large_image","twitter_misc":{"Gesch\u00e4tzte Lesezeit":"1\u00a0Minute"},"schema":{"@context":"https:\/\/schema.org","@graph":[{"@type":["WebPage","ItemPage"],"@id":"https:\/\/positiveprints.com\/de\/produkt\/poster-fuer-deinen-cousin-mit-definition\/","url":"https:\/\/positiveprints.com\/de\/produkt\/poster-fuer-deinen-cousin-mit-definition\/","name":"Poster f\u00fcr deinen Cousin mit Definition - Positive Prints","isPartOf":{"@id":"https:\/\/positiveprints.com\/de\/#website"},"primaryImageOfPage":{"@id":"https:\/\/positiveprints.com\/de\/produkt\/poster-fuer-deinen-cousin-mit-definition\/#primaryimage"},"image":{"@id":"https:\/\/positiveprints.com\/de\/produkt\/poster-fuer-deinen-cousin-mit-definition\/#primaryimage"},"thumbnailUrl":"https:\/\/positiveprints.com\/wp-content\/uploads\/2025\/05\/Poster-fu\u0308r-deinen-Cousin-mit-Definition-1.webp","datePublished":"2025-05-27T11:09:28+00:00","dateModified":"2026-04-07T11:17:11+00:00","description":"Feiere deinen Cousin mit diesem lustigen Definition-Poster. Ein Geschenk voller Humor, das eure gemeinsamen Abenteuer, Insiderwitze und unz\u00e4hligen Erinnerungen hervorhebt.","breadcrumb":{"@id":"https:\/\/positiveprints.com\/de\/produkt\/poster-fuer-deinen-cousin-mit-definition\/#breadcrumb"},"inLanguage":"de","potentialAction":[{"@type":"ReadAction","target":["https:\/\/positiveprints.com\/de\/produkt\/poster-fuer-deinen-cousin-mit-definition\/"]}]},{"@type":"ImageObject","inLanguage":"de","@id":"https:\/\/positiveprints.com\/de\/produkt\/poster-fuer-deinen-cousin-mit-definition\/#primaryimage","url":"https:\/\/positiveprints.com\/wp-content\/uploads\/2025\/05\/Poster-fu\u0308r-deinen-Cousin-mit-Definition-1.webp","contentUrl":"https:\/\/positiveprints.com\/wp-content\/uploads\/2025\/05\/Poster-fu\u0308r-deinen-Cousin-mit-Definition-1.webp","width":1450,"height":1450},{"@type":"BreadcrumbList","@id":"https:\/\/positiveprints.com\/de\/produkt\/poster-fuer-deinen-cousin-mit-definition\/#breadcrumb","itemListElement":[{"@type":"ListItem","position":1,"name":"Startseite","item":"https:\/\/positiveprints.com\/de\/"},{"@type":"ListItem","position":2,"name":"Produkte","item":"https:\/\/positiveprints.com\/de\/shop\/"},{"@type":"ListItem","position":3,"name":"Poster f\u00fcr deinen Cousin mit Definition"}]},{"@type":"WebSite","@id":"https:\/\/positiveprints.com\/de\/#website","url":"https:\/\/positiveprints.com\/de\/","name":"Positive Prints","description":"Amazing Custom Personalized Gifts","publisher":{"@id":"https:\/\/positiveprints.com\/de\/#organization"},"potentialAction":[{"@type":"SearchAction","target":{"@type":"EntryPoint","urlTemplate":"https:\/\/positiveprints.com\/de\/?s={search_term_string}"},"query-input":{"@type":"PropertyValueSpecification","valueRequired":true,"valueName":"search_term_string"}}],"inLanguage":"de"},{"@type":"Organization","@id":"https:\/\/positiveprints.com\/de\/#organization","name":"Positive Prints","alternateName":"Positive Prints","url":"https:\/\/positiveprints.com\/de\/","logo":{"@type":"ImageObject","inLanguage":"de","@id":"https:\/\/positiveprints.com\/de\/#\/schema\/logo\/image\/","url":"https:\/\/positiveprints.com\/wp-content\/uploads\/2026\/03\/245815646_1337939713319158_5671353136411139666_n.png","contentUrl":"https:\/\/positiveprints.com\/wp-content\/uploads\/2026\/03\/245815646_1337939713319158_5671353136411139666_n.png","width":800,"height":800,"caption":"Positive Prints"},"image":{"@id":"https:\/\/positiveprints.com\/de\/#\/schema\/logo\/image\/"},"sameAs":["https:\/\/www.facebook.com\/positiveprintscom","https:\/\/www.instagram.com\/positiveprintscom\/","https:\/\/www.tiktok.com\/@positiveprintscom","https:\/\/www.pinterest.com\/positiveprintscom\/"]}]}},"jetpack_sharing_enabled":true,"_links":{"self":[{"href":"https:\/\/positiveprints.com\/de\/wp-json\/wp\/v2\/product\/1436306","targetHints":{"allow":["GET"]}}],"collection":[{"href":"https:\/\/positiveprints.com\/de\/wp-json\/wp\/v2\/product"}],"about":[{"href":"https:\/\/positiveprints.com\/de\/wp-json\/wp\/v2\/types\/product"}],"wp:featuredmedia":[{"embeddable":true,"href":"https:\/\/positiveprints.com\/de\/wp-json\/wp\/v2\/media\/1435588"}],"wp:attachment":[{"href":"https:\/\/positiveprints.com\/de\/wp-json\/wp\/v2\/media?parent=1436306"}],"wp:term":[{"taxonomy":"product_brand","embeddable":true,"href":"https:\/\/positiveprints.com\/de\/wp-json\/wp\/v2\/product_brand?post=1436306"},{"taxonomy":"product_cat","embeddable":true,"href":"https:\/\/positiveprints.com\/de\/wp-json\/wp\/v2\/product_cat?post=1436306"},{"taxonomy":"product_tag","embeddable":true,"href":"https:\/\/positiveprints.com\/de\/wp-json\/wp\/v2\/product_tag?post=1436306"}],"curies":[{"name":"wp","href":"https:\/\/api.w.org\/{rel}","templated":true}]}}