{"id":1428913,"date":"2025-05-22T13:02:12","date_gmt":"2025-05-22T11:02:12","guid":{"rendered":"https:\/\/positiveprints.com\/?post_type=product&#038;p=1428913"},"modified":"2026-04-28T13:27:13","modified_gmt":"2026-04-28T12:27:13","slug":"liebe-unter-dem-mond-und-den-sternen","status":"publish","type":"product","link":"https:\/\/positiveprints.com\/de\/produkt\/liebe-unter-dem-mond-und-den-sternen\/","title":{"rendered":"Liebe unter dem Mond und den Sternen"},"content":{"rendered":"","protected":false},"excerpt":{"rendered":"<ul class=\"check-list\">\n<li>Benutzerdefinierte Stern- und Mondkarte f\u00fcr ausgew\u00e4hltes Datum und Ort<\/li>\n<li>Passe dein Kunstwerk in 3 einfachen Schritten an<\/li>\n<li>F\u00fcge einen aussagekr\u00e4ftigen personalisierten Text hinzu<\/li>\n<li>Sieh das Ergebnis sofort \u2013 die interaktive Vorschau erm\u00f6glicht dir, jedes Detail direkt anzupassen<\/li>\n<\/ul>\n","protected":false},"featured_media":1427651,"template":"","meta":[],"product_brand":[],"product_cat":[9761,105,5327,11169,11163,11166,5266,11349,11352,11346,11328,11370,11355,7671,7639,7782,7750,7798,3116,390,11233,11236],"product_tag":[14749,14747,14753,14751,14745,14746,14754,14755,14756,14757,14127,14759,14742,14743,14744,14763,14760,14761,14748,11737,11708,11733,11714,11749,11743],"class_list":{"0":"post-1428913","1":"product","2":"type-product","3":"status-publish","4":"has-post-thumbnail","6":"product_cat-trending-label-de","7":"product_cat-alle-produkte","8":"product_cat-jubilaumsgeschenke","9":"product_cat-jahrestag-geschenk-fur-paare","10":"product_cat-jahrestag-geschenke-fur-sie","11":"product_cat-jahrestag-geschenk-fur-ihn","12":"product_cat-weihnachtsgeschenke","13":"product_cat-weihnachtsgeschenke-fur-frauen","14":"product_cat-weihnachtsgeschenke-fur-manner","15":"product_cat-weihnachtsgeschenke-fur-die-freundin","16":"product_cat-weihnachtsgeschenke-fur-den-freund","17":"product_cat-weihnachtsgeschenke-fur-die-frau","18":"product_cat-weihnachtsgeschenke-fur-den-ehemann","19":"product_cat-geschenke-fur-deinen-freund","20":"product_cat-geschenke-fur-deinen-ehemann","21":"product_cat-geschenke-fur-deine-freundin","22":"product_cat-geschenke-fur-deine-ehefrau","23":"product_cat-geschenke-fur-paare","24":"product_cat-star-de-2","25":"product_cat-geschenke-zum-valentinstag-geschenkideen-de","26":"product_cat-valentinstagsgeschenke-fur-frauen","27":"product_cat-valentinstagsgeschenke-fur-manner","28":"product_tag-anniversary-de","29":"product_tag-anniversary-gift-de","30":"product_tag-anniversary-gifts-de","31":"product_tag-anniversary-present-de","32":"product_tag-couple-gift-de","33":"product_tag-gift-for-couple-de","34":"product_tag-love-de","35":"product_tag-love-gift-de","36":"product_tag-personalized-gift-de","37":"product_tag-romantic-gifts-de","38":"product_tag-romantisches-geschenk","39":"product_tag-sentimental-gift-de","40":"product_tag-special-occasion-de","41":"product_tag-thoughtful-gift-de","42":"product_tag-unique-gift-de","43":"product_tag-valentines-day-gifts-de","44":"product_tag-valentines-day-de","45":"product_tag-valentines-day-gift-de","46":"product_tag-wedding-anniversary-de","47":"product_tag-weihnachtsgeschenke-fuer-den-ehemann","48":"product_tag-weihnachtsgeschenke-fuer-den-freund","49":"product_tag-weihnachtsgeschenke-fur-die-frau","50":"product_tag-weihnachtsgeschenke-fur-die-freundin","51":"product_tag-weihnachtsgeschenke-fuer-ihn","52":"product_tag-weihnachtsgeschenke-fuer-sie","54":"first","55":"instock","56":"sale","57":"taxable","58":"shipping-taxable","59":"purchasable","60":"product-type-variable"},"yoast_head":"<!-- This site is optimized with the Yoast SEO Premium plugin v27.2 (Yoast SEO v27.2) - https:\/\/yoast.com\/product\/yoast-seo-premium-wordpress\/ -->\n<title>Liebe unter dem Mond und den Sternen - Positive Prints<\/title>\n<meta name=\"description\" content=\"Verschenke ein romantisches Jubil\u00e4umsgeschenk mit Mond und Sternen aus eurer besonderen Nacht. Eine wundersch\u00f6ne Art, eure Liebe zu feiern.\" \/>\n<meta name=\"robots\" content=\"index, follow, max-snippet:-1, max-image-preview:large, max-video-preview:-1\" \/>\n<link rel=\"canonical\" href=\"https:\/\/positiveprints.com\/de\/produkt\/liebe-unter-dem-mond-und-den-sternen\/\" \/>\n<meta property=\"og:locale\" content=\"de_DE\" \/>\n<meta property=\"og:type\" content=\"article\" \/>\n<meta property=\"og:title\" content=\"Liebe unter dem Mond und den Sternen\" \/>\n<meta property=\"og:description\" content=\"Benutzerdefinierte Stern- und Mondkarte f\u00fcr ausgew\u00e4hltes Datum und Ort Passe dein Kunstwerk in 3 einfachen Schritten an F\u00fcge einen aussagekr\u00e4ftigen personalisierten Text hinzu Sieh das Ergebnis sofort \u2013 die interaktive Vorschau erm\u00f6glicht dir, jedes Detail direkt anzupassen\" \/>\n<meta property=\"og:url\" content=\"https:\/\/positiveprints.com\/de\/produkt\/liebe-unter-dem-mond-und-den-sternen\/\" \/>\n<meta property=\"og:site_name\" content=\"Positive Prints\" \/>\n<meta property=\"article:publisher\" content=\"https:\/\/www.facebook.com\/positiveprintscom\" \/>\n<meta property=\"article:modified_time\" content=\"2026-04-28T12:27:13+00:00\" \/>\n<meta property=\"og:image\" content=\"https:\/\/positiveprints.com\/wp-content\/uploads\/2025\/05\/Liebe-unter-dem-Mond-und-den-Sternen-1.webp\" \/>\n\t<meta property=\"og:image:width\" content=\"1450\" \/>\n\t<meta property=\"og:image:height\" content=\"1450\" \/>\n\t<meta property=\"og:image:type\" content=\"image\/webp\" \/>\n<meta name=\"twitter:card\" content=\"summary_large_image\" \/>\n<!-- \/ Yoast SEO Premium plugin. -->","yoast_head_json":{"title":"Liebe unter dem Mond und den Sternen - Positive Prints","description":"Verschenke ein romantisches Jubil\u00e4umsgeschenk mit Mond und Sternen aus eurer besonderen Nacht. Eine wundersch\u00f6ne Art, eure Liebe zu feiern.","robots":{"index":"index","follow":"follow","max-snippet":"max-snippet:-1","max-image-preview":"max-image-preview:large","max-video-preview":"max-video-preview:-1"},"canonical":"https:\/\/positiveprints.com\/de\/produkt\/liebe-unter-dem-mond-und-den-sternen\/","og_locale":"de_DE","og_type":"article","og_title":"Liebe unter dem Mond und den Sternen","og_description":"Benutzerdefinierte Stern- und Mondkarte f\u00fcr ausgew\u00e4hltes Datum und Ort Passe dein Kunstwerk in 3 einfachen Schritten an F\u00fcge einen aussagekr\u00e4ftigen personalisierten Text hinzu Sieh das Ergebnis sofort \u2013 die interaktive Vorschau erm\u00f6glicht dir, jedes Detail direkt anzupassen","og_url":"https:\/\/positiveprints.com\/de\/produkt\/liebe-unter-dem-mond-und-den-sternen\/","og_site_name":"Positive Prints","article_publisher":"https:\/\/www.facebook.com\/positiveprintscom","article_modified_time":"2026-04-28T12:27:13+00:00","og_image":[{"width":1450,"height":1450,"url":"https:\/\/positiveprints.com\/wp-content\/uploads\/2025\/05\/Liebe-unter-dem-Mond-und-den-Sternen-1.webp","type":"image\/webp"}],"twitter_card":"summary_large_image","schema":{"@context":"https:\/\/schema.org","@graph":[{"@type":["WebPage","ItemPage"],"@id":"https:\/\/positiveprints.com\/de\/produkt\/liebe-unter-dem-mond-und-den-sternen\/","url":"https:\/\/positiveprints.com\/de\/produkt\/liebe-unter-dem-mond-und-den-sternen\/","name":"Liebe unter dem Mond und den Sternen - Positive Prints","isPartOf":{"@id":"https:\/\/positiveprints.com\/de\/#website"},"primaryImageOfPage":{"@id":"https:\/\/positiveprints.com\/de\/produkt\/liebe-unter-dem-mond-und-den-sternen\/#primaryimage"},"image":{"@id":"https:\/\/positiveprints.com\/de\/produkt\/liebe-unter-dem-mond-und-den-sternen\/#primaryimage"},"thumbnailUrl":"https:\/\/positiveprints.com\/wp-content\/uploads\/2025\/05\/Liebe-unter-dem-Mond-und-den-Sternen-1.webp","datePublished":"2025-05-22T11:02:12+00:00","dateModified":"2026-04-28T12:27:13+00:00","description":"Verschenke ein romantisches Jubil\u00e4umsgeschenk mit Mond und Sternen aus eurer besonderen Nacht. Eine wundersch\u00f6ne Art, eure Liebe zu feiern.","breadcrumb":{"@id":"https:\/\/positiveprints.com\/de\/produkt\/liebe-unter-dem-mond-und-den-sternen\/#breadcrumb"},"inLanguage":"de","potentialAction":[{"@type":"ReadAction","target":["https:\/\/positiveprints.com\/de\/produkt\/liebe-unter-dem-mond-und-den-sternen\/"]}]},{"@type":"ImageObject","inLanguage":"de","@id":"https:\/\/positiveprints.com\/de\/produkt\/liebe-unter-dem-mond-und-den-sternen\/#primaryimage","url":"https:\/\/positiveprints.com\/wp-content\/uploads\/2025\/05\/Liebe-unter-dem-Mond-und-den-Sternen-1.webp","contentUrl":"https:\/\/positiveprints.com\/wp-content\/uploads\/2025\/05\/Liebe-unter-dem-Mond-und-den-Sternen-1.webp","width":1450,"height":1450},{"@type":"BreadcrumbList","@id":"https:\/\/positiveprints.com\/de\/produkt\/liebe-unter-dem-mond-und-den-sternen\/#breadcrumb","itemListElement":[{"@type":"ListItem","position":1,"name":"Startseite","item":"https:\/\/positiveprints.com\/de\/"},{"@type":"ListItem","position":2,"name":"Produkte","item":"https:\/\/positiveprints.com\/de\/shop\/"},{"@type":"ListItem","position":3,"name":"Liebe unter dem Mond und den Sternen"}]},{"@type":"WebSite","@id":"https:\/\/positiveprints.com\/de\/#website","url":"https:\/\/positiveprints.com\/de\/","name":"Positive Prints","description":"Amazing Custom Personalized Gifts","publisher":{"@id":"https:\/\/positiveprints.com\/de\/#organization"},"potentialAction":[{"@type":"SearchAction","target":{"@type":"EntryPoint","urlTemplate":"https:\/\/positiveprints.com\/de\/?s={search_term_string}"},"query-input":{"@type":"PropertyValueSpecification","valueRequired":true,"valueName":"search_term_string"}}],"inLanguage":"de"},{"@type":"Organization","@id":"https:\/\/positiveprints.com\/de\/#organization","name":"Positive Prints","alternateName":"Positive Prints","url":"https:\/\/positiveprints.com\/de\/","logo":{"@type":"ImageObject","inLanguage":"de","@id":"https:\/\/positiveprints.com\/de\/#\/schema\/logo\/image\/","url":"https:\/\/positiveprints.com\/wp-content\/uploads\/2026\/03\/245815646_1337939713319158_5671353136411139666_n.png","contentUrl":"https:\/\/positiveprints.com\/wp-content\/uploads\/2026\/03\/245815646_1337939713319158_5671353136411139666_n.png","width":800,"height":800,"caption":"Positive Prints"},"image":{"@id":"https:\/\/positiveprints.com\/de\/#\/schema\/logo\/image\/"},"sameAs":["https:\/\/www.facebook.com\/positiveprintscom","https:\/\/www.instagram.com\/positiveprintscom\/","https:\/\/www.tiktok.com\/@positiveprintscom","https:\/\/www.pinterest.com\/positiveprintscom\/"]}]}},"jetpack_sharing_enabled":true,"_links":{"self":[{"href":"https:\/\/positiveprints.com\/de\/wp-json\/wp\/v2\/product\/1428913","targetHints":{"allow":["GET"]}}],"collection":[{"href":"https:\/\/positiveprints.com\/de\/wp-json\/wp\/v2\/product"}],"about":[{"href":"https:\/\/positiveprints.com\/de\/wp-json\/wp\/v2\/types\/product"}],"wp:featuredmedia":[{"embeddable":true,"href":"https:\/\/positiveprints.com\/de\/wp-json\/wp\/v2\/media\/1427651"}],"wp:attachment":[{"href":"https:\/\/positiveprints.com\/de\/wp-json\/wp\/v2\/media?parent=1428913"}],"wp:term":[{"taxonomy":"product_brand","embeddable":true,"href":"https:\/\/positiveprints.com\/de\/wp-json\/wp\/v2\/product_brand?post=1428913"},{"taxonomy":"product_cat","embeddable":true,"href":"https:\/\/positiveprints.com\/de\/wp-json\/wp\/v2\/product_cat?post=1428913"},{"taxonomy":"product_tag","embeddable":true,"href":"https:\/\/positiveprints.com\/de\/wp-json\/wp\/v2\/product_tag?post=1428913"}],"curies":[{"name":"wp","href":"https:\/\/api.w.org\/{rel}","templated":true}]}}