{"id":1427043,"date":"2025-05-21T13:52:10","date_gmt":"2025-05-21T11:52:12","guid":{"rendered":"https:\/\/positiveprints.com\/?post_type=product&#038;p=1427043"},"modified":"2026-04-03T02:30:51","modified_gmt":"2026-04-03T01:30:51","slug":"nanny-poster-mit-definition","status":"publish","type":"product","link":"https:\/\/positiveprints.com\/de\/produkt\/nanny-poster-mit-definition\/","title":{"rendered":"Nanny Poster mit Definition"},"content":{"rendered":"","protected":false},"excerpt":{"rendered":"<ul class=\"check-list\">\n<li>Erstelle deine pers\u00f6nliche Definition<\/li>\n<li>F\u00fcge ein ausgew\u00e4hltes Lieblingsfoto hinzu<\/li>\n<li>Dein Poster in 3 einfachen Schritten anpassbar<\/li>\n<li>Sehe dir bei jedem Schritt eine Vorschau deines Designs an<\/li>\n<\/ul>\n","protected":false},"featured_media":1426820,"template":"","meta":[],"product_brand":[],"product_cat":[105,11489,9735],"product_tag":[13041,17059,13043,13044,13042],"class_list":{"0":"post-1427043","1":"product","2":"type-product","3":"status-publish","4":"has-post-thumbnail","6":"product_cat-alle-produkte","7":"product_cat-berufsgeschenke","8":"product_cat-definition-de","9":"product_tag-geburtstagsgeschenke-fur-die-nanny","10":"product_tag-geschenke-fuer-babysitter","11":"product_tag-geschenke-fur-die-nanny","12":"product_tag-nanny-de","13":"product_tag-weihnachtsgeschenke-fur-die-nanny","15":"first","16":"instock","17":"sale","18":"taxable","19":"shipping-taxable","20":"purchasable","21":"product-type-variable"},"yoast_head":"<!-- This site is optimized with the Yoast SEO Premium plugin v27.2 (Yoast SEO v27.2) - https:\/\/yoast.com\/product\/yoast-seo-premium-wordpress\/ -->\n<title>Nanny Poster mit Definition - Positive Prints<\/title>\n<meta name=\"description\" content=\"Ein sch\u00f6nes Geschenk f\u00fcr deine Tagesmutter \u2013 ein s\u00fc\u00dfes Poster mit einer liebevollen Botschaft. Zeige ihr, wie viel sie euch bedeutet und zaubere mit dieser besonderen \u00dcberraschung ein L\u00e4cheln in ihr Gesicht.\" \/>\n<meta name=\"robots\" content=\"index, follow, max-snippet:-1, max-image-preview:large, max-video-preview:-1\" \/>\n<link rel=\"canonical\" href=\"https:\/\/positiveprints.com\/de\/produkt\/nanny-poster-mit-definition\/\" \/>\n<meta property=\"og:locale\" content=\"de_DE\" \/>\n<meta property=\"og:type\" content=\"article\" \/>\n<meta property=\"og:title\" content=\"Nanny Poster mit Definition\" \/>\n<meta property=\"og:description\" content=\"Erstelle deine pers\u00f6nliche Definition F\u00fcge ein ausgew\u00e4hltes Lieblingsfoto hinzu Dein Poster in 3 einfachen Schritten anpassbar Sehe dir bei jedem Schritt eine Vorschau deines Designs an\" \/>\n<meta property=\"og:url\" content=\"https:\/\/positiveprints.com\/de\/produkt\/nanny-poster-mit-definition\/\" \/>\n<meta property=\"og:site_name\" content=\"Positive Prints\" \/>\n<meta property=\"article:publisher\" content=\"https:\/\/www.facebook.com\/positiveprintscom\" \/>\n<meta property=\"article:modified_time\" content=\"2026-04-03T01:30:51+00:00\" \/>\n<meta property=\"og:image\" content=\"https:\/\/positiveprints.com\/wp-content\/uploads\/2025\/05\/Nanny-Poster-mit-Definition-1.webp\" \/>\n\t<meta property=\"og:image:width\" content=\"1450\" \/>\n\t<meta property=\"og:image:height\" content=\"1450\" \/>\n\t<meta property=\"og:image:type\" content=\"image\/webp\" \/>\n<meta name=\"twitter:card\" content=\"summary_large_image\" \/>\n<meta name=\"twitter:label1\" content=\"Gesch\u00e4tzte Lesezeit\" \/>\n\t<meta name=\"twitter:data1\" content=\"1\u00a0Minute\" \/>\n<!-- \/ Yoast SEO Premium plugin. -->","yoast_head_json":{"title":"Nanny Poster mit Definition - Positive Prints","description":"Ein sch\u00f6nes Geschenk f\u00fcr deine Tagesmutter \u2013 ein s\u00fc\u00dfes Poster mit einer liebevollen Botschaft. Zeige ihr, wie viel sie euch bedeutet und zaubere mit dieser besonderen \u00dcberraschung ein L\u00e4cheln in ihr Gesicht.","robots":{"index":"index","follow":"follow","max-snippet":"max-snippet:-1","max-image-preview":"max-image-preview:large","max-video-preview":"max-video-preview:-1"},"canonical":"https:\/\/positiveprints.com\/de\/produkt\/nanny-poster-mit-definition\/","og_locale":"de_DE","og_type":"article","og_title":"Nanny Poster mit Definition","og_description":"Erstelle deine pers\u00f6nliche Definition F\u00fcge ein ausgew\u00e4hltes Lieblingsfoto hinzu Dein Poster in 3 einfachen Schritten anpassbar Sehe dir bei jedem Schritt eine Vorschau deines Designs an","og_url":"https:\/\/positiveprints.com\/de\/produkt\/nanny-poster-mit-definition\/","og_site_name":"Positive Prints","article_publisher":"https:\/\/www.facebook.com\/positiveprintscom","article_modified_time":"2026-04-03T01:30:51+00:00","og_image":[{"width":1450,"height":1450,"url":"https:\/\/positiveprints.com\/wp-content\/uploads\/2025\/05\/Nanny-Poster-mit-Definition-1.webp","type":"image\/webp"}],"twitter_card":"summary_large_image","twitter_misc":{"Gesch\u00e4tzte Lesezeit":"1\u00a0Minute"},"schema":{"@context":"https:\/\/schema.org","@graph":[{"@type":["WebPage","ItemPage"],"@id":"https:\/\/positiveprints.com\/de\/produkt\/nanny-poster-mit-definition\/","url":"https:\/\/positiveprints.com\/de\/produkt\/nanny-poster-mit-definition\/","name":"Nanny Poster mit Definition - Positive Prints","isPartOf":{"@id":"https:\/\/positiveprints.com\/de\/#website"},"primaryImageOfPage":{"@id":"https:\/\/positiveprints.com\/de\/produkt\/nanny-poster-mit-definition\/#primaryimage"},"image":{"@id":"https:\/\/positiveprints.com\/de\/produkt\/nanny-poster-mit-definition\/#primaryimage"},"thumbnailUrl":"https:\/\/positiveprints.com\/wp-content\/uploads\/2025\/05\/Nanny-Poster-mit-Definition-1.webp","datePublished":"2025-05-21T11:52:12+00:00","dateModified":"2026-04-03T01:30:51+00:00","description":"Ein sch\u00f6nes Geschenk f\u00fcr deine Tagesmutter \u2013 ein s\u00fc\u00dfes Poster mit einer liebevollen Botschaft. Zeige ihr, wie viel sie euch bedeutet und zaubere mit dieser besonderen \u00dcberraschung ein L\u00e4cheln in ihr Gesicht.","breadcrumb":{"@id":"https:\/\/positiveprints.com\/de\/produkt\/nanny-poster-mit-definition\/#breadcrumb"},"inLanguage":"de","potentialAction":[{"@type":"ReadAction","target":["https:\/\/positiveprints.com\/de\/produkt\/nanny-poster-mit-definition\/"]}]},{"@type":"ImageObject","inLanguage":"de","@id":"https:\/\/positiveprints.com\/de\/produkt\/nanny-poster-mit-definition\/#primaryimage","url":"https:\/\/positiveprints.com\/wp-content\/uploads\/2025\/05\/Nanny-Poster-mit-Definition-1.webp","contentUrl":"https:\/\/positiveprints.com\/wp-content\/uploads\/2025\/05\/Nanny-Poster-mit-Definition-1.webp","width":1450,"height":1450},{"@type":"BreadcrumbList","@id":"https:\/\/positiveprints.com\/de\/produkt\/nanny-poster-mit-definition\/#breadcrumb","itemListElement":[{"@type":"ListItem","position":1,"name":"Startseite","item":"https:\/\/positiveprints.com\/de\/"},{"@type":"ListItem","position":2,"name":"Produkte","item":"https:\/\/positiveprints.com\/de\/shop\/"},{"@type":"ListItem","position":3,"name":"Nanny Poster mit Definition"}]},{"@type":"WebSite","@id":"https:\/\/positiveprints.com\/de\/#website","url":"https:\/\/positiveprints.com\/de\/","name":"Positive Prints","description":"Amazing Custom Personalized Gifts","publisher":{"@id":"https:\/\/positiveprints.com\/de\/#organization"},"potentialAction":[{"@type":"SearchAction","target":{"@type":"EntryPoint","urlTemplate":"https:\/\/positiveprints.com\/de\/?s={search_term_string}"},"query-input":{"@type":"PropertyValueSpecification","valueRequired":true,"valueName":"search_term_string"}}],"inLanguage":"de"},{"@type":"Organization","@id":"https:\/\/positiveprints.com\/de\/#organization","name":"Positive Prints","alternateName":"Positive Prints","url":"https:\/\/positiveprints.com\/de\/","logo":{"@type":"ImageObject","inLanguage":"de","@id":"https:\/\/positiveprints.com\/de\/#\/schema\/logo\/image\/","url":"https:\/\/positiveprints.com\/wp-content\/uploads\/2026\/03\/245815646_1337939713319158_5671353136411139666_n.png","contentUrl":"https:\/\/positiveprints.com\/wp-content\/uploads\/2026\/03\/245815646_1337939713319158_5671353136411139666_n.png","width":800,"height":800,"caption":"Positive Prints"},"image":{"@id":"https:\/\/positiveprints.com\/de\/#\/schema\/logo\/image\/"},"sameAs":["https:\/\/www.facebook.com\/positiveprintscom","https:\/\/www.instagram.com\/positiveprintscom\/","https:\/\/www.tiktok.com\/@positiveprintscom","https:\/\/www.pinterest.com\/positiveprintscom\/"]}]}},"jetpack_sharing_enabled":true,"_links":{"self":[{"href":"https:\/\/positiveprints.com\/de\/wp-json\/wp\/v2\/product\/1427043","targetHints":{"allow":["GET"]}}],"collection":[{"href":"https:\/\/positiveprints.com\/de\/wp-json\/wp\/v2\/product"}],"about":[{"href":"https:\/\/positiveprints.com\/de\/wp-json\/wp\/v2\/types\/product"}],"wp:featuredmedia":[{"embeddable":true,"href":"https:\/\/positiveprints.com\/de\/wp-json\/wp\/v2\/media\/1426820"}],"wp:attachment":[{"href":"https:\/\/positiveprints.com\/de\/wp-json\/wp\/v2\/media?parent=1427043"}],"wp:term":[{"taxonomy":"product_brand","embeddable":true,"href":"https:\/\/positiveprints.com\/de\/wp-json\/wp\/v2\/product_brand?post=1427043"},{"taxonomy":"product_cat","embeddable":true,"href":"https:\/\/positiveprints.com\/de\/wp-json\/wp\/v2\/product_cat?post=1427043"},{"taxonomy":"product_tag","embeddable":true,"href":"https:\/\/positiveprints.com\/de\/wp-json\/wp\/v2\/product_tag?post=1427043"}],"curies":[{"name":"wp","href":"https:\/\/api.w.org\/{rel}","templated":true}]}}