{"id":1419150,"date":"2025-05-15T17:18:41","date_gmt":"2025-05-15T15:18:41","guid":{"rendered":"https:\/\/positiveprints.com\/?post_type=product&#038;p=1419150"},"modified":"2026-04-28T13:28:11","modified_gmt":"2026-04-28T12:28:11","slug":"maedchen-portraet-personalisierte-stichzeichen-poster-aus-fotos","status":"publish","type":"product","link":"https:\/\/positiveprints.com\/de\/produkt\/maedchen-portraet-personalisierte-stichzeichen-poster-aus-fotos\/","title":{"rendered":"M\u00e4dchen-Portr\u00e4t &#8211; Personalisierte Stichzeichen-Poster aus Fotos"},"content":{"rendered":"","protected":false},"excerpt":{"rendered":"<ul class=\"check-list\">\n<li>Innerhalb von 2\u20133 Werktagen erstellt und dir zur Genehmigung zugesendet<\/li>\n<li>Dein Kunstwerk ist anpassbar in 3 einfachen Schritten<\/li>\n<li>W\u00e4hle eine Vorlage oder werde kreativ<\/li>\n<li>2 Revisionen auf deinen Wunsch m\u00f6glich<\/li>\n<\/ul>\n","protected":false},"featured_media":1419834,"template":"","meta":[],"product_brand":[],"product_cat":[105,7766,11358,9178,9761,5266],"product_tag":[17322,17196,16989,17007,16708,16905,17121,16629,16637,13314],"class_list":{"0":"post-1419150","1":"product","2":"type-product","3":"status-publish","4":"has-post-thumbnail","6":"product_cat-alle-produkte","7":"product_cat-geschenke-fur-deine-tochter","8":"product_cat-weihnachtsgeschenke-fur-die-kinder","9":"product_cat-line-art-de","10":"product_cat-trending-label-de","11":"product_cat-weihnachtsgeschenke","12":"product_tag-geburtstagsgeschenk-fur-tochter","13":"product_tag-geschenk-fuer-tochter","14":"product_tag-geschenk-vom-vater-an-tochter","15":"product_tag-geschenk-von-mutter-an-tochter","16":"product_tag-geschenke-fuer-maedchen","17":"product_tag-geschenke-fuer-teenagermaedchen","18":"product_tag-geschenke-fuer-tochter","19":"product_tag-geschenke-vom-vater-an-tochter","20":"product_tag-geschenke-von-mutter-an-tochter","21":"product_tag-weihnachtsgeschenk-fur-die-tochter","23":"first","24":"instock","25":"sale","26":"taxable","27":"shipping-taxable","28":"purchasable","29":"product-type-variable"},"yoast_head":"<!-- This site is optimized with the Yoast SEO Premium plugin v27.2 (Yoast SEO v27.2) - https:\/\/yoast.com\/product\/yoast-seo-premium-wordpress\/ -->\n<title>M\u00e4dchen-Portr\u00e4t - Personalisierte Stichzeichen-Poster aus Fotos - Positive Prints<\/title>\n<meta name=\"description\" content=\"Gestalte ein wundersch\u00f6nes M\u00e4dchenportr\u00e4t aus einem Foto. Diese schlichte, moderne Umrisszeichnung ist ein einzigartiges Geschenk oder eine stilvolle Wanddekoration.\" \/>\n<meta name=\"robots\" content=\"index, follow, max-snippet:-1, max-image-preview:large, max-video-preview:-1\" \/>\n<link rel=\"canonical\" href=\"https:\/\/positiveprints.com\/de\/produkt\/maedchen-portraet-personalisierte-stichzeichen-poster-aus-fotos\/\" \/>\n<meta property=\"og:locale\" content=\"de_DE\" \/>\n<meta property=\"og:type\" content=\"article\" \/>\n<meta property=\"og:title\" content=\"M\u00e4dchen-Portr\u00e4t - Personalisierte Stichzeichen-Poster aus Fotos\" \/>\n<meta property=\"og:description\" content=\"Innerhalb von 2\u20133 Werktagen erstellt und dir zur Genehmigung zugesendet  Dein Kunstwerk ist anpassbar in 3 einfachen Schritten  W\u00e4hle eine Vorlage oder werde kreativ  2 Revisionen auf deinen Wunsch m\u00f6glich\" \/>\n<meta property=\"og:url\" content=\"https:\/\/positiveprints.com\/de\/produkt\/maedchen-portraet-personalisierte-stichzeichen-poster-aus-fotos\/\" \/>\n<meta property=\"og:site_name\" content=\"Positive Prints\" \/>\n<meta property=\"article:publisher\" content=\"https:\/\/www.facebook.com\/positiveprintscom\" \/>\n<meta property=\"article:modified_time\" content=\"2026-04-28T12:28:11+00:00\" \/>\n<meta property=\"og:image\" content=\"https:\/\/positiveprints.com\/wp-content\/uploads\/2025\/05\/Packshot_DE_Madchen.webp\" \/>\n\t<meta property=\"og:image:width\" content=\"1450\" \/>\n\t<meta property=\"og:image:height\" content=\"1450\" \/>\n\t<meta property=\"og:image:type\" content=\"image\/webp\" \/>\n<meta name=\"twitter:card\" content=\"summary_large_image\" \/>\n<!-- \/ Yoast SEO Premium plugin. -->","yoast_head_json":{"title":"M\u00e4dchen-Portr\u00e4t - Personalisierte Stichzeichen-Poster aus Fotos - Positive Prints","description":"Gestalte ein wundersch\u00f6nes M\u00e4dchenportr\u00e4t aus einem Foto. Diese schlichte, moderne Umrisszeichnung ist ein einzigartiges Geschenk oder eine stilvolle Wanddekoration.","robots":{"index":"index","follow":"follow","max-snippet":"max-snippet:-1","max-image-preview":"max-image-preview:large","max-video-preview":"max-video-preview:-1"},"canonical":"https:\/\/positiveprints.com\/de\/produkt\/maedchen-portraet-personalisierte-stichzeichen-poster-aus-fotos\/","og_locale":"de_DE","og_type":"article","og_title":"M\u00e4dchen-Portr\u00e4t - Personalisierte Stichzeichen-Poster aus Fotos","og_description":"Innerhalb von 2\u20133 Werktagen erstellt und dir zur Genehmigung zugesendet  Dein Kunstwerk ist anpassbar in 3 einfachen Schritten  W\u00e4hle eine Vorlage oder werde kreativ  2 Revisionen auf deinen Wunsch m\u00f6glich","og_url":"https:\/\/positiveprints.com\/de\/produkt\/maedchen-portraet-personalisierte-stichzeichen-poster-aus-fotos\/","og_site_name":"Positive Prints","article_publisher":"https:\/\/www.facebook.com\/positiveprintscom","article_modified_time":"2026-04-28T12:28:11+00:00","og_image":[{"width":1450,"height":1450,"url":"https:\/\/positiveprints.com\/wp-content\/uploads\/2025\/05\/Packshot_DE_Madchen.webp","type":"image\/webp"}],"twitter_card":"summary_large_image","schema":{"@context":"https:\/\/schema.org","@graph":[{"@type":["WebPage","ItemPage"],"@id":"https:\/\/positiveprints.com\/de\/produkt\/maedchen-portraet-personalisierte-stichzeichen-poster-aus-fotos\/","url":"https:\/\/positiveprints.com\/de\/produkt\/maedchen-portraet-personalisierte-stichzeichen-poster-aus-fotos\/","name":"M\u00e4dchen-Portr\u00e4t - Personalisierte Stichzeichen-Poster aus Fotos - Positive Prints","isPartOf":{"@id":"https:\/\/positiveprints.com\/de\/#website"},"primaryImageOfPage":{"@id":"https:\/\/positiveprints.com\/de\/produkt\/maedchen-portraet-personalisierte-stichzeichen-poster-aus-fotos\/#primaryimage"},"image":{"@id":"https:\/\/positiveprints.com\/de\/produkt\/maedchen-portraet-personalisierte-stichzeichen-poster-aus-fotos\/#primaryimage"},"thumbnailUrl":"https:\/\/positiveprints.com\/wp-content\/uploads\/2025\/05\/Packshot_DE_Madchen.webp","datePublished":"2025-05-15T15:18:41+00:00","dateModified":"2026-04-28T12:28:11+00:00","description":"Gestalte ein wundersch\u00f6nes M\u00e4dchenportr\u00e4t aus einem Foto. Diese schlichte, moderne Umrisszeichnung ist ein einzigartiges Geschenk oder eine stilvolle Wanddekoration.","breadcrumb":{"@id":"https:\/\/positiveprints.com\/de\/produkt\/maedchen-portraet-personalisierte-stichzeichen-poster-aus-fotos\/#breadcrumb"},"inLanguage":"de","potentialAction":[{"@type":"ReadAction","target":["https:\/\/positiveprints.com\/de\/produkt\/maedchen-portraet-personalisierte-stichzeichen-poster-aus-fotos\/"]}]},{"@type":"ImageObject","inLanguage":"de","@id":"https:\/\/positiveprints.com\/de\/produkt\/maedchen-portraet-personalisierte-stichzeichen-poster-aus-fotos\/#primaryimage","url":"https:\/\/positiveprints.com\/wp-content\/uploads\/2025\/05\/Packshot_DE_Madchen.webp","contentUrl":"https:\/\/positiveprints.com\/wp-content\/uploads\/2025\/05\/Packshot_DE_Madchen.webp","width":1450,"height":1450,"caption":"Packshot_DE_M\u00e4dchen"},{"@type":"BreadcrumbList","@id":"https:\/\/positiveprints.com\/de\/produkt\/maedchen-portraet-personalisierte-stichzeichen-poster-aus-fotos\/#breadcrumb","itemListElement":[{"@type":"ListItem","position":1,"name":"Startseite","item":"https:\/\/positiveprints.com\/de\/"},{"@type":"ListItem","position":2,"name":"Produkte","item":"https:\/\/positiveprints.com\/de\/shop\/"},{"@type":"ListItem","position":3,"name":"M\u00e4dchen-Portr\u00e4t &#8211; Personalisierte Stichzeichen-Poster aus Fotos"}]},{"@type":"WebSite","@id":"https:\/\/positiveprints.com\/de\/#website","url":"https:\/\/positiveprints.com\/de\/","name":"Positive Prints","description":"Amazing Custom Personalized Gifts","publisher":{"@id":"https:\/\/positiveprints.com\/de\/#organization"},"potentialAction":[{"@type":"SearchAction","target":{"@type":"EntryPoint","urlTemplate":"https:\/\/positiveprints.com\/de\/?s={search_term_string}"},"query-input":{"@type":"PropertyValueSpecification","valueRequired":true,"valueName":"search_term_string"}}],"inLanguage":"de"},{"@type":"Organization","@id":"https:\/\/positiveprints.com\/de\/#organization","name":"Positive Prints","alternateName":"Positive Prints","url":"https:\/\/positiveprints.com\/de\/","logo":{"@type":"ImageObject","inLanguage":"de","@id":"https:\/\/positiveprints.com\/de\/#\/schema\/logo\/image\/","url":"https:\/\/positiveprints.com\/wp-content\/uploads\/2026\/03\/245815646_1337939713319158_5671353136411139666_n.png","contentUrl":"https:\/\/positiveprints.com\/wp-content\/uploads\/2026\/03\/245815646_1337939713319158_5671353136411139666_n.png","width":800,"height":800,"caption":"Positive Prints"},"image":{"@id":"https:\/\/positiveprints.com\/de\/#\/schema\/logo\/image\/"},"sameAs":["https:\/\/www.facebook.com\/positiveprintscom","https:\/\/www.instagram.com\/positiveprintscom\/","https:\/\/www.tiktok.com\/@positiveprintscom","https:\/\/www.pinterest.com\/positiveprintscom\/"]}]}},"jetpack_sharing_enabled":true,"_links":{"self":[{"href":"https:\/\/positiveprints.com\/de\/wp-json\/wp\/v2\/product\/1419150","targetHints":{"allow":["GET"]}}],"collection":[{"href":"https:\/\/positiveprints.com\/de\/wp-json\/wp\/v2\/product"}],"about":[{"href":"https:\/\/positiveprints.com\/de\/wp-json\/wp\/v2\/types\/product"}],"wp:featuredmedia":[{"embeddable":true,"href":"https:\/\/positiveprints.com\/de\/wp-json\/wp\/v2\/media\/1419834"}],"wp:attachment":[{"href":"https:\/\/positiveprints.com\/de\/wp-json\/wp\/v2\/media?parent=1419150"}],"wp:term":[{"taxonomy":"product_brand","embeddable":true,"href":"https:\/\/positiveprints.com\/de\/wp-json\/wp\/v2\/product_brand?post=1419150"},{"taxonomy":"product_cat","embeddable":true,"href":"https:\/\/positiveprints.com\/de\/wp-json\/wp\/v2\/product_cat?post=1419150"},{"taxonomy":"product_tag","embeddable":true,"href":"https:\/\/positiveprints.com\/de\/wp-json\/wp\/v2\/product_tag?post=1419150"}],"curies":[{"name":"wp","href":"https:\/\/api.w.org\/{rel}","templated":true}]}}