{"id":1355687,"date":"2025-02-19T14:25:13","date_gmt":"2025-02-19T13:25:14","guid":{"rendered":"https:\/\/positiveprints.com\/?post_type=product&#038;p=1355687"},"modified":"2026-04-03T02:33:47","modified_gmt":"2026-04-03T01:33:47","slug":"bonusmama-fotocollage","status":"publish","type":"product","link":"https:\/\/positiveprints.com\/de\/produkt\/bonusmama-fotocollage\/","title":{"rendered":"Bonusmama Fotocollage"},"content":{"rendered":"","protected":false},"excerpt":{"rendered":"<ul class=\"check-list\">\n<li>Verwandle eure sch\u00f6nsten Erinnerungen mit Stiefmutter in eine einzigartige Fotocollage<\/li>\n<li>F\u00fcge einen aussagekr\u00e4ftigen pers\u00f6nlichen Text hinzu<\/li>\n<li>In 3 einfachen Schritten anpassbar<\/li>\n<li>W\u00e4hle ein vordefiniertes Layout oder werde kreativ<\/li>\n<li>Sieh das Ergebnis sofort \u2013 die interaktive Vorschau erm\u00f6glicht dir, jedes Detail direkt anzupassen<\/li>\n<\/ul>\n","protected":false},"featured_media":1358048,"template":"","meta":[],"product_brand":[],"product_cat":[105,7498],"product_tag":[12551,12550,15905,15906,8405,12552,16392],"class_list":{"0":"post-1355687","1":"product","2":"type-product","3":"status-publish","4":"has-post-thumbnail","6":"product_cat-alle-produkte","7":"product_cat-foto-de","8":"product_tag-mama-de-2","9":"product_tag-mama-de","10":"product_tag-mommy-de","11":"product_tag-mother-de-2","12":"product_tag-mother-de","13":"product_tag-muttertag","14":"product_tag-stiefvater-de-2","16":"first","17":"instock","18":"sale","19":"taxable","20":"shipping-taxable","21":"purchasable","22":"product-type-variable"},"yoast_head":"<!-- This site is optimized with the Yoast SEO Premium plugin v27.2 (Yoast SEO v27.2) - https:\/\/yoast.com\/product\/yoast-seo-premium-wordpress\/ -->\n<title>Bonusmama Fotocollage - Positive Prints<\/title>\n<meta name=\"description\" content=\"Erstelle eine Bonusmama Fotocollage, um wundersch\u00f6ne Momente mit deiner Stiefmutter zu feiern. Perfekt, um gemeinsame Erinnerungen festzuhalten oder als liebevolles Geschenk, das ihr ein L\u00e4cheln ins Gesicht zaubert.\" \/>\n<meta name=\"robots\" content=\"index, follow, max-snippet:-1, max-image-preview:large, max-video-preview:-1\" \/>\n<link rel=\"canonical\" href=\"https:\/\/positiveprints.com\/de\/produkt\/bonusmama-fotocollage\/\" \/>\n<meta property=\"og:locale\" content=\"de_DE\" \/>\n<meta property=\"og:type\" content=\"article\" \/>\n<meta property=\"og:title\" content=\"Bonusmama Fotocollage\" \/>\n<meta property=\"og:description\" content=\"Verwandle eure sch\u00f6nsten Erinnerungen mit Stiefmutter in eine einzigartige Fotocollage  F\u00fcge einen aussagekr\u00e4ftigen pers\u00f6nlichen Text hinzu  In 3 einfachen Schritten anpassbar  W\u00e4hle ein vordefiniertes Layout oder werde kreativ  Sieh das Ergebnis sofort \u2013 die interaktive Vorschau erm\u00f6glicht dir, jedes Detail direkt anzupassen\" \/>\n<meta property=\"og:url\" content=\"https:\/\/positiveprints.com\/de\/produkt\/bonusmama-fotocollage\/\" \/>\n<meta property=\"og:site_name\" content=\"Positive Prints\" \/>\n<meta property=\"article:publisher\" content=\"https:\/\/www.facebook.com\/positiveprintscom\" \/>\n<meta property=\"article:modified_time\" content=\"2026-04-03T01:33:47+00:00\" \/>\n<meta property=\"og:image\" content=\"https:\/\/positiveprints.com\/wp-content\/uploads\/2025\/02\/Bonusmama-Fotocollage.webp\" \/>\n\t<meta property=\"og:image:width\" content=\"1450\" \/>\n\t<meta property=\"og:image:height\" content=\"1450\" \/>\n\t<meta property=\"og:image:type\" content=\"image\/webp\" \/>\n<meta name=\"twitter:card\" content=\"summary_large_image\" \/>\n<meta name=\"twitter:label1\" content=\"Gesch\u00e4tzte Lesezeit\" \/>\n\t<meta name=\"twitter:data1\" content=\"1\u00a0Minute\" \/>\n<!-- \/ Yoast SEO Premium plugin. -->","yoast_head_json":{"title":"Bonusmama Fotocollage - Positive Prints","description":"Erstelle eine Bonusmama Fotocollage, um wundersch\u00f6ne Momente mit deiner Stiefmutter zu feiern. Perfekt, um gemeinsame Erinnerungen festzuhalten oder als liebevolles Geschenk, das ihr ein L\u00e4cheln ins Gesicht zaubert.","robots":{"index":"index","follow":"follow","max-snippet":"max-snippet:-1","max-image-preview":"max-image-preview:large","max-video-preview":"max-video-preview:-1"},"canonical":"https:\/\/positiveprints.com\/de\/produkt\/bonusmama-fotocollage\/","og_locale":"de_DE","og_type":"article","og_title":"Bonusmama Fotocollage","og_description":"Verwandle eure sch\u00f6nsten Erinnerungen mit Stiefmutter in eine einzigartige Fotocollage  F\u00fcge einen aussagekr\u00e4ftigen pers\u00f6nlichen Text hinzu  In 3 einfachen Schritten anpassbar  W\u00e4hle ein vordefiniertes Layout oder werde kreativ  Sieh das Ergebnis sofort \u2013 die interaktive Vorschau erm\u00f6glicht dir, jedes Detail direkt anzupassen","og_url":"https:\/\/positiveprints.com\/de\/produkt\/bonusmama-fotocollage\/","og_site_name":"Positive Prints","article_publisher":"https:\/\/www.facebook.com\/positiveprintscom","article_modified_time":"2026-04-03T01:33:47+00:00","og_image":[{"width":1450,"height":1450,"url":"https:\/\/positiveprints.com\/wp-content\/uploads\/2025\/02\/Bonusmama-Fotocollage.webp","type":"image\/webp"}],"twitter_card":"summary_large_image","twitter_misc":{"Gesch\u00e4tzte Lesezeit":"1\u00a0Minute"},"schema":{"@context":"https:\/\/schema.org","@graph":[{"@type":["WebPage","ItemPage"],"@id":"https:\/\/positiveprints.com\/de\/produkt\/bonusmama-fotocollage\/","url":"https:\/\/positiveprints.com\/de\/produkt\/bonusmama-fotocollage\/","name":"Bonusmama Fotocollage - Positive Prints","isPartOf":{"@id":"https:\/\/positiveprints.com\/de\/#website"},"primaryImageOfPage":{"@id":"https:\/\/positiveprints.com\/de\/produkt\/bonusmama-fotocollage\/#primaryimage"},"image":{"@id":"https:\/\/positiveprints.com\/de\/produkt\/bonusmama-fotocollage\/#primaryimage"},"thumbnailUrl":"https:\/\/positiveprints.com\/wp-content\/uploads\/2025\/02\/Bonusmama-Fotocollage.webp","datePublished":"2025-02-19T13:25:14+00:00","dateModified":"2026-04-03T01:33:47+00:00","description":"Erstelle eine Bonusmama Fotocollage, um wundersch\u00f6ne Momente mit deiner Stiefmutter zu feiern. Perfekt, um gemeinsame Erinnerungen festzuhalten oder als liebevolles Geschenk, das ihr ein L\u00e4cheln ins Gesicht zaubert.","breadcrumb":{"@id":"https:\/\/positiveprints.com\/de\/produkt\/bonusmama-fotocollage\/#breadcrumb"},"inLanguage":"de","potentialAction":[{"@type":"ReadAction","target":["https:\/\/positiveprints.com\/de\/produkt\/bonusmama-fotocollage\/"]}]},{"@type":"ImageObject","inLanguage":"de","@id":"https:\/\/positiveprints.com\/de\/produkt\/bonusmama-fotocollage\/#primaryimage","url":"https:\/\/positiveprints.com\/wp-content\/uploads\/2025\/02\/Bonusmama-Fotocollage.webp","contentUrl":"https:\/\/positiveprints.com\/wp-content\/uploads\/2025\/02\/Bonusmama-Fotocollage.webp","width":1450,"height":1450,"caption":"Bonusmama Fotocollage"},{"@type":"BreadcrumbList","@id":"https:\/\/positiveprints.com\/de\/produkt\/bonusmama-fotocollage\/#breadcrumb","itemListElement":[{"@type":"ListItem","position":1,"name":"Startseite","item":"https:\/\/positiveprints.com\/de\/"},{"@type":"ListItem","position":2,"name":"Produkte","item":"https:\/\/positiveprints.com\/de\/shop\/"},{"@type":"ListItem","position":3,"name":"Bonusmama Fotocollage"}]},{"@type":"WebSite","@id":"https:\/\/positiveprints.com\/de\/#website","url":"https:\/\/positiveprints.com\/de\/","name":"Positive Prints","description":"Amazing Custom Personalized Gifts","publisher":{"@id":"https:\/\/positiveprints.com\/de\/#organization"},"potentialAction":[{"@type":"SearchAction","target":{"@type":"EntryPoint","urlTemplate":"https:\/\/positiveprints.com\/de\/?s={search_term_string}"},"query-input":{"@type":"PropertyValueSpecification","valueRequired":true,"valueName":"search_term_string"}}],"inLanguage":"de"},{"@type":"Organization","@id":"https:\/\/positiveprints.com\/de\/#organization","name":"Positive Prints","alternateName":"Positive Prints","url":"https:\/\/positiveprints.com\/de\/","logo":{"@type":"ImageObject","inLanguage":"de","@id":"https:\/\/positiveprints.com\/de\/#\/schema\/logo\/image\/","url":"https:\/\/positiveprints.com\/wp-content\/uploads\/2026\/03\/245815646_1337939713319158_5671353136411139666_n.png","contentUrl":"https:\/\/positiveprints.com\/wp-content\/uploads\/2026\/03\/245815646_1337939713319158_5671353136411139666_n.png","width":800,"height":800,"caption":"Positive Prints"},"image":{"@id":"https:\/\/positiveprints.com\/de\/#\/schema\/logo\/image\/"},"sameAs":["https:\/\/www.facebook.com\/positiveprintscom","https:\/\/www.instagram.com\/positiveprintscom\/","https:\/\/www.tiktok.com\/@positiveprintscom","https:\/\/www.pinterest.com\/positiveprintscom\/"]}]}},"jetpack_sharing_enabled":true,"_links":{"self":[{"href":"https:\/\/positiveprints.com\/de\/wp-json\/wp\/v2\/product\/1355687","targetHints":{"allow":["GET"]}}],"collection":[{"href":"https:\/\/positiveprints.com\/de\/wp-json\/wp\/v2\/product"}],"about":[{"href":"https:\/\/positiveprints.com\/de\/wp-json\/wp\/v2\/types\/product"}],"wp:featuredmedia":[{"embeddable":true,"href":"https:\/\/positiveprints.com\/de\/wp-json\/wp\/v2\/media\/1358048"}],"wp:attachment":[{"href":"https:\/\/positiveprints.com\/de\/wp-json\/wp\/v2\/media?parent=1355687"}],"wp:term":[{"taxonomy":"product_brand","embeddable":true,"href":"https:\/\/positiveprints.com\/de\/wp-json\/wp\/v2\/product_brand?post=1355687"},{"taxonomy":"product_cat","embeddable":true,"href":"https:\/\/positiveprints.com\/de\/wp-json\/wp\/v2\/product_cat?post=1355687"},{"taxonomy":"product_tag","embeddable":true,"href":"https:\/\/positiveprints.com\/de\/wp-json\/wp\/v2\/product_tag?post=1355687"}],"curies":[{"name":"wp","href":"https:\/\/api.w.org\/{rel}","templated":true}]}}