{"id":1312077,"date":"2025-01-11T21:37:31","date_gmt":"2025-01-11T20:37:31","guid":{"rendered":"https:\/\/positiveprints.com\/product\/mr-and-mrs-photo-collage\/"},"modified":"2026-04-03T02:35:03","modified_gmt":"2026-04-03T01:35:03","slug":"mr-mrs-fotocollage","status":"publish","type":"product","link":"https:\/\/positiveprints.com\/de\/produkt\/mr-mrs-fotocollage\/","title":{"rendered":"Mr &#038; Mrs Fotocollage"},"content":{"rendered":"","protected":false},"excerpt":{"rendered":"<ul class=\"check-list\">\n<li>Mache  aus euren liebsten Paarfotos ein besonderes Andenken, das eure Liebe und die gemeinsamen Momente feiert<\/li>\n<li>F\u00fcge einen aussagekr\u00e4ftigen pers\u00f6nlichen Text hinzu<\/li>\n<li>In 3 einfachen Schritten anpassbar<\/li>\n<li>W\u00e4hle ein vordefiniertes Layout oder werde kreativ<\/li>\n<li>Sieh das Ergebnis sofort \u2013 die interaktive Vorschau erm\u00f6glicht dir, jedes Detail direkt anzupassen<\/li>\n<\/ul>\n","protected":false},"featured_media":1312174,"template":"","meta":[],"product_brand":[],"product_cat":[105,7498,391],"product_tag":[8478],"class_list":{"0":"post-1312077","1":"product","2":"type-product","3":"status-publish","4":"has-post-thumbnail","6":"product_cat-alle-produkte","7":"product_cat-foto-de","8":"product_cat-hochzeitsgeschenke","9":"product_tag-wedding-de","11":"first","12":"instock","13":"sale","14":"taxable","15":"shipping-taxable","16":"purchasable","17":"product-type-variable"},"yoast_head":"<!-- This site is optimized with the Yoast SEO Premium plugin v27.2 (Yoast SEO v27.2) - https:\/\/yoast.com\/product\/yoast-seo-premium-wordpress\/ -->\n<title>Mr &amp; Mrs Fotocollage - Positive Prints<\/title>\n<meta name=\"description\" content=\"Feiert die Liebe mit der Mr &amp; Mrs Foto-Collage! Ein beeindruckendes Hochzeitsgeschenk mit eurem Foto und einem stilvollen Mr &amp; Mrs-Text-Overlay.\" \/>\n<meta name=\"robots\" content=\"index, follow, max-snippet:-1, max-image-preview:large, max-video-preview:-1\" \/>\n<link rel=\"canonical\" href=\"https:\/\/positiveprints.com\/de\/produkt\/mr-mrs-fotocollage\/\" \/>\n<meta property=\"og:locale\" content=\"de_DE\" \/>\n<meta property=\"og:type\" content=\"article\" \/>\n<meta property=\"og:title\" content=\"Mr &amp; Mrs Fotocollage\" \/>\n<meta property=\"og:description\" content=\"Mache aus euren liebsten Paarfotos ein besonderes Andenken, das eure Liebe und die gemeinsamen Momente feiert F\u00fcge einen aussagekr\u00e4ftigen pers\u00f6nlichen Text hinzu In 3 einfachen Schritten anpassbar W\u00e4hle ein vordefiniertes Layout oder werde kreativ Sieh das Ergebnis sofort \u2013 die interaktive Vorschau erm\u00f6glicht dir, jedes Detail direkt anzupassen\" \/>\n<meta property=\"og:url\" content=\"https:\/\/positiveprints.com\/de\/produkt\/mr-mrs-fotocollage\/\" \/>\n<meta property=\"og:site_name\" content=\"Positive Prints\" \/>\n<meta property=\"article:publisher\" content=\"https:\/\/www.facebook.com\/positiveprintscom\" \/>\n<meta property=\"article:modified_time\" content=\"2026-04-03T01:35:03+00:00\" \/>\n<meta property=\"og:image\" content=\"https:\/\/positiveprints.com\/wp-content\/uploads\/2025\/01\/Mr-Mrs-Fotocollage.webp\" \/>\n\t<meta property=\"og:image:width\" content=\"1450\" \/>\n\t<meta property=\"og:image:height\" content=\"1450\" \/>\n\t<meta property=\"og:image:type\" content=\"image\/webp\" \/>\n<meta name=\"twitter:card\" content=\"summary_large_image\" \/>\n<meta name=\"twitter:label1\" content=\"Gesch\u00e4tzte Lesezeit\" \/>\n\t<meta name=\"twitter:data1\" content=\"1\u00a0Minute\" \/>\n<!-- \/ Yoast SEO Premium plugin. -->","yoast_head_json":{"title":"Mr & Mrs Fotocollage - Positive Prints","description":"Feiert die Liebe mit der Mr & Mrs Foto-Collage! Ein beeindruckendes Hochzeitsgeschenk mit eurem Foto und einem stilvollen Mr & Mrs-Text-Overlay.","robots":{"index":"index","follow":"follow","max-snippet":"max-snippet:-1","max-image-preview":"max-image-preview:large","max-video-preview":"max-video-preview:-1"},"canonical":"https:\/\/positiveprints.com\/de\/produkt\/mr-mrs-fotocollage\/","og_locale":"de_DE","og_type":"article","og_title":"Mr & Mrs Fotocollage","og_description":"Mache aus euren liebsten Paarfotos ein besonderes Andenken, das eure Liebe und die gemeinsamen Momente feiert F\u00fcge einen aussagekr\u00e4ftigen pers\u00f6nlichen Text hinzu In 3 einfachen Schritten anpassbar W\u00e4hle ein vordefiniertes Layout oder werde kreativ Sieh das Ergebnis sofort \u2013 die interaktive Vorschau erm\u00f6glicht dir, jedes Detail direkt anzupassen","og_url":"https:\/\/positiveprints.com\/de\/produkt\/mr-mrs-fotocollage\/","og_site_name":"Positive Prints","article_publisher":"https:\/\/www.facebook.com\/positiveprintscom","article_modified_time":"2026-04-03T01:35:03+00:00","og_image":[{"width":1450,"height":1450,"url":"https:\/\/positiveprints.com\/wp-content\/uploads\/2025\/01\/Mr-Mrs-Fotocollage.webp","type":"image\/webp"}],"twitter_card":"summary_large_image","twitter_misc":{"Gesch\u00e4tzte Lesezeit":"1\u00a0Minute"},"schema":{"@context":"https:\/\/schema.org","@graph":[{"@type":["WebPage","ItemPage"],"@id":"https:\/\/positiveprints.com\/de\/produkt\/mr-mrs-fotocollage\/","url":"https:\/\/positiveprints.com\/de\/produkt\/mr-mrs-fotocollage\/","name":"Mr & Mrs Fotocollage - Positive Prints","isPartOf":{"@id":"https:\/\/positiveprints.com\/de\/#website"},"primaryImageOfPage":{"@id":"https:\/\/positiveprints.com\/de\/produkt\/mr-mrs-fotocollage\/#primaryimage"},"image":{"@id":"https:\/\/positiveprints.com\/de\/produkt\/mr-mrs-fotocollage\/#primaryimage"},"thumbnailUrl":"https:\/\/positiveprints.com\/wp-content\/uploads\/2025\/01\/Mr-Mrs-Fotocollage.webp","datePublished":"2025-01-11T20:37:31+00:00","dateModified":"2026-04-03T01:35:03+00:00","description":"Feiert die Liebe mit der Mr & Mrs Foto-Collage! Ein beeindruckendes Hochzeitsgeschenk mit eurem Foto und einem stilvollen Mr & Mrs-Text-Overlay.","breadcrumb":{"@id":"https:\/\/positiveprints.com\/de\/produkt\/mr-mrs-fotocollage\/#breadcrumb"},"inLanguage":"de","potentialAction":[{"@type":"ReadAction","target":["https:\/\/positiveprints.com\/de\/produkt\/mr-mrs-fotocollage\/"]}]},{"@type":"ImageObject","inLanguage":"de","@id":"https:\/\/positiveprints.com\/de\/produkt\/mr-mrs-fotocollage\/#primaryimage","url":"https:\/\/positiveprints.com\/wp-content\/uploads\/2025\/01\/Mr-Mrs-Fotocollage.webp","contentUrl":"https:\/\/positiveprints.com\/wp-content\/uploads\/2025\/01\/Mr-Mrs-Fotocollage.webp","width":1450,"height":1450,"caption":"Mr & Mrs Fotocollage"},{"@type":"BreadcrumbList","@id":"https:\/\/positiveprints.com\/de\/produkt\/mr-mrs-fotocollage\/#breadcrumb","itemListElement":[{"@type":"ListItem","position":1,"name":"Startseite","item":"https:\/\/positiveprints.com\/de\/"},{"@type":"ListItem","position":2,"name":"Produkte","item":"https:\/\/positiveprints.com\/de\/shop\/"},{"@type":"ListItem","position":3,"name":"Mr &#038; Mrs Fotocollage"}]},{"@type":"WebSite","@id":"https:\/\/positiveprints.com\/de\/#website","url":"https:\/\/positiveprints.com\/de\/","name":"Positive Prints","description":"Amazing Custom Personalized Gifts","publisher":{"@id":"https:\/\/positiveprints.com\/de\/#organization"},"potentialAction":[{"@type":"SearchAction","target":{"@type":"EntryPoint","urlTemplate":"https:\/\/positiveprints.com\/de\/?s={search_term_string}"},"query-input":{"@type":"PropertyValueSpecification","valueRequired":true,"valueName":"search_term_string"}}],"inLanguage":"de"},{"@type":"Organization","@id":"https:\/\/positiveprints.com\/de\/#organization","name":"Positive Prints","alternateName":"Positive Prints","url":"https:\/\/positiveprints.com\/de\/","logo":{"@type":"ImageObject","inLanguage":"de","@id":"https:\/\/positiveprints.com\/de\/#\/schema\/logo\/image\/","url":"https:\/\/positiveprints.com\/wp-content\/uploads\/2026\/03\/245815646_1337939713319158_5671353136411139666_n.png","contentUrl":"https:\/\/positiveprints.com\/wp-content\/uploads\/2026\/03\/245815646_1337939713319158_5671353136411139666_n.png","width":800,"height":800,"caption":"Positive Prints"},"image":{"@id":"https:\/\/positiveprints.com\/de\/#\/schema\/logo\/image\/"},"sameAs":["https:\/\/www.facebook.com\/positiveprintscom","https:\/\/www.instagram.com\/positiveprintscom\/","https:\/\/www.tiktok.com\/@positiveprintscom","https:\/\/www.pinterest.com\/positiveprintscom\/"]}]}},"jetpack_sharing_enabled":true,"_links":{"self":[{"href":"https:\/\/positiveprints.com\/de\/wp-json\/wp\/v2\/product\/1312077","targetHints":{"allow":["GET"]}}],"collection":[{"href":"https:\/\/positiveprints.com\/de\/wp-json\/wp\/v2\/product"}],"about":[{"href":"https:\/\/positiveprints.com\/de\/wp-json\/wp\/v2\/types\/product"}],"wp:featuredmedia":[{"embeddable":true,"href":"https:\/\/positiveprints.com\/de\/wp-json\/wp\/v2\/media\/1312174"}],"wp:attachment":[{"href":"https:\/\/positiveprints.com\/de\/wp-json\/wp\/v2\/media?parent=1312077"}],"wp:term":[{"taxonomy":"product_brand","embeddable":true,"href":"https:\/\/positiveprints.com\/de\/wp-json\/wp\/v2\/product_brand?post=1312077"},{"taxonomy":"product_cat","embeddable":true,"href":"https:\/\/positiveprints.com\/de\/wp-json\/wp\/v2\/product_cat?post=1312077"},{"taxonomy":"product_tag","embeddable":true,"href":"https:\/\/positiveprints.com\/de\/wp-json\/wp\/v2\/product_tag?post=1312077"}],"curies":[{"name":"wp","href":"https:\/\/api.w.org\/{rel}","templated":true}]}}