{"id":1291565,"date":"2024-12-01T21:00:37","date_gmt":"2024-12-01T20:00:37","guid":{"rendered":"https:\/\/positiveprints.com\/product\/songtext-poster-fuer-teenager\/"},"modified":"2026-04-03T02:35:57","modified_gmt":"2026-04-03T01:35:57","slug":"songtext-poster-teenager","status":"publish","type":"product","link":"https:\/\/positiveprints.com\/de\/produkt\/songtext-poster-teenager\/","title":{"rendered":"Vinyl Schallplatten Poster mit Songtext f\u00fcr Teenager"},"content":{"rendered":"","protected":false},"excerpt":{"rendered":"<ul class=\"check-list\">\n<li>Personalisiere dein Kunstwerk \u2013 w\u00e4hle einfach einen Song aus und wir arrangieren den Songtext k\u00fcnstlerisch auf dem Design<\/li>\n<li>Bearbeite dein Design in nur 2 Minuten<\/li>\n<li>F\u00fcge einen bedeutungsvollen und pers\u00f6nlichen Text hinzu<\/li>\n<li>Sieh das Ergebnis sofort \u2013 die interaktive Vorschau erm\u00f6glicht dir, jedes Detail direkt anzupassen<\/li>\n<\/ul>\n","protected":false},"featured_media":1292068,"template":"","meta":[],"product_brand":[],"product_cat":[9275,12176,9761,105,5266,11358],"product_tag":[12564,12079,12050,12053,12562,12563,15943],"class_list":{"0":"post-1291565","1":"product","2":"type-product","3":"status-publish","4":"has-post-thumbnail","6":"product_cat-bestsellers-label-de","7":"product_cat-lyrics-de","8":"product_cat-trending-label-de","9":"product_cat-alle-produkte","10":"product_cat-weihnachtsgeschenke","11":"product_cat-weihnachtsgeschenke-fur-die-kinder","12":"product_tag-geschenk-fur-teenager","13":"product_tag-lied","14":"product_tag-liedtext","15":"product_tag-liedtexte","16":"product_tag-teenager","17":"product_tag-teenager-de","18":"product_tag-weihnachtsgeschenk-fur-kinder","20":"first","21":"instock","22":"sale","23":"taxable","24":"shipping-taxable","25":"purchasable","26":"product-type-variable"},"yoast_head":"<!-- This site is optimized with the Yoast SEO Premium plugin v27.2 (Yoast SEO v27.2) - https:\/\/yoast.com\/product\/yoast-seo-premium-wordpress\/ -->\n<title>Vinyl Schallplatten Poster mit Songtext f\u00fcr Teenager - Positive Prints<\/title>\n<meta name=\"description\" content=\"Erfassen Sie den Lieblingssong Ihres Teenagers mit einem individuellen Songtext-Druck. Perfekt f\u00fcr jeden besonderen Anlass. Bestellen Sie noch heute Ihren Songtext Poster f\u00fcr Teenager!\" \/>\n<meta name=\"robots\" content=\"index, follow, max-snippet:-1, max-image-preview:large, max-video-preview:-1\" \/>\n<link rel=\"canonical\" href=\"https:\/\/positiveprints.com\/de\/produkt\/songtext-poster-teenager\/\" \/>\n<meta property=\"og:locale\" content=\"de_DE\" \/>\n<meta property=\"og:type\" content=\"article\" \/>\n<meta property=\"og:title\" content=\"Vinyl Schallplatten Poster mit Songtext f\u00fcr Teenager\" \/>\n<meta property=\"og:description\" content=\"Personalisiere dein Kunstwerk \u2013 w\u00e4hle einfach einen Song aus und wir arrangieren den Songtext k\u00fcnstlerisch auf dem Design  Bearbeite dein Design in nur 2 Minuten  F\u00fcge einen bedeutungsvollen und pers\u00f6nlichen Text hinzu  Sieh das Ergebnis sofort \u2013 die interaktive Vorschau erm\u00f6glicht dir, jedes Detail direkt anzupassen\" \/>\n<meta property=\"og:url\" content=\"https:\/\/positiveprints.com\/de\/produkt\/songtext-poster-teenager\/\" \/>\n<meta property=\"og:site_name\" content=\"Positive Prints\" \/>\n<meta property=\"article:publisher\" content=\"https:\/\/www.facebook.com\/positiveprintscom\" \/>\n<meta property=\"article:modified_time\" content=\"2026-04-03T01:35:57+00:00\" \/>\n<meta property=\"og:image\" content=\"https:\/\/positiveprints.com\/wp-content\/uploads\/2024\/12\/Songtext-Poster-fu\u0308r-Teenager.webp\" \/>\n\t<meta property=\"og:image:width\" content=\"1450\" \/>\n\t<meta property=\"og:image:height\" content=\"1450\" \/>\n\t<meta property=\"og:image:type\" content=\"image\/webp\" \/>\n<meta name=\"twitter:card\" content=\"summary_large_image\" \/>\n<meta name=\"twitter:label1\" content=\"Gesch\u00e4tzte Lesezeit\" \/>\n\t<meta name=\"twitter:data1\" content=\"1\u00a0Minute\" \/>\n<!-- \/ Yoast SEO Premium plugin. -->","yoast_head_json":{"title":"Vinyl Schallplatten Poster mit Songtext f\u00fcr Teenager - Positive Prints","description":"Erfassen Sie den Lieblingssong Ihres Teenagers mit einem individuellen Songtext-Druck. Perfekt f\u00fcr jeden besonderen Anlass. Bestellen Sie noch heute Ihren Songtext Poster f\u00fcr Teenager!","robots":{"index":"index","follow":"follow","max-snippet":"max-snippet:-1","max-image-preview":"max-image-preview:large","max-video-preview":"max-video-preview:-1"},"canonical":"https:\/\/positiveprints.com\/de\/produkt\/songtext-poster-teenager\/","og_locale":"de_DE","og_type":"article","og_title":"Vinyl Schallplatten Poster mit Songtext f\u00fcr Teenager","og_description":"Personalisiere dein Kunstwerk \u2013 w\u00e4hle einfach einen Song aus und wir arrangieren den Songtext k\u00fcnstlerisch auf dem Design  Bearbeite dein Design in nur 2 Minuten  F\u00fcge einen bedeutungsvollen und pers\u00f6nlichen Text hinzu  Sieh das Ergebnis sofort \u2013 die interaktive Vorschau erm\u00f6glicht dir, jedes Detail direkt anzupassen","og_url":"https:\/\/positiveprints.com\/de\/produkt\/songtext-poster-teenager\/","og_site_name":"Positive Prints","article_publisher":"https:\/\/www.facebook.com\/positiveprintscom","article_modified_time":"2026-04-03T01:35:57+00:00","og_image":[{"width":1450,"height":1450,"url":"https:\/\/positiveprints.com\/wp-content\/uploads\/2024\/12\/Songtext-Poster-fu\u0308r-Teenager.webp","type":"image\/webp"}],"twitter_card":"summary_large_image","twitter_misc":{"Gesch\u00e4tzte Lesezeit":"1\u00a0Minute"},"schema":{"@context":"https:\/\/schema.org","@graph":[{"@type":["WebPage","ItemPage"],"@id":"https:\/\/positiveprints.com\/de\/produkt\/songtext-poster-teenager\/","url":"https:\/\/positiveprints.com\/de\/produkt\/songtext-poster-teenager\/","name":"Vinyl Schallplatten Poster mit Songtext f\u00fcr Teenager - Positive Prints","isPartOf":{"@id":"https:\/\/positiveprints.com\/de\/#website"},"primaryImageOfPage":{"@id":"https:\/\/positiveprints.com\/de\/produkt\/songtext-poster-teenager\/#primaryimage"},"image":{"@id":"https:\/\/positiveprints.com\/de\/produkt\/songtext-poster-teenager\/#primaryimage"},"thumbnailUrl":"https:\/\/positiveprints.com\/wp-content\/uploads\/2024\/12\/Songtext-Poster-fu\u0308r-Teenager.webp","datePublished":"2024-12-01T20:00:37+00:00","dateModified":"2026-04-03T01:35:57+00:00","description":"Erfassen Sie den Lieblingssong Ihres Teenagers mit einem individuellen Songtext-Druck. Perfekt f\u00fcr jeden besonderen Anlass. Bestellen Sie noch heute Ihren Songtext Poster f\u00fcr Teenager!","breadcrumb":{"@id":"https:\/\/positiveprints.com\/de\/produkt\/songtext-poster-teenager\/#breadcrumb"},"inLanguage":"de","potentialAction":[{"@type":"ReadAction","target":["https:\/\/positiveprints.com\/de\/produkt\/songtext-poster-teenager\/"]}]},{"@type":"ImageObject","inLanguage":"de","@id":"https:\/\/positiveprints.com\/de\/produkt\/songtext-poster-teenager\/#primaryimage","url":"https:\/\/positiveprints.com\/wp-content\/uploads\/2024\/12\/Songtext-Poster-fu\u0308r-Teenager.webp","contentUrl":"https:\/\/positiveprints.com\/wp-content\/uploads\/2024\/12\/Songtext-Poster-fu\u0308r-Teenager.webp","width":1450,"height":1450,"caption":"Songtext-Poster fu\u0308r Teenager"},{"@type":"BreadcrumbList","@id":"https:\/\/positiveprints.com\/de\/produkt\/songtext-poster-teenager\/#breadcrumb","itemListElement":[{"@type":"ListItem","position":1,"name":"Startseite","item":"https:\/\/positiveprints.com\/de\/"},{"@type":"ListItem","position":2,"name":"Produkte","item":"https:\/\/positiveprints.com\/de\/shop\/"},{"@type":"ListItem","position":3,"name":"Vinyl Schallplatten Poster mit Songtext f\u00fcr Teenager"}]},{"@type":"WebSite","@id":"https:\/\/positiveprints.com\/de\/#website","url":"https:\/\/positiveprints.com\/de\/","name":"Positive Prints","description":"Amazing Custom Personalized Gifts","publisher":{"@id":"https:\/\/positiveprints.com\/de\/#organization"},"potentialAction":[{"@type":"SearchAction","target":{"@type":"EntryPoint","urlTemplate":"https:\/\/positiveprints.com\/de\/?s={search_term_string}"},"query-input":{"@type":"PropertyValueSpecification","valueRequired":true,"valueName":"search_term_string"}}],"inLanguage":"de"},{"@type":"Organization","@id":"https:\/\/positiveprints.com\/de\/#organization","name":"Positive Prints","alternateName":"Positive Prints","url":"https:\/\/positiveprints.com\/de\/","logo":{"@type":"ImageObject","inLanguage":"de","@id":"https:\/\/positiveprints.com\/de\/#\/schema\/logo\/image\/","url":"https:\/\/positiveprints.com\/wp-content\/uploads\/2026\/03\/245815646_1337939713319158_5671353136411139666_n.png","contentUrl":"https:\/\/positiveprints.com\/wp-content\/uploads\/2026\/03\/245815646_1337939713319158_5671353136411139666_n.png","width":800,"height":800,"caption":"Positive Prints"},"image":{"@id":"https:\/\/positiveprints.com\/de\/#\/schema\/logo\/image\/"},"sameAs":["https:\/\/www.facebook.com\/positiveprintscom","https:\/\/www.instagram.com\/positiveprintscom\/","https:\/\/www.tiktok.com\/@positiveprintscom","https:\/\/www.pinterest.com\/positiveprintscom\/"]}]}},"jetpack_sharing_enabled":true,"_links":{"self":[{"href":"https:\/\/positiveprints.com\/de\/wp-json\/wp\/v2\/product\/1291565","targetHints":{"allow":["GET"]}}],"collection":[{"href":"https:\/\/positiveprints.com\/de\/wp-json\/wp\/v2\/product"}],"about":[{"href":"https:\/\/positiveprints.com\/de\/wp-json\/wp\/v2\/types\/product"}],"wp:featuredmedia":[{"embeddable":true,"href":"https:\/\/positiveprints.com\/de\/wp-json\/wp\/v2\/media\/1292068"}],"wp:attachment":[{"href":"https:\/\/positiveprints.com\/de\/wp-json\/wp\/v2\/media?parent=1291565"}],"wp:term":[{"taxonomy":"product_brand","embeddable":true,"href":"https:\/\/positiveprints.com\/de\/wp-json\/wp\/v2\/product_brand?post=1291565"},{"taxonomy":"product_cat","embeddable":true,"href":"https:\/\/positiveprints.com\/de\/wp-json\/wp\/v2\/product_cat?post=1291565"},{"taxonomy":"product_tag","embeddable":true,"href":"https:\/\/positiveprints.com\/de\/wp-json\/wp\/v2\/product_tag?post=1291565"}],"curies":[{"name":"wp","href":"https:\/\/api.w.org\/{rel}","templated":true}]}}