{"id":122446,"date":"2021-03-23T10:23:30","date_gmt":"2021-03-23T09:23:30","guid":{"rendered":"https:\/\/positiveprints.com\/product\/sternenhimmel-am-tag-meiner-geburt\/"},"modified":"2026-05-09T10:16:33","modified_gmt":"2026-05-09T09:16:33","slug":"sternenhimmel-am-tag-der-geburt","status":"publish","type":"product","link":"https:\/\/positiveprints.com\/de\/produkt\/sternenhimmel-am-tag-der-geburt\/","title":{"rendered":"Sternenhimmel am Tag der Geburt"},"content":{"rendered":"<p>Eine Sternenhimmel am Tag der Geburt ist eine gedruckte Darstellung dessen, wie der Nachthimmel von einem bestimmten Ort auf der Erde zu einem bestimmten Datum und zu einer bestimmten Uhrzeit aussah.<\/p>\r\n\r\n<h2 class=\"grenB f24 cblue\" style=\"margin-top: 3rem\">Sternenhimmel in der Nacht, in der du geboren wurdest<\/h2>\r\n\r\n<p style=\"margin-top: 1rem\">Das Leben ist wirklich ein Geschenk. Die Wissenschaft hat uns seit langem gesagt, dass die Wahrscheinlichkeit, dass wir \u00fcberhaupt geboren werden, bei etwa einer zu 400 Billionen liegt. Das sind erstaunliche Chancen, und sie zeigen, wie besonders es ist, jedes Jahr unseren Geburtstag zu feiern. Wenn du einem geliebten Menschen zeigen m\u00f6chtest, wie froh du bist, dass er geboren wurde, ist eine Geburtstags-Sternenkarte ein atemberaubend sch\u00f6nes und pers\u00f6nliches Geschenk.<\/p>\r\n\r\n<p style=\"margin-top: 1rem\">Eine Geburtstagssternkarte ist eine gedruckte Darstellung dessen, wie der <a href=\"https:\/\/positiveprints.com\/de\/produkt\/sternenhimmel-poster\/\">Sternenhimmel<\/a> von einem bestimmten Ort auf der Erde zu einem bestimmten Datum und zu einer bestimmten Uhrzeit aussah. Aus diesem Grund sind keine zwei Geburtstagssternkarten gleich. Jede Karte basiert auf den einzigartigen Geburtstagsdetails einer Person, um die genaueste Erholung zu gew\u00e4hrleisten.<\/p>\r\n\r\n<p style=\"margin-top: 1rem\">Dies ist ein sehr einzigartiges Geburtstagsgeschenk, das deine Lieben nie erwarten, sondern f\u00fcr immer sch\u00e4tzen werden. Es ist nicht etwas, das man einfach in ein Gesch\u00e4ft gehen und von der Stange kaufen kann. Es braucht Zeit und \u00dcberlegung, auch nur daran zu denken, eine Sternenkarte als Geburtstagsgeschenk zu verschenken, und ein wenig mehr Zeit und M\u00fche, um die Karte f\u00fcr deine Lieben drucken zu lassen. All dieser zus\u00e4tzliche Aufwand wird nicht unbemerkt bleiben, und wahrscheinlich wird die Sternenkarte das Lieblingsgeschenk sein, das sie auspacken werden.<\/p>\r\n\r\n<h2 class=\"grenB f24 cblue\" style=\"margin-top: 3rem\">Was macht den Sternenhimmel ein Geburtstagsgeschenk so besonders?<\/h2>\r\n\r\n<p style=\"margin-top: 1rem\">Wenn du heute Nacht zum Nachthimmel aufblickst, wird er nicht mehr so aussehen wie der Himmel, den du letzte Nacht gesehen hast, selbst wenn du an derselben Stelle stehst. Das liegt daran, dass unser Universum st\u00e4ndig in Bewegung ist. Aus dem gleichen Grund k\u00f6nnen wir bestimmte Sterne, Planeten und Konstellationen nur zu bestimmten Daten oder Jahreszeiten sehen. <\/p>\r\n\r\n<p style=\"margin-top: 1rem\">Der Himmel in der Nacht, in der du geboren wurdest, ist etwas Besonderes, denn so hat sich das Universum ausgerichtet, als du diese Welt betreten hast. Die Positionierung von Sternen, Planeten und anderen Himmelsk\u00f6rpern an diesem Tag sind einzigartig f\u00fcr dich.<\/p>\r\n\r\n<p style=\"margin-top: 1rem\">Nat\u00fcrlich warenkonntest du damals nicht bemerken, wie der Himmel bei diesem bedeutsamen Anlass aussah. Betrachte eine Geburtstagssternkarte mit deinem Sternenhimmel also als einen Blick in die Vergangenheit. Es ist eine Illustration, die deine Lebensgeschichte unterst\u00fctzt. Die Geschichte beginnt bei Tag 1.<\/p>\r\n\r\n<h2 class=\"grenB f24 cblue\" style=\"margin-top: 3rem\">Wie macht man eine Sternenhimmelkarte von der Geburt?<\/h2>\r\n\r\n<p style=\"margin-top: 1rem\">Wir bei Positive Prints glauben, dass jeder in der Lage sein sollte, eine Geburtstagssternkarte zu entwerfen, ohne dass k\u00fcnstlerische F\u00e4higkeiten und technische Kenntnisse erforderlich sind. Wir verwenden ein einfaches dreistufiges System mit intelligenter Technologie, um deine Sternenkarte zu erstellen und sie wirklich zu deiner zu machen. So vermeiden wir das R\u00e4tselraten beim Erstellen deiner Geburtstagssternkarte:<\/p>\r\n\r\n<h3 class=\"grenB f18 cblue\" style=\"margin-top: 3rem\">Schritt 1: W\u00e4hle dein Design aus<\/h3>\r\n\r\n<p style=\"margin-top: 1rem\">Positive Prints bietet 7 voreingestellte Designs f\u00fcr deine Geburtstags-Sternenkarte, darunter einen herzf\u00f6rmigen Rahmen und mehrere Farbkombinationen. Wenn du jedoch etwas mehr Individualisierung bevorzugen, bieten wir auch eine Custom-Option an, mit der du dein eigenes Farbschema entwerfen k\u00f6nnen.<\/p>\r\n\r\n<p style=\"margin-top: 1rem\">Dar\u00fcber hinaus kannst du auch den Detaillierungsgrad deiner Sternenkarte festlegen. F\u00fcge die Namen von Konstellationen, Planeten und Planetennamen und sogar der Milchstra\u00dfe hinzu. W\u00e4hrend du \u00c4nderungen an deinem Design vornimmst, kannst du dein Poster in Echtzeit aktualisieren, damit du genau das gew\u00fcnschte Erscheinungsbild erstellen kannst. <\/p>\r\n\r\n<h3 class=\"grenB f18 cblue\" style=\"margin-top: 3rem\">Schritt 2: Gebe deine Daten ein<\/h3>\r\n\r\n<p style=\"margin-top: 1rem\">Im zweiten Schritt tippe den ausgew\u00e4hlten Standort oder die jeweiligen <a href=\"https:\/\/positiveprints.com\/de\/produkt\/koordinaten-poster\/\">Koordinaten<\/a> ein sowie das Geburtsdatum und die Geburtszeit. Wir verwenden orts- und datumsbezogene Daten, um eine m\u00f6glichst genaue Darstellung des Nachthimmels zu erstellen, damit das, was du sehen kannst, an diesem Datum dem Blick in den Nachthimmel \u00e4hnelt.<\/p>\r\n\r\n<p style=\"margin-top: 1rem\">Du hast zudem die M\u00f6glichkeit, bis zu drei Textzeilen (einen Titel, einen Untertitel und eine Fu\u00dfnote) einzuf\u00fcgen. Viele unserer Kunden verwenden diese Zeilen f\u00fcr eine pers\u00f6nliche Nachricht an den Geschenkempf\u00e4nger, damit jeder, der die <a href=\"https:\/\/positiveprints.com\/de\/produkt\/sternenhimmel-poster\/\">Sternenhimmelkarte<\/a> sieht, die Bedeutung erkennt. Alternativ kannst du ein Lieblingszitat, Liedtexte oder alles andere hinzuf\u00fcgen, das dein Poster pers\u00f6nlicher macht. <\/p>\r\n\r\n<h3 class=\"grenB f18 cblue\" style=\"margin-top: 3rem\">Schritt 3: W\u00e4hlen Sie Ihr Format<\/h3>\r\n\r\n<p style=\"margin-top: 1rem\">Im letzten Schritt bestimmst du die Gr\u00f6\u00dfe deines Geburtstagsposters mit dem Sternenhimmel am Tag deiner Geburt. Viele unserer Kunden entscheiden sich daf\u00fcr, den Druck uns zu \u00fcberlassen, da wir auf Leinwand oder hochwertigem Posterpapier drucken k\u00f6nnen. Wir k\u00f6nnen auch einen Rahmen hinzuf\u00fcgen, der sich perfekt zum Verschenken eignet und es deinem Empf\u00e4nger erm\u00f6glicht, ihn sofort aufzuh\u00e4ngen.<\/p>\r\n\r\n<p style=\"margin-top: 1rem\">Wenn du nach einer Last-Minute-Geschenkoption suchst, kann Positive Prints helfen. Wir bieten eine digitale Download-Option an und senden dir das Sternenhimmelposter mit dem Tag deiner Geburt innerhalb von Minuten nach dem Checkout per E-Mail zu. Du kannst die digitale Datei f\u00fcr einen schnellen Service zu deiner lokalen Druckerei bringen und den Versand \u00fcberspringen. <\/p>\r\n\r\n\r\n<h2 class=\"grenB f24 cblue\" style=\"margin-top: 3rem\">Dein Sternenhimmel Geschenk wird bei jedem Geburtstag ein Hingucker sein!<\/h2>\r\n\r\n<p style=\"margin-top: 1rem\">Du bist bereit, deine Liebsten mit einem Geburtstagsgeschenk f\u00fcr die Ewigkeit zu \u00fcberraschen? Beginne noch heute mit der Erstellung deines individuellen Geburtstagsgeschenks mit Sternenhimmel am Tag deiner Geburt oder der deines Lieblingsmenschen!<\/p>\r\n","protected":false},"excerpt":{"rendered":"<ul class=\"check-list\">\n<li>F\u00fcge Planeten, Sternbilder und die Milchstra\u00dfe hinzu<\/li>\n<li>Passe dein Kunstwerk in 3 einfachen Schritten an<\/li>\n<li>F\u00fcge einen aussagekr\u00e4ftigen personalisierten Text hinzu<\/li>\n<li>Sieh das Ergebnis sofort \u2013 die interaktive Vorschau erm\u00f6glicht dir, jedes Detail direkt anzupassen<\/li>\n<\/ul>\n","protected":false},"featured_media":1424408,"template":"","meta":[],"product_brand":[],"product_cat":[9275,7622,11331,11367,7686,15038,7830,8005,7735,8200,389,11203,11206,3116,5266],"product_tag":[8464,15205,13422,13451],"class_list":{"0":"post-122446","1":"product","2":"type-product","3":"status-publish","4":"has-post-thumbnail","6":"product_cat-bestsellers-label-de","7":"product_cat-geschenke-fur-bruder","8":"product_cat-weihnachtsgeschenke-fur-den-bruder","9":"product_cat-weihnachtsgeschenke-fur-die-schwester","10":"product_cat-geschenke-fur-wichtige-frauen-in-deinem-leben","11":"product_cat-weihnachtsgeschenke-fur-freunde","12":"product_cat-geschenke-fur-freunde","13":"product_cat-geschenke-fur-manner","14":"product_cat-geschenke-fur-schwester","15":"product_cat-fur-sie-de","16":"product_cat-geburtstagsgeschenke","17":"product_cat-geburtstagsgeschenk-fuer-frauen","18":"product_cat-geburtstagsgeschenk-fur-manner","19":"product_cat-star-de-2","20":"product_cat-weihnachtsgeschenke","21":"product_tag-birthday-de","22":"product_tag-christmas-gifts-for-friends-de","23":"product_tag-weihnachtsgeschenk-fur-die-schwester","24":"product_tag-weihnachtsgeschenke-fur-den-bruder","26":"first","27":"instock","28":"sale","29":"taxable","30":"shipping-taxable","31":"purchasable","32":"product-type-variable","33":"has-default-attributes"},"yoast_head":"<!-- This site is optimized with the Yoast SEO Premium plugin v27.2 (Yoast SEO v27.2) - https:\/\/yoast.com\/product\/yoast-seo-premium-wordpress\/ -->\n<title>Sternenhimmel am Tag der Geburt - Positive Prints<\/title>\n<meta name=\"description\" content=\"Beginne noch heute mit der Erstellung deines individuellen Geburtstagsgeschenks mit Sternenhimmel am Tag der Geburt.\" \/>\n<meta name=\"robots\" content=\"index, follow, max-snippet:-1, max-image-preview:large, max-video-preview:-1\" \/>\n<link rel=\"canonical\" href=\"https:\/\/positiveprints.com\/de\/produkt\/sternenhimmel-am-tag-der-geburt\/\" \/>\n<meta property=\"og:locale\" content=\"de_DE\" \/>\n<meta property=\"og:type\" content=\"article\" \/>\n<meta property=\"og:title\" content=\"Sternenhimmel am Tag der Geburt\" \/>\n<meta property=\"og:description\" content=\"F\u00fcge Planeten, Sternbilder und die Milchstra\u00dfe hinzu Passe dein Kunstwerk in 3 einfachen Schritten an F\u00fcge einen aussagekr\u00e4ftigen personalisierten Text hinzu Sieh das Ergebnis sofort \u2013 die interaktive Vorschau erm\u00f6glicht dir, jedes Detail direkt anzupassen\" \/>\n<meta property=\"og:url\" content=\"https:\/\/positiveprints.com\/de\/produkt\/sternenhimmel-am-tag-der-geburt\/\" \/>\n<meta property=\"og:site_name\" content=\"Positive Prints\" \/>\n<meta property=\"article:publisher\" content=\"https:\/\/www.facebook.com\/positiveprintscom\" \/>\n<meta property=\"article:modified_time\" content=\"2026-05-09T09:16:33+00:00\" \/>\n<meta property=\"og:image\" content=\"https:\/\/positiveprints.com\/wp-content\/uploads\/2024\/10\/Packshot_DE_birthday-star-map-product-image.webp\" \/>\n\t<meta property=\"og:image:width\" content=\"1450\" \/>\n\t<meta property=\"og:image:height\" content=\"1450\" \/>\n\t<meta property=\"og:image:type\" content=\"image\/webp\" \/>\n<meta name=\"twitter:card\" content=\"summary_large_image\" \/>\n<!-- \/ Yoast SEO Premium plugin. -->","yoast_head_json":{"title":"Sternenhimmel am Tag der Geburt - Positive Prints","description":"Beginne noch heute mit der Erstellung deines individuellen Geburtstagsgeschenks mit Sternenhimmel am Tag der Geburt.","robots":{"index":"index","follow":"follow","max-snippet":"max-snippet:-1","max-image-preview":"max-image-preview:large","max-video-preview":"max-video-preview:-1"},"canonical":"https:\/\/positiveprints.com\/de\/produkt\/sternenhimmel-am-tag-der-geburt\/","og_locale":"de_DE","og_type":"article","og_title":"Sternenhimmel am Tag der Geburt","og_description":"F\u00fcge Planeten, Sternbilder und die Milchstra\u00dfe hinzu Passe dein Kunstwerk in 3 einfachen Schritten an F\u00fcge einen aussagekr\u00e4ftigen personalisierten Text hinzu Sieh das Ergebnis sofort \u2013 die interaktive Vorschau erm\u00f6glicht dir, jedes Detail direkt anzupassen","og_url":"https:\/\/positiveprints.com\/de\/produkt\/sternenhimmel-am-tag-der-geburt\/","og_site_name":"Positive Prints","article_publisher":"https:\/\/www.facebook.com\/positiveprintscom","article_modified_time":"2026-05-09T09:16:33+00:00","og_image":[{"width":1450,"height":1450,"url":"https:\/\/positiveprints.com\/wp-content\/uploads\/2024\/10\/Packshot_DE_birthday-star-map-product-image.webp","type":"image\/webp"}],"twitter_card":"summary_large_image","schema":{"@context":"https:\/\/schema.org","@graph":[{"@type":["WebPage","ItemPage"],"@id":"https:\/\/positiveprints.com\/de\/produkt\/sternenhimmel-am-tag-der-geburt\/","url":"https:\/\/positiveprints.com\/de\/produkt\/sternenhimmel-am-tag-der-geburt\/","name":"Sternenhimmel am Tag der Geburt - Positive Prints","isPartOf":{"@id":"https:\/\/positiveprints.com\/de\/#website"},"primaryImageOfPage":{"@id":"https:\/\/positiveprints.com\/de\/produkt\/sternenhimmel-am-tag-der-geburt\/#primaryimage"},"image":{"@id":"https:\/\/positiveprints.com\/de\/produkt\/sternenhimmel-am-tag-der-geburt\/#primaryimage"},"thumbnailUrl":"https:\/\/positiveprints.com\/wp-content\/uploads\/2025\/05\/Sternenhimmel-am-Tag-der-Geburt-1.webp","datePublished":"2021-03-23T09:23:30+00:00","dateModified":"2026-05-09T09:16:33+00:00","description":"Beginne noch heute mit der Erstellung deines individuellen Geburtstagsgeschenks mit Sternenhimmel am Tag der Geburt.","breadcrumb":{"@id":"https:\/\/positiveprints.com\/de\/produkt\/sternenhimmel-am-tag-der-geburt\/#breadcrumb"},"inLanguage":"de","potentialAction":[{"@type":"ReadAction","target":["https:\/\/positiveprints.com\/de\/produkt\/sternenhimmel-am-tag-der-geburt\/"]}]},{"@type":"ImageObject","inLanguage":"de","@id":"https:\/\/positiveprints.com\/de\/produkt\/sternenhimmel-am-tag-der-geburt\/#primaryimage","url":"https:\/\/positiveprints.com\/wp-content\/uploads\/2025\/05\/Sternenhimmel-am-Tag-der-Geburt-1.webp","contentUrl":"https:\/\/positiveprints.com\/wp-content\/uploads\/2025\/05\/Sternenhimmel-am-Tag-der-Geburt-1.webp","width":1450,"height":1450},{"@type":"BreadcrumbList","@id":"https:\/\/positiveprints.com\/de\/produkt\/sternenhimmel-am-tag-der-geburt\/#breadcrumb","itemListElement":[{"@type":"ListItem","position":1,"name":"Startseite","item":"https:\/\/positiveprints.com\/de\/"},{"@type":"ListItem","position":2,"name":"Produkte","item":"https:\/\/positiveprints.com\/de\/shop\/"},{"@type":"ListItem","position":3,"name":"Sternenhimmel am Tag der Geburt"}]},{"@type":"WebSite","@id":"https:\/\/positiveprints.com\/de\/#website","url":"https:\/\/positiveprints.com\/de\/","name":"Positive Prints","description":"Amazing Custom Personalized Gifts","publisher":{"@id":"https:\/\/positiveprints.com\/de\/#organization"},"potentialAction":[{"@type":"SearchAction","target":{"@type":"EntryPoint","urlTemplate":"https:\/\/positiveprints.com\/de\/?s={search_term_string}"},"query-input":{"@type":"PropertyValueSpecification","valueRequired":true,"valueName":"search_term_string"}}],"inLanguage":"de"},{"@type":"Organization","@id":"https:\/\/positiveprints.com\/de\/#organization","name":"Positive Prints","alternateName":"Positive Prints","url":"https:\/\/positiveprints.com\/de\/","logo":{"@type":"ImageObject","inLanguage":"de","@id":"https:\/\/positiveprints.com\/de\/#\/schema\/logo\/image\/","url":"https:\/\/positiveprints.com\/wp-content\/uploads\/2026\/03\/245815646_1337939713319158_5671353136411139666_n.png","contentUrl":"https:\/\/positiveprints.com\/wp-content\/uploads\/2026\/03\/245815646_1337939713319158_5671353136411139666_n.png","width":800,"height":800,"caption":"Positive Prints"},"image":{"@id":"https:\/\/positiveprints.com\/de\/#\/schema\/logo\/image\/"},"sameAs":["https:\/\/www.facebook.com\/positiveprintscom","https:\/\/www.instagram.com\/positiveprintscom\/","https:\/\/www.tiktok.com\/@positiveprintscom","https:\/\/www.pinterest.com\/positiveprintscom\/"]}]}},"jetpack_sharing_enabled":true,"_links":{"self":[{"href":"https:\/\/positiveprints.com\/de\/wp-json\/wp\/v2\/product\/122446","targetHints":{"allow":["GET"]}}],"collection":[{"href":"https:\/\/positiveprints.com\/de\/wp-json\/wp\/v2\/product"}],"about":[{"href":"https:\/\/positiveprints.com\/de\/wp-json\/wp\/v2\/types\/product"}],"wp:featuredmedia":[{"embeddable":true,"href":"https:\/\/positiveprints.com\/de\/wp-json\/wp\/v2\/media\/1424408"}],"wp:attachment":[{"href":"https:\/\/positiveprints.com\/de\/wp-json\/wp\/v2\/media?parent=122446"}],"wp:term":[{"taxonomy":"product_brand","embeddable":true,"href":"https:\/\/positiveprints.com\/de\/wp-json\/wp\/v2\/product_brand?post=122446"},{"taxonomy":"product_cat","embeddable":true,"href":"https:\/\/positiveprints.com\/de\/wp-json\/wp\/v2\/product_cat?post=122446"},{"taxonomy":"product_tag","embeddable":true,"href":"https:\/\/positiveprints.com\/de\/wp-json\/wp\/v2\/product_tag?post=122446"}],"curies":[{"name":"wp","href":"https:\/\/api.w.org\/{rel}","templated":true}]}}