{"id":1180690,"date":"2024-07-29T11:43:07","date_gmt":"2024-07-29T10:43:07","guid":{"rendered":"https:\/\/positiveprints.com\/?post_type=product&#038;p=1180690"},"modified":"2026-04-18T03:30:41","modified_gmt":"2026-04-18T02:30:41","slug":"zwei-monde-fuer-opa","status":"publish","type":"product","link":"https:\/\/positiveprints.com\/de\/produkt\/zwei-monde-fuer-opa\/","title":{"rendered":"Zwei Monde f\u00fcr Opa"},"content":{"rendered":"<p>Suchst du nach einem besonderen Geschenk f\u00fcr Opa? \u201eZwei Monde f\u00fcr Opa\u201c ist ein einzigartiges und herzliches Geschenk, das sein Herz ber\u00fchren wird. Dieser personalisierte Druck oder diese Leinwand zeigt die Mondphasen von zwei wichtigen Daten, wie zum Beispiel den Geburtsdaten seiner Enkelkinder. Es ist eine sch\u00f6ne Art, die gesch\u00e4tzten Momente, die ihm am Herzen liegen, zu feiern und zu ehren.<\/p>\r\n<h2>Zwei Monde f\u00fcr Opa<\/h2>\r\n<p>\u201eZwei Monde f\u00fcr Opa\u201c ist ein atemberaubendes, individuell gestaltetes Kunstwerk, das zwei Mondphasen zeigt, von denen jede ein bedeutendes Datum darstellt. Um dieses unvergessliche Geschenk zu erstellen, besuche einfach unseren Online-Editor. W\u00e4hle zun\u00e4chst einen Hintergrund aus &#8211; w\u00e4hle aus vordefinierten Optionen oder entwerfe dein eigenes Farbschema. F\u00fcge dann einen Titel f\u00fcr dein Kunstwerk hinzu \u2013 eine besondere Nachricht oder ein Gef\u00fchl, das \u00fcber den Monden angezeigt wird.<\/p>\r\n<p>Wenn du den Titel festgelegt hast, gebe die Zeit und den Ort f\u00fcr jede Mondphase ein. Dadurch wird angezeigt, wie der Mond an diesen besonderen Tagen erschien, wie zum Beispiel an den Geburtsdaten der Enkelkinder. Unter jedem Mond kannst du Namen oder einen beliebigen anderen Text hinzuf\u00fcgen. W\u00e4hle abschlie\u00dfend das Format deines Kunstwerks aus. Wir bieten verschiedene Gr\u00f6\u00dfen und Stile an, darunter gedruckte oder gerahmte Posterdrucke, Leinw\u00e4nde und sofortige digitale Downloads.<\/p>\r\n<h2>Warum \u201eZwei Monde f\u00fcr Opa\u201c das perfekte Geschenk ist<\/h2>\r\n<p>Ein bedeutungsvolles Geschenk f\u00fcr Opa zu finden, kann eine Herausforderung sein, aber \u201eZwei Monde f\u00fcr Opa\u201c ist die perfekte L\u00f6sung. Dieses Kunstwerk ist nicht nur ein optischer Leckerbissen. Es ist eine sentimentale Erinnerung an zwei der gl\u00fccklichsten Tage in seinem Leben. Dieses Geschenk ist ideal f\u00fcr Geburtstage, Gro\u00dfelterntag oder andere besondere Anl\u00e4sse und zeigt Opa, wie viel er dir bedeutet.<\/p>\r\n<p>Der personalisierte Aspekt dieses Kunstwerks stellt sicher, dass jedes St\u00fcck einzigartig ist. Jedes Mal, wenn Opa es sieht, wird er an die Freude und Liebe erinnert, die seine Enkel in sein Leben bringen. Es ist ein Geschenk mit tiefer Bedeutung und wird sicher ein gesch\u00e4tzter Teil seines Zuhauses.<\/p>\r\n<h2>Beginne noch heute mit der Personalisierung des Geschenks<\/h2>\r\n<p>Bist du bereit, ein unvergessliches und herzliches Geschenk f\u00fcr Opa zu kreieren? Beginne noch heute mit der Personalisierung deines Kunstwerks \u201eZwei Monde f\u00fcr Opa\u201c. besuche unseren Online-Editor, um einen Hintergrund auszuw\u00e4hlen, einen besonderen Titel hinzuzuf\u00fcgen, die Daten und Orte f\u00fcr die Mondphasen einzugeben und den Text unter jedem Mond zu personalisieren. W\u00e4hle das Format, das am besten zu Opas Stil passtund schon bist du fertig!<\/p>\r\n<p>Verpasse es nicht \u2013 verwandele diese besonderen Momente in ein atemberaubendes Kunstwerk, das Opa f\u00fcr immer sch\u00e4tzen werden. Bestelle jetzt dein personalisiertes \u201eZwei Monde f\u00fcr Opa\u201c-Poster und mache ihm ein Geschenk, das wirklich nicht von dieser Welt ist.<\/p>","protected":false},"excerpt":{"rendered":"<ul class=\"\"check-list\"\">\n<li>Halte zwei besondere Momente fest und zeige, wie der Mond an diesen Tagen aussah<\/li>\n<li>In 3 einfachen Schritten anpassen<\/li>\n<li>W\u00e4hle aus einer Reihe atemberaubender Designs<\/li>\n<li>F\u00fcge einen aussagekr\u00e4ftigen personalisierten Text hinzu<\/li>\n<li>Sieh das Ergebnis sofort \u2013 die interaktive Vorschau erm\u00f6glicht dir, jedes Detail direkt anzupassen<\/li>\n<\/ul>\n","protected":false},"featured_media":1181691,"template":"","meta":[],"product_brand":[],"product_cat":[11118,105,8994,5266,11340,7606],"product_tag":[8670,9789,13629,13320],"class_list":{"0":"post-1180690","1":"product","2":"type-product","3":"status-publish","4":"has-post-thumbnail","6":"product_cat-doppelmond","7":"product_cat-alle-produkte","8":"product_cat-grosselterntag","9":"product_cat-weihnachtsgeschenke","10":"product_cat-weihnachtsgeschenke-fur-den-opa","11":"product_cat-geschenke-fur-opa","12":"product_tag-grandparents-de","13":"product_tag-mond","14":"product_tag-moon-phase-de","15":"product_tag-weihnachtsgeschenk-fuer-den-opa","17":"first","18":"instock","19":"sale","20":"taxable","21":"shipping-taxable","22":"purchasable","23":"product-type-variable"},"yoast_head":"<!-- This site is optimized with the Yoast SEO Premium plugin v27.2 (Yoast SEO v27.2) - https:\/\/yoast.com\/product\/yoast-seo-premium-wordpress\/ -->\n<title>Zwei Monde f\u00fcr Opa - Positive Prints<\/title>\n<meta name=\"description\" content=\"Suchst du nach einem einzigartigen und bedeutungsvollen Geschenk f\u00fcr Opa? \u201eZwei Monde f\u00fcr Opa\u201c ist ein aufmerksames und pers\u00f6nliches Geschenk, das sein Herz zum Schmelzen bringen wird.\" \/>\n<meta name=\"robots\" content=\"index, follow, max-snippet:-1, max-image-preview:large, max-video-preview:-1\" \/>\n<link rel=\"canonical\" href=\"https:\/\/positiveprints.com\/de\/produkt\/zwei-monde-fuer-opa\/\" \/>\n<meta property=\"og:locale\" content=\"de_DE\" \/>\n<meta property=\"og:type\" content=\"article\" \/>\n<meta property=\"og:title\" content=\"Zwei Monde f\u00fcr Opa\" \/>\n<meta property=\"og:description\" content=\"Halte zwei besondere Momente fest und zeige, wie der Mond an diesen Tagen aussah In 3 einfachen Schritten anpassen W\u00e4hle aus einer Reihe atemberaubender Designs F\u00fcge einen aussagekr\u00e4ftigen personalisierten Text hinzu Sieh das Ergebnis sofort \u2013 die interaktive Vorschau erm\u00f6glicht dir, jedes Detail direkt anzupassen\" \/>\n<meta property=\"og:url\" content=\"https:\/\/positiveprints.com\/de\/produkt\/zwei-monde-fuer-opa\/\" \/>\n<meta property=\"og:site_name\" content=\"Positive Prints\" \/>\n<meta property=\"article:publisher\" content=\"https:\/\/www.facebook.com\/positiveprintscom\" \/>\n<meta property=\"article:modified_time\" content=\"2026-04-18T02:30:41+00:00\" \/>\n<meta property=\"og:image\" content=\"https:\/\/positiveprints.com\/wp-content\/uploads\/2024\/09\/Zwei-Monde-fu\u0308r-Opa.jpg\" \/>\n\t<meta property=\"og:image:width\" content=\"1080\" \/>\n\t<meta property=\"og:image:height\" content=\"1080\" \/>\n\t<meta property=\"og:image:type\" content=\"image\/jpeg\" \/>\n<meta name=\"twitter:card\" content=\"summary_large_image\" \/>\n<meta name=\"twitter:label1\" content=\"Gesch\u00e4tzte Lesezeit\" \/>\n\t<meta name=\"twitter:data1\" content=\"2\u00a0Minuten\" \/>\n<!-- \/ Yoast SEO Premium plugin. -->","yoast_head_json":{"title":"Zwei Monde f\u00fcr Opa - Positive Prints","description":"Suchst du nach einem einzigartigen und bedeutungsvollen Geschenk f\u00fcr Opa? \u201eZwei Monde f\u00fcr Opa\u201c ist ein aufmerksames und pers\u00f6nliches Geschenk, das sein Herz zum Schmelzen bringen wird.","robots":{"index":"index","follow":"follow","max-snippet":"max-snippet:-1","max-image-preview":"max-image-preview:large","max-video-preview":"max-video-preview:-1"},"canonical":"https:\/\/positiveprints.com\/de\/produkt\/zwei-monde-fuer-opa\/","og_locale":"de_DE","og_type":"article","og_title":"Zwei Monde f\u00fcr Opa","og_description":"Halte zwei besondere Momente fest und zeige, wie der Mond an diesen Tagen aussah In 3 einfachen Schritten anpassen W\u00e4hle aus einer Reihe atemberaubender Designs F\u00fcge einen aussagekr\u00e4ftigen personalisierten Text hinzu Sieh das Ergebnis sofort \u2013 die interaktive Vorschau erm\u00f6glicht dir, jedes Detail direkt anzupassen","og_url":"https:\/\/positiveprints.com\/de\/produkt\/zwei-monde-fuer-opa\/","og_site_name":"Positive Prints","article_publisher":"https:\/\/www.facebook.com\/positiveprintscom","article_modified_time":"2026-04-18T02:30:41+00:00","og_image":[{"width":1080,"height":1080,"url":"https:\/\/positiveprints.com\/wp-content\/uploads\/2024\/09\/Zwei-Monde-fu\u0308r-Opa.jpg","type":"image\/jpeg"}],"twitter_card":"summary_large_image","twitter_misc":{"Gesch\u00e4tzte Lesezeit":"2\u00a0Minuten"},"schema":{"@context":"https:\/\/schema.org","@graph":[{"@type":["WebPage","ItemPage"],"@id":"https:\/\/positiveprints.com\/de\/produkt\/zwei-monde-fuer-opa\/","url":"https:\/\/positiveprints.com\/de\/produkt\/zwei-monde-fuer-opa\/","name":"Zwei Monde f\u00fcr Opa - Positive Prints","isPartOf":{"@id":"https:\/\/positiveprints.com\/de\/#website"},"primaryImageOfPage":{"@id":"https:\/\/positiveprints.com\/de\/produkt\/zwei-monde-fuer-opa\/#primaryimage"},"image":{"@id":"https:\/\/positiveprints.com\/de\/produkt\/zwei-monde-fuer-opa\/#primaryimage"},"thumbnailUrl":"https:\/\/positiveprints.com\/wp-content\/uploads\/2024\/09\/Zwei-Monde-fu\u0308r-Opa.jpg","datePublished":"2024-07-29T10:43:07+00:00","dateModified":"2026-04-18T02:30:41+00:00","description":"Suchst du nach einem einzigartigen und bedeutungsvollen Geschenk f\u00fcr Opa? \u201eZwei Monde f\u00fcr Opa\u201c ist ein aufmerksames und pers\u00f6nliches Geschenk, das sein Herz zum Schmelzen bringen wird.","breadcrumb":{"@id":"https:\/\/positiveprints.com\/de\/produkt\/zwei-monde-fuer-opa\/#breadcrumb"},"inLanguage":"de","potentialAction":[{"@type":"ReadAction","target":["https:\/\/positiveprints.com\/de\/produkt\/zwei-monde-fuer-opa\/"]}]},{"@type":"ImageObject","inLanguage":"de","@id":"https:\/\/positiveprints.com\/de\/produkt\/zwei-monde-fuer-opa\/#primaryimage","url":"https:\/\/positiveprints.com\/wp-content\/uploads\/2024\/09\/Zwei-Monde-fu\u0308r-Opa.jpg","contentUrl":"https:\/\/positiveprints.com\/wp-content\/uploads\/2024\/09\/Zwei-Monde-fu\u0308r-Opa.jpg","width":1080,"height":1080},{"@type":"BreadcrumbList","@id":"https:\/\/positiveprints.com\/de\/produkt\/zwei-monde-fuer-opa\/#breadcrumb","itemListElement":[{"@type":"ListItem","position":1,"name":"Startseite","item":"https:\/\/positiveprints.com\/de\/"},{"@type":"ListItem","position":2,"name":"Produkte","item":"https:\/\/positiveprints.com\/de\/shop\/"},{"@type":"ListItem","position":3,"name":"Zwei Monde f\u00fcr Opa"}]},{"@type":"WebSite","@id":"https:\/\/positiveprints.com\/de\/#website","url":"https:\/\/positiveprints.com\/de\/","name":"Positive Prints","description":"Amazing Custom Personalized Gifts","publisher":{"@id":"https:\/\/positiveprints.com\/de\/#organization"},"potentialAction":[{"@type":"SearchAction","target":{"@type":"EntryPoint","urlTemplate":"https:\/\/positiveprints.com\/de\/?s={search_term_string}"},"query-input":{"@type":"PropertyValueSpecification","valueRequired":true,"valueName":"search_term_string"}}],"inLanguage":"de"},{"@type":"Organization","@id":"https:\/\/positiveprints.com\/de\/#organization","name":"Positive Prints","alternateName":"Positive Prints","url":"https:\/\/positiveprints.com\/de\/","logo":{"@type":"ImageObject","inLanguage":"de","@id":"https:\/\/positiveprints.com\/de\/#\/schema\/logo\/image\/","url":"https:\/\/positiveprints.com\/wp-content\/uploads\/2026\/03\/245815646_1337939713319158_5671353136411139666_n.png","contentUrl":"https:\/\/positiveprints.com\/wp-content\/uploads\/2026\/03\/245815646_1337939713319158_5671353136411139666_n.png","width":800,"height":800,"caption":"Positive Prints"},"image":{"@id":"https:\/\/positiveprints.com\/de\/#\/schema\/logo\/image\/"},"sameAs":["https:\/\/www.facebook.com\/positiveprintscom","https:\/\/www.instagram.com\/positiveprintscom\/","https:\/\/www.tiktok.com\/@positiveprintscom","https:\/\/www.pinterest.com\/positiveprintscom\/"]}]}},"jetpack_sharing_enabled":true,"_links":{"self":[{"href":"https:\/\/positiveprints.com\/de\/wp-json\/wp\/v2\/product\/1180690","targetHints":{"allow":["GET"]}}],"collection":[{"href":"https:\/\/positiveprints.com\/de\/wp-json\/wp\/v2\/product"}],"about":[{"href":"https:\/\/positiveprints.com\/de\/wp-json\/wp\/v2\/types\/product"}],"wp:featuredmedia":[{"embeddable":true,"href":"https:\/\/positiveprints.com\/de\/wp-json\/wp\/v2\/media\/1181691"}],"wp:attachment":[{"href":"https:\/\/positiveprints.com\/de\/wp-json\/wp\/v2\/media?parent=1180690"}],"wp:term":[{"taxonomy":"product_brand","embeddable":true,"href":"https:\/\/positiveprints.com\/de\/wp-json\/wp\/v2\/product_brand?post=1180690"},{"taxonomy":"product_cat","embeddable":true,"href":"https:\/\/positiveprints.com\/de\/wp-json\/wp\/v2\/product_cat?post=1180690"},{"taxonomy":"product_tag","embeddable":true,"href":"https:\/\/positiveprints.com\/de\/wp-json\/wp\/v2\/product_tag?post=1180690"}],"curies":[{"name":"wp","href":"https:\/\/api.w.org\/{rel}","templated":true}]}}