{"id":1157862,"date":"2024-07-05T23:34:48","date_gmt":"2024-07-05T22:34:48","guid":{"rendered":"https:\/\/positiveprints.com\/?post_type=product&#038;p=1157862"},"modified":"2026-04-28T13:44:58","modified_gmt":"2026-04-28T12:44:58","slug":"doppelte-mondphase","status":"publish","type":"product","link":"https:\/\/positiveprints.com\/de\/produkt\/doppelte-mondphase\/","title":{"rendered":"Doppelte Mondphase"},"content":{"rendered":"<p style=\"margin-top: 1rem\">Suchst du nach einem einzigartigen und bedeutungsvollen Geschenk f\u00fcr deine Liebsten? Dann ist unser Doppelmond-Poster die perfekte Wahl. Dieser personalisierte Druck zeigt zwei Mondphasen nebeneinander und ist somit ein unvergessliches Geschenk f\u00fcr jeden besonderen Anlass.<\/p>\r\n\r\n<h2 class=\"grenB f24 cblue\" style=\"margin-top: 3rem\">Erstelle deinen Doppelmondphasen-Druck<\/h2>\r\n<p style=\"margin-top: 1rem\">Um mit der Personalisierung und Bestellung deines Drucks zu beginnen, gehe einfach zu unserem Online-Editor. W\u00e4hle eine Hintergrundfarbe aus unseren vordefinierten Optionen oder spiele selbst mit Farben, um die perfekte \u00dcbereinstimmung zu finden. Gebe als N\u00e4chstes Ort und Zeit ein, um zu sehen, wie die Monde an den besonderen Tagen aussahen. Du kannst auch eine pers\u00f6nliche Nachricht \u00fcber und etwas Text unter jedem Mond hinzuf\u00fcgen.<\/p>\r\n\r\n<h2 class=\"grenB f24 cblue\" style=\"margin-top: 3rem\">Perfektes Geschenk f\u00fcr besondere Anl\u00e4sse<\/h2>\r\n<p style=\"margin-top: 1rem\">Das Doppelmond-Poster ist ein perfektes Geschenk f\u00fcr Jubil\u00e4en, romantische Anl\u00e4sse oder als aufmerksames Geschenk f\u00fcr Eltern. Halte die Geburtstagsmondphase fest und stelle so so einen \u201eMondseelenverwandten\u201c dar. Es ist auch beliebt, dass Eltern die Mondphasen der Tage zeigen, an denen ihre Kinder geboren wurden. Stelle dir die Freude vor, wenn der Beschenkte einen personalisierten Druck erh\u00e4lt, der die Sch\u00f6nheit und Bedeutung der besonderen Daten einf\u00e4ngt.<\/p>\r\n\r\n<h2 class=\"grenB f24 cblue\" style=\"margin-top: 3rem\">W\u00e4hle, wie du das Doppelmond-Poster erhalten m\u00f6chtest<\/h2>\r\n<p style=\"margin-top: 1rem\">Bestelle das Doppelmond-Poster in verschiedenen Formaten, die deinen Anforderungen entsprechen \u2013 w\u00e4hle zwischen einem gerahmten oder ungerahmten gedruckten Poster, einer hochwertigen Leinwand oder einer sofort digital herunterladbaren Datei. Diese Flexibilit\u00e4t stellt sicher, dass du ein einzigartiges Geschenk auf eine Weise pr\u00e4sentieren kannst, die am besten zum Anlass passt.<\/p>\r\n<p style=\"margin-top: 1rem\">Mache ein Geschenk, das f\u00fcr immer gesch\u00e4tzt wird. Das Doppelmond-Poster ist mehr als nur ein Druck. Es ist eine bleibende Hommage an die wertvollsten Momente. Feiere besondere Bindungen und schaffe mit diesem kreativen und bedeutungsvollen Andenken eine sch\u00f6ne Erinnerung an die Liebe und Erinnerungen.<\/p>","protected":false},"excerpt":{"rendered":"<ul class=\"check-list\">\n<li>Halte zwei besondere Momente fest und zeige , wie der Mond an diesen Tagen aussah<\/li>\n<li>In 3 einfachen Schritten anpassbar<\/li>\n<li>W\u00e4hle aus einer Reihe atemberaubender Designs<\/li>\n<li>F\u00fcge einen aussagekr\u00e4ftigen personalisierten Text hinzu<\/li>\n<li>Sieh das Ergebnis sofort \u2013 die interaktive Vorschau erm\u00f6glicht dir, jedes Detail direkt anzupassen<\/li>\n<\/ul>\n","protected":false},"featured_media":1553310,"template":"","meta":[],"product_brand":[],"product_cat":[11115,105,263,8005,7686],"product_tag":[14752],"class_list":{"0":"post-1157862","1":"product","2":"type-product","3":"status-publish","4":"has-post-thumbnail","6":"product_cat-mondphasen","7":"product_cat-alle-produkte","8":"product_cat-creators-de-2","9":"product_cat-geschenke-fur-manner","10":"product_cat-geschenke-fur-wichtige-frauen-in-deinem-leben","11":"product_tag-creators-de-2","13":"first","14":"instock","15":"sale","16":"taxable","17":"shipping-taxable","18":"purchasable","19":"product-type-variable"},"yoast_head":"<!-- This site is optimized with the Yoast SEO Premium plugin v27.2 (Yoast SEO v27.2) - https:\/\/yoast.com\/product\/yoast-seo-premium-wordpress\/ -->\n<title>Doppelte Mondphase - Positive Prints<\/title>\n<meta name=\"description\" content=\"Suchst du nach einem einzigartigen und bedeutungsvollen Geschenk f\u00fcr deine Liebsten? Unser Doppelmond-Poster ist die perfekte Wahl.\" \/>\n<meta name=\"robots\" content=\"index, follow, max-snippet:-1, max-image-preview:large, max-video-preview:-1\" \/>\n<link rel=\"canonical\" href=\"https:\/\/positiveprints.com\/de\/produkt\/doppelte-mondphase\/\" \/>\n<meta property=\"og:locale\" content=\"de_DE\" \/>\n<meta property=\"og:type\" content=\"article\" \/>\n<meta property=\"og:title\" content=\"Doppelte Mondphase\" \/>\n<meta property=\"og:description\" content=\"Halte zwei besondere Momente fest und zeige , wie der Mond an diesen Tagen aussah  In 3 einfachen Schritten anpassbar  W\u00e4hle aus einer Reihe atemberaubender Designs  F\u00fcge einen aussagekr\u00e4ftigen personalisierten Text hinzu  Sieh das Ergebnis sofort \u2013 die interaktive Vorschau erm\u00f6glicht dir, jedes Detail direkt anzupassen\" \/>\n<meta property=\"og:url\" content=\"https:\/\/positiveprints.com\/de\/produkt\/doppelte-mondphase\/\" \/>\n<meta property=\"og:site_name\" content=\"Positive Prints\" \/>\n<meta property=\"article:publisher\" content=\"https:\/\/www.facebook.com\/positiveprintscom\" \/>\n<meta property=\"article:modified_time\" content=\"2026-04-28T12:44:58+00:00\" \/>\n<meta property=\"og:image\" content=\"https:\/\/positiveprints.com\/wp-content\/uploads\/2025\/10\/Doppelte-Mondphase-1.webp\" \/>\n\t<meta property=\"og:image:width\" content=\"1450\" \/>\n\t<meta property=\"og:image:height\" content=\"1450\" \/>\n\t<meta property=\"og:image:type\" content=\"image\/webp\" \/>\n<meta name=\"twitter:card\" content=\"summary_large_image\" \/>\n<!-- \/ Yoast SEO Premium plugin. -->","yoast_head_json":{"title":"Doppelte Mondphase - Positive Prints","description":"Suchst du nach einem einzigartigen und bedeutungsvollen Geschenk f\u00fcr deine Liebsten? Unser Doppelmond-Poster ist die perfekte Wahl.","robots":{"index":"index","follow":"follow","max-snippet":"max-snippet:-1","max-image-preview":"max-image-preview:large","max-video-preview":"max-video-preview:-1"},"canonical":"https:\/\/positiveprints.com\/de\/produkt\/doppelte-mondphase\/","og_locale":"de_DE","og_type":"article","og_title":"Doppelte Mondphase","og_description":"Halte zwei besondere Momente fest und zeige , wie der Mond an diesen Tagen aussah  In 3 einfachen Schritten anpassbar  W\u00e4hle aus einer Reihe atemberaubender Designs  F\u00fcge einen aussagekr\u00e4ftigen personalisierten Text hinzu  Sieh das Ergebnis sofort \u2013 die interaktive Vorschau erm\u00f6glicht dir, jedes Detail direkt anzupassen","og_url":"https:\/\/positiveprints.com\/de\/produkt\/doppelte-mondphase\/","og_site_name":"Positive Prints","article_publisher":"https:\/\/www.facebook.com\/positiveprintscom","article_modified_time":"2026-04-28T12:44:58+00:00","og_image":[{"width":1450,"height":1450,"url":"https:\/\/positiveprints.com\/wp-content\/uploads\/2025\/10\/Doppelte-Mondphase-1.webp","type":"image\/webp"}],"twitter_card":"summary_large_image","schema":{"@context":"https:\/\/schema.org","@graph":[{"@type":["WebPage","ItemPage"],"@id":"https:\/\/positiveprints.com\/de\/produkt\/doppelte-mondphase\/","url":"https:\/\/positiveprints.com\/de\/produkt\/doppelte-mondphase\/","name":"Doppelte Mondphase - Positive Prints","isPartOf":{"@id":"https:\/\/positiveprints.com\/de\/#website"},"primaryImageOfPage":{"@id":"https:\/\/positiveprints.com\/de\/produkt\/doppelte-mondphase\/#primaryimage"},"image":{"@id":"https:\/\/positiveprints.com\/de\/produkt\/doppelte-mondphase\/#primaryimage"},"thumbnailUrl":"https:\/\/positiveprints.com\/wp-content\/uploads\/2025\/10\/Doppelte-Mondphase-1.webp","datePublished":"2024-07-05T22:34:48+00:00","dateModified":"2026-04-28T12:44:58+00:00","description":"Suchst du nach einem einzigartigen und bedeutungsvollen Geschenk f\u00fcr deine Liebsten? Unser Doppelmond-Poster ist die perfekte Wahl.","breadcrumb":{"@id":"https:\/\/positiveprints.com\/de\/produkt\/doppelte-mondphase\/#breadcrumb"},"inLanguage":"de","potentialAction":[{"@type":"ReadAction","target":["https:\/\/positiveprints.com\/de\/produkt\/doppelte-mondphase\/"]}]},{"@type":"ImageObject","inLanguage":"de","@id":"https:\/\/positiveprints.com\/de\/produkt\/doppelte-mondphase\/#primaryimage","url":"https:\/\/positiveprints.com\/wp-content\/uploads\/2025\/10\/Doppelte-Mondphase-1.webp","contentUrl":"https:\/\/positiveprints.com\/wp-content\/uploads\/2025\/10\/Doppelte-Mondphase-1.webp","width":1450,"height":1450},{"@type":"BreadcrumbList","@id":"https:\/\/positiveprints.com\/de\/produkt\/doppelte-mondphase\/#breadcrumb","itemListElement":[{"@type":"ListItem","position":1,"name":"Startseite","item":"https:\/\/positiveprints.com\/de\/"},{"@type":"ListItem","position":2,"name":"Produkte","item":"https:\/\/positiveprints.com\/de\/shop\/"},{"@type":"ListItem","position":3,"name":"Doppelte Mondphase"}]},{"@type":"WebSite","@id":"https:\/\/positiveprints.com\/de\/#website","url":"https:\/\/positiveprints.com\/de\/","name":"Positive Prints","description":"Amazing Custom Personalized Gifts","publisher":{"@id":"https:\/\/positiveprints.com\/de\/#organization"},"potentialAction":[{"@type":"SearchAction","target":{"@type":"EntryPoint","urlTemplate":"https:\/\/positiveprints.com\/de\/?s={search_term_string}"},"query-input":{"@type":"PropertyValueSpecification","valueRequired":true,"valueName":"search_term_string"}}],"inLanguage":"de"},{"@type":"Organization","@id":"https:\/\/positiveprints.com\/de\/#organization","name":"Positive Prints","alternateName":"Positive Prints","url":"https:\/\/positiveprints.com\/de\/","logo":{"@type":"ImageObject","inLanguage":"de","@id":"https:\/\/positiveprints.com\/de\/#\/schema\/logo\/image\/","url":"https:\/\/positiveprints.com\/wp-content\/uploads\/2026\/03\/245815646_1337939713319158_5671353136411139666_n.png","contentUrl":"https:\/\/positiveprints.com\/wp-content\/uploads\/2026\/03\/245815646_1337939713319158_5671353136411139666_n.png","width":800,"height":800,"caption":"Positive Prints"},"image":{"@id":"https:\/\/positiveprints.com\/de\/#\/schema\/logo\/image\/"},"sameAs":["https:\/\/www.facebook.com\/positiveprintscom","https:\/\/www.instagram.com\/positiveprintscom\/","https:\/\/www.tiktok.com\/@positiveprintscom","https:\/\/www.pinterest.com\/positiveprintscom\/"]}]}},"jetpack_sharing_enabled":true,"_links":{"self":[{"href":"https:\/\/positiveprints.com\/de\/wp-json\/wp\/v2\/product\/1157862","targetHints":{"allow":["GET"]}}],"collection":[{"href":"https:\/\/positiveprints.com\/de\/wp-json\/wp\/v2\/product"}],"about":[{"href":"https:\/\/positiveprints.com\/de\/wp-json\/wp\/v2\/types\/product"}],"wp:featuredmedia":[{"embeddable":true,"href":"https:\/\/positiveprints.com\/de\/wp-json\/wp\/v2\/media\/1553310"}],"wp:attachment":[{"href":"https:\/\/positiveprints.com\/de\/wp-json\/wp\/v2\/media?parent=1157862"}],"wp:term":[{"taxonomy":"product_brand","embeddable":true,"href":"https:\/\/positiveprints.com\/de\/wp-json\/wp\/v2\/product_brand?post=1157862"},{"taxonomy":"product_cat","embeddable":true,"href":"https:\/\/positiveprints.com\/de\/wp-json\/wp\/v2\/product_cat?post=1157862"},{"taxonomy":"product_tag","embeddable":true,"href":"https:\/\/positiveprints.com\/de\/wp-json\/wp\/v2\/product_tag?post=1157862"}],"curies":[{"name":"wp","href":"https:\/\/api.w.org\/{rel}","templated":true}]}}