{"id":1145288,"date":"2024-06-17T07:29:34","date_gmt":"2024-06-17T06:29:34","guid":{"rendered":"https:\/\/positiveprints.com\/?post_type=product&#038;p=1145288"},"modified":"2026-04-12T20:52:55","modified_gmt":"2026-04-12T19:52:55","slug":"definition-poster-ehefrau","status":"publish","type":"product","link":"https:\/\/positiveprints.com\/de\/produkt\/definition-poster-ehefrau\/","title":{"rendered":"Ehefrau Definition Poster"},"content":{"rendered":"<p>Feier eine besondere Frau mit unserem \u201eEhefrau\u201d Definition-Poster. Dieser personalisierte Druck zeigt dein ausgew\u00e4hltes Foto und eine W\u00f6rterbuchdefinition von \u201eEhefrau\u201c. Ob du eine lustige oder emotionale Definition w\u00e4hlst, bleibt ganz dir \u00fcberlassen. W\u00e4hle dein Farbschema oder passe es an, indem du deinen eigenen Hintergrund- und Schriftfarben ausw\u00e4hlst. Lade dann dein Foto hoch, gebe den Titel ein und die Definition hinzu. Du kannst unsere vordefinierte Definition verwenden oder deine eigene erstellen.<\/p>\r\n\r\n<h2>Erstelle dein \u201eEhefrau\u201d Definition-Poster<\/h2>\r\n\r\n<p>Das \u201eEhefrau\u201d Definition-Poster ist ein ideales Geschenk des Br\u00e4utigams, von Freunden oder sogar Eltern an die Braut. Es kann eine r\u00fchrende Hommage oder ein urkomisches Andenken sein, je nachdem, welche Definition du w\u00e4hlen sollst. Stelle dir die Freude auf dem Gesicht vor, wenn die beschenkte Person einen personalisierten Druck sieht, der ihre Pers\u00f6nlichkeit und deine Liebe einf\u00e4ngt.<\/p>\r\n\r\n<h2>Warum solltest dich f\u00fcr unser  \u201eEhefrau\u201d Definition-Poster entscheiden?<\/h2>\r\n\r\n<p>Die Bestellung ist ganz einfach. Besuche einfach unsere Website, verwende den Online-Editor, um dein Poster anzupassen und gebe Bestellung auf. Wir k\u00fcmmern uns um den Rest und stellen sicher, dass dein Druck mit Sorgfalt erstellt und umgehend geliefert wird.<\/p>\r\n\r\n<p>Mache ein Geschenk, das f\u00fcr immer gesch\u00e4tzt wird. Das Poster mit der Definition \u201eEhefrau\u201c ist eine einzigartige und pers\u00f6nliche Kunst, dein Wertsch\u00e4tzung und Liebe zu zeigen und ist somit ein perfektes Geschenk f\u00fcr jeden Anlass.<\/p>","protected":false},"excerpt":{"rendered":"<ul class=\"check-list\">\n<li>Erstelle deine pers\u00f6nliche Definition<\/li>\n<li>F\u00fcge ein ausgew\u00e4hltes Lieblings-Foto hinzu<\/li>\n<li>In 3 einfachen Schritten anpassbar<\/li>\n<li>W\u00e4hle eine Vorlage oder werde selbst kreativ<\/li>\n<li>Sehe dir bei jedem Schritt eine Vorschau deines Designs an<\/li>\n<\/ul>\n","protected":false},"featured_media":1153928,"template":"","meta":[],"product_brand":[],"product_cat":[9735,9761,105,7926,5266,11370,7750],"product_tag":[8705,16281,11733],"class_list":{"0":"post-1145288","1":"product","2":"type-product","3":"status-publish","4":"has-post-thumbnail","6":"product_cat-definition-de","7":"product_cat-trending-label-de","8":"product_cat-alle-produkte","9":"product_cat-brautduschen-geschenke","10":"product_cat-weihnachtsgeschenke","11":"product_cat-weihnachtsgeschenke-fur-die-frau","12":"product_cat-geschenke-fur-deine-ehefrau","13":"product_tag-bridal-shower-de","14":"product_tag-ehefrau","15":"product_tag-weihnachtsgeschenke-fur-die-frau","17":"first","18":"instock","19":"sale","20":"taxable","21":"shipping-taxable","22":"purchasable","23":"product-type-variable"},"yoast_head":"<!-- This site is optimized with the Yoast SEO Premium plugin v27.2 (Yoast SEO v27.2) - https:\/\/yoast.com\/product\/yoast-seo-premium-wordpress\/ -->\n<title>Ehefrau Definition Poster - Positive Prints<\/title>\n<meta name=\"description\" content=\"Feier eine besondere Frau mit unserem Poster mit der Definition \u201eEhefrau\u201c. Dieser personalisierte Druck zeigt dein ausgew\u00e4hltes Foto und deine Definition von \u201eEhefrau\u201c.\" \/>\n<meta name=\"robots\" content=\"index, follow, max-snippet:-1, max-image-preview:large, max-video-preview:-1\" \/>\n<link rel=\"canonical\" href=\"https:\/\/positiveprints.com\/de\/produkt\/definition-poster-ehefrau\/\" \/>\n<meta property=\"og:locale\" content=\"de_DE\" \/>\n<meta property=\"og:type\" content=\"article\" \/>\n<meta property=\"og:title\" content=\"Ehefrau Definition Poster\" \/>\n<meta property=\"og:description\" content=\"Erstelle deine pers\u00f6nliche Definition F\u00fcge ein ausgew\u00e4hltes Lieblings-Foto hinzu In 3 einfachen Schritten anpassbar W\u00e4hle eine Vorlage oder werde selbst kreativ Sehe dir bei jedem Schritt eine Vorschau deines Designs an\" \/>\n<meta property=\"og:url\" content=\"https:\/\/positiveprints.com\/de\/produkt\/definition-poster-ehefrau\/\" \/>\n<meta property=\"og:site_name\" content=\"Positive Prints\" \/>\n<meta property=\"article:publisher\" content=\"https:\/\/www.facebook.com\/positiveprintscom\" \/>\n<meta property=\"article:modified_time\" content=\"2026-04-12T19:52:55+00:00\" \/>\n<meta property=\"og:image\" content=\"https:\/\/positiveprints.com\/wp-content\/uploads\/2024\/07\/Definition-Poster-Ehefrau.jpg\" \/>\n\t<meta property=\"og:image:width\" content=\"1080\" \/>\n\t<meta property=\"og:image:height\" content=\"1080\" \/>\n\t<meta property=\"og:image:type\" content=\"image\/jpeg\" \/>\n<meta name=\"twitter:card\" content=\"summary_large_image\" \/>\n<meta name=\"twitter:label1\" content=\"Gesch\u00e4tzte Lesezeit\" \/>\n\t<meta name=\"twitter:data1\" content=\"1\u00a0Minute\" \/>\n<!-- \/ Yoast SEO Premium plugin. -->","yoast_head_json":{"title":"Ehefrau Definition Poster - Positive Prints","description":"Feier eine besondere Frau mit unserem Poster mit der Definition \u201eEhefrau\u201c. Dieser personalisierte Druck zeigt dein ausgew\u00e4hltes Foto und deine Definition von \u201eEhefrau\u201c.","robots":{"index":"index","follow":"follow","max-snippet":"max-snippet:-1","max-image-preview":"max-image-preview:large","max-video-preview":"max-video-preview:-1"},"canonical":"https:\/\/positiveprints.com\/de\/produkt\/definition-poster-ehefrau\/","og_locale":"de_DE","og_type":"article","og_title":"Ehefrau Definition Poster","og_description":"Erstelle deine pers\u00f6nliche Definition F\u00fcge ein ausgew\u00e4hltes Lieblings-Foto hinzu In 3 einfachen Schritten anpassbar W\u00e4hle eine Vorlage oder werde selbst kreativ Sehe dir bei jedem Schritt eine Vorschau deines Designs an","og_url":"https:\/\/positiveprints.com\/de\/produkt\/definition-poster-ehefrau\/","og_site_name":"Positive Prints","article_publisher":"https:\/\/www.facebook.com\/positiveprintscom","article_modified_time":"2026-04-12T19:52:55+00:00","og_image":[{"width":1080,"height":1080,"url":"https:\/\/positiveprints.com\/wp-content\/uploads\/2024\/07\/Definition-Poster-Ehefrau.jpg","type":"image\/jpeg"}],"twitter_card":"summary_large_image","twitter_misc":{"Gesch\u00e4tzte Lesezeit":"1\u00a0Minute"},"schema":{"@context":"https:\/\/schema.org","@graph":[{"@type":["WebPage","ItemPage"],"@id":"https:\/\/positiveprints.com\/de\/produkt\/definition-poster-ehefrau\/","url":"https:\/\/positiveprints.com\/de\/produkt\/definition-poster-ehefrau\/","name":"Ehefrau Definition Poster - Positive Prints","isPartOf":{"@id":"https:\/\/positiveprints.com\/de\/#website"},"primaryImageOfPage":{"@id":"https:\/\/positiveprints.com\/de\/produkt\/definition-poster-ehefrau\/#primaryimage"},"image":{"@id":"https:\/\/positiveprints.com\/de\/produkt\/definition-poster-ehefrau\/#primaryimage"},"thumbnailUrl":"https:\/\/positiveprints.com\/wp-content\/uploads\/2024\/07\/Definition-Poster-Ehefrau.jpg","datePublished":"2024-06-17T06:29:34+00:00","dateModified":"2026-04-12T19:52:55+00:00","description":"Feier eine besondere Frau mit unserem Poster mit der Definition \u201eEhefrau\u201c. Dieser personalisierte Druck zeigt dein ausgew\u00e4hltes Foto und deine Definition von \u201eEhefrau\u201c.","breadcrumb":{"@id":"https:\/\/positiveprints.com\/de\/produkt\/definition-poster-ehefrau\/#breadcrumb"},"inLanguage":"de","potentialAction":[{"@type":"ReadAction","target":["https:\/\/positiveprints.com\/de\/produkt\/definition-poster-ehefrau\/"]}]},{"@type":"ImageObject","inLanguage":"de","@id":"https:\/\/positiveprints.com\/de\/produkt\/definition-poster-ehefrau\/#primaryimage","url":"https:\/\/positiveprints.com\/wp-content\/uploads\/2024\/07\/Definition-Poster-Ehefrau.jpg","contentUrl":"https:\/\/positiveprints.com\/wp-content\/uploads\/2024\/07\/Definition-Poster-Ehefrau.jpg","width":1080,"height":1080},{"@type":"BreadcrumbList","@id":"https:\/\/positiveprints.com\/de\/produkt\/definition-poster-ehefrau\/#breadcrumb","itemListElement":[{"@type":"ListItem","position":1,"name":"Startseite","item":"https:\/\/positiveprints.com\/de\/"},{"@type":"ListItem","position":2,"name":"Produkte","item":"https:\/\/positiveprints.com\/de\/shop\/"},{"@type":"ListItem","position":3,"name":"Ehefrau Definition Poster"}]},{"@type":"WebSite","@id":"https:\/\/positiveprints.com\/de\/#website","url":"https:\/\/positiveprints.com\/de\/","name":"Positive Prints","description":"Amazing Custom Personalized Gifts","publisher":{"@id":"https:\/\/positiveprints.com\/de\/#organization"},"potentialAction":[{"@type":"SearchAction","target":{"@type":"EntryPoint","urlTemplate":"https:\/\/positiveprints.com\/de\/?s={search_term_string}"},"query-input":{"@type":"PropertyValueSpecification","valueRequired":true,"valueName":"search_term_string"}}],"inLanguage":"de"},{"@type":"Organization","@id":"https:\/\/positiveprints.com\/de\/#organization","name":"Positive Prints","alternateName":"Positive Prints","url":"https:\/\/positiveprints.com\/de\/","logo":{"@type":"ImageObject","inLanguage":"de","@id":"https:\/\/positiveprints.com\/de\/#\/schema\/logo\/image\/","url":"https:\/\/positiveprints.com\/wp-content\/uploads\/2026\/03\/245815646_1337939713319158_5671353136411139666_n.png","contentUrl":"https:\/\/positiveprints.com\/wp-content\/uploads\/2026\/03\/245815646_1337939713319158_5671353136411139666_n.png","width":800,"height":800,"caption":"Positive Prints"},"image":{"@id":"https:\/\/positiveprints.com\/de\/#\/schema\/logo\/image\/"},"sameAs":["https:\/\/www.facebook.com\/positiveprintscom","https:\/\/www.instagram.com\/positiveprintscom\/","https:\/\/www.tiktok.com\/@positiveprintscom","https:\/\/www.pinterest.com\/positiveprintscom\/"]}]}},"jetpack_sharing_enabled":true,"_links":{"self":[{"href":"https:\/\/positiveprints.com\/de\/wp-json\/wp\/v2\/product\/1145288","targetHints":{"allow":["GET"]}}],"collection":[{"href":"https:\/\/positiveprints.com\/de\/wp-json\/wp\/v2\/product"}],"about":[{"href":"https:\/\/positiveprints.com\/de\/wp-json\/wp\/v2\/types\/product"}],"wp:featuredmedia":[{"embeddable":true,"href":"https:\/\/positiveprints.com\/de\/wp-json\/wp\/v2\/media\/1153928"}],"wp:attachment":[{"href":"https:\/\/positiveprints.com\/de\/wp-json\/wp\/v2\/media?parent=1145288"}],"wp:term":[{"taxonomy":"product_brand","embeddable":true,"href":"https:\/\/positiveprints.com\/de\/wp-json\/wp\/v2\/product_brand?post=1145288"},{"taxonomy":"product_cat","embeddable":true,"href":"https:\/\/positiveprints.com\/de\/wp-json\/wp\/v2\/product_cat?post=1145288"},{"taxonomy":"product_tag","embeddable":true,"href":"https:\/\/positiveprints.com\/de\/wp-json\/wp\/v2\/product_tag?post=1145288"}],"curies":[{"name":"wp","href":"https:\/\/api.w.org\/{rel}","templated":true}]}}