{"id":1143359,"date":"2021-08-20T13:57:27","date_gmt":"2021-08-20T12:57:27","guid":{"rendered":"https:\/\/positiveprints.com\/product\/gelsenkirchen-karte-poster\/"},"modified":"2026-04-03T03:51:57","modified_gmt":"2026-04-03T02:51:57","slug":"gelsenkirchen-map-poster","status":"publish","type":"product","link":"https:\/\/positiveprints.com\/de\/produkt\/gelsenkirchen-map-poster\/","title":{"rendered":"Gelsenkirchen Karte Poster"},"content":{"rendered":"","protected":false},"excerpt":{"rendered":"<ul class=\"check-list\">\n<li>Erlebe die bezaubernde Sch\u00f6nheit deines Lieblingsortes mit unserem detaillierten Kartenposter<\/li>\n<li>Markiere eine besondere Stelle mit einem ausgew\u00e4hlten Symbol<\/li>\n<li>Bearbeite dein Design in nur 2 Minuten<\/li>\n<li>F\u00fcge einen aussagekr\u00e4ftigen personalisierten Text hinzu<\/li>\n<li>Sieh das Ergebnis sofort \u2013 die interaktive Vorschau erm\u00f6glicht dir, jedes Detail direkt anzupassen<\/li>\n<\/ul>\n","protected":false},"featured_media":135533,"template":"","meta":[],"product_brand":[],"product_cat":[6050],"product_tag":[],"class_list":{"0":"post-1143359","1":"product","2":"type-product","3":"status-publish","4":"has-post-thumbnail","6":"product_cat-germany-de","8":"first","9":"instock","10":"sale","11":"taxable","12":"shipping-taxable","13":"purchasable","14":"product-type-variable"},"yoast_head":"<!-- This site is optimized with the Yoast SEO Premium plugin v27.2 (Yoast SEO v27.2) - https:\/\/yoast.com\/product\/yoast-seo-premium-wordpress\/ -->\n<title>Gelsenkirchen Karte Poster - Deine Stadtplan-Kunst - Positive Prints<\/title>\n<meta name=\"description\" content=\"Nimm ein St\u00fcck deiner liebsten Abenteuer mit unserem Gelsenkirchen-Kartenposter mit nach Hause. Unsere hochwertigen Poster sind gro\u00dfartige Wandkunst!\" \/>\n<meta name=\"robots\" content=\"index, follow, max-snippet:-1, max-image-preview:large, max-video-preview:-1\" \/>\n<link rel=\"canonical\" href=\"https:\/\/positiveprints.com\/de\/produkt\/gelsenkirchen-map-poster\/\" \/>\n<meta property=\"og:locale\" content=\"de_DE\" \/>\n<meta property=\"og:type\" content=\"article\" \/>\n<meta property=\"og:title\" content=\"Gelsenkirchen Karte Poster\" \/>\n<meta property=\"og:description\" content=\"Erlebe die bezaubernde Sch\u00f6nheit deines Lieblingsortes mit unserem detaillierten Kartenposter Markiere eine besondere Stelle mit einem ausgew\u00e4hlten Symbol Bearbeite dein Design in nur 2 Minuten F\u00fcge einen aussagekr\u00e4ftigen personalisierten Text hinzu Sieh das Ergebnis sofort \u2013 die interaktive Vorschau erm\u00f6glicht dir, jedes Detail direkt anzupassen\" \/>\n<meta property=\"og:url\" content=\"https:\/\/positiveprints.com\/de\/produkt\/gelsenkirchen-map-poster\/\" \/>\n<meta property=\"og:site_name\" content=\"Positive Prints\" \/>\n<meta property=\"article:publisher\" content=\"https:\/\/www.facebook.com\/positiveprintscom\" \/>\n<meta property=\"article:modified_time\" content=\"2026-04-03T02:51:57+00:00\" \/>\n<meta property=\"og:image\" content=\"https:\/\/positiveprints.com\/wp-content\/uploads\/2021\/08\/Gelsenkirchen-city-map-poster.jpg\" \/>\n\t<meta property=\"og:image:width\" content=\"1080\" \/>\n\t<meta property=\"og:image:height\" content=\"1080\" \/>\n\t<meta property=\"og:image:type\" content=\"image\/jpeg\" \/>\n<meta name=\"twitter:card\" content=\"summary_large_image\" \/>\n<!-- \/ Yoast SEO Premium plugin. -->","yoast_head_json":{"title":"Gelsenkirchen Karte Poster - Deine Stadtplan-Kunst - Positive Prints","description":"Nimm ein St\u00fcck deiner liebsten Abenteuer mit unserem Gelsenkirchen-Kartenposter mit nach Hause. Unsere hochwertigen Poster sind gro\u00dfartige Wandkunst!","robots":{"index":"index","follow":"follow","max-snippet":"max-snippet:-1","max-image-preview":"max-image-preview:large","max-video-preview":"max-video-preview:-1"},"canonical":"https:\/\/positiveprints.com\/de\/produkt\/gelsenkirchen-map-poster\/","og_locale":"de_DE","og_type":"article","og_title":"Gelsenkirchen Karte Poster","og_description":"Erlebe die bezaubernde Sch\u00f6nheit deines Lieblingsortes mit unserem detaillierten Kartenposter Markiere eine besondere Stelle mit einem ausgew\u00e4hlten Symbol Bearbeite dein Design in nur 2 Minuten F\u00fcge einen aussagekr\u00e4ftigen personalisierten Text hinzu Sieh das Ergebnis sofort \u2013 die interaktive Vorschau erm\u00f6glicht dir, jedes Detail direkt anzupassen","og_url":"https:\/\/positiveprints.com\/de\/produkt\/gelsenkirchen-map-poster\/","og_site_name":"Positive Prints","article_publisher":"https:\/\/www.facebook.com\/positiveprintscom","article_modified_time":"2026-04-03T02:51:57+00:00","og_image":[{"width":1080,"height":1080,"url":"https:\/\/positiveprints.com\/wp-content\/uploads\/2021\/08\/Gelsenkirchen-city-map-poster.jpg","type":"image\/jpeg"}],"twitter_card":"summary_large_image","schema":{"@context":"https:\/\/schema.org","@graph":[{"@type":["WebPage","ItemPage"],"@id":"https:\/\/positiveprints.com\/de\/produkt\/gelsenkirchen-map-poster\/","url":"https:\/\/positiveprints.com\/de\/produkt\/gelsenkirchen-map-poster\/","name":"Gelsenkirchen Karte Poster - Deine Stadtplan-Kunst - Positive Prints","isPartOf":{"@id":"https:\/\/positiveprints.com\/de\/#website"},"primaryImageOfPage":{"@id":"https:\/\/positiveprints.com\/de\/produkt\/gelsenkirchen-map-poster\/#primaryimage"},"image":{"@id":"https:\/\/positiveprints.com\/de\/produkt\/gelsenkirchen-map-poster\/#primaryimage"},"thumbnailUrl":"https:\/\/positiveprints.com\/wp-content\/uploads\/2021\/08\/Gelsenkirchen-city-map-poster.jpg","datePublished":"2021-08-20T12:57:27+00:00","dateModified":"2026-04-03T02:51:57+00:00","description":"Nimm ein St\u00fcck deiner liebsten Abenteuer mit unserem Gelsenkirchen-Kartenposter mit nach Hause. Unsere hochwertigen Poster sind gro\u00dfartige Wandkunst!","breadcrumb":{"@id":"https:\/\/positiveprints.com\/de\/produkt\/gelsenkirchen-map-poster\/#breadcrumb"},"inLanguage":"de","potentialAction":[{"@type":"ReadAction","target":["https:\/\/positiveprints.com\/de\/produkt\/gelsenkirchen-map-poster\/"]}]},{"@type":"ImageObject","inLanguage":"de","@id":"https:\/\/positiveprints.com\/de\/produkt\/gelsenkirchen-map-poster\/#primaryimage","url":"https:\/\/positiveprints.com\/wp-content\/uploads\/2021\/08\/Gelsenkirchen-city-map-poster.jpg","contentUrl":"https:\/\/positiveprints.com\/wp-content\/uploads\/2021\/08\/Gelsenkirchen-city-map-poster.jpg","width":1080,"height":1080,"caption":"Unser Gelsenkirchener Kartenposter ist ma\u00dfstabsgetreu gezeichnet und verwendet die genauesten und aktuellsten Kartendaten."},{"@type":"BreadcrumbList","@id":"https:\/\/positiveprints.com\/de\/produkt\/gelsenkirchen-map-poster\/#breadcrumb","itemListElement":[{"@type":"ListItem","position":1,"name":"Startseite","item":"https:\/\/positiveprints.com\/de\/"},{"@type":"ListItem","position":2,"name":"Produkte","item":"https:\/\/positiveprints.com\/de\/shop\/"},{"@type":"ListItem","position":3,"name":"Gelsenkirchen Karte Poster"}]},{"@type":"WebSite","@id":"https:\/\/positiveprints.com\/de\/#website","url":"https:\/\/positiveprints.com\/de\/","name":"Positive Prints","description":"Amazing Custom Personalized Gifts","publisher":{"@id":"https:\/\/positiveprints.com\/de\/#organization"},"potentialAction":[{"@type":"SearchAction","target":{"@type":"EntryPoint","urlTemplate":"https:\/\/positiveprints.com\/de\/?s={search_term_string}"},"query-input":{"@type":"PropertyValueSpecification","valueRequired":true,"valueName":"search_term_string"}}],"inLanguage":"de"},{"@type":"Organization","@id":"https:\/\/positiveprints.com\/de\/#organization","name":"Positive Prints","alternateName":"Positive Prints","url":"https:\/\/positiveprints.com\/de\/","logo":{"@type":"ImageObject","inLanguage":"de","@id":"https:\/\/positiveprints.com\/de\/#\/schema\/logo\/image\/","url":"https:\/\/positiveprints.com\/wp-content\/uploads\/2026\/03\/245815646_1337939713319158_5671353136411139666_n.png","contentUrl":"https:\/\/positiveprints.com\/wp-content\/uploads\/2026\/03\/245815646_1337939713319158_5671353136411139666_n.png","width":800,"height":800,"caption":"Positive Prints"},"image":{"@id":"https:\/\/positiveprints.com\/de\/#\/schema\/logo\/image\/"},"sameAs":["https:\/\/www.facebook.com\/positiveprintscom","https:\/\/www.instagram.com\/positiveprintscom\/","https:\/\/www.tiktok.com\/@positiveprintscom","https:\/\/www.pinterest.com\/positiveprintscom\/"]}]}},"jetpack_sharing_enabled":true,"_links":{"self":[{"href":"https:\/\/positiveprints.com\/de\/wp-json\/wp\/v2\/product\/1143359","targetHints":{"allow":["GET"]}}],"collection":[{"href":"https:\/\/positiveprints.com\/de\/wp-json\/wp\/v2\/product"}],"about":[{"href":"https:\/\/positiveprints.com\/de\/wp-json\/wp\/v2\/types\/product"}],"wp:featuredmedia":[{"embeddable":true,"href":"https:\/\/positiveprints.com\/de\/wp-json\/wp\/v2\/media\/135533"}],"wp:attachment":[{"href":"https:\/\/positiveprints.com\/de\/wp-json\/wp\/v2\/media?parent=1143359"}],"wp:term":[{"taxonomy":"product_brand","embeddable":true,"href":"https:\/\/positiveprints.com\/de\/wp-json\/wp\/v2\/product_brand?post=1143359"},{"taxonomy":"product_cat","embeddable":true,"href":"https:\/\/positiveprints.com\/de\/wp-json\/wp\/v2\/product_cat?post=1143359"},{"taxonomy":"product_tag","embeddable":true,"href":"https:\/\/positiveprints.com\/de\/wp-json\/wp\/v2\/product_tag?post=1143359"}],"curies":[{"name":"wp","href":"https:\/\/api.w.org\/{rel}","templated":true}]}}