{"id":1137628,"date":"2024-06-18T10:49:11","date_gmt":"2024-06-18T09:49:11","guid":{"rendered":"https:\/\/positiveprints.com\/?post_type=product&#038;p=1137628"},"modified":"2026-04-12T20:49:56","modified_gmt":"2026-04-12T19:49:56","slug":"verlobungskarte-mit-foto","status":"publish","type":"product","link":"https:\/\/positiveprints.com\/de\/produkt\/verlobungskarte-mit-foto\/","title":{"rendered":"Verlobungskarte mit Foto"},"content":{"rendered":"<p>Feiere den Ort, an dem sich deine Freunde verlobt haben, mit unserer Verlobungskarte mit Foto. Dieser personalisierte Druck hebt den genauen Ort einer Verlobung hervor und enth\u00e4lt eine detaillierte Karte, eine herzf\u00f6rmige Markierung zur Markierung des Ortes, ein Foto des verlobten Paares und eine benutzerdefinierte Nachricht unter der Karte<\/p>\r\n\r\n<h2>Erstelle deine Verlobungskarte mit Foto<\/h2>\r\n\r\n<p>Unser Online-Creator macht die Personalisierung einfach. W\u00e4hle die Form und Farben der Karte aus vordefinierten Farbschemata oder experimentiere mit deinen eigenen Farbauswahlen. Visualisiere den besonderen Ort, zoome hinein und heraus, um die perfekte Ansicht zu erhalten und f\u00fcge eine herzf\u00f6rmige Markierung hinzu, um den genauen Ort zu markieren. Lade dein Lieblingsfoto hoch und f\u00fcge eine bedeutungsvolle Nachricht wie \u201eVerlobung\u201c hinzu.<\/p>\r\n\r\n<p>W\u00e4hle aus einer Vielzahl von Formaten: gedrucktes oder gerahmtes Poster, Leinwand oder digitale Datei. Unabh\u00e4ngig vom Format wird deine personalisierte Karte atemberaubend aussehen und als gesch\u00e4tzte Erinnerung an ihren besonderen Moment dienen.<\/p>\r\n\r\n<h2>Perfektes Geschenk f\u00fcr besondere Anl\u00e4sse<\/h2>\r\n\r\n<p>Die Verlobungskarte mit Foto ist ein einzigartiges und aufmerksames Geschenk f\u00fcr Verlobungen, perfekt, um den besonderen Meilenstein deiner Freunde zu feiern. Mache ein Geschenk, das die Essenz einer Liebesgeschichte und den Ort einf\u00e4ngt, an dem ihre Reise zur Ehe begann.<\/p>\r\n\r\n<p>Stelle dir sich die Freude in ihren Gesichtern vor, wenn sie diese wundersch\u00f6n gestaltete Karte sehen, die den Ort ihrer Verlobung markiert. Das hinzugef\u00fcgte Foto und die pers\u00f6nliche Nachricht machen dieses Geschenk wirklich einzigartig und zeigen, wie wichtig dir dieser besondere Moment ist. Ob f\u00fcr eine Verlobungsfeier oder einfach nur, um eine Liebe zu feiern, dieses Geschenk wird herzliche Emotionen hervorrufen und zu einem gesch\u00e4tzten Andenken werden.<\/p>\r\n\r\n<h2>Warum solltest du dich f\u00fcr unsere Verlobungskarte mit Foto entscheiden?<\/h2>\r\n\r\n<p>Das Erstellen deiner Karte ist schnell und einfach. Besuche unsere Website, verwende den Online-Editor, um deinen Druck anzupassen und gebe deine Bestellung auf. Wir k\u00fcmmern uns um den Rest und stellen sicher, dass dein Druck mit Sorgfalt erstellt und umgehend geliefert wird.<\/p>","protected":false},"excerpt":{"rendered":"<ul class=\"check-list\">\n<li>Markiere einen besonderen Ort mit einem ausgew\u00e4hlten Symbol<\/li>\n<li>In 3 einfachen Schritten anpassen<\/li>\n<li>F\u00fcge einen aussagekr\u00e4ftigen personalisierten Text hinzu<\/li>\n<li>Schaue dir bei jedem Schritt eine Vorschau deines Designs an<\/li>\n<\/ul>\n","protected":false},"featured_media":1213402,"template":"","meta":[],"product_brand":[],"product_cat":[105,7189,5287],"product_tag":[8433],"class_list":{"0":"post-1137628","1":"product","2":"type-product","3":"status-publish","4":"has-post-thumbnail","6":"product_cat-alle-produkte","7":"product_cat-map-de","8":"product_cat-verlobungsgeschenke","9":"product_tag-verlobung","11":"first","12":"instock","13":"sale","14":"taxable","15":"shipping-taxable","16":"purchasable","17":"product-type-variable"},"yoast_head":"<!-- This site is optimized with the Yoast SEO Premium plugin v27.2 (Yoast SEO v27.2) - https:\/\/yoast.com\/product\/yoast-seo-premium-wordpress\/ -->\n<title>Verlobungskarte mit Foto - Positive Prints<\/title>\n<meta name=\"description\" content=\"Die Verlobungskarte mit Foto ist ein einzigartiges und aufmerksames Geschenk zur Verlobung, perfekt, um den besonderen Meilenstein Ihrer Freunde zu feiern.\" \/>\n<meta name=\"robots\" content=\"index, follow, max-snippet:-1, max-image-preview:large, max-video-preview:-1\" \/>\n<link rel=\"canonical\" href=\"https:\/\/positiveprints.com\/de\/produkt\/verlobungskarte-mit-foto\/\" \/>\n<meta property=\"og:locale\" content=\"de_DE\" \/>\n<meta property=\"og:type\" content=\"article\" \/>\n<meta property=\"og:title\" content=\"Verlobungskarte mit Foto\" \/>\n<meta property=\"og:description\" content=\"Markiere einen besonderen Ort mit einem ausgew\u00e4hlten Symbol  In 3 einfachen Schritten anpassen  F\u00fcge einen aussagekr\u00e4ftigen personalisierten Text hinzu  Schaue dir bei jedem Schritt eine Vorschau deines Designs an\" \/>\n<meta property=\"og:url\" content=\"https:\/\/positiveprints.com\/de\/produkt\/verlobungskarte-mit-foto\/\" \/>\n<meta property=\"og:site_name\" content=\"Positive Prints\" \/>\n<meta property=\"article:publisher\" content=\"https:\/\/www.facebook.com\/positiveprintscom\" \/>\n<meta property=\"article:modified_time\" content=\"2026-04-12T19:49:56+00:00\" \/>\n<meta property=\"og:image\" content=\"https:\/\/positiveprints.com\/wp-content\/uploads\/2024\/10\/Packshot_DE_engagement-map-with-photo-product-image.webp\" \/>\n\t<meta property=\"og:image:width\" content=\"1450\" \/>\n\t<meta property=\"og:image:height\" content=\"1450\" \/>\n\t<meta property=\"og:image:type\" content=\"image\/webp\" \/>\n<meta name=\"twitter:card\" content=\"summary_large_image\" \/>\n<meta name=\"twitter:label1\" content=\"Gesch\u00e4tzte Lesezeit\" \/>\n\t<meta name=\"twitter:data1\" content=\"2\u00a0Minuten\" \/>\n<!-- \/ Yoast SEO Premium plugin. -->","yoast_head_json":{"title":"Verlobungskarte mit Foto - Positive Prints","description":"Die Verlobungskarte mit Foto ist ein einzigartiges und aufmerksames Geschenk zur Verlobung, perfekt, um den besonderen Meilenstein Ihrer Freunde zu feiern.","robots":{"index":"index","follow":"follow","max-snippet":"max-snippet:-1","max-image-preview":"max-image-preview:large","max-video-preview":"max-video-preview:-1"},"canonical":"https:\/\/positiveprints.com\/de\/produkt\/verlobungskarte-mit-foto\/","og_locale":"de_DE","og_type":"article","og_title":"Verlobungskarte mit Foto","og_description":"Markiere einen besonderen Ort mit einem ausgew\u00e4hlten Symbol  In 3 einfachen Schritten anpassen  F\u00fcge einen aussagekr\u00e4ftigen personalisierten Text hinzu  Schaue dir bei jedem Schritt eine Vorschau deines Designs an","og_url":"https:\/\/positiveprints.com\/de\/produkt\/verlobungskarte-mit-foto\/","og_site_name":"Positive Prints","article_publisher":"https:\/\/www.facebook.com\/positiveprintscom","article_modified_time":"2026-04-12T19:49:56+00:00","og_image":[{"width":1450,"height":1450,"url":"https:\/\/positiveprints.com\/wp-content\/uploads\/2024\/10\/Packshot_DE_engagement-map-with-photo-product-image.webp","type":"image\/webp"}],"twitter_card":"summary_large_image","twitter_misc":{"Gesch\u00e4tzte Lesezeit":"2\u00a0Minuten"},"schema":{"@context":"https:\/\/schema.org","@graph":[{"@type":["WebPage","ItemPage"],"@id":"https:\/\/positiveprints.com\/de\/produkt\/verlobungskarte-mit-foto\/","url":"https:\/\/positiveprints.com\/de\/produkt\/verlobungskarte-mit-foto\/","name":"Verlobungskarte mit Foto - Positive Prints","isPartOf":{"@id":"https:\/\/positiveprints.com\/de\/#website"},"primaryImageOfPage":{"@id":"https:\/\/positiveprints.com\/de\/produkt\/verlobungskarte-mit-foto\/#primaryimage"},"image":{"@id":"https:\/\/positiveprints.com\/de\/produkt\/verlobungskarte-mit-foto\/#primaryimage"},"thumbnailUrl":"https:\/\/positiveprints.com\/wp-content\/uploads\/2024\/10\/Packshot_DE_engagement-map-with-photo-product-image.webp","datePublished":"2024-06-18T09:49:11+00:00","dateModified":"2026-04-12T19:49:56+00:00","description":"Die Verlobungskarte mit Foto ist ein einzigartiges und aufmerksames Geschenk zur Verlobung, perfekt, um den besonderen Meilenstein Ihrer Freunde zu feiern.","breadcrumb":{"@id":"https:\/\/positiveprints.com\/de\/produkt\/verlobungskarte-mit-foto\/#breadcrumb"},"inLanguage":"de","potentialAction":[{"@type":"ReadAction","target":["https:\/\/positiveprints.com\/de\/produkt\/verlobungskarte-mit-foto\/"]}]},{"@type":"ImageObject","inLanguage":"de","@id":"https:\/\/positiveprints.com\/de\/produkt\/verlobungskarte-mit-foto\/#primaryimage","url":"https:\/\/positiveprints.com\/wp-content\/uploads\/2024\/10\/Packshot_DE_engagement-map-with-photo-product-image.webp","contentUrl":"https:\/\/positiveprints.com\/wp-content\/uploads\/2024\/10\/Packshot_DE_engagement-map-with-photo-product-image.webp","width":1450,"height":1450},{"@type":"BreadcrumbList","@id":"https:\/\/positiveprints.com\/de\/produkt\/verlobungskarte-mit-foto\/#breadcrumb","itemListElement":[{"@type":"ListItem","position":1,"name":"Startseite","item":"https:\/\/positiveprints.com\/de\/"},{"@type":"ListItem","position":2,"name":"Produkte","item":"https:\/\/positiveprints.com\/de\/shop\/"},{"@type":"ListItem","position":3,"name":"Verlobungskarte mit Foto"}]},{"@type":"WebSite","@id":"https:\/\/positiveprints.com\/de\/#website","url":"https:\/\/positiveprints.com\/de\/","name":"Positive Prints","description":"Amazing Custom Personalized Gifts","publisher":{"@id":"https:\/\/positiveprints.com\/de\/#organization"},"potentialAction":[{"@type":"SearchAction","target":{"@type":"EntryPoint","urlTemplate":"https:\/\/positiveprints.com\/de\/?s={search_term_string}"},"query-input":{"@type":"PropertyValueSpecification","valueRequired":true,"valueName":"search_term_string"}}],"inLanguage":"de"},{"@type":"Organization","@id":"https:\/\/positiveprints.com\/de\/#organization","name":"Positive Prints","alternateName":"Positive Prints","url":"https:\/\/positiveprints.com\/de\/","logo":{"@type":"ImageObject","inLanguage":"de","@id":"https:\/\/positiveprints.com\/de\/#\/schema\/logo\/image\/","url":"https:\/\/positiveprints.com\/wp-content\/uploads\/2026\/03\/245815646_1337939713319158_5671353136411139666_n.png","contentUrl":"https:\/\/positiveprints.com\/wp-content\/uploads\/2026\/03\/245815646_1337939713319158_5671353136411139666_n.png","width":800,"height":800,"caption":"Positive Prints"},"image":{"@id":"https:\/\/positiveprints.com\/de\/#\/schema\/logo\/image\/"},"sameAs":["https:\/\/www.facebook.com\/positiveprintscom","https:\/\/www.instagram.com\/positiveprintscom\/","https:\/\/www.tiktok.com\/@positiveprintscom","https:\/\/www.pinterest.com\/positiveprintscom\/"]}]}},"jetpack_sharing_enabled":true,"_links":{"self":[{"href":"https:\/\/positiveprints.com\/de\/wp-json\/wp\/v2\/product\/1137628","targetHints":{"allow":["GET"]}}],"collection":[{"href":"https:\/\/positiveprints.com\/de\/wp-json\/wp\/v2\/product"}],"about":[{"href":"https:\/\/positiveprints.com\/de\/wp-json\/wp\/v2\/types\/product"}],"wp:featuredmedia":[{"embeddable":true,"href":"https:\/\/positiveprints.com\/de\/wp-json\/wp\/v2\/media\/1213402"}],"wp:attachment":[{"href":"https:\/\/positiveprints.com\/de\/wp-json\/wp\/v2\/media?parent=1137628"}],"wp:term":[{"taxonomy":"product_brand","embeddable":true,"href":"https:\/\/positiveprints.com\/de\/wp-json\/wp\/v2\/product_brand?post=1137628"},{"taxonomy":"product_cat","embeddable":true,"href":"https:\/\/positiveprints.com\/de\/wp-json\/wp\/v2\/product_cat?post=1137628"},{"taxonomy":"product_tag","embeddable":true,"href":"https:\/\/positiveprints.com\/de\/wp-json\/wp\/v2\/product_tag?post=1137628"}],"curies":[{"name":"wp","href":"https:\/\/api.w.org\/{rel}","templated":true}]}}